{"id":8812,"date":"2022-05-10T10:08:43","date_gmt":"2022-05-10T07:08:43","guid":{"rendered":"https:\/\/masterchem.fi\/?post_type=product&#038;p=8812"},"modified":"2022-05-10T10:16:02","modified_gmt":"2022-05-10T07:16:02","slug":"citronsyramonohydrat-cas-5949-29-1","status":"publish","type":"product","link":"https:\/\/masterchem.fi\/sv\/produkt\/citronsyramonohydrat-cas-5949-29-1\/","title":{"rendered":"Citronsyramonohydrat (CAS 5949-29-1)"},"content":{"rendered":"<p> <strong> Information <\/strong> <\/p>\n<p> Branscher: Hush\u00e5llskemikalier, kosmetika, lim, oljor, fetter, tr\u00e4dg\u00e5rdsodling, l\u00e4kemedel, livsmedel, foder <br \/>\nSammans\u00e4ttning: Produkter A-Z, syror <br \/>\nCAS-nummer: 5949-29-1 <br \/>\nWE-nummer: 611-842-9 <br \/>\nKemisk formel: C6H8O7 \u00b7 H2O <br \/>\nMolekylvikt: 210,14 g\/mol <br \/>\nTulltaxa: 29181400 <\/p>\n<p> <strong> Andra fysiska egenskaper <\/strong> <\/p>\n<p> pH: 1,7 (100 g\/l) <br \/>\nSm\u00e4ltpunkt\/fryspunkt: 153 \u00b0C (1013 hPa) <br \/>\nRelativ densitet: 1665 g\/cm3 (20 \u00b0C) <br \/>\nL\u00f6slighet i vatten: 590 g \/ l (20 \u00b0 C) <\/p>\n","protected":false},"excerpt":{"rendered":"<p> <strong> Citronsyramonohydrat (CAS 5949-29-1) <\/strong> <\/p>\n<\/p>\n<p>Citronsyramonohydrat \u00e4r en trikarboxylsyra som finns i citrusfrukter. Citronsyra anv\u00e4nds som hj\u00e4lp\u00e4mne i farmaceutiska preparat p\u00e5 grund av dess antioxidantegenskaper. Det uppr\u00e4tth\u00e5ller de aktiva ingrediensernas stabilitet och anv\u00e4nds som konserveringsmedel. Det anv\u00e4nds ocks\u00e5 med ett surt \u00e4mne f\u00f6r att justera pH och fungerar som en antikoagulant genom att kelatera kalcium i blodet. <\/p>\n","protected":false},"featured_media":8816,"template":"","meta":[],"product_brand":[],"product_cat":[105,106,116,171,177,179,182],"product_tag":[],"class_list":{"0":"post-8812","1":"product","2":"type-product","3":"status-publish","4":"has-post-thumbnail","6":"product_cat-hushallskemikalier-sv","7":"product_cat-lakemedelsindustri","8":"product_cat-alla-produkter","9":"product_cat-livsmedelsindustrin","10":"product_cat-kosmetikindustrin","11":"product_cat-foderindustri","12":"product_cat-hortikultur","14":"first","15":"outofstock","16":"taxable","17":"shipping-taxable","18":"purchasable","19":"product-type-variable","20":"has-default-attributes","21":"rtwpvg-product"},"yoast_head":"<!-- This site is optimized with the Yoast SEO plugin v27.2 - https:\/\/yoast.com\/product\/yoast-seo-wordpress\/ -->\n<title>Citronsyramonohydrat (CAS 5949-29-1) - MasterChem | kemikaalien tuotanto ja myynti<\/title>\n<meta name=\"description\" content=\"Citronsyramonohydrat \u00e4r en trikarboxylsyra som finns i citrusfrukter.\" \/>\n<meta name=\"robots\" content=\"index, follow, max-snippet:-1, max-image-preview:large, max-video-preview:-1\" \/>\n<link rel=\"canonical\" href=\"https:\/\/masterchem.fi\/sv\/produkt\/citronsyramonohydrat-cas-5949-29-1\/\" \/>\n<meta property=\"og:locale\" content=\"sv_SE\" \/>\n<meta property=\"og:type\" content=\"article\" \/>\n<meta property=\"og:title\" content=\"Citronsyramonohydrat (CAS 5949-29-1) - MasterChem | kemikaalien tuotanto ja myynti\" \/>\n<meta property=\"og:description\" content=\"Citronsyramonohydrat \u00e4r en trikarboxylsyra som finns i citrusfrukter.\" \/>\n<meta property=\"og:url\" content=\"https:\/\/masterchem.fi\/sv\/produkt\/citronsyramonohydrat-cas-5949-29-1\/\" \/>\n<meta property=\"og:site_name\" content=\"MasterChem | kemikaalien tuotanto ja myynti\" \/>\n<meta property=\"article:modified_time\" content=\"2022-05-10T07:16:02+00:00\" \/>\n<meta property=\"og:image\" content=\"https:\/\/masterchem.fi\/wp-content\/uploads\/2022\/05\/Sitruunahappomonohydraatti-CAS-5949-29-1-25kg-MasterChem.jpg\" \/>\n\t<meta property=\"og:image:width\" content=\"1000\" \/>\n\t<meta property=\"og:image:height\" content=\"1000\" \/>\n\t<meta property=\"og:image:type\" content=\"image\/jpeg\" \/>\n<meta name=\"twitter:card\" content=\"summary_large_image\" \/>\n<script type=\"application\/ld+json\" class=\"yoast-schema-graph\">{\"@context\":\"https:\/\/schema.org\",\"@graph\":[{\"@type\":\"WebPage\",\"@id\":\"https:\/\/masterchem.fi\/sv\/produkt\/citronsyramonohydrat-cas-5949-29-1\/\",\"url\":\"https:\/\/masterchem.fi\/sv\/produkt\/citronsyramonohydrat-cas-5949-29-1\/\",\"name\":\"Citronsyramonohydrat (CAS 5949-29-1) - MasterChem | kemikaalien tuotanto ja myynti\",\"isPartOf\":{\"@id\":\"https:\/\/masterchem.fi\/sv\/#website\"},\"primaryImageOfPage\":{\"@id\":\"https:\/\/masterchem.fi\/sv\/produkt\/citronsyramonohydrat-cas-5949-29-1\/#primaryimage\"},\"image\":{\"@id\":\"https:\/\/masterchem.fi\/sv\/produkt\/citronsyramonohydrat-cas-5949-29-1\/#primaryimage\"},\"thumbnailUrl\":\"https:\/\/masterchem.fi\/wp-content\/uploads\/2022\/05\/Sitruunahappomonohydraatti-CAS-5949-29-1-25kg-MasterChem.jpg\",\"datePublished\":\"2022-05-10T07:08:43+00:00\",\"dateModified\":\"2022-05-10T07:16:02+00:00\",\"description\":\"Citronsyramonohydrat \u00e4r en trikarboxylsyra som finns i citrusfrukter.\",\"breadcrumb\":{\"@id\":\"https:\/\/masterchem.fi\/sv\/produkt\/citronsyramonohydrat-cas-5949-29-1\/#breadcrumb\"},\"inLanguage\":\"sv-SE\",\"potentialAction\":[{\"@type\":\"ReadAction\",\"target\":[\"https:\/\/masterchem.fi\/sv\/produkt\/citronsyramonohydrat-cas-5949-29-1\/\"]}]},{\"@type\":\"ImageObject\",\"inLanguage\":\"sv-SE\",\"@id\":\"https:\/\/masterchem.fi\/sv\/produkt\/citronsyramonohydrat-cas-5949-29-1\/#primaryimage\",\"url\":\"https:\/\/masterchem.fi\/wp-content\/uploads\/2022\/05\/Sitruunahappomonohydraatti-CAS-5949-29-1-25kg-MasterChem.jpg\",\"contentUrl\":\"https:\/\/masterchem.fi\/wp-content\/uploads\/2022\/05\/Sitruunahappomonohydraatti-CAS-5949-29-1-25kg-MasterChem.jpg\",\"width\":1000,\"height\":1000,\"caption\":\"Citronsyramonohydrat (CAS 5949-29-1) 25kg MasterChem\"},{\"@type\":\"BreadcrumbList\",\"@id\":\"https:\/\/masterchem.fi\/sv\/produkt\/citronsyramonohydrat-cas-5949-29-1\/#breadcrumb\",\"itemListElement\":[{\"@type\":\"ListItem\",\"position\":1,\"name\":\"Home\",\"item\":\"https:\/\/masterchem.fi\/sv\/\"},{\"@type\":\"ListItem\",\"position\":2,\"name\":\"Butik\",\"item\":\"https:\/\/masterchem.fi\/sv\/butik\/\"},{\"@type\":\"ListItem\",\"position\":3,\"name\":\"Citronsyramonohydrat (CAS 5949-29-1)\"}]},{\"@type\":\"WebSite\",\"@id\":\"https:\/\/masterchem.fi\/sv\/#website\",\"url\":\"https:\/\/masterchem.fi\/sv\/\",\"name\":\"MasterChem | kemikaalien tuotanto ja myynti\",\"description\":\"kemikaalien tuotanto ja myynti\",\"potentialAction\":[{\"@type\":\"SearchAction\",\"target\":{\"@type\":\"EntryPoint\",\"urlTemplate\":\"https:\/\/masterchem.fi\/sv\/?s={search_term_string}\"},\"query-input\":{\"@type\":\"PropertyValueSpecification\",\"valueRequired\":true,\"valueName\":\"search_term_string\"}}],\"inLanguage\":\"sv-SE\"}]}<\/script>\n<!-- \/ Yoast SEO plugin. -->","yoast_head_json":{"title":"Citronsyramonohydrat (CAS 5949-29-1) - MasterChem | kemikaalien tuotanto ja myynti","description":"Citronsyramonohydrat \u00e4r en trikarboxylsyra som finns i citrusfrukter.","robots":{"index":"index","follow":"follow","max-snippet":"max-snippet:-1","max-image-preview":"max-image-preview:large","max-video-preview":"max-video-preview:-1"},"canonical":"https:\/\/masterchem.fi\/sv\/produkt\/citronsyramonohydrat-cas-5949-29-1\/","og_locale":"sv_SE","og_type":"article","og_title":"Citronsyramonohydrat (CAS 5949-29-1) - MasterChem | kemikaalien tuotanto ja myynti","og_description":"Citronsyramonohydrat \u00e4r en trikarboxylsyra som finns i citrusfrukter.","og_url":"https:\/\/masterchem.fi\/sv\/produkt\/citronsyramonohydrat-cas-5949-29-1\/","og_site_name":"MasterChem | kemikaalien tuotanto ja myynti","article_modified_time":"2022-05-10T07:16:02+00:00","og_image":[{"width":1000,"height":1000,"url":"https:\/\/masterchem.fi\/wp-content\/uploads\/2022\/05\/Sitruunahappomonohydraatti-CAS-5949-29-1-25kg-MasterChem.jpg","type":"image\/jpeg"}],"twitter_card":"summary_large_image","schema":{"@context":"https:\/\/schema.org","@graph":[{"@type":"WebPage","@id":"https:\/\/masterchem.fi\/sv\/produkt\/citronsyramonohydrat-cas-5949-29-1\/","url":"https:\/\/masterchem.fi\/sv\/produkt\/citronsyramonohydrat-cas-5949-29-1\/","name":"Citronsyramonohydrat (CAS 5949-29-1) - MasterChem | kemikaalien tuotanto ja myynti","isPartOf":{"@id":"https:\/\/masterchem.fi\/sv\/#website"},"primaryImageOfPage":{"@id":"https:\/\/masterchem.fi\/sv\/produkt\/citronsyramonohydrat-cas-5949-29-1\/#primaryimage"},"image":{"@id":"https:\/\/masterchem.fi\/sv\/produkt\/citronsyramonohydrat-cas-5949-29-1\/#primaryimage"},"thumbnailUrl":"https:\/\/masterchem.fi\/wp-content\/uploads\/2022\/05\/Sitruunahappomonohydraatti-CAS-5949-29-1-25kg-MasterChem.jpg","datePublished":"2022-05-10T07:08:43+00:00","dateModified":"2022-05-10T07:16:02+00:00","description":"Citronsyramonohydrat \u00e4r en trikarboxylsyra som finns i citrusfrukter.","breadcrumb":{"@id":"https:\/\/masterchem.fi\/sv\/produkt\/citronsyramonohydrat-cas-5949-29-1\/#breadcrumb"},"inLanguage":"sv-SE","potentialAction":[{"@type":"ReadAction","target":["https:\/\/masterchem.fi\/sv\/produkt\/citronsyramonohydrat-cas-5949-29-1\/"]}]},{"@type":"ImageObject","inLanguage":"sv-SE","@id":"https:\/\/masterchem.fi\/sv\/produkt\/citronsyramonohydrat-cas-5949-29-1\/#primaryimage","url":"https:\/\/masterchem.fi\/wp-content\/uploads\/2022\/05\/Sitruunahappomonohydraatti-CAS-5949-29-1-25kg-MasterChem.jpg","contentUrl":"https:\/\/masterchem.fi\/wp-content\/uploads\/2022\/05\/Sitruunahappomonohydraatti-CAS-5949-29-1-25kg-MasterChem.jpg","width":1000,"height":1000,"caption":"Citronsyramonohydrat (CAS 5949-29-1) 25kg MasterChem"},{"@type":"BreadcrumbList","@id":"https:\/\/masterchem.fi\/sv\/produkt\/citronsyramonohydrat-cas-5949-29-1\/#breadcrumb","itemListElement":[{"@type":"ListItem","position":1,"name":"Home","item":"https:\/\/masterchem.fi\/sv\/"},{"@type":"ListItem","position":2,"name":"Butik","item":"https:\/\/masterchem.fi\/sv\/butik\/"},{"@type":"ListItem","position":3,"name":"Citronsyramonohydrat (CAS 5949-29-1)"}]},{"@type":"WebSite","@id":"https:\/\/masterchem.fi\/sv\/#website","url":"https:\/\/masterchem.fi\/sv\/","name":"MasterChem | kemikaalien tuotanto ja myynti","description":"kemikaalien tuotanto ja myynti","potentialAction":[{"@type":"SearchAction","target":{"@type":"EntryPoint","urlTemplate":"https:\/\/masterchem.fi\/sv\/?s={search_term_string}"},"query-input":{"@type":"PropertyValueSpecification","valueRequired":true,"valueName":"search_term_string"}}],"inLanguage":"sv-SE"}]}},"_links":{"self":[{"href":"https:\/\/masterchem.fi\/sv\/wp-json\/wp\/v2\/product\/8812","targetHints":{"allow":["GET"]}}],"collection":[{"href":"https:\/\/masterchem.fi\/sv\/wp-json\/wp\/v2\/product"}],"about":[{"href":"https:\/\/masterchem.fi\/sv\/wp-json\/wp\/v2\/types\/product"}],"wp:featuredmedia":[{"embeddable":true,"href":"https:\/\/masterchem.fi\/sv\/wp-json\/wp\/v2\/media\/8816"}],"wp:attachment":[{"href":"https:\/\/masterchem.fi\/sv\/wp-json\/wp\/v2\/media?parent=8812"}],"wp:term":[{"taxonomy":"product_brand","embeddable":true,"href":"https:\/\/masterchem.fi\/sv\/wp-json\/wp\/v2\/product_brand?post=8812"},{"taxonomy":"product_cat","embeddable":true,"href":"https:\/\/masterchem.fi\/sv\/wp-json\/wp\/v2\/product_cat?post=8812"},{"taxonomy":"product_tag","embeddable":true,"href":"https:\/\/masterchem.fi\/sv\/wp-json\/wp\/v2\/product_tag?post=8812"}],"curies":[{"name":"wp","href":"https:\/\/api.w.org\/{rel}","templated":true}]}}