{"id":8917,"date":"2022-05-10T11:46:19","date_gmt":"2022-05-10T08:46:20","guid":{"rendered":"https:\/\/masterchem.fi\/?post_type=product&#038;p=8917"},"modified":"2022-05-10T11:50:59","modified_gmt":"2022-05-10T08:50:59","slug":"dinatriumedetat-cas-6381-92-6","status":"publish","type":"product","link":"https:\/\/masterchem.fi\/sv\/produkt\/dinatriumedetat-cas-6381-92-6\/","title":{"rendered":"Dinatriumedetat (CAS 6381-92-6)"},"content":{"rendered":"<p> <strong> Information <\/strong> <\/p>\n<p> Branscher: Hush\u00e5llskemikalier, kosmetika, l\u00e4kemedel <br \/>\nCAS-nummer: 6381-92-6 <br \/>\nWE-nummer: 205-358-3 <br \/>\nKemisk formel: C10H14N2Na2O8 <br \/>\nMolekylvikt: 372,2 g\/mol <\/p>\n<p> <strong> Andra fysiska egenskaper <\/strong> <\/p>\n<p> pH: 4,0 &#8211; 5,0 <br \/>\nKokpunkt \/ kokomr\u00e5de: 105-110 \u00b0 C <br \/>\nRelativ densitet: 1767 g\/cm3 (20 \u00b0C) <br \/>\nL\u00f6slighet i vatten: ~ 100 g\/l <\/p>\n","protected":false},"excerpt":{"rendered":"<p> <strong> Dinatriumedetat (CAS 6381-92-6) <\/strong> <\/p>\n<p> Dinatriumedetat \u00e4r en form av dinatriumsaltet av edetat, ett tungmetallkelaterande medel med antihyperkalcemiska och antiarytmiska egenskaper. Edetate, en tungmetallantagonist, kelerar tv\u00e5v\u00e4rda och trev\u00e4rda metaller f\u00f6r att bilda l\u00f6sliga stabila komplex som l\u00e4tt uts\u00f6ndras av njurarna, vilket g\u00f6r att det kan anv\u00e4ndas f\u00f6r att s\u00e4nka serumkalciumniv\u00e5erna. Dessutom har detta \u00e4mne en negativ inotrop effekt p\u00e5 hj\u00e4rtat genom ett \u00f6verg\u00e5ende inducerat hypokalcemiskt tillst\u00e5nd, vilket motverkar de inotropa och kronotropa effekterna av digitalisglykosider p\u00e5 hj\u00e4rtats ventriklar. N\u00e4r det administreras till \u00f6gat ut\u00f6var edetat sin oftalmiska effekt genom att kelatbilda kalcium f\u00f6r att bilda l\u00f6sliga komplex, som tar bort kalkavlagringar p\u00e5 hornhinnan. <\/p>\n","protected":false},"featured_media":8921,"template":"","meta":[],"product_brand":[],"product_cat":[105,106,116,177],"product_tag":[],"class_list":{"0":"post-8917","1":"product","2":"type-product","3":"status-publish","4":"has-post-thumbnail","6":"product_cat-hushallskemikalier-sv","7":"product_cat-lakemedelsindustri","8":"product_cat-alla-produkter","9":"product_cat-kosmetikindustrin","11":"first","12":"outofstock","13":"taxable","14":"shipping-taxable","15":"purchasable","16":"product-type-variable","17":"has-default-attributes","18":"rtwpvg-product"},"yoast_head":"<!-- This site is optimized with the Yoast SEO plugin v27.5 - https:\/\/yoast.com\/product\/yoast-seo-wordpress\/ -->\n<title>Dinatriumedetat (CAS 6381-92-6) - MasterChem | kemikaalien tuotanto ja myynti<\/title>\n<meta name=\"description\" content=\"Dinatriumedetat \u00e4r en form av edetat, ett tungmetallkelaterande medel, dinatriumsalt, som har antihyperkalcemiska och antiarytmiska egenskaper.\" \/>\n<meta name=\"robots\" content=\"index, follow, max-snippet:-1, max-image-preview:large, max-video-preview:-1\" \/>\n<link rel=\"canonical\" href=\"https:\/\/masterchem.fi\/sv\/produkt\/dinatriumedetat-cas-6381-92-6\/\" \/>\n<meta property=\"og:locale\" content=\"sv_SE\" \/>\n<meta property=\"og:type\" content=\"article\" \/>\n<meta property=\"og:title\" content=\"Dinatriumedetat (CAS 6381-92-6) - MasterChem | kemikaalien tuotanto ja myynti\" \/>\n<meta property=\"og:description\" content=\"Dinatriumedetat \u00e4r en form av edetat, ett tungmetallkelaterande medel, dinatriumsalt, som har antihyperkalcemiska och antiarytmiska egenskaper.\" \/>\n<meta property=\"og:url\" content=\"https:\/\/masterchem.fi\/sv\/produkt\/dinatriumedetat-cas-6381-92-6\/\" \/>\n<meta property=\"og:site_name\" content=\"MasterChem | kemikaalien tuotanto ja myynti\" \/>\n<meta property=\"article:modified_time\" content=\"2022-05-10T08:50:59+00:00\" \/>\n<meta property=\"og:image\" content=\"https:\/\/masterchem.fi\/wp-content\/uploads\/2022\/05\/Dinatriumedetaatti-CAS-6381-92-6-25kg-MasterChem.jpg\" \/>\n\t<meta property=\"og:image:width\" content=\"1000\" \/>\n\t<meta property=\"og:image:height\" content=\"1000\" \/>\n\t<meta property=\"og:image:type\" content=\"image\/jpeg\" \/>\n<meta name=\"twitter:card\" content=\"summary_large_image\" \/>\n<script type=\"application\/ld+json\" class=\"yoast-schema-graph\">{\"@context\":\"https:\\\/\\\/schema.org\",\"@graph\":[{\"@type\":\"WebPage\",\"@id\":\"https:\\\/\\\/masterchem.fi\\\/sv\\\/produkt\\\/dinatriumedetat-cas-6381-92-6\\\/\",\"url\":\"https:\\\/\\\/masterchem.fi\\\/sv\\\/produkt\\\/dinatriumedetat-cas-6381-92-6\\\/\",\"name\":\"Dinatriumedetat (CAS 6381-92-6) - MasterChem | kemikaalien tuotanto ja myynti\",\"isPartOf\":{\"@id\":\"https:\\\/\\\/masterchem.fi\\\/sv\\\/#website\"},\"primaryImageOfPage\":{\"@id\":\"https:\\\/\\\/masterchem.fi\\\/sv\\\/produkt\\\/dinatriumedetat-cas-6381-92-6\\\/#primaryimage\"},\"image\":{\"@id\":\"https:\\\/\\\/masterchem.fi\\\/sv\\\/produkt\\\/dinatriumedetat-cas-6381-92-6\\\/#primaryimage\"},\"thumbnailUrl\":\"https:\\\/\\\/masterchem.fi\\\/wp-content\\\/uploads\\\/2022\\\/05\\\/Dinatriumedetaatti-CAS-6381-92-6-25kg-MasterChem.jpg\",\"datePublished\":\"2022-05-10T08:46:20+00:00\",\"dateModified\":\"2022-05-10T08:50:59+00:00\",\"description\":\"Dinatriumedetat \u00e4r en form av edetat, ett tungmetallkelaterande medel, dinatriumsalt, som har antihyperkalcemiska och antiarytmiska egenskaper.\",\"breadcrumb\":{\"@id\":\"https:\\\/\\\/masterchem.fi\\\/sv\\\/produkt\\\/dinatriumedetat-cas-6381-92-6\\\/#breadcrumb\"},\"inLanguage\":\"sv-SE\",\"potentialAction\":[{\"@type\":\"ReadAction\",\"target\":[\"https:\\\/\\\/masterchem.fi\\\/sv\\\/produkt\\\/dinatriumedetat-cas-6381-92-6\\\/\"]}]},{\"@type\":\"ImageObject\",\"inLanguage\":\"sv-SE\",\"@id\":\"https:\\\/\\\/masterchem.fi\\\/sv\\\/produkt\\\/dinatriumedetat-cas-6381-92-6\\\/#primaryimage\",\"url\":\"https:\\\/\\\/masterchem.fi\\\/wp-content\\\/uploads\\\/2022\\\/05\\\/Dinatriumedetaatti-CAS-6381-92-6-25kg-MasterChem.jpg\",\"contentUrl\":\"https:\\\/\\\/masterchem.fi\\\/wp-content\\\/uploads\\\/2022\\\/05\\\/Dinatriumedetaatti-CAS-6381-92-6-25kg-MasterChem.jpg\",\"width\":1000,\"height\":1000,\"caption\":\"Dinatriumedetat (CAS 6381-92-6) 25kg MasterChem\"},{\"@type\":\"BreadcrumbList\",\"@id\":\"https:\\\/\\\/masterchem.fi\\\/sv\\\/produkt\\\/dinatriumedetat-cas-6381-92-6\\\/#breadcrumb\",\"itemListElement\":[{\"@type\":\"ListItem\",\"position\":1,\"name\":\"Home\",\"item\":\"https:\\\/\\\/masterchem.fi\\\/sv\\\/\"},{\"@type\":\"ListItem\",\"position\":2,\"name\":\"Butik\",\"item\":\"https:\\\/\\\/masterchem.fi\\\/sv\\\/butik\\\/\"},{\"@type\":\"ListItem\",\"position\":3,\"name\":\"Dinatriumedetat (CAS 6381-92-6)\"}]},{\"@type\":\"WebSite\",\"@id\":\"https:\\\/\\\/masterchem.fi\\\/sv\\\/#website\",\"url\":\"https:\\\/\\\/masterchem.fi\\\/sv\\\/\",\"name\":\"MasterChem | kemikaalien tuotanto ja myynti\",\"description\":\"kemikaalien tuotanto ja myynti\",\"potentialAction\":[{\"@type\":\"SearchAction\",\"target\":{\"@type\":\"EntryPoint\",\"urlTemplate\":\"https:\\\/\\\/masterchem.fi\\\/sv\\\/?s={search_term_string}\"},\"query-input\":{\"@type\":\"PropertyValueSpecification\",\"valueRequired\":true,\"valueName\":\"search_term_string\"}}],\"inLanguage\":\"sv-SE\"}]}<\/script>\n<!-- \/ Yoast SEO plugin. -->","yoast_head_json":{"title":"Dinatriumedetat (CAS 6381-92-6) - MasterChem | kemikaalien tuotanto ja myynti","description":"Dinatriumedetat \u00e4r en form av edetat, ett tungmetallkelaterande medel, dinatriumsalt, som har antihyperkalcemiska och antiarytmiska egenskaper.","robots":{"index":"index","follow":"follow","max-snippet":"max-snippet:-1","max-image-preview":"max-image-preview:large","max-video-preview":"max-video-preview:-1"},"canonical":"https:\/\/masterchem.fi\/sv\/produkt\/dinatriumedetat-cas-6381-92-6\/","og_locale":"sv_SE","og_type":"article","og_title":"Dinatriumedetat (CAS 6381-92-6) - MasterChem | kemikaalien tuotanto ja myynti","og_description":"Dinatriumedetat \u00e4r en form av edetat, ett tungmetallkelaterande medel, dinatriumsalt, som har antihyperkalcemiska och antiarytmiska egenskaper.","og_url":"https:\/\/masterchem.fi\/sv\/produkt\/dinatriumedetat-cas-6381-92-6\/","og_site_name":"MasterChem | kemikaalien tuotanto ja myynti","article_modified_time":"2022-05-10T08:50:59+00:00","og_image":[{"width":1000,"height":1000,"url":"https:\/\/masterchem.fi\/wp-content\/uploads\/2022\/05\/Dinatriumedetaatti-CAS-6381-92-6-25kg-MasterChem.jpg","type":"image\/jpeg"}],"twitter_card":"summary_large_image","schema":{"@context":"https:\/\/schema.org","@graph":[{"@type":"WebPage","@id":"https:\/\/masterchem.fi\/sv\/produkt\/dinatriumedetat-cas-6381-92-6\/","url":"https:\/\/masterchem.fi\/sv\/produkt\/dinatriumedetat-cas-6381-92-6\/","name":"Dinatriumedetat (CAS 6381-92-6) - MasterChem | kemikaalien tuotanto ja myynti","isPartOf":{"@id":"https:\/\/masterchem.fi\/sv\/#website"},"primaryImageOfPage":{"@id":"https:\/\/masterchem.fi\/sv\/produkt\/dinatriumedetat-cas-6381-92-6\/#primaryimage"},"image":{"@id":"https:\/\/masterchem.fi\/sv\/produkt\/dinatriumedetat-cas-6381-92-6\/#primaryimage"},"thumbnailUrl":"https:\/\/masterchem.fi\/wp-content\/uploads\/2022\/05\/Dinatriumedetaatti-CAS-6381-92-6-25kg-MasterChem.jpg","datePublished":"2022-05-10T08:46:20+00:00","dateModified":"2022-05-10T08:50:59+00:00","description":"Dinatriumedetat \u00e4r en form av edetat, ett tungmetallkelaterande medel, dinatriumsalt, som har antihyperkalcemiska och antiarytmiska egenskaper.","breadcrumb":{"@id":"https:\/\/masterchem.fi\/sv\/produkt\/dinatriumedetat-cas-6381-92-6\/#breadcrumb"},"inLanguage":"sv-SE","potentialAction":[{"@type":"ReadAction","target":["https:\/\/masterchem.fi\/sv\/produkt\/dinatriumedetat-cas-6381-92-6\/"]}]},{"@type":"ImageObject","inLanguage":"sv-SE","@id":"https:\/\/masterchem.fi\/sv\/produkt\/dinatriumedetat-cas-6381-92-6\/#primaryimage","url":"https:\/\/masterchem.fi\/wp-content\/uploads\/2022\/05\/Dinatriumedetaatti-CAS-6381-92-6-25kg-MasterChem.jpg","contentUrl":"https:\/\/masterchem.fi\/wp-content\/uploads\/2022\/05\/Dinatriumedetaatti-CAS-6381-92-6-25kg-MasterChem.jpg","width":1000,"height":1000,"caption":"Dinatriumedetat (CAS 6381-92-6) 25kg MasterChem"},{"@type":"BreadcrumbList","@id":"https:\/\/masterchem.fi\/sv\/produkt\/dinatriumedetat-cas-6381-92-6\/#breadcrumb","itemListElement":[{"@type":"ListItem","position":1,"name":"Home","item":"https:\/\/masterchem.fi\/sv\/"},{"@type":"ListItem","position":2,"name":"Butik","item":"https:\/\/masterchem.fi\/sv\/butik\/"},{"@type":"ListItem","position":3,"name":"Dinatriumedetat (CAS 6381-92-6)"}]},{"@type":"WebSite","@id":"https:\/\/masterchem.fi\/sv\/#website","url":"https:\/\/masterchem.fi\/sv\/","name":"MasterChem | kemikaalien tuotanto ja myynti","description":"kemikaalien tuotanto ja myynti","potentialAction":[{"@type":"SearchAction","target":{"@type":"EntryPoint","urlTemplate":"https:\/\/masterchem.fi\/sv\/?s={search_term_string}"},"query-input":{"@type":"PropertyValueSpecification","valueRequired":true,"valueName":"search_term_string"}}],"inLanguage":"sv-SE"}]}},"_links":{"self":[{"href":"https:\/\/masterchem.fi\/sv\/wp-json\/wp\/v2\/product\/8917","targetHints":{"allow":["GET"]}}],"collection":[{"href":"https:\/\/masterchem.fi\/sv\/wp-json\/wp\/v2\/product"}],"about":[{"href":"https:\/\/masterchem.fi\/sv\/wp-json\/wp\/v2\/types\/product"}],"wp:featuredmedia":[{"embeddable":true,"href":"https:\/\/masterchem.fi\/sv\/wp-json\/wp\/v2\/media\/8921"}],"wp:attachment":[{"href":"https:\/\/masterchem.fi\/sv\/wp-json\/wp\/v2\/media?parent=8917"}],"wp:term":[{"taxonomy":"product_brand","embeddable":true,"href":"https:\/\/masterchem.fi\/sv\/wp-json\/wp\/v2\/product_brand?post=8917"},{"taxonomy":"product_cat","embeddable":true,"href":"https:\/\/masterchem.fi\/sv\/wp-json\/wp\/v2\/product_cat?post=8917"},{"taxonomy":"product_tag","embeddable":true,"href":"https:\/\/masterchem.fi\/sv\/wp-json\/wp\/v2\/product_tag?post=8917"}],"curies":[{"name":"wp","href":"https:\/\/api.w.org\/{rel}","templated":true}]}}