{"id":8970,"date":"2022-05-10T12:11:44","date_gmt":"2022-05-10T09:11:45","guid":{"rendered":"https:\/\/masterchem.fi\/?post_type=product&#038;p=8970"},"modified":"2022-05-10T12:17:23","modified_gmt":"2022-05-10T09:17:23","slug":"saltsyra-33-37-cas-7647-01-0","status":"publish","type":"product","link":"https:\/\/masterchem.fi\/sv\/produkt\/saltsyra-33-37-cas-7647-01-0\/","title":{"rendered":"Saltsyra 33 %, 37 % (CAS 7647-01-0)"},"content":{"rendered":"<p> <strong> Information <\/strong> <\/p>\n<p> Branscher: hush\u00e5llskemikalier, g\u00f6dningsmedel, lim, oljor, fetter, tr\u00e4dg\u00e5rdssk\u00f6tsel <br \/>\nCAS-nummer: 7664-93-9 <br \/>\nWE-nummer: 231-639-5 <br \/>\nKemisk formel: H2SO4 <br \/>\nMolekylvikt: 98,08 g\/mol <br \/>\nTulltaxa: 28070000 <br \/>\nADR: UN1830 <\/p>\n<p> <strong> Andra fysiska egenskaper <\/strong> <\/p>\n<p> pH: <1\nSm\u00e4ltpunkt \/ fryspunkt: ok. 10,4 \u00b0C <br \/>\nKokpunkt \/ kokomr\u00e5de: 290 \u00b0 C <br \/>\nRelativ densitet: 18144-1,8305 kg\/l <\/p>\n","protected":false},"excerpt":{"rendered":"<p> <strong> Svavelsyra 98 % (CAS 7664-93-9) <\/strong> <\/p>\n<p>Sulfonsyra \u00e4r en flyktig syra med formeln H-S (= O) 2-OH. Sulfonsyran omvandlas snabbt till sin andra tautomer, den permanenta svavelsyran HO-S (=O) -OH. Organiska derivat av sulfonsyra i vilka svavlets v\u00e4teatom har ersatts med den organiska gruppen R \u00e4r stabila. Den allm\u00e4nna formeln f\u00f6r organiska sulfonsyror \u00e4r R-S (= O) 2-OH. Termen sulfonat anv\u00e4nds f\u00f6r sulfonsyraestrar, R-S (= O) 2-OR, och joner med den allm\u00e4nna strukturen R-S (= O) 2-O\u2212, d\u00e4r R \u00e4r en organisk grupp. <\/p>\n","protected":false},"featured_media":8989,"template":"","meta":[],"product_brand":[],"product_cat":[105,173,106,116],"product_tag":[],"class_list":{"0":"post-8970","1":"product","2":"type-product","3":"status-publish","4":"has-post-thumbnail","6":"product_cat-hushallskemikalier-sv","7":"product_cat-godselmedel","8":"product_cat-lakemedelsindustri","9":"product_cat-alla-produkter","11":"first","12":"outofstock","13":"taxable","14":"shipping-taxable","15":"purchasable","16":"product-type-variable","17":"has-default-attributes","18":"rtwpvg-product"},"yoast_head":"<!-- This site is optimized with the Yoast SEO plugin v27.2 - https:\/\/yoast.com\/product\/yoast-seo-wordpress\/ -->\n<title>Saltsyra 33 %, 37 % (CAS 7647-01-0) - MasterChem | kemikaalien tuotanto ja myynti<\/title>\n<meta name=\"description\" content=\"Saltsyra, saltsyra, \u00e4r en starkt sur l\u00f6sning som bildas genom uppl\u00f6sning av v\u00e4teklorid (HCl) i vatten.\" \/>\n<meta name=\"robots\" content=\"index, follow, max-snippet:-1, max-image-preview:large, max-video-preview:-1\" \/>\n<link rel=\"canonical\" href=\"https:\/\/masterchem.fi\/sv\/produkt\/saltsyra-33-37-cas-7647-01-0\/\" \/>\n<meta property=\"og:locale\" content=\"sv_SE\" \/>\n<meta property=\"og:type\" content=\"article\" \/>\n<meta property=\"og:title\" content=\"Saltsyra 33 %, 37 % (CAS 7647-01-0) - MasterChem | kemikaalien tuotanto ja myynti\" \/>\n<meta property=\"og:description\" content=\"Saltsyra, saltsyra, \u00e4r en starkt sur l\u00f6sning som bildas genom uppl\u00f6sning av v\u00e4teklorid (HCl) i vatten.\" \/>\n<meta property=\"og:url\" content=\"https:\/\/masterchem.fi\/sv\/produkt\/saltsyra-33-37-cas-7647-01-0\/\" \/>\n<meta property=\"og:site_name\" content=\"MasterChem | kemikaalien tuotanto ja myynti\" \/>\n<meta property=\"article:modified_time\" content=\"2022-05-10T09:17:23+00:00\" \/>\n<meta property=\"og:image\" content=\"https:\/\/masterchem.fi\/wp-content\/uploads\/2022\/05\/Suolahappo-33-CAS-7647-01-0-1000l-MasterChem.jpg\" \/>\n\t<meta property=\"og:image:width\" content=\"1000\" \/>\n\t<meta property=\"og:image:height\" content=\"1000\" \/>\n\t<meta property=\"og:image:type\" content=\"image\/jpeg\" \/>\n<meta name=\"twitter:card\" content=\"summary_large_image\" \/>\n<script type=\"application\/ld+json\" class=\"yoast-schema-graph\">{\"@context\":\"https:\/\/schema.org\",\"@graph\":[{\"@type\":\"WebPage\",\"@id\":\"https:\/\/masterchem.fi\/sv\/produkt\/saltsyra-33-37-cas-7647-01-0\/\",\"url\":\"https:\/\/masterchem.fi\/sv\/produkt\/saltsyra-33-37-cas-7647-01-0\/\",\"name\":\"Saltsyra 33 %, 37 % (CAS 7647-01-0) - MasterChem | kemikaalien tuotanto ja myynti\",\"isPartOf\":{\"@id\":\"https:\/\/masterchem.fi\/sv\/#website\"},\"primaryImageOfPage\":{\"@id\":\"https:\/\/masterchem.fi\/sv\/produkt\/saltsyra-33-37-cas-7647-01-0\/#primaryimage\"},\"image\":{\"@id\":\"https:\/\/masterchem.fi\/sv\/produkt\/saltsyra-33-37-cas-7647-01-0\/#primaryimage\"},\"thumbnailUrl\":\"https:\/\/masterchem.fi\/wp-content\/uploads\/2022\/05\/Suolahappo-33-CAS-7647-01-0-1000l-MasterChem.jpg\",\"datePublished\":\"2022-05-10T09:11:45+00:00\",\"dateModified\":\"2022-05-10T09:17:23+00:00\",\"description\":\"Saltsyra, saltsyra, \u00e4r en starkt sur l\u00f6sning som bildas genom uppl\u00f6sning av v\u00e4teklorid (HCl) i vatten.\",\"breadcrumb\":{\"@id\":\"https:\/\/masterchem.fi\/sv\/produkt\/saltsyra-33-37-cas-7647-01-0\/#breadcrumb\"},\"inLanguage\":\"sv-SE\",\"potentialAction\":[{\"@type\":\"ReadAction\",\"target\":[\"https:\/\/masterchem.fi\/sv\/produkt\/saltsyra-33-37-cas-7647-01-0\/\"]}]},{\"@type\":\"ImageObject\",\"inLanguage\":\"sv-SE\",\"@id\":\"https:\/\/masterchem.fi\/sv\/produkt\/saltsyra-33-37-cas-7647-01-0\/#primaryimage\",\"url\":\"https:\/\/masterchem.fi\/wp-content\/uploads\/2022\/05\/Suolahappo-33-CAS-7647-01-0-1000l-MasterChem.jpg\",\"contentUrl\":\"https:\/\/masterchem.fi\/wp-content\/uploads\/2022\/05\/Suolahappo-33-CAS-7647-01-0-1000l-MasterChem.jpg\",\"width\":1000,\"height\":1000,\"caption\":\"Saltsyra 33 %, 37 % (CAS 7647-01-0) 1000l-MasterChem\"},{\"@type\":\"BreadcrumbList\",\"@id\":\"https:\/\/masterchem.fi\/sv\/produkt\/saltsyra-33-37-cas-7647-01-0\/#breadcrumb\",\"itemListElement\":[{\"@type\":\"ListItem\",\"position\":1,\"name\":\"Home\",\"item\":\"https:\/\/masterchem.fi\/sv\/\"},{\"@type\":\"ListItem\",\"position\":2,\"name\":\"Butik\",\"item\":\"https:\/\/masterchem.fi\/sv\/butik\/\"},{\"@type\":\"ListItem\",\"position\":3,\"name\":\"Saltsyra 33 %, 37 % (CAS 7647-01-0)\"}]},{\"@type\":\"WebSite\",\"@id\":\"https:\/\/masterchem.fi\/sv\/#website\",\"url\":\"https:\/\/masterchem.fi\/sv\/\",\"name\":\"MasterChem | kemikaalien tuotanto ja myynti\",\"description\":\"kemikaalien tuotanto ja myynti\",\"potentialAction\":[{\"@type\":\"SearchAction\",\"target\":{\"@type\":\"EntryPoint\",\"urlTemplate\":\"https:\/\/masterchem.fi\/sv\/?s={search_term_string}\"},\"query-input\":{\"@type\":\"PropertyValueSpecification\",\"valueRequired\":true,\"valueName\":\"search_term_string\"}}],\"inLanguage\":\"sv-SE\"}]}<\/script>\n<!-- \/ Yoast SEO plugin. -->","yoast_head_json":{"title":"Saltsyra 33 %, 37 % (CAS 7647-01-0) - MasterChem | kemikaalien tuotanto ja myynti","description":"Saltsyra, saltsyra, \u00e4r en starkt sur l\u00f6sning som bildas genom uppl\u00f6sning av v\u00e4teklorid (HCl) i vatten.","robots":{"index":"index","follow":"follow","max-snippet":"max-snippet:-1","max-image-preview":"max-image-preview:large","max-video-preview":"max-video-preview:-1"},"canonical":"https:\/\/masterchem.fi\/sv\/produkt\/saltsyra-33-37-cas-7647-01-0\/","og_locale":"sv_SE","og_type":"article","og_title":"Saltsyra 33 %, 37 % (CAS 7647-01-0) - MasterChem | kemikaalien tuotanto ja myynti","og_description":"Saltsyra, saltsyra, \u00e4r en starkt sur l\u00f6sning som bildas genom uppl\u00f6sning av v\u00e4teklorid (HCl) i vatten.","og_url":"https:\/\/masterchem.fi\/sv\/produkt\/saltsyra-33-37-cas-7647-01-0\/","og_site_name":"MasterChem | kemikaalien tuotanto ja myynti","article_modified_time":"2022-05-10T09:17:23+00:00","og_image":[{"width":1000,"height":1000,"url":"https:\/\/masterchem.fi\/wp-content\/uploads\/2022\/05\/Suolahappo-33-CAS-7647-01-0-1000l-MasterChem.jpg","type":"image\/jpeg"}],"twitter_card":"summary_large_image","schema":{"@context":"https:\/\/schema.org","@graph":[{"@type":"WebPage","@id":"https:\/\/masterchem.fi\/sv\/produkt\/saltsyra-33-37-cas-7647-01-0\/","url":"https:\/\/masterchem.fi\/sv\/produkt\/saltsyra-33-37-cas-7647-01-0\/","name":"Saltsyra 33 %, 37 % (CAS 7647-01-0) - MasterChem | kemikaalien tuotanto ja myynti","isPartOf":{"@id":"https:\/\/masterchem.fi\/sv\/#website"},"primaryImageOfPage":{"@id":"https:\/\/masterchem.fi\/sv\/produkt\/saltsyra-33-37-cas-7647-01-0\/#primaryimage"},"image":{"@id":"https:\/\/masterchem.fi\/sv\/produkt\/saltsyra-33-37-cas-7647-01-0\/#primaryimage"},"thumbnailUrl":"https:\/\/masterchem.fi\/wp-content\/uploads\/2022\/05\/Suolahappo-33-CAS-7647-01-0-1000l-MasterChem.jpg","datePublished":"2022-05-10T09:11:45+00:00","dateModified":"2022-05-10T09:17:23+00:00","description":"Saltsyra, saltsyra, \u00e4r en starkt sur l\u00f6sning som bildas genom uppl\u00f6sning av v\u00e4teklorid (HCl) i vatten.","breadcrumb":{"@id":"https:\/\/masterchem.fi\/sv\/produkt\/saltsyra-33-37-cas-7647-01-0\/#breadcrumb"},"inLanguage":"sv-SE","potentialAction":[{"@type":"ReadAction","target":["https:\/\/masterchem.fi\/sv\/produkt\/saltsyra-33-37-cas-7647-01-0\/"]}]},{"@type":"ImageObject","inLanguage":"sv-SE","@id":"https:\/\/masterchem.fi\/sv\/produkt\/saltsyra-33-37-cas-7647-01-0\/#primaryimage","url":"https:\/\/masterchem.fi\/wp-content\/uploads\/2022\/05\/Suolahappo-33-CAS-7647-01-0-1000l-MasterChem.jpg","contentUrl":"https:\/\/masterchem.fi\/wp-content\/uploads\/2022\/05\/Suolahappo-33-CAS-7647-01-0-1000l-MasterChem.jpg","width":1000,"height":1000,"caption":"Saltsyra 33 %, 37 % (CAS 7647-01-0) 1000l-MasterChem"},{"@type":"BreadcrumbList","@id":"https:\/\/masterchem.fi\/sv\/produkt\/saltsyra-33-37-cas-7647-01-0\/#breadcrumb","itemListElement":[{"@type":"ListItem","position":1,"name":"Home","item":"https:\/\/masterchem.fi\/sv\/"},{"@type":"ListItem","position":2,"name":"Butik","item":"https:\/\/masterchem.fi\/sv\/butik\/"},{"@type":"ListItem","position":3,"name":"Saltsyra 33 %, 37 % (CAS 7647-01-0)"}]},{"@type":"WebSite","@id":"https:\/\/masterchem.fi\/sv\/#website","url":"https:\/\/masterchem.fi\/sv\/","name":"MasterChem | kemikaalien tuotanto ja myynti","description":"kemikaalien tuotanto ja myynti","potentialAction":[{"@type":"SearchAction","target":{"@type":"EntryPoint","urlTemplate":"https:\/\/masterchem.fi\/sv\/?s={search_term_string}"},"query-input":{"@type":"PropertyValueSpecification","valueRequired":true,"valueName":"search_term_string"}}],"inLanguage":"sv-SE"}]}},"_links":{"self":[{"href":"https:\/\/masterchem.fi\/sv\/wp-json\/wp\/v2\/product\/8970","targetHints":{"allow":["GET"]}}],"collection":[{"href":"https:\/\/masterchem.fi\/sv\/wp-json\/wp\/v2\/product"}],"about":[{"href":"https:\/\/masterchem.fi\/sv\/wp-json\/wp\/v2\/types\/product"}],"wp:featuredmedia":[{"embeddable":true,"href":"https:\/\/masterchem.fi\/sv\/wp-json\/wp\/v2\/media\/8989"}],"wp:attachment":[{"href":"https:\/\/masterchem.fi\/sv\/wp-json\/wp\/v2\/media?parent=8970"}],"wp:term":[{"taxonomy":"product_brand","embeddable":true,"href":"https:\/\/masterchem.fi\/sv\/wp-json\/wp\/v2\/product_brand?post=8970"},{"taxonomy":"product_cat","embeddable":true,"href":"https:\/\/masterchem.fi\/sv\/wp-json\/wp\/v2\/product_cat?post=8970"},{"taxonomy":"product_tag","embeddable":true,"href":"https:\/\/masterchem.fi\/sv\/wp-json\/wp\/v2\/product_tag?post=8970"}],"curies":[{"name":"wp","href":"https:\/\/api.w.org\/{rel}","templated":true}]}}