{"id":9006,"date":"2022-05-10T12:30:40","date_gmt":"2022-05-10T09:30:41","guid":{"rendered":"https:\/\/masterchem.fi\/?post_type=product&#038;p=9006"},"modified":"2022-05-10T12:40:35","modified_gmt":"2022-05-10T09:40:35","slug":"lanolin-cas-8006-54-0","status":"publish","type":"product","link":"https:\/\/masterchem.fi\/sv\/produkt\/lanolin-cas-8006-54-0\/","title":{"rendered":"Lanolin (CAS 8006-54-0)"},"content":{"rendered":"<p> <strong> Information <\/strong> <\/p>\n<p> Branscher: Hush\u00e5llskemikalier, kosmetika, l\u00e4kemedel <br \/>\nCAS-nummer: 8006-54-0 <br \/>\nWE-nummer: 232-348-6 <\/p>\n<p> <strong> Andra fysiska egenskaper <\/strong> <\/p>\n<p> Sm\u00e4ltpunkt \/ fryspunkt: 38-44 \u00b0 C <br \/>\nKokpunkt \/ kokomr\u00e5de: 180 \u00b0 C <br \/>\nRelativ densitet: 0,932 g\/cm (15 \u00b0C) <\/p>\n","protected":false},"excerpt":{"rendered":"<p> <strong> Lanolin (CAS 8006-54-0) <\/strong> <\/p>\n<p> Lanolinolja \u00e4r ett uts\u00f6ndring av f\u00e5rhuden. Den liknar m\u00e4nsklig talg, en olja som uts\u00f6ndras av talgk\u00f6rtlarna som du kanske m\u00e4rker s\u00e4rskilt i n\u00e4san. Till skillnad fr\u00e5n talg inneh\u00e5ller lanolin inga triglycerider. Lanolin kallas ibland f\u00f6r &#8220;ullfett&#8221;, men termen \u00e4r missvisande eftersom den saknar triglycerider, som m\u00e5ste anses vara fett. Syftet med lanolin \u00e4r att behandla och skydda f\u00e5rull. Denna l\u00e4kande egenskap \u00e4r anledningen till att \u00e4mnet nu anv\u00e4nds i stor utstr\u00e4ckning i kosmetika f\u00f6r m\u00e4nniskor, hudv\u00e5rdsprodukter och h\u00e5rprodukter. Lanolinolja utvinns genom att f\u00e5rull passerar genom en centrifug som separerar oljan fr\u00e5n andra kemikalier och skr\u00e4p. Processen utf\u00f6rs efter att f\u00e5ren har styckats, s\u00e5 utvinningen av lanolin orsakar ingen skada p\u00e5 f\u00e5ren. <\/p>\n","protected":false},"featured_media":9026,"template":"","meta":[],"product_brand":[],"product_cat":[116,105,177,106],"product_tag":[],"class_list":{"0":"post-9006","1":"product","2":"type-product","3":"status-publish","4":"has-post-thumbnail","6":"product_cat-alla-produkter","7":"product_cat-hushallskemikalier-sv","8":"product_cat-kosmetikindustrin","9":"product_cat-lakemedelsindustri","11":"first","12":"outofstock","13":"taxable","14":"shipping-taxable","15":"purchasable","16":"product-type-variable","17":"has-default-attributes","18":"rtwpvg-product"},"yoast_head":"<!-- This site is optimized with the Yoast SEO plugin v27.5 - https:\/\/yoast.com\/product\/yoast-seo-wordpress\/ -->\n<title>Lanolin (CAS 8006-54-0) - MasterChem | kemikaalien tuotanto ja myynti<\/title>\n<meta name=\"description\" content=\"Lanolinolja \u00e4r ett uts\u00f6ndring av f\u00e5rhud. Den liknar m\u00e4nsklig talg, en olja som uts\u00f6ndras av talgk\u00f6rtlarna som du kanske m\u00e4rker s\u00e4rskilt i n\u00e4san.\" \/>\n<meta name=\"robots\" content=\"index, follow, max-snippet:-1, max-image-preview:large, max-video-preview:-1\" \/>\n<link rel=\"canonical\" href=\"https:\/\/masterchem.fi\/sv\/produkt\/lanolin-cas-8006-54-0\/\" \/>\n<meta property=\"og:locale\" content=\"sv_SE\" \/>\n<meta property=\"og:type\" content=\"article\" \/>\n<meta property=\"og:title\" content=\"Lanolin (CAS 8006-54-0) - MasterChem | kemikaalien tuotanto ja myynti\" \/>\n<meta property=\"og:description\" content=\"Lanolinolja \u00e4r ett uts\u00f6ndring av f\u00e5rhud. Den liknar m\u00e4nsklig talg, en olja som uts\u00f6ndras av talgk\u00f6rtlarna som du kanske m\u00e4rker s\u00e4rskilt i n\u00e4san.\" \/>\n<meta property=\"og:url\" content=\"https:\/\/masterchem.fi\/sv\/produkt\/lanolin-cas-8006-54-0\/\" \/>\n<meta property=\"og:site_name\" content=\"MasterChem | kemikaalien tuotanto ja myynti\" \/>\n<meta property=\"article:modified_time\" content=\"2022-05-10T09:40:35+00:00\" \/>\n<meta property=\"og:image\" content=\"https:\/\/masterchem.fi\/wp-content\/uploads\/2022\/05\/Lanoliini-CAS-8006-54-0-1000l-MasterChem.jpg\" \/>\n\t<meta property=\"og:image:width\" content=\"1000\" \/>\n\t<meta property=\"og:image:height\" content=\"1000\" \/>\n\t<meta property=\"og:image:type\" content=\"image\/jpeg\" \/>\n<meta name=\"twitter:card\" content=\"summary_large_image\" \/>\n<script type=\"application\/ld+json\" class=\"yoast-schema-graph\">{\"@context\":\"https:\\\/\\\/schema.org\",\"@graph\":[{\"@type\":\"WebPage\",\"@id\":\"https:\\\/\\\/masterchem.fi\\\/sv\\\/produkt\\\/lanolin-cas-8006-54-0\\\/\",\"url\":\"https:\\\/\\\/masterchem.fi\\\/sv\\\/produkt\\\/lanolin-cas-8006-54-0\\\/\",\"name\":\"Lanolin (CAS 8006-54-0) - MasterChem | kemikaalien tuotanto ja myynti\",\"isPartOf\":{\"@id\":\"https:\\\/\\\/masterchem.fi\\\/sv\\\/#website\"},\"primaryImageOfPage\":{\"@id\":\"https:\\\/\\\/masterchem.fi\\\/sv\\\/produkt\\\/lanolin-cas-8006-54-0\\\/#primaryimage\"},\"image\":{\"@id\":\"https:\\\/\\\/masterchem.fi\\\/sv\\\/produkt\\\/lanolin-cas-8006-54-0\\\/#primaryimage\"},\"thumbnailUrl\":\"https:\\\/\\\/masterchem.fi\\\/wp-content\\\/uploads\\\/2022\\\/05\\\/Lanoliini-CAS-8006-54-0-1000l-MasterChem.jpg\",\"datePublished\":\"2022-05-10T09:30:41+00:00\",\"dateModified\":\"2022-05-10T09:40:35+00:00\",\"description\":\"Lanolinolja \u00e4r ett uts\u00f6ndring av f\u00e5rhud. Den liknar m\u00e4nsklig talg, en olja som uts\u00f6ndras av talgk\u00f6rtlarna som du kanske m\u00e4rker s\u00e4rskilt i n\u00e4san.\",\"breadcrumb\":{\"@id\":\"https:\\\/\\\/masterchem.fi\\\/sv\\\/produkt\\\/lanolin-cas-8006-54-0\\\/#breadcrumb\"},\"inLanguage\":\"sv-SE\",\"potentialAction\":[{\"@type\":\"ReadAction\",\"target\":[\"https:\\\/\\\/masterchem.fi\\\/sv\\\/produkt\\\/lanolin-cas-8006-54-0\\\/\"]}]},{\"@type\":\"ImageObject\",\"inLanguage\":\"sv-SE\",\"@id\":\"https:\\\/\\\/masterchem.fi\\\/sv\\\/produkt\\\/lanolin-cas-8006-54-0\\\/#primaryimage\",\"url\":\"https:\\\/\\\/masterchem.fi\\\/wp-content\\\/uploads\\\/2022\\\/05\\\/Lanoliini-CAS-8006-54-0-1000l-MasterChem.jpg\",\"contentUrl\":\"https:\\\/\\\/masterchem.fi\\\/wp-content\\\/uploads\\\/2022\\\/05\\\/Lanoliini-CAS-8006-54-0-1000l-MasterChem.jpg\",\"width\":1000,\"height\":1000,\"caption\":\"Lanolin (CAS 8006-54-0)-1000l-MasterChem\"},{\"@type\":\"BreadcrumbList\",\"@id\":\"https:\\\/\\\/masterchem.fi\\\/sv\\\/produkt\\\/lanolin-cas-8006-54-0\\\/#breadcrumb\",\"itemListElement\":[{\"@type\":\"ListItem\",\"position\":1,\"name\":\"Home\",\"item\":\"https:\\\/\\\/masterchem.fi\\\/sv\\\/\"},{\"@type\":\"ListItem\",\"position\":2,\"name\":\"Butik\",\"item\":\"https:\\\/\\\/masterchem.fi\\\/sv\\\/butik\\\/\"},{\"@type\":\"ListItem\",\"position\":3,\"name\":\"Lanolin (CAS 8006-54-0)\"}]},{\"@type\":\"WebSite\",\"@id\":\"https:\\\/\\\/masterchem.fi\\\/sv\\\/#website\",\"url\":\"https:\\\/\\\/masterchem.fi\\\/sv\\\/\",\"name\":\"MasterChem | kemikaalien tuotanto ja myynti\",\"description\":\"kemikaalien tuotanto ja myynti\",\"potentialAction\":[{\"@type\":\"SearchAction\",\"target\":{\"@type\":\"EntryPoint\",\"urlTemplate\":\"https:\\\/\\\/masterchem.fi\\\/sv\\\/?s={search_term_string}\"},\"query-input\":{\"@type\":\"PropertyValueSpecification\",\"valueRequired\":true,\"valueName\":\"search_term_string\"}}],\"inLanguage\":\"sv-SE\"}]}<\/script>\n<!-- \/ Yoast SEO plugin. -->","yoast_head_json":{"title":"Lanolin (CAS 8006-54-0) - MasterChem | kemikaalien tuotanto ja myynti","description":"Lanolinolja \u00e4r ett uts\u00f6ndring av f\u00e5rhud. Den liknar m\u00e4nsklig talg, en olja som uts\u00f6ndras av talgk\u00f6rtlarna som du kanske m\u00e4rker s\u00e4rskilt i n\u00e4san.","robots":{"index":"index","follow":"follow","max-snippet":"max-snippet:-1","max-image-preview":"max-image-preview:large","max-video-preview":"max-video-preview:-1"},"canonical":"https:\/\/masterchem.fi\/sv\/produkt\/lanolin-cas-8006-54-0\/","og_locale":"sv_SE","og_type":"article","og_title":"Lanolin (CAS 8006-54-0) - MasterChem | kemikaalien tuotanto ja myynti","og_description":"Lanolinolja \u00e4r ett uts\u00f6ndring av f\u00e5rhud. Den liknar m\u00e4nsklig talg, en olja som uts\u00f6ndras av talgk\u00f6rtlarna som du kanske m\u00e4rker s\u00e4rskilt i n\u00e4san.","og_url":"https:\/\/masterchem.fi\/sv\/produkt\/lanolin-cas-8006-54-0\/","og_site_name":"MasterChem | kemikaalien tuotanto ja myynti","article_modified_time":"2022-05-10T09:40:35+00:00","og_image":[{"width":1000,"height":1000,"url":"https:\/\/masterchem.fi\/wp-content\/uploads\/2022\/05\/Lanoliini-CAS-8006-54-0-1000l-MasterChem.jpg","type":"image\/jpeg"}],"twitter_card":"summary_large_image","schema":{"@context":"https:\/\/schema.org","@graph":[{"@type":"WebPage","@id":"https:\/\/masterchem.fi\/sv\/produkt\/lanolin-cas-8006-54-0\/","url":"https:\/\/masterchem.fi\/sv\/produkt\/lanolin-cas-8006-54-0\/","name":"Lanolin (CAS 8006-54-0) - MasterChem | kemikaalien tuotanto ja myynti","isPartOf":{"@id":"https:\/\/masterchem.fi\/sv\/#website"},"primaryImageOfPage":{"@id":"https:\/\/masterchem.fi\/sv\/produkt\/lanolin-cas-8006-54-0\/#primaryimage"},"image":{"@id":"https:\/\/masterchem.fi\/sv\/produkt\/lanolin-cas-8006-54-0\/#primaryimage"},"thumbnailUrl":"https:\/\/masterchem.fi\/wp-content\/uploads\/2022\/05\/Lanoliini-CAS-8006-54-0-1000l-MasterChem.jpg","datePublished":"2022-05-10T09:30:41+00:00","dateModified":"2022-05-10T09:40:35+00:00","description":"Lanolinolja \u00e4r ett uts\u00f6ndring av f\u00e5rhud. Den liknar m\u00e4nsklig talg, en olja som uts\u00f6ndras av talgk\u00f6rtlarna som du kanske m\u00e4rker s\u00e4rskilt i n\u00e4san.","breadcrumb":{"@id":"https:\/\/masterchem.fi\/sv\/produkt\/lanolin-cas-8006-54-0\/#breadcrumb"},"inLanguage":"sv-SE","potentialAction":[{"@type":"ReadAction","target":["https:\/\/masterchem.fi\/sv\/produkt\/lanolin-cas-8006-54-0\/"]}]},{"@type":"ImageObject","inLanguage":"sv-SE","@id":"https:\/\/masterchem.fi\/sv\/produkt\/lanolin-cas-8006-54-0\/#primaryimage","url":"https:\/\/masterchem.fi\/wp-content\/uploads\/2022\/05\/Lanoliini-CAS-8006-54-0-1000l-MasterChem.jpg","contentUrl":"https:\/\/masterchem.fi\/wp-content\/uploads\/2022\/05\/Lanoliini-CAS-8006-54-0-1000l-MasterChem.jpg","width":1000,"height":1000,"caption":"Lanolin (CAS 8006-54-0)-1000l-MasterChem"},{"@type":"BreadcrumbList","@id":"https:\/\/masterchem.fi\/sv\/produkt\/lanolin-cas-8006-54-0\/#breadcrumb","itemListElement":[{"@type":"ListItem","position":1,"name":"Home","item":"https:\/\/masterchem.fi\/sv\/"},{"@type":"ListItem","position":2,"name":"Butik","item":"https:\/\/masterchem.fi\/sv\/butik\/"},{"@type":"ListItem","position":3,"name":"Lanolin (CAS 8006-54-0)"}]},{"@type":"WebSite","@id":"https:\/\/masterchem.fi\/sv\/#website","url":"https:\/\/masterchem.fi\/sv\/","name":"MasterChem | kemikaalien tuotanto ja myynti","description":"kemikaalien tuotanto ja myynti","potentialAction":[{"@type":"SearchAction","target":{"@type":"EntryPoint","urlTemplate":"https:\/\/masterchem.fi\/sv\/?s={search_term_string}"},"query-input":{"@type":"PropertyValueSpecification","valueRequired":true,"valueName":"search_term_string"}}],"inLanguage":"sv-SE"}]}},"_links":{"self":[{"href":"https:\/\/masterchem.fi\/sv\/wp-json\/wp\/v2\/product\/9006","targetHints":{"allow":["GET"]}}],"collection":[{"href":"https:\/\/masterchem.fi\/sv\/wp-json\/wp\/v2\/product"}],"about":[{"href":"https:\/\/masterchem.fi\/sv\/wp-json\/wp\/v2\/types\/product"}],"wp:featuredmedia":[{"embeddable":true,"href":"https:\/\/masterchem.fi\/sv\/wp-json\/wp\/v2\/media\/9026"}],"wp:attachment":[{"href":"https:\/\/masterchem.fi\/sv\/wp-json\/wp\/v2\/media?parent=9006"}],"wp:term":[{"taxonomy":"product_brand","embeddable":true,"href":"https:\/\/masterchem.fi\/sv\/wp-json\/wp\/v2\/product_brand?post=9006"},{"taxonomy":"product_cat","embeddable":true,"href":"https:\/\/masterchem.fi\/sv\/wp-json\/wp\/v2\/product_cat?post=9006"},{"taxonomy":"product_tag","embeddable":true,"href":"https:\/\/masterchem.fi\/sv\/wp-json\/wp\/v2\/product_tag?post=9006"}],"curies":[{"name":"wp","href":"https:\/\/api.w.org\/{rel}","templated":true}]}}