{"id":9049,"date":"2022-05-10T13:39:27","date_gmt":"2022-05-10T10:39:27","guid":{"rendered":"https:\/\/masterchem.fi\/?post_type=product&#038;p=9049"},"modified":"2022-05-10T13:45:36","modified_gmt":"2022-05-10T10:45:36","slug":"urea-cas-57-13-6","status":"publish","type":"product","link":"https:\/\/masterchem.fi\/sv\/produkt\/urea-cas-57-13-6\/","title":{"rendered":"Urea (CAS 57-13-6)"},"content":{"rendered":"<p> <strong> Information <\/strong> <\/p>\n<p> Branscher: Hush\u00e5llskemikalier, g\u00f6dningsmedel, kosmetika, lim, oljor, fetter, tr\u00e4dg\u00e5rdsodling, l\u00e4kemedel, foderindustri, hartser, plaster, polyuretaner <br \/>\nCAS-nummer: 57-13-6 <br \/>\nWE-nummer: 200-315-5 <br \/>\nKemisk formel: (NH2) 2CO <br \/>\nMolekylvikt: 60,05 g\/mol <br \/>\nTaxa: 310210 <\/p>\n<p> <strong> Andra fysiska egenskaper <\/strong> <\/p>\n<p> pH: 7-9,5 (10 %) <br \/>\nSm\u00e4ltpunkt\/fryspunkt: 133,3 (134) \u00b0C 1013hPa (0,1 mPa), 150 \u00b0C 300 mPa <br \/>\nRelativ densitet: 1,33 g\/cm3, 20 \u00b0C <\/p>\n","protected":false},"excerpt":{"rendered":"<p> <strong> Urea (CAS 57-13-6) <\/strong> <\/p>\n<p>\nUrea \u00e4r en organisk f\u00f6rening som \u00e4r ett rent vitt och kristallint vattenl\u00f6sligt \u00e4mne som luktar ammoniak. Karbamid kallas ocks\u00e5 f\u00f6r karbamid eller karbonyldiamid. CAS-numret f\u00f6r urea \u00e4r 57-13-6. Karbamid anv\u00e4nds bland annat vid tillverkning av konstg\u00f6dsel, som r\u00e5vara f\u00f6r plast, som katalysator f\u00f6r avl\u00e4gsnande av kv\u00e4veoxider fr\u00e5n dieselmotorer och i kosmetika. <\/p>\n<p> Urea \u00e4r slutprodukten av normal proteinmetabolism hos d\u00e4ggdjur och amfibier, som omvandlas till ammoniak fr\u00e5n metabolism. Det elimineras fr\u00e5n kroppen av njurarna i urinen, vilket betyder att kv\u00e4ve (kv\u00e4vef\u00f6reningen ammoniak) elimineras fr\u00e5n kroppen. Hos f\u00e5glar och \u00f6dlor, \u00e5 andra sidan, tar urinsyra bort kv\u00e4ve. <\/p>\n","protected":false},"featured_media":9053,"template":"","meta":[],"product_brand":[],"product_cat":[173,177,179,182,105,106,109,112,116],"product_tag":[],"class_list":{"0":"post-9049","1":"product","2":"type-product","3":"status-publish","4":"has-post-thumbnail","6":"product_cat-godselmedel","7":"product_cat-kosmetikindustrin","8":"product_cat-foderindustri","9":"product_cat-hortikultur","10":"product_cat-hushallskemikalier-sv","11":"product_cat-lakemedelsindustri","12":"product_cat-plast","13":"product_cat-byggbranschen","14":"product_cat-alla-produkter","16":"first","17":"outofstock","18":"taxable","19":"shipping-taxable","20":"purchasable","21":"product-type-variable","22":"has-default-attributes","23":"rtwpvg-product"},"yoast_head":"<!-- This site is optimized with the Yoast SEO plugin v27.5 - https:\/\/yoast.com\/product\/yoast-seo-wordpress\/ -->\n<title>Urea (CAS 57-13-6) - MasterChem | kemikaalien tuotanto ja myynti<\/title>\n<meta name=\"description\" content=\"Urea \u00e4r en organisk f\u00f6rening som \u00e4r ett rent vitt och kristallint vattenl\u00f6sligt \u00e4mne som luktar ammoniak.\" \/>\n<meta name=\"robots\" content=\"index, follow, max-snippet:-1, max-image-preview:large, max-video-preview:-1\" \/>\n<link rel=\"canonical\" href=\"https:\/\/masterchem.fi\/sv\/produkt\/urea-cas-57-13-6\/\" \/>\n<meta property=\"og:locale\" content=\"sv_SE\" \/>\n<meta property=\"og:type\" content=\"article\" \/>\n<meta property=\"og:title\" content=\"Urea (CAS 57-13-6) - MasterChem | kemikaalien tuotanto ja myynti\" \/>\n<meta property=\"og:description\" content=\"Urea \u00e4r en organisk f\u00f6rening som \u00e4r ett rent vitt och kristallint vattenl\u00f6sligt \u00e4mne som luktar ammoniak.\" \/>\n<meta property=\"og:url\" content=\"https:\/\/masterchem.fi\/sv\/produkt\/urea-cas-57-13-6\/\" \/>\n<meta property=\"og:site_name\" content=\"MasterChem | kemikaalien tuotanto ja myynti\" \/>\n<meta property=\"article:modified_time\" content=\"2022-05-10T10:45:36+00:00\" \/>\n<meta property=\"og:image\" content=\"https:\/\/masterchem.fi\/wp-content\/uploads\/2022\/05\/Urea-CAS-57-13-6-25kg-MasterChem.jpg\" \/>\n\t<meta property=\"og:image:width\" content=\"1000\" \/>\n\t<meta property=\"og:image:height\" content=\"1000\" \/>\n\t<meta property=\"og:image:type\" content=\"image\/jpeg\" \/>\n<meta name=\"twitter:card\" content=\"summary_large_image\" \/>\n<script type=\"application\/ld+json\" class=\"yoast-schema-graph\">{\"@context\":\"https:\\\/\\\/schema.org\",\"@graph\":[{\"@type\":\"WebPage\",\"@id\":\"https:\\\/\\\/masterchem.fi\\\/sv\\\/produkt\\\/urea-cas-57-13-6\\\/\",\"url\":\"https:\\\/\\\/masterchem.fi\\\/sv\\\/produkt\\\/urea-cas-57-13-6\\\/\",\"name\":\"Urea (CAS 57-13-6) - MasterChem | kemikaalien tuotanto ja myynti\",\"isPartOf\":{\"@id\":\"https:\\\/\\\/masterchem.fi\\\/sv\\\/#website\"},\"primaryImageOfPage\":{\"@id\":\"https:\\\/\\\/masterchem.fi\\\/sv\\\/produkt\\\/urea-cas-57-13-6\\\/#primaryimage\"},\"image\":{\"@id\":\"https:\\\/\\\/masterchem.fi\\\/sv\\\/produkt\\\/urea-cas-57-13-6\\\/#primaryimage\"},\"thumbnailUrl\":\"https:\\\/\\\/masterchem.fi\\\/wp-content\\\/uploads\\\/2022\\\/05\\\/Urea-CAS-57-13-6-25kg-MasterChem.jpg\",\"datePublished\":\"2022-05-10T10:39:27+00:00\",\"dateModified\":\"2022-05-10T10:45:36+00:00\",\"description\":\"Urea \u00e4r en organisk f\u00f6rening som \u00e4r ett rent vitt och kristallint vattenl\u00f6sligt \u00e4mne som luktar ammoniak.\",\"breadcrumb\":{\"@id\":\"https:\\\/\\\/masterchem.fi\\\/sv\\\/produkt\\\/urea-cas-57-13-6\\\/#breadcrumb\"},\"inLanguage\":\"sv-SE\",\"potentialAction\":[{\"@type\":\"ReadAction\",\"target\":[\"https:\\\/\\\/masterchem.fi\\\/sv\\\/produkt\\\/urea-cas-57-13-6\\\/\"]}]},{\"@type\":\"ImageObject\",\"inLanguage\":\"sv-SE\",\"@id\":\"https:\\\/\\\/masterchem.fi\\\/sv\\\/produkt\\\/urea-cas-57-13-6\\\/#primaryimage\",\"url\":\"https:\\\/\\\/masterchem.fi\\\/wp-content\\\/uploads\\\/2022\\\/05\\\/Urea-CAS-57-13-6-25kg-MasterChem.jpg\",\"contentUrl\":\"https:\\\/\\\/masterchem.fi\\\/wp-content\\\/uploads\\\/2022\\\/05\\\/Urea-CAS-57-13-6-25kg-MasterChem.jpg\",\"width\":1000,\"height\":1000,\"caption\":\"Urea (CAS 57-13-6) 25kg-MasterChem\"},{\"@type\":\"BreadcrumbList\",\"@id\":\"https:\\\/\\\/masterchem.fi\\\/sv\\\/produkt\\\/urea-cas-57-13-6\\\/#breadcrumb\",\"itemListElement\":[{\"@type\":\"ListItem\",\"position\":1,\"name\":\"Home\",\"item\":\"https:\\\/\\\/masterchem.fi\\\/sv\\\/\"},{\"@type\":\"ListItem\",\"position\":2,\"name\":\"Butik\",\"item\":\"https:\\\/\\\/masterchem.fi\\\/sv\\\/butik\\\/\"},{\"@type\":\"ListItem\",\"position\":3,\"name\":\"Urea (CAS 57-13-6)\"}]},{\"@type\":\"WebSite\",\"@id\":\"https:\\\/\\\/masterchem.fi\\\/sv\\\/#website\",\"url\":\"https:\\\/\\\/masterchem.fi\\\/sv\\\/\",\"name\":\"MasterChem | kemikaalien tuotanto ja myynti\",\"description\":\"kemikaalien tuotanto ja myynti\",\"potentialAction\":[{\"@type\":\"SearchAction\",\"target\":{\"@type\":\"EntryPoint\",\"urlTemplate\":\"https:\\\/\\\/masterchem.fi\\\/sv\\\/?s={search_term_string}\"},\"query-input\":{\"@type\":\"PropertyValueSpecification\",\"valueRequired\":true,\"valueName\":\"search_term_string\"}}],\"inLanguage\":\"sv-SE\"}]}<\/script>\n<!-- \/ Yoast SEO plugin. -->","yoast_head_json":{"title":"Urea (CAS 57-13-6) - MasterChem | kemikaalien tuotanto ja myynti","description":"Urea \u00e4r en organisk f\u00f6rening som \u00e4r ett rent vitt och kristallint vattenl\u00f6sligt \u00e4mne som luktar ammoniak.","robots":{"index":"index","follow":"follow","max-snippet":"max-snippet:-1","max-image-preview":"max-image-preview:large","max-video-preview":"max-video-preview:-1"},"canonical":"https:\/\/masterchem.fi\/sv\/produkt\/urea-cas-57-13-6\/","og_locale":"sv_SE","og_type":"article","og_title":"Urea (CAS 57-13-6) - MasterChem | kemikaalien tuotanto ja myynti","og_description":"Urea \u00e4r en organisk f\u00f6rening som \u00e4r ett rent vitt och kristallint vattenl\u00f6sligt \u00e4mne som luktar ammoniak.","og_url":"https:\/\/masterchem.fi\/sv\/produkt\/urea-cas-57-13-6\/","og_site_name":"MasterChem | kemikaalien tuotanto ja myynti","article_modified_time":"2022-05-10T10:45:36+00:00","og_image":[{"width":1000,"height":1000,"url":"https:\/\/masterchem.fi\/wp-content\/uploads\/2022\/05\/Urea-CAS-57-13-6-25kg-MasterChem.jpg","type":"image\/jpeg"}],"twitter_card":"summary_large_image","schema":{"@context":"https:\/\/schema.org","@graph":[{"@type":"WebPage","@id":"https:\/\/masterchem.fi\/sv\/produkt\/urea-cas-57-13-6\/","url":"https:\/\/masterchem.fi\/sv\/produkt\/urea-cas-57-13-6\/","name":"Urea (CAS 57-13-6) - MasterChem | kemikaalien tuotanto ja myynti","isPartOf":{"@id":"https:\/\/masterchem.fi\/sv\/#website"},"primaryImageOfPage":{"@id":"https:\/\/masterchem.fi\/sv\/produkt\/urea-cas-57-13-6\/#primaryimage"},"image":{"@id":"https:\/\/masterchem.fi\/sv\/produkt\/urea-cas-57-13-6\/#primaryimage"},"thumbnailUrl":"https:\/\/masterchem.fi\/wp-content\/uploads\/2022\/05\/Urea-CAS-57-13-6-25kg-MasterChem.jpg","datePublished":"2022-05-10T10:39:27+00:00","dateModified":"2022-05-10T10:45:36+00:00","description":"Urea \u00e4r en organisk f\u00f6rening som \u00e4r ett rent vitt och kristallint vattenl\u00f6sligt \u00e4mne som luktar ammoniak.","breadcrumb":{"@id":"https:\/\/masterchem.fi\/sv\/produkt\/urea-cas-57-13-6\/#breadcrumb"},"inLanguage":"sv-SE","potentialAction":[{"@type":"ReadAction","target":["https:\/\/masterchem.fi\/sv\/produkt\/urea-cas-57-13-6\/"]}]},{"@type":"ImageObject","inLanguage":"sv-SE","@id":"https:\/\/masterchem.fi\/sv\/produkt\/urea-cas-57-13-6\/#primaryimage","url":"https:\/\/masterchem.fi\/wp-content\/uploads\/2022\/05\/Urea-CAS-57-13-6-25kg-MasterChem.jpg","contentUrl":"https:\/\/masterchem.fi\/wp-content\/uploads\/2022\/05\/Urea-CAS-57-13-6-25kg-MasterChem.jpg","width":1000,"height":1000,"caption":"Urea (CAS 57-13-6) 25kg-MasterChem"},{"@type":"BreadcrumbList","@id":"https:\/\/masterchem.fi\/sv\/produkt\/urea-cas-57-13-6\/#breadcrumb","itemListElement":[{"@type":"ListItem","position":1,"name":"Home","item":"https:\/\/masterchem.fi\/sv\/"},{"@type":"ListItem","position":2,"name":"Butik","item":"https:\/\/masterchem.fi\/sv\/butik\/"},{"@type":"ListItem","position":3,"name":"Urea (CAS 57-13-6)"}]},{"@type":"WebSite","@id":"https:\/\/masterchem.fi\/sv\/#website","url":"https:\/\/masterchem.fi\/sv\/","name":"MasterChem | kemikaalien tuotanto ja myynti","description":"kemikaalien tuotanto ja myynti","potentialAction":[{"@type":"SearchAction","target":{"@type":"EntryPoint","urlTemplate":"https:\/\/masterchem.fi\/sv\/?s={search_term_string}"},"query-input":{"@type":"PropertyValueSpecification","valueRequired":true,"valueName":"search_term_string"}}],"inLanguage":"sv-SE"}]}},"_links":{"self":[{"href":"https:\/\/masterchem.fi\/sv\/wp-json\/wp\/v2\/product\/9049","targetHints":{"allow":["GET"]}}],"collection":[{"href":"https:\/\/masterchem.fi\/sv\/wp-json\/wp\/v2\/product"}],"about":[{"href":"https:\/\/masterchem.fi\/sv\/wp-json\/wp\/v2\/types\/product"}],"wp:featuredmedia":[{"embeddable":true,"href":"https:\/\/masterchem.fi\/sv\/wp-json\/wp\/v2\/media\/9053"}],"wp:attachment":[{"href":"https:\/\/masterchem.fi\/sv\/wp-json\/wp\/v2\/media?parent=9049"}],"wp:term":[{"taxonomy":"product_brand","embeddable":true,"href":"https:\/\/masterchem.fi\/sv\/wp-json\/wp\/v2\/product_brand?post=9049"},{"taxonomy":"product_cat","embeddable":true,"href":"https:\/\/masterchem.fi\/sv\/wp-json\/wp\/v2\/product_cat?post=9049"},{"taxonomy":"product_tag","embeddable":true,"href":"https:\/\/masterchem.fi\/sv\/wp-json\/wp\/v2\/product_tag?post=9049"}],"curies":[{"name":"wp","href":"https:\/\/api.w.org\/{rel}","templated":true}]}}