{"id":9079,"date":"2022-05-10T14:15:46","date_gmt":"2022-05-10T11:15:47","guid":{"rendered":"https:\/\/masterchem.fi\/?post_type=product&#038;p=9079"},"modified":"2022-05-10T14:20:38","modified_gmt":"2022-05-10T11:20:38","slug":"natriumpermanganat-cas-7722-64-7","status":"publish","type":"product","link":"https:\/\/masterchem.fi\/sv\/produkt\/natriumpermanganat-cas-7722-64-7\/","title":{"rendered":"Natriumpermanganat (CAS 7722-64-7)"},"content":{"rendered":"<p> <strong> Information <\/strong> <\/p>\n<p> Branscher: F\u00e4rger och lacker, hush\u00e5llskemikalier, l\u00e4kemedel <br \/>\nCAS-nummer: 7722-64-7 <br \/>\nWE-nummer: 231-760-3 <br \/>\nIndexnummer: 025-002-00-9 <br \/>\nKemisk formel: KMnO4 <br \/>\nMolekylvikt: 158,04 g\/mol <br \/>\nTulltaxa: 28416100 <br \/>\nADR: UN1490 <\/p>\n<p> <strong> Andra fysiska egenskaper <\/strong> <\/p>\n<p> pH: 7-9 (20 g \/ l H2O, 20 \u00b0 C) <br \/>\nSm\u00e4ltpunkt \/ fryspunkt: 240 \u00b0 C <br \/>\nRelativ densitet: 2700 g\/cm3 <br \/>\nL\u00f6slighet i vatten: 6,4 g \/ 100 ml (20 \u00b0 C) <\/p>\n","protected":false},"excerpt":{"rendered":"<p> <strong> Natriumpermanganat (CAS 7722-64-7) <\/strong> <\/p>\n<p>Kaliumpermanganat visas som ett lila kristallint fast \u00e4mne. Obr\u00e4nnbart, men p\u00e5skyndar f\u00f6rbr\u00e4nningen av br\u00e4nnbart material. Om det br\u00e4nnbara materialet \u00e4r finf\u00f6rdelat kan blandningen vara explosiv. Kontakt med flytande br\u00e4nnbara material kan orsaka sj\u00e4lvant\u00e4ndning. Kontakt med svavelsyra kan orsaka brand eller explosion. Anv\u00e4nds vid tillverkning av andra kemikalier och som desinfektionsmedel. <\/p>\n","protected":false},"featured_media":9083,"template":"","meta":[],"product_brand":[],"product_cat":[105,106,116],"product_tag":[],"class_list":{"0":"post-9079","1":"product","2":"type-product","3":"status-publish","4":"has-post-thumbnail","6":"product_cat-hushallskemikalier-sv","7":"product_cat-lakemedelsindustri","8":"product_cat-alla-produkter","10":"first","11":"outofstock","12":"taxable","13":"shipping-taxable","14":"purchasable","15":"product-type-variable","16":"has-default-attributes","17":"rtwpvg-product"},"yoast_head":"<!-- This site is optimized with the Yoast SEO plugin v27.5 - https:\/\/yoast.com\/product\/yoast-seo-wordpress\/ -->\n<title>Natriumpermanganat (CAS 7722-64-7) - MasterChem | kemikaalien tuotanto ja myynti<\/title>\n<meta name=\"description\" content=\"Kaliumpermanganat visas som ett lila kristallint fast \u00e4mne. Obr\u00e4nnbart, men p\u00e5skyndar f\u00f6rbr\u00e4nningen av br\u00e4nnbart material.\" \/>\n<meta name=\"robots\" content=\"index, follow, max-snippet:-1, max-image-preview:large, max-video-preview:-1\" \/>\n<link rel=\"canonical\" href=\"https:\/\/masterchem.fi\/sv\/produkt\/natriumpermanganat-cas-7722-64-7\/\" \/>\n<meta property=\"og:locale\" content=\"sv_SE\" \/>\n<meta property=\"og:type\" content=\"article\" \/>\n<meta property=\"og:title\" content=\"Natriumpermanganat (CAS 7722-64-7) - MasterChem | kemikaalien tuotanto ja myynti\" \/>\n<meta property=\"og:description\" content=\"Kaliumpermanganat visas som ett lila kristallint fast \u00e4mne. Obr\u00e4nnbart, men p\u00e5skyndar f\u00f6rbr\u00e4nningen av br\u00e4nnbart material.\" \/>\n<meta property=\"og:url\" content=\"https:\/\/masterchem.fi\/sv\/produkt\/natriumpermanganat-cas-7722-64-7\/\" \/>\n<meta property=\"og:site_name\" content=\"MasterChem | kemikaalien tuotanto ja myynti\" \/>\n<meta property=\"article:modified_time\" content=\"2022-05-10T11:20:38+00:00\" \/>\n<meta property=\"og:image\" content=\"https:\/\/masterchem.fi\/wp-content\/uploads\/2022\/05\/Natriumpermanganaatti-CAS-7722-64-7-25kg-MasterChem.jpg\" \/>\n\t<meta property=\"og:image:width\" content=\"1000\" \/>\n\t<meta property=\"og:image:height\" content=\"1000\" \/>\n\t<meta property=\"og:image:type\" content=\"image\/jpeg\" \/>\n<meta name=\"twitter:card\" content=\"summary_large_image\" \/>\n<script type=\"application\/ld+json\" class=\"yoast-schema-graph\">{\"@context\":\"https:\\\/\\\/schema.org\",\"@graph\":[{\"@type\":\"WebPage\",\"@id\":\"https:\\\/\\\/masterchem.fi\\\/sv\\\/produkt\\\/natriumpermanganat-cas-7722-64-7\\\/\",\"url\":\"https:\\\/\\\/masterchem.fi\\\/sv\\\/produkt\\\/natriumpermanganat-cas-7722-64-7\\\/\",\"name\":\"Natriumpermanganat (CAS 7722-64-7) - MasterChem | kemikaalien tuotanto ja myynti\",\"isPartOf\":{\"@id\":\"https:\\\/\\\/masterchem.fi\\\/sv\\\/#website\"},\"primaryImageOfPage\":{\"@id\":\"https:\\\/\\\/masterchem.fi\\\/sv\\\/produkt\\\/natriumpermanganat-cas-7722-64-7\\\/#primaryimage\"},\"image\":{\"@id\":\"https:\\\/\\\/masterchem.fi\\\/sv\\\/produkt\\\/natriumpermanganat-cas-7722-64-7\\\/#primaryimage\"},\"thumbnailUrl\":\"https:\\\/\\\/masterchem.fi\\\/wp-content\\\/uploads\\\/2022\\\/05\\\/Natriumpermanganaatti-CAS-7722-64-7-25kg-MasterChem.jpg\",\"datePublished\":\"2022-05-10T11:15:47+00:00\",\"dateModified\":\"2022-05-10T11:20:38+00:00\",\"description\":\"Kaliumpermanganat visas som ett lila kristallint fast \u00e4mne. Obr\u00e4nnbart, men p\u00e5skyndar f\u00f6rbr\u00e4nningen av br\u00e4nnbart material.\",\"breadcrumb\":{\"@id\":\"https:\\\/\\\/masterchem.fi\\\/sv\\\/produkt\\\/natriumpermanganat-cas-7722-64-7\\\/#breadcrumb\"},\"inLanguage\":\"sv-SE\",\"potentialAction\":[{\"@type\":\"ReadAction\",\"target\":[\"https:\\\/\\\/masterchem.fi\\\/sv\\\/produkt\\\/natriumpermanganat-cas-7722-64-7\\\/\"]}]},{\"@type\":\"ImageObject\",\"inLanguage\":\"sv-SE\",\"@id\":\"https:\\\/\\\/masterchem.fi\\\/sv\\\/produkt\\\/natriumpermanganat-cas-7722-64-7\\\/#primaryimage\",\"url\":\"https:\\\/\\\/masterchem.fi\\\/wp-content\\\/uploads\\\/2022\\\/05\\\/Natriumpermanganaatti-CAS-7722-64-7-25kg-MasterChem.jpg\",\"contentUrl\":\"https:\\\/\\\/masterchem.fi\\\/wp-content\\\/uploads\\\/2022\\\/05\\\/Natriumpermanganaatti-CAS-7722-64-7-25kg-MasterChem.jpg\",\"width\":1000,\"height\":1000,\"caption\":\"Natriumpermanganat (CAS 7722-64-7) 25kg MasterChem\"},{\"@type\":\"BreadcrumbList\",\"@id\":\"https:\\\/\\\/masterchem.fi\\\/sv\\\/produkt\\\/natriumpermanganat-cas-7722-64-7\\\/#breadcrumb\",\"itemListElement\":[{\"@type\":\"ListItem\",\"position\":1,\"name\":\"Home\",\"item\":\"https:\\\/\\\/masterchem.fi\\\/sv\\\/\"},{\"@type\":\"ListItem\",\"position\":2,\"name\":\"Butik\",\"item\":\"https:\\\/\\\/masterchem.fi\\\/sv\\\/butik\\\/\"},{\"@type\":\"ListItem\",\"position\":3,\"name\":\"Natriumpermanganat (CAS 7722-64-7)\"}]},{\"@type\":\"WebSite\",\"@id\":\"https:\\\/\\\/masterchem.fi\\\/sv\\\/#website\",\"url\":\"https:\\\/\\\/masterchem.fi\\\/sv\\\/\",\"name\":\"MasterChem | kemikaalien tuotanto ja myynti\",\"description\":\"kemikaalien tuotanto ja myynti\",\"potentialAction\":[{\"@type\":\"SearchAction\",\"target\":{\"@type\":\"EntryPoint\",\"urlTemplate\":\"https:\\\/\\\/masterchem.fi\\\/sv\\\/?s={search_term_string}\"},\"query-input\":{\"@type\":\"PropertyValueSpecification\",\"valueRequired\":true,\"valueName\":\"search_term_string\"}}],\"inLanguage\":\"sv-SE\"}]}<\/script>\n<!-- \/ Yoast SEO plugin. -->","yoast_head_json":{"title":"Natriumpermanganat (CAS 7722-64-7) - MasterChem | kemikaalien tuotanto ja myynti","description":"Kaliumpermanganat visas som ett lila kristallint fast \u00e4mne. Obr\u00e4nnbart, men p\u00e5skyndar f\u00f6rbr\u00e4nningen av br\u00e4nnbart material.","robots":{"index":"index","follow":"follow","max-snippet":"max-snippet:-1","max-image-preview":"max-image-preview:large","max-video-preview":"max-video-preview:-1"},"canonical":"https:\/\/masterchem.fi\/sv\/produkt\/natriumpermanganat-cas-7722-64-7\/","og_locale":"sv_SE","og_type":"article","og_title":"Natriumpermanganat (CAS 7722-64-7) - MasterChem | kemikaalien tuotanto ja myynti","og_description":"Kaliumpermanganat visas som ett lila kristallint fast \u00e4mne. Obr\u00e4nnbart, men p\u00e5skyndar f\u00f6rbr\u00e4nningen av br\u00e4nnbart material.","og_url":"https:\/\/masterchem.fi\/sv\/produkt\/natriumpermanganat-cas-7722-64-7\/","og_site_name":"MasterChem | kemikaalien tuotanto ja myynti","article_modified_time":"2022-05-10T11:20:38+00:00","og_image":[{"width":1000,"height":1000,"url":"https:\/\/masterchem.fi\/wp-content\/uploads\/2022\/05\/Natriumpermanganaatti-CAS-7722-64-7-25kg-MasterChem.jpg","type":"image\/jpeg"}],"twitter_card":"summary_large_image","schema":{"@context":"https:\/\/schema.org","@graph":[{"@type":"WebPage","@id":"https:\/\/masterchem.fi\/sv\/produkt\/natriumpermanganat-cas-7722-64-7\/","url":"https:\/\/masterchem.fi\/sv\/produkt\/natriumpermanganat-cas-7722-64-7\/","name":"Natriumpermanganat (CAS 7722-64-7) - MasterChem | kemikaalien tuotanto ja myynti","isPartOf":{"@id":"https:\/\/masterchem.fi\/sv\/#website"},"primaryImageOfPage":{"@id":"https:\/\/masterchem.fi\/sv\/produkt\/natriumpermanganat-cas-7722-64-7\/#primaryimage"},"image":{"@id":"https:\/\/masterchem.fi\/sv\/produkt\/natriumpermanganat-cas-7722-64-7\/#primaryimage"},"thumbnailUrl":"https:\/\/masterchem.fi\/wp-content\/uploads\/2022\/05\/Natriumpermanganaatti-CAS-7722-64-7-25kg-MasterChem.jpg","datePublished":"2022-05-10T11:15:47+00:00","dateModified":"2022-05-10T11:20:38+00:00","description":"Kaliumpermanganat visas som ett lila kristallint fast \u00e4mne. Obr\u00e4nnbart, men p\u00e5skyndar f\u00f6rbr\u00e4nningen av br\u00e4nnbart material.","breadcrumb":{"@id":"https:\/\/masterchem.fi\/sv\/produkt\/natriumpermanganat-cas-7722-64-7\/#breadcrumb"},"inLanguage":"sv-SE","potentialAction":[{"@type":"ReadAction","target":["https:\/\/masterchem.fi\/sv\/produkt\/natriumpermanganat-cas-7722-64-7\/"]}]},{"@type":"ImageObject","inLanguage":"sv-SE","@id":"https:\/\/masterchem.fi\/sv\/produkt\/natriumpermanganat-cas-7722-64-7\/#primaryimage","url":"https:\/\/masterchem.fi\/wp-content\/uploads\/2022\/05\/Natriumpermanganaatti-CAS-7722-64-7-25kg-MasterChem.jpg","contentUrl":"https:\/\/masterchem.fi\/wp-content\/uploads\/2022\/05\/Natriumpermanganaatti-CAS-7722-64-7-25kg-MasterChem.jpg","width":1000,"height":1000,"caption":"Natriumpermanganat (CAS 7722-64-7) 25kg MasterChem"},{"@type":"BreadcrumbList","@id":"https:\/\/masterchem.fi\/sv\/produkt\/natriumpermanganat-cas-7722-64-7\/#breadcrumb","itemListElement":[{"@type":"ListItem","position":1,"name":"Home","item":"https:\/\/masterchem.fi\/sv\/"},{"@type":"ListItem","position":2,"name":"Butik","item":"https:\/\/masterchem.fi\/sv\/butik\/"},{"@type":"ListItem","position":3,"name":"Natriumpermanganat (CAS 7722-64-7)"}]},{"@type":"WebSite","@id":"https:\/\/masterchem.fi\/sv\/#website","url":"https:\/\/masterchem.fi\/sv\/","name":"MasterChem | kemikaalien tuotanto ja myynti","description":"kemikaalien tuotanto ja myynti","potentialAction":[{"@type":"SearchAction","target":{"@type":"EntryPoint","urlTemplate":"https:\/\/masterchem.fi\/sv\/?s={search_term_string}"},"query-input":{"@type":"PropertyValueSpecification","valueRequired":true,"valueName":"search_term_string"}}],"inLanguage":"sv-SE"}]}},"_links":{"self":[{"href":"https:\/\/masterchem.fi\/sv\/wp-json\/wp\/v2\/product\/9079","targetHints":{"allow":["GET"]}}],"collection":[{"href":"https:\/\/masterchem.fi\/sv\/wp-json\/wp\/v2\/product"}],"about":[{"href":"https:\/\/masterchem.fi\/sv\/wp-json\/wp\/v2\/types\/product"}],"wp:featuredmedia":[{"embeddable":true,"href":"https:\/\/masterchem.fi\/sv\/wp-json\/wp\/v2\/media\/9083"}],"wp:attachment":[{"href":"https:\/\/masterchem.fi\/sv\/wp-json\/wp\/v2\/media?parent=9079"}],"wp:term":[{"taxonomy":"product_brand","embeddable":true,"href":"https:\/\/masterchem.fi\/sv\/wp-json\/wp\/v2\/product_brand?post=9079"},{"taxonomy":"product_cat","embeddable":true,"href":"https:\/\/masterchem.fi\/sv\/wp-json\/wp\/v2\/product_cat?post=9079"},{"taxonomy":"product_tag","embeddable":true,"href":"https:\/\/masterchem.fi\/sv\/wp-json\/wp\/v2\/product_tag?post=9079"}],"curies":[{"name":"wp","href":"https:\/\/api.w.org\/{rel}","templated":true}]}}