{"id":9095,"date":"2022-05-10T14:28:54","date_gmt":"2022-05-10T11:28:55","guid":{"rendered":"https:\/\/masterchem.fi\/?post_type=product&#038;p=9095"},"modified":"2022-05-10T14:38:44","modified_gmt":"2022-05-10T11:38:44","slug":"butylglykolacetat-cas-112-07-2","status":"publish","type":"product","link":"https:\/\/masterchem.fi\/sv\/produkt\/butylglykolacetat-cas-112-07-2\/","title":{"rendered":"Butylglykolacetat (CAS 112-07-2)"},"content":{"rendered":"<p> <strong> Information <\/strong> <\/p>\n<p> Branscher: F\u00e4rger och lacker, hush\u00e5llskemikalier, lim, oljor, fetter, hartser, plaster, polyuretaner <br \/>\nCAS-nummer: 112-07-2 <br \/>\nWE-nummer: 203-933-3 <br \/>\nIndexnummer: 607-038-00-2 <br \/>\nKemisk formel: C8H16O3 <br \/>\nMolekylvikt: 160,2 g\/mol <br \/>\nTulltaxa: 29153900 <\/p>\n<p> <strong> Andra fysiska egenskaper <\/strong> <\/p>\n<p> Sm\u00e4ltpunkt \/ fryspunkt: -63,5 \u00b0 C <br \/>\nKokpunkt \/ kokomr\u00e5de: 184-195 \u00b0 C <br \/>\nRelativ densitet: 0,935 till 0,942 g\/cm3 (20 \u00b0C) <br \/>\nL\u00f6slighet i vatten: 15 g \/ l (20 \u00b0 C) <\/p>\n","protected":false},"excerpt":{"rendered":"<p> <strong> Butylglykolacetat (CAS 112-07-2) <\/strong> <\/p>\n<p> Butylglykolacetatacetat anv\u00e4nds i olika industrier som l\u00f6sningsmedel f\u00f6r nitrocellulosa och flerf\u00e4rgade lacker, lacker, emaljer och epoxihartser. Det \u00e4r anv\u00e4ndbart som l\u00f6sningsmedel p\u00e5 grund av dess h\u00f6ga kokpunkt. Det anv\u00e4nds ocks\u00e5 vid tillverkning av polyvinylacetatlatex. Det \u00e4r en ingrediens i bl\u00e4ck- och fl\u00e4ckborttagningsmedel. <\/p>\n","protected":false},"featured_media":9119,"template":"","meta":[],"product_brand":[],"product_cat":[105,106,109,116],"product_tag":[],"class_list":{"0":"post-9095","1":"product","2":"type-product","3":"status-publish","4":"has-post-thumbnail","6":"product_cat-hushallskemikalier-sv","7":"product_cat-lakemedelsindustri","8":"product_cat-plast","9":"product_cat-alla-produkter","11":"first","12":"outofstock","13":"taxable","14":"shipping-taxable","15":"purchasable","16":"product-type-variable","17":"has-default-attributes","18":"rtwpvg-product"},"yoast_head":"<!-- This site is optimized with the Yoast SEO plugin v27.2 - https:\/\/yoast.com\/product\/yoast-seo-wordpress\/ -->\n<title>Butylglykolacetat (CAS 112-07-2) - MasterChem | kemikaalien tuotanto ja myynti<\/title>\n<meta name=\"description\" content=\"Butylglykolacetatacetat anv\u00e4nds i olika industrier som l\u00f6sningsmedel f\u00f6r nitrocellulosa och flerf\u00e4rgade lacker, lacker, emaljer och epoxihartser.\" \/>\n<meta name=\"robots\" content=\"index, follow, max-snippet:-1, max-image-preview:large, max-video-preview:-1\" \/>\n<link rel=\"canonical\" href=\"https:\/\/masterchem.fi\/sv\/produkt\/butylglykolacetat-cas-112-07-2\/\" \/>\n<meta property=\"og:locale\" content=\"sv_SE\" \/>\n<meta property=\"og:type\" content=\"article\" \/>\n<meta property=\"og:title\" content=\"Butylglykolacetat (CAS 112-07-2) - MasterChem | kemikaalien tuotanto ja myynti\" \/>\n<meta property=\"og:description\" content=\"Butylglykolacetatacetat anv\u00e4nds i olika industrier som l\u00f6sningsmedel f\u00f6r nitrocellulosa och flerf\u00e4rgade lacker, lacker, emaljer och epoxihartser.\" \/>\n<meta property=\"og:url\" content=\"https:\/\/masterchem.fi\/sv\/produkt\/butylglykolacetat-cas-112-07-2\/\" \/>\n<meta property=\"og:site_name\" content=\"MasterChem | kemikaalien tuotanto ja myynti\" \/>\n<meta property=\"article:modified_time\" content=\"2022-05-10T11:38:44+00:00\" \/>\n<meta property=\"og:image\" content=\"https:\/\/masterchem.fi\/wp-content\/uploads\/2022\/05\/Butyyliglykoliasetaatti-CAS-112-07-2-1000l-MaterChem.jpg\" \/>\n\t<meta property=\"og:image:width\" content=\"1000\" \/>\n\t<meta property=\"og:image:height\" content=\"1000\" \/>\n\t<meta property=\"og:image:type\" content=\"image\/jpeg\" \/>\n<meta name=\"twitter:card\" content=\"summary_large_image\" \/>\n<script type=\"application\/ld+json\" class=\"yoast-schema-graph\">{\"@context\":\"https:\/\/schema.org\",\"@graph\":[{\"@type\":\"WebPage\",\"@id\":\"https:\/\/masterchem.fi\/sv\/produkt\/butylglykolacetat-cas-112-07-2\/\",\"url\":\"https:\/\/masterchem.fi\/sv\/produkt\/butylglykolacetat-cas-112-07-2\/\",\"name\":\"Butylglykolacetat (CAS 112-07-2) - MasterChem | kemikaalien tuotanto ja myynti\",\"isPartOf\":{\"@id\":\"https:\/\/masterchem.fi\/sv\/#website\"},\"primaryImageOfPage\":{\"@id\":\"https:\/\/masterchem.fi\/sv\/produkt\/butylglykolacetat-cas-112-07-2\/#primaryimage\"},\"image\":{\"@id\":\"https:\/\/masterchem.fi\/sv\/produkt\/butylglykolacetat-cas-112-07-2\/#primaryimage\"},\"thumbnailUrl\":\"https:\/\/masterchem.fi\/wp-content\/uploads\/2022\/05\/Butyyliglykoliasetaatti-CAS-112-07-2-1000l-MaterChem.jpg\",\"datePublished\":\"2022-05-10T11:28:55+00:00\",\"dateModified\":\"2022-05-10T11:38:44+00:00\",\"description\":\"Butylglykolacetatacetat anv\u00e4nds i olika industrier som l\u00f6sningsmedel f\u00f6r nitrocellulosa och flerf\u00e4rgade lacker, lacker, emaljer och epoxihartser.\",\"breadcrumb\":{\"@id\":\"https:\/\/masterchem.fi\/sv\/produkt\/butylglykolacetat-cas-112-07-2\/#breadcrumb\"},\"inLanguage\":\"sv-SE\",\"potentialAction\":[{\"@type\":\"ReadAction\",\"target\":[\"https:\/\/masterchem.fi\/sv\/produkt\/butylglykolacetat-cas-112-07-2\/\"]}]},{\"@type\":\"ImageObject\",\"inLanguage\":\"sv-SE\",\"@id\":\"https:\/\/masterchem.fi\/sv\/produkt\/butylglykolacetat-cas-112-07-2\/#primaryimage\",\"url\":\"https:\/\/masterchem.fi\/wp-content\/uploads\/2022\/05\/Butyyliglykoliasetaatti-CAS-112-07-2-1000l-MaterChem.jpg\",\"contentUrl\":\"https:\/\/masterchem.fi\/wp-content\/uploads\/2022\/05\/Butyyliglykoliasetaatti-CAS-112-07-2-1000l-MaterChem.jpg\",\"width\":1000,\"height\":1000},{\"@type\":\"BreadcrumbList\",\"@id\":\"https:\/\/masterchem.fi\/sv\/produkt\/butylglykolacetat-cas-112-07-2\/#breadcrumb\",\"itemListElement\":[{\"@type\":\"ListItem\",\"position\":1,\"name\":\"Home\",\"item\":\"https:\/\/masterchem.fi\/sv\/\"},{\"@type\":\"ListItem\",\"position\":2,\"name\":\"Butik\",\"item\":\"https:\/\/masterchem.fi\/sv\/butik\/\"},{\"@type\":\"ListItem\",\"position\":3,\"name\":\"Butylglykolacetat (CAS 112-07-2)\"}]},{\"@type\":\"WebSite\",\"@id\":\"https:\/\/masterchem.fi\/sv\/#website\",\"url\":\"https:\/\/masterchem.fi\/sv\/\",\"name\":\"MasterChem | kemikaalien tuotanto ja myynti\",\"description\":\"kemikaalien tuotanto ja myynti\",\"potentialAction\":[{\"@type\":\"SearchAction\",\"target\":{\"@type\":\"EntryPoint\",\"urlTemplate\":\"https:\/\/masterchem.fi\/sv\/?s={search_term_string}\"},\"query-input\":{\"@type\":\"PropertyValueSpecification\",\"valueRequired\":true,\"valueName\":\"search_term_string\"}}],\"inLanguage\":\"sv-SE\"}]}<\/script>\n<!-- \/ Yoast SEO plugin. -->","yoast_head_json":{"title":"Butylglykolacetat (CAS 112-07-2) - MasterChem | kemikaalien tuotanto ja myynti","description":"Butylglykolacetatacetat anv\u00e4nds i olika industrier som l\u00f6sningsmedel f\u00f6r nitrocellulosa och flerf\u00e4rgade lacker, lacker, emaljer och epoxihartser.","robots":{"index":"index","follow":"follow","max-snippet":"max-snippet:-1","max-image-preview":"max-image-preview:large","max-video-preview":"max-video-preview:-1"},"canonical":"https:\/\/masterchem.fi\/sv\/produkt\/butylglykolacetat-cas-112-07-2\/","og_locale":"sv_SE","og_type":"article","og_title":"Butylglykolacetat (CAS 112-07-2) - MasterChem | kemikaalien tuotanto ja myynti","og_description":"Butylglykolacetatacetat anv\u00e4nds i olika industrier som l\u00f6sningsmedel f\u00f6r nitrocellulosa och flerf\u00e4rgade lacker, lacker, emaljer och epoxihartser.","og_url":"https:\/\/masterchem.fi\/sv\/produkt\/butylglykolacetat-cas-112-07-2\/","og_site_name":"MasterChem | kemikaalien tuotanto ja myynti","article_modified_time":"2022-05-10T11:38:44+00:00","og_image":[{"width":1000,"height":1000,"url":"https:\/\/masterchem.fi\/wp-content\/uploads\/2022\/05\/Butyyliglykoliasetaatti-CAS-112-07-2-1000l-MaterChem.jpg","type":"image\/jpeg"}],"twitter_card":"summary_large_image","schema":{"@context":"https:\/\/schema.org","@graph":[{"@type":"WebPage","@id":"https:\/\/masterchem.fi\/sv\/produkt\/butylglykolacetat-cas-112-07-2\/","url":"https:\/\/masterchem.fi\/sv\/produkt\/butylglykolacetat-cas-112-07-2\/","name":"Butylglykolacetat (CAS 112-07-2) - MasterChem | kemikaalien tuotanto ja myynti","isPartOf":{"@id":"https:\/\/masterchem.fi\/sv\/#website"},"primaryImageOfPage":{"@id":"https:\/\/masterchem.fi\/sv\/produkt\/butylglykolacetat-cas-112-07-2\/#primaryimage"},"image":{"@id":"https:\/\/masterchem.fi\/sv\/produkt\/butylglykolacetat-cas-112-07-2\/#primaryimage"},"thumbnailUrl":"https:\/\/masterchem.fi\/wp-content\/uploads\/2022\/05\/Butyyliglykoliasetaatti-CAS-112-07-2-1000l-MaterChem.jpg","datePublished":"2022-05-10T11:28:55+00:00","dateModified":"2022-05-10T11:38:44+00:00","description":"Butylglykolacetatacetat anv\u00e4nds i olika industrier som l\u00f6sningsmedel f\u00f6r nitrocellulosa och flerf\u00e4rgade lacker, lacker, emaljer och epoxihartser.","breadcrumb":{"@id":"https:\/\/masterchem.fi\/sv\/produkt\/butylglykolacetat-cas-112-07-2\/#breadcrumb"},"inLanguage":"sv-SE","potentialAction":[{"@type":"ReadAction","target":["https:\/\/masterchem.fi\/sv\/produkt\/butylglykolacetat-cas-112-07-2\/"]}]},{"@type":"ImageObject","inLanguage":"sv-SE","@id":"https:\/\/masterchem.fi\/sv\/produkt\/butylglykolacetat-cas-112-07-2\/#primaryimage","url":"https:\/\/masterchem.fi\/wp-content\/uploads\/2022\/05\/Butyyliglykoliasetaatti-CAS-112-07-2-1000l-MaterChem.jpg","contentUrl":"https:\/\/masterchem.fi\/wp-content\/uploads\/2022\/05\/Butyyliglykoliasetaatti-CAS-112-07-2-1000l-MaterChem.jpg","width":1000,"height":1000},{"@type":"BreadcrumbList","@id":"https:\/\/masterchem.fi\/sv\/produkt\/butylglykolacetat-cas-112-07-2\/#breadcrumb","itemListElement":[{"@type":"ListItem","position":1,"name":"Home","item":"https:\/\/masterchem.fi\/sv\/"},{"@type":"ListItem","position":2,"name":"Butik","item":"https:\/\/masterchem.fi\/sv\/butik\/"},{"@type":"ListItem","position":3,"name":"Butylglykolacetat (CAS 112-07-2)"}]},{"@type":"WebSite","@id":"https:\/\/masterchem.fi\/sv\/#website","url":"https:\/\/masterchem.fi\/sv\/","name":"MasterChem | kemikaalien tuotanto ja myynti","description":"kemikaalien tuotanto ja myynti","potentialAction":[{"@type":"SearchAction","target":{"@type":"EntryPoint","urlTemplate":"https:\/\/masterchem.fi\/sv\/?s={search_term_string}"},"query-input":{"@type":"PropertyValueSpecification","valueRequired":true,"valueName":"search_term_string"}}],"inLanguage":"sv-SE"}]}},"_links":{"self":[{"href":"https:\/\/masterchem.fi\/sv\/wp-json\/wp\/v2\/product\/9095","targetHints":{"allow":["GET"]}}],"collection":[{"href":"https:\/\/masterchem.fi\/sv\/wp-json\/wp\/v2\/product"}],"about":[{"href":"https:\/\/masterchem.fi\/sv\/wp-json\/wp\/v2\/types\/product"}],"wp:featuredmedia":[{"embeddable":true,"href":"https:\/\/masterchem.fi\/sv\/wp-json\/wp\/v2\/media\/9119"}],"wp:attachment":[{"href":"https:\/\/masterchem.fi\/sv\/wp-json\/wp\/v2\/media?parent=9095"}],"wp:term":[{"taxonomy":"product_brand","embeddable":true,"href":"https:\/\/masterchem.fi\/sv\/wp-json\/wp\/v2\/product_brand?post=9095"},{"taxonomy":"product_cat","embeddable":true,"href":"https:\/\/masterchem.fi\/sv\/wp-json\/wp\/v2\/product_cat?post=9095"},{"taxonomy":"product_tag","embeddable":true,"href":"https:\/\/masterchem.fi\/sv\/wp-json\/wp\/v2\/product_tag?post=9095"}],"curies":[{"name":"wp","href":"https:\/\/api.w.org\/{rel}","templated":true}]}}