{"id":9131,"date":"2022-05-10T14:40:03","date_gmt":"2022-05-10T11:40:03","guid":{"rendered":"https:\/\/masterchem.fi\/?post_type=product&#038;p=9131"},"modified":"2022-05-10T14:46:35","modified_gmt":"2022-05-10T11:46:35","slug":"oljesyra-cas-112-80-1","status":"publish","type":"product","link":"https:\/\/masterchem.fi\/sv\/produkt\/oljesyra-cas-112-80-1\/","title":{"rendered":"Oljesyra (CAS 112-80-1)"},"content":{"rendered":"<p> <strong> Information <\/strong> <\/p>\n<p> Branscher: Hush\u00e5llskemikalier, kosmetikaindustri <br \/>\nCAS-nummer: 112-80-1 <br \/>\nKemisk formel: C18H34O2 <br \/>\nMolekylvikt: 282,46 g\/mol <br \/>\nTaxa: 38231200 <\/p>\n<p> <strong> Andra fysiska egenskaper <\/strong> <\/p>\n<p> Kokpunkt \/ kokomr\u00e5de: ~ 250 \u00b0 C <br \/>\nRelativ densitet: 910 kg \/ m3 (20 \u00b0 C) <\/p>\n","protected":false},"excerpt":{"rendered":"<p> <strong> Oljesyra (CAS 112-80-1) <\/strong> <\/p>\n<p>Oljesyra (fr\u00e5n det latinska ordet oleum, olja) \u00e4r en enkelom\u00e4ttad fettsyra som \u00e4r en f\u00e4rgl\u00f6s v\u00e4tska vid rumstemperatur (20 \u00b0 C). Det oxiderar l\u00e5ngsamt till gult eller brunt under p\u00e5verkan av luft. Oljesyra \u00e4r ol\u00f6slig i vatten, men den \u00e4r l\u00f6slig i alla proportioner i etanol, dietyleter, aceton, bensen, triklormetan och tetraklormetan. <\/p>\n<p>Den kemiska formeln f\u00f6r oljesyra \u00e4r C18H34O2 eller C17H33COOH och strukturformeln \u00e4r C8H17CH = CH (CH2) 7COOH. Trans-isomeren av oljesyra \u00e4r elaidinsyra.<\/p>\n<p> Oljesyra kallas \u00e4ven cis-9-oktadekensyra, 9-oktadekensyra, 9,10-oktadekensyra och oljesyra. <\/p>\n<p> Salter och estrar av oljesyra \u00e4r oleater. <\/p>\n","protected":false},"featured_media":9135,"template":"","meta":[],"product_brand":[],"product_cat":[177,105,116],"product_tag":[],"class_list":{"0":"post-9131","1":"product","2":"type-product","3":"status-publish","4":"has-post-thumbnail","6":"product_cat-kosmetikindustrin","7":"product_cat-hushallskemikalier-sv","8":"product_cat-alla-produkter","10":"first","11":"outofstock","12":"taxable","13":"shipping-taxable","14":"purchasable","15":"product-type-variable","16":"has-default-attributes","17":"rtwpvg-product"},"yoast_head":"<!-- This site is optimized with the Yoast SEO plugin v27.2 - https:\/\/yoast.com\/product\/yoast-seo-wordpress\/ -->\n<title>Oljesyra (CAS 112-80-1) - MasterChem | kemikaalien tuotanto ja myynti<\/title>\n<meta name=\"description\" content=\"Oljesyra (fr\u00e5n det latinska ordet oleum, olja) \u00e4r en enkelom\u00e4ttad fettsyra som \u00e4r en f\u00e4rgl\u00f6s v\u00e4tska vid rumstemperatur (20 \u00b0 C).\" \/>\n<meta name=\"robots\" content=\"index, follow, max-snippet:-1, max-image-preview:large, max-video-preview:-1\" \/>\n<link rel=\"canonical\" href=\"https:\/\/masterchem.fi\/sv\/produkt\/oljesyra-cas-112-80-1\/\" \/>\n<meta property=\"og:locale\" content=\"sv_SE\" \/>\n<meta property=\"og:type\" content=\"article\" \/>\n<meta property=\"og:title\" content=\"Oljesyra (CAS 112-80-1) - MasterChem | kemikaalien tuotanto ja myynti\" \/>\n<meta property=\"og:description\" content=\"Oljesyra (fr\u00e5n det latinska ordet oleum, olja) \u00e4r en enkelom\u00e4ttad fettsyra som \u00e4r en f\u00e4rgl\u00f6s v\u00e4tska vid rumstemperatur (20 \u00b0 C).\" \/>\n<meta property=\"og:url\" content=\"https:\/\/masterchem.fi\/sv\/produkt\/oljesyra-cas-112-80-1\/\" \/>\n<meta property=\"og:site_name\" content=\"MasterChem | kemikaalien tuotanto ja myynti\" \/>\n<meta property=\"article:modified_time\" content=\"2022-05-10T11:46:35+00:00\" \/>\n<meta property=\"og:image\" content=\"https:\/\/masterchem.fi\/wp-content\/uploads\/2022\/05\/Oleiinihappo-CAS-112-80-1-25kg-MasterChem.jpg\" \/>\n\t<meta property=\"og:image:width\" content=\"1000\" \/>\n\t<meta property=\"og:image:height\" content=\"1000\" \/>\n\t<meta property=\"og:image:type\" content=\"image\/jpeg\" \/>\n<meta name=\"twitter:card\" content=\"summary_large_image\" \/>\n<script type=\"application\/ld+json\" class=\"yoast-schema-graph\">{\"@context\":\"https:\/\/schema.org\",\"@graph\":[{\"@type\":\"WebPage\",\"@id\":\"https:\/\/masterchem.fi\/sv\/produkt\/oljesyra-cas-112-80-1\/\",\"url\":\"https:\/\/masterchem.fi\/sv\/produkt\/oljesyra-cas-112-80-1\/\",\"name\":\"Oljesyra (CAS 112-80-1) - MasterChem | kemikaalien tuotanto ja myynti\",\"isPartOf\":{\"@id\":\"https:\/\/masterchem.fi\/sv\/#website\"},\"primaryImageOfPage\":{\"@id\":\"https:\/\/masterchem.fi\/sv\/produkt\/oljesyra-cas-112-80-1\/#primaryimage\"},\"image\":{\"@id\":\"https:\/\/masterchem.fi\/sv\/produkt\/oljesyra-cas-112-80-1\/#primaryimage\"},\"thumbnailUrl\":\"https:\/\/masterchem.fi\/wp-content\/uploads\/2022\/05\/Oleiinihappo-CAS-112-80-1-25kg-MasterChem.jpg\",\"datePublished\":\"2022-05-10T11:40:03+00:00\",\"dateModified\":\"2022-05-10T11:46:35+00:00\",\"description\":\"Oljesyra (fr\u00e5n det latinska ordet oleum, olja) \u00e4r en enkelom\u00e4ttad fettsyra som \u00e4r en f\u00e4rgl\u00f6s v\u00e4tska vid rumstemperatur (20 \u00b0 C).\",\"breadcrumb\":{\"@id\":\"https:\/\/masterchem.fi\/sv\/produkt\/oljesyra-cas-112-80-1\/#breadcrumb\"},\"inLanguage\":\"sv-SE\",\"potentialAction\":[{\"@type\":\"ReadAction\",\"target\":[\"https:\/\/masterchem.fi\/sv\/produkt\/oljesyra-cas-112-80-1\/\"]}]},{\"@type\":\"ImageObject\",\"inLanguage\":\"sv-SE\",\"@id\":\"https:\/\/masterchem.fi\/sv\/produkt\/oljesyra-cas-112-80-1\/#primaryimage\",\"url\":\"https:\/\/masterchem.fi\/wp-content\/uploads\/2022\/05\/Oleiinihappo-CAS-112-80-1-25kg-MasterChem.jpg\",\"contentUrl\":\"https:\/\/masterchem.fi\/wp-content\/uploads\/2022\/05\/Oleiinihappo-CAS-112-80-1-25kg-MasterChem.jpg\",\"width\":1000,\"height\":1000,\"caption\":\"Oljesyra (CAS 112-80-1) 25kg-MasterChem\"},{\"@type\":\"BreadcrumbList\",\"@id\":\"https:\/\/masterchem.fi\/sv\/produkt\/oljesyra-cas-112-80-1\/#breadcrumb\",\"itemListElement\":[{\"@type\":\"ListItem\",\"position\":1,\"name\":\"Home\",\"item\":\"https:\/\/masterchem.fi\/sv\/\"},{\"@type\":\"ListItem\",\"position\":2,\"name\":\"Butik\",\"item\":\"https:\/\/masterchem.fi\/sv\/butik\/\"},{\"@type\":\"ListItem\",\"position\":3,\"name\":\"Oljesyra (CAS 112-80-1)\"}]},{\"@type\":\"WebSite\",\"@id\":\"https:\/\/masterchem.fi\/sv\/#website\",\"url\":\"https:\/\/masterchem.fi\/sv\/\",\"name\":\"MasterChem | kemikaalien tuotanto ja myynti\",\"description\":\"kemikaalien tuotanto ja myynti\",\"potentialAction\":[{\"@type\":\"SearchAction\",\"target\":{\"@type\":\"EntryPoint\",\"urlTemplate\":\"https:\/\/masterchem.fi\/sv\/?s={search_term_string}\"},\"query-input\":{\"@type\":\"PropertyValueSpecification\",\"valueRequired\":true,\"valueName\":\"search_term_string\"}}],\"inLanguage\":\"sv-SE\"}]}<\/script>\n<!-- \/ Yoast SEO plugin. -->","yoast_head_json":{"title":"Oljesyra (CAS 112-80-1) - MasterChem | kemikaalien tuotanto ja myynti","description":"Oljesyra (fr\u00e5n det latinska ordet oleum, olja) \u00e4r en enkelom\u00e4ttad fettsyra som \u00e4r en f\u00e4rgl\u00f6s v\u00e4tska vid rumstemperatur (20 \u00b0 C).","robots":{"index":"index","follow":"follow","max-snippet":"max-snippet:-1","max-image-preview":"max-image-preview:large","max-video-preview":"max-video-preview:-1"},"canonical":"https:\/\/masterchem.fi\/sv\/produkt\/oljesyra-cas-112-80-1\/","og_locale":"sv_SE","og_type":"article","og_title":"Oljesyra (CAS 112-80-1) - MasterChem | kemikaalien tuotanto ja myynti","og_description":"Oljesyra (fr\u00e5n det latinska ordet oleum, olja) \u00e4r en enkelom\u00e4ttad fettsyra som \u00e4r en f\u00e4rgl\u00f6s v\u00e4tska vid rumstemperatur (20 \u00b0 C).","og_url":"https:\/\/masterchem.fi\/sv\/produkt\/oljesyra-cas-112-80-1\/","og_site_name":"MasterChem | kemikaalien tuotanto ja myynti","article_modified_time":"2022-05-10T11:46:35+00:00","og_image":[{"width":1000,"height":1000,"url":"https:\/\/masterchem.fi\/wp-content\/uploads\/2022\/05\/Oleiinihappo-CAS-112-80-1-25kg-MasterChem.jpg","type":"image\/jpeg"}],"twitter_card":"summary_large_image","schema":{"@context":"https:\/\/schema.org","@graph":[{"@type":"WebPage","@id":"https:\/\/masterchem.fi\/sv\/produkt\/oljesyra-cas-112-80-1\/","url":"https:\/\/masterchem.fi\/sv\/produkt\/oljesyra-cas-112-80-1\/","name":"Oljesyra (CAS 112-80-1) - MasterChem | kemikaalien tuotanto ja myynti","isPartOf":{"@id":"https:\/\/masterchem.fi\/sv\/#website"},"primaryImageOfPage":{"@id":"https:\/\/masterchem.fi\/sv\/produkt\/oljesyra-cas-112-80-1\/#primaryimage"},"image":{"@id":"https:\/\/masterchem.fi\/sv\/produkt\/oljesyra-cas-112-80-1\/#primaryimage"},"thumbnailUrl":"https:\/\/masterchem.fi\/wp-content\/uploads\/2022\/05\/Oleiinihappo-CAS-112-80-1-25kg-MasterChem.jpg","datePublished":"2022-05-10T11:40:03+00:00","dateModified":"2022-05-10T11:46:35+00:00","description":"Oljesyra (fr\u00e5n det latinska ordet oleum, olja) \u00e4r en enkelom\u00e4ttad fettsyra som \u00e4r en f\u00e4rgl\u00f6s v\u00e4tska vid rumstemperatur (20 \u00b0 C).","breadcrumb":{"@id":"https:\/\/masterchem.fi\/sv\/produkt\/oljesyra-cas-112-80-1\/#breadcrumb"},"inLanguage":"sv-SE","potentialAction":[{"@type":"ReadAction","target":["https:\/\/masterchem.fi\/sv\/produkt\/oljesyra-cas-112-80-1\/"]}]},{"@type":"ImageObject","inLanguage":"sv-SE","@id":"https:\/\/masterchem.fi\/sv\/produkt\/oljesyra-cas-112-80-1\/#primaryimage","url":"https:\/\/masterchem.fi\/wp-content\/uploads\/2022\/05\/Oleiinihappo-CAS-112-80-1-25kg-MasterChem.jpg","contentUrl":"https:\/\/masterchem.fi\/wp-content\/uploads\/2022\/05\/Oleiinihappo-CAS-112-80-1-25kg-MasterChem.jpg","width":1000,"height":1000,"caption":"Oljesyra (CAS 112-80-1) 25kg-MasterChem"},{"@type":"BreadcrumbList","@id":"https:\/\/masterchem.fi\/sv\/produkt\/oljesyra-cas-112-80-1\/#breadcrumb","itemListElement":[{"@type":"ListItem","position":1,"name":"Home","item":"https:\/\/masterchem.fi\/sv\/"},{"@type":"ListItem","position":2,"name":"Butik","item":"https:\/\/masterchem.fi\/sv\/butik\/"},{"@type":"ListItem","position":3,"name":"Oljesyra (CAS 112-80-1)"}]},{"@type":"WebSite","@id":"https:\/\/masterchem.fi\/sv\/#website","url":"https:\/\/masterchem.fi\/sv\/","name":"MasterChem | kemikaalien tuotanto ja myynti","description":"kemikaalien tuotanto ja myynti","potentialAction":[{"@type":"SearchAction","target":{"@type":"EntryPoint","urlTemplate":"https:\/\/masterchem.fi\/sv\/?s={search_term_string}"},"query-input":{"@type":"PropertyValueSpecification","valueRequired":true,"valueName":"search_term_string"}}],"inLanguage":"sv-SE"}]}},"_links":{"self":[{"href":"https:\/\/masterchem.fi\/sv\/wp-json\/wp\/v2\/product\/9131","targetHints":{"allow":["GET"]}}],"collection":[{"href":"https:\/\/masterchem.fi\/sv\/wp-json\/wp\/v2\/product"}],"about":[{"href":"https:\/\/masterchem.fi\/sv\/wp-json\/wp\/v2\/types\/product"}],"wp:featuredmedia":[{"embeddable":true,"href":"https:\/\/masterchem.fi\/sv\/wp-json\/wp\/v2\/media\/9135"}],"wp:attachment":[{"href":"https:\/\/masterchem.fi\/sv\/wp-json\/wp\/v2\/media?parent=9131"}],"wp:term":[{"taxonomy":"product_brand","embeddable":true,"href":"https:\/\/masterchem.fi\/sv\/wp-json\/wp\/v2\/product_brand?post=9131"},{"taxonomy":"product_cat","embeddable":true,"href":"https:\/\/masterchem.fi\/sv\/wp-json\/wp\/v2\/product_cat?post=9131"},{"taxonomy":"product_tag","embeddable":true,"href":"https:\/\/masterchem.fi\/sv\/wp-json\/wp\/v2\/product_tag?post=9131"}],"curies":[{"name":"wp","href":"https:\/\/api.w.org\/{rel}","templated":true}]}}