{"id":9141,"date":"2022-05-10T14:47:55","date_gmt":"2022-05-10T11:47:56","guid":{"rendered":"https:\/\/masterchem.fi\/?post_type=product&#038;p=9141"},"modified":"2022-05-10T14:55:25","modified_gmt":"2022-05-10T11:55:25","slug":"kalsiumhypokloriitti-cas-7778-54-3","status":"publish","type":"product","link":"https:\/\/masterchem.fi\/sv\/produkt\/kalsiumhypokloriitti-cas-7778-54-3\/","title":{"rendered":"Kalsiumhypokloriitti (CAS 7778-54-3)"},"content":{"rendered":"<p> <strong> Information <\/strong> <\/p>\n<p> Branscher: Hush\u00e5llskemikalier <br \/>\nCAS-nummer: 7778-54-3 <br \/>\nWE-nummer: 231-908-7 <br \/>\nKemisk formel: Ca (ClO) 2 <br \/>\nTulltaxa: 28281000 <br \/>\nADR: UN2208 <\/p>\n<p> <strong> Andra fysiska egenskaper <\/strong> <\/p>\n<p> pH: 11 <br \/>\nSm\u00e4ltpunkt\/fryspunkt: 100 \u00b0C <br \/>\nKokpunkt \/ kokomr\u00e5de: 177 \u00b0 C <br \/>\nRelativ densitet: 0,65 g\/cm3 <br \/>\nL\u00f6slighet i vatten: 200 g \/ cm3 (20 \u00b0 C) <\/p>\n","protected":false},"excerpt":{"rendered":"<p> <strong> Kalciumhypoklorit (CAS 7778-54-3) <\/strong> <\/p>\n<p> Kalciumhypoklorit (Ca (ClO) 2) \u00e4r en oorganisk jonf\u00f6rening som bildas av kalcium- och hypokloritjoner. \u00c4mnet anv\u00e4nds fr\u00e4mst som blekmedel och f\u00f6r vattendesinfektion. \u00c4mnet kallas \u00e4ven kalciumoxiklorid.<\/p>\n<p> Vid rumstemperatur \u00e4r kalciumhypoklorit ett vitt, pulverformigt fast \u00e4mne. Det \u00e4r mycket l\u00f6sligt i vatten. Sammans\u00e4ttningen \u00e4r ganska instabil och s\u00f6nderdelas vid exponering f\u00f6r ljus eller vid upphettning. Vid uppv\u00e4rmning bildas syrgas, kalciumklorid och \u00e4ven en del kalciumklorat. Kalciumhypoklorit \u00e4r en stark oxidant och reagerar bland annat med saltsyra. M\u00e4ngden klorgas som frig\u00f6rs kallas det aktiva klor som finns i kalciumhypoloriten. F\u00f6rutom att oxidera \u00e4r kalciumhypoklorit fr\u00e4tande och m\u00e5ste f\u00f6rvaras i icke-korroderande beh\u00e5llare. <\/p>\n","protected":false},"featured_media":9145,"template":"","meta":[],"product_brand":[],"product_cat":[105,116],"product_tag":[],"class_list":{"0":"post-9141","1":"product","2":"type-product","3":"status-publish","4":"has-post-thumbnail","6":"product_cat-hushallskemikalier-sv","7":"product_cat-alla-produkter","9":"first","10":"outofstock","11":"taxable","12":"shipping-taxable","13":"purchasable","14":"product-type-variable","15":"has-default-attributes","16":"rtwpvg-product"},"yoast_head":"<!-- This site is optimized with the Yoast SEO plugin v27.2 - https:\/\/yoast.com\/product\/yoast-seo-wordpress\/ -->\n<title>Kalsiumhypokloriitti (CAS 7778-54-3) - MasterChem | kemikaalien tuotanto ja myynti<\/title>\n<meta name=\"description\" content=\"Kalciumhypoklorit (Ca (ClO) 2) \u00e4r en oorganisk jonf\u00f6rening som bildas av kalcium- och hypokloritjoner.\" \/>\n<meta name=\"robots\" content=\"index, follow, max-snippet:-1, max-image-preview:large, max-video-preview:-1\" \/>\n<link rel=\"canonical\" href=\"https:\/\/masterchem.fi\/sv\/produkt\/kalsiumhypokloriitti-cas-7778-54-3\/\" \/>\n<meta property=\"og:locale\" content=\"sv_SE\" \/>\n<meta property=\"og:type\" content=\"article\" \/>\n<meta property=\"og:title\" content=\"Kalsiumhypokloriitti (CAS 7778-54-3) - MasterChem | kemikaalien tuotanto ja myynti\" \/>\n<meta property=\"og:description\" content=\"Kalciumhypoklorit (Ca (ClO) 2) \u00e4r en oorganisk jonf\u00f6rening som bildas av kalcium- och hypokloritjoner.\" \/>\n<meta property=\"og:url\" content=\"https:\/\/masterchem.fi\/sv\/produkt\/kalsiumhypokloriitti-cas-7778-54-3\/\" \/>\n<meta property=\"og:site_name\" content=\"MasterChem | kemikaalien tuotanto ja myynti\" \/>\n<meta property=\"article:modified_time\" content=\"2022-05-10T11:55:25+00:00\" \/>\n<meta property=\"og:image\" content=\"https:\/\/masterchem.fi\/wp-content\/uploads\/2022\/05\/Kalsiumhypokloriitti-CAS-7778-54-3-25kg-MasterChem.jpg\" \/>\n\t<meta property=\"og:image:width\" content=\"1000\" \/>\n\t<meta property=\"og:image:height\" content=\"1000\" \/>\n\t<meta property=\"og:image:type\" content=\"image\/jpeg\" \/>\n<meta name=\"twitter:card\" content=\"summary_large_image\" \/>\n<script type=\"application\/ld+json\" class=\"yoast-schema-graph\">{\"@context\":\"https:\/\/schema.org\",\"@graph\":[{\"@type\":\"WebPage\",\"@id\":\"https:\/\/masterchem.fi\/sv\/produkt\/kalsiumhypokloriitti-cas-7778-54-3\/\",\"url\":\"https:\/\/masterchem.fi\/sv\/produkt\/kalsiumhypokloriitti-cas-7778-54-3\/\",\"name\":\"Kalsiumhypokloriitti (CAS 7778-54-3) - MasterChem | kemikaalien tuotanto ja myynti\",\"isPartOf\":{\"@id\":\"https:\/\/masterchem.fi\/sv\/#website\"},\"primaryImageOfPage\":{\"@id\":\"https:\/\/masterchem.fi\/sv\/produkt\/kalsiumhypokloriitti-cas-7778-54-3\/#primaryimage\"},\"image\":{\"@id\":\"https:\/\/masterchem.fi\/sv\/produkt\/kalsiumhypokloriitti-cas-7778-54-3\/#primaryimage\"},\"thumbnailUrl\":\"https:\/\/masterchem.fi\/wp-content\/uploads\/2022\/05\/Kalsiumhypokloriitti-CAS-7778-54-3-25kg-MasterChem.jpg\",\"datePublished\":\"2022-05-10T11:47:56+00:00\",\"dateModified\":\"2022-05-10T11:55:25+00:00\",\"description\":\"Kalciumhypoklorit (Ca (ClO) 2) \u00e4r en oorganisk jonf\u00f6rening som bildas av kalcium- och hypokloritjoner.\",\"breadcrumb\":{\"@id\":\"https:\/\/masterchem.fi\/sv\/produkt\/kalsiumhypokloriitti-cas-7778-54-3\/#breadcrumb\"},\"inLanguage\":\"sv-SE\",\"potentialAction\":[{\"@type\":\"ReadAction\",\"target\":[\"https:\/\/masterchem.fi\/sv\/produkt\/kalsiumhypokloriitti-cas-7778-54-3\/\"]}]},{\"@type\":\"ImageObject\",\"inLanguage\":\"sv-SE\",\"@id\":\"https:\/\/masterchem.fi\/sv\/produkt\/kalsiumhypokloriitti-cas-7778-54-3\/#primaryimage\",\"url\":\"https:\/\/masterchem.fi\/wp-content\/uploads\/2022\/05\/Kalsiumhypokloriitti-CAS-7778-54-3-25kg-MasterChem.jpg\",\"contentUrl\":\"https:\/\/masterchem.fi\/wp-content\/uploads\/2022\/05\/Kalsiumhypokloriitti-CAS-7778-54-3-25kg-MasterChem.jpg\",\"width\":1000,\"height\":1000},{\"@type\":\"BreadcrumbList\",\"@id\":\"https:\/\/masterchem.fi\/sv\/produkt\/kalsiumhypokloriitti-cas-7778-54-3\/#breadcrumb\",\"itemListElement\":[{\"@type\":\"ListItem\",\"position\":1,\"name\":\"Home\",\"item\":\"https:\/\/masterchem.fi\/sv\/\"},{\"@type\":\"ListItem\",\"position\":2,\"name\":\"Butik\",\"item\":\"https:\/\/masterchem.fi\/sv\/butik\/\"},{\"@type\":\"ListItem\",\"position\":3,\"name\":\"Kalsiumhypokloriitti (CAS 7778-54-3)\"}]},{\"@type\":\"WebSite\",\"@id\":\"https:\/\/masterchem.fi\/sv\/#website\",\"url\":\"https:\/\/masterchem.fi\/sv\/\",\"name\":\"MasterChem | kemikaalien tuotanto ja myynti\",\"description\":\"kemikaalien tuotanto ja myynti\",\"potentialAction\":[{\"@type\":\"SearchAction\",\"target\":{\"@type\":\"EntryPoint\",\"urlTemplate\":\"https:\/\/masterchem.fi\/sv\/?s={search_term_string}\"},\"query-input\":{\"@type\":\"PropertyValueSpecification\",\"valueRequired\":true,\"valueName\":\"search_term_string\"}}],\"inLanguage\":\"sv-SE\"}]}<\/script>\n<!-- \/ Yoast SEO plugin. -->","yoast_head_json":{"title":"Kalsiumhypokloriitti (CAS 7778-54-3) - MasterChem | kemikaalien tuotanto ja myynti","description":"Kalciumhypoklorit (Ca (ClO) 2) \u00e4r en oorganisk jonf\u00f6rening som bildas av kalcium- och hypokloritjoner.","robots":{"index":"index","follow":"follow","max-snippet":"max-snippet:-1","max-image-preview":"max-image-preview:large","max-video-preview":"max-video-preview:-1"},"canonical":"https:\/\/masterchem.fi\/sv\/produkt\/kalsiumhypokloriitti-cas-7778-54-3\/","og_locale":"sv_SE","og_type":"article","og_title":"Kalsiumhypokloriitti (CAS 7778-54-3) - MasterChem | kemikaalien tuotanto ja myynti","og_description":"Kalciumhypoklorit (Ca (ClO) 2) \u00e4r en oorganisk jonf\u00f6rening som bildas av kalcium- och hypokloritjoner.","og_url":"https:\/\/masterchem.fi\/sv\/produkt\/kalsiumhypokloriitti-cas-7778-54-3\/","og_site_name":"MasterChem | kemikaalien tuotanto ja myynti","article_modified_time":"2022-05-10T11:55:25+00:00","og_image":[{"width":1000,"height":1000,"url":"https:\/\/masterchem.fi\/wp-content\/uploads\/2022\/05\/Kalsiumhypokloriitti-CAS-7778-54-3-25kg-MasterChem.jpg","type":"image\/jpeg"}],"twitter_card":"summary_large_image","schema":{"@context":"https:\/\/schema.org","@graph":[{"@type":"WebPage","@id":"https:\/\/masterchem.fi\/sv\/produkt\/kalsiumhypokloriitti-cas-7778-54-3\/","url":"https:\/\/masterchem.fi\/sv\/produkt\/kalsiumhypokloriitti-cas-7778-54-3\/","name":"Kalsiumhypokloriitti (CAS 7778-54-3) - MasterChem | kemikaalien tuotanto ja myynti","isPartOf":{"@id":"https:\/\/masterchem.fi\/sv\/#website"},"primaryImageOfPage":{"@id":"https:\/\/masterchem.fi\/sv\/produkt\/kalsiumhypokloriitti-cas-7778-54-3\/#primaryimage"},"image":{"@id":"https:\/\/masterchem.fi\/sv\/produkt\/kalsiumhypokloriitti-cas-7778-54-3\/#primaryimage"},"thumbnailUrl":"https:\/\/masterchem.fi\/wp-content\/uploads\/2022\/05\/Kalsiumhypokloriitti-CAS-7778-54-3-25kg-MasterChem.jpg","datePublished":"2022-05-10T11:47:56+00:00","dateModified":"2022-05-10T11:55:25+00:00","description":"Kalciumhypoklorit (Ca (ClO) 2) \u00e4r en oorganisk jonf\u00f6rening som bildas av kalcium- och hypokloritjoner.","breadcrumb":{"@id":"https:\/\/masterchem.fi\/sv\/produkt\/kalsiumhypokloriitti-cas-7778-54-3\/#breadcrumb"},"inLanguage":"sv-SE","potentialAction":[{"@type":"ReadAction","target":["https:\/\/masterchem.fi\/sv\/produkt\/kalsiumhypokloriitti-cas-7778-54-3\/"]}]},{"@type":"ImageObject","inLanguage":"sv-SE","@id":"https:\/\/masterchem.fi\/sv\/produkt\/kalsiumhypokloriitti-cas-7778-54-3\/#primaryimage","url":"https:\/\/masterchem.fi\/wp-content\/uploads\/2022\/05\/Kalsiumhypokloriitti-CAS-7778-54-3-25kg-MasterChem.jpg","contentUrl":"https:\/\/masterchem.fi\/wp-content\/uploads\/2022\/05\/Kalsiumhypokloriitti-CAS-7778-54-3-25kg-MasterChem.jpg","width":1000,"height":1000},{"@type":"BreadcrumbList","@id":"https:\/\/masterchem.fi\/sv\/produkt\/kalsiumhypokloriitti-cas-7778-54-3\/#breadcrumb","itemListElement":[{"@type":"ListItem","position":1,"name":"Home","item":"https:\/\/masterchem.fi\/sv\/"},{"@type":"ListItem","position":2,"name":"Butik","item":"https:\/\/masterchem.fi\/sv\/butik\/"},{"@type":"ListItem","position":3,"name":"Kalsiumhypokloriitti (CAS 7778-54-3)"}]},{"@type":"WebSite","@id":"https:\/\/masterchem.fi\/sv\/#website","url":"https:\/\/masterchem.fi\/sv\/","name":"MasterChem | kemikaalien tuotanto ja myynti","description":"kemikaalien tuotanto ja myynti","potentialAction":[{"@type":"SearchAction","target":{"@type":"EntryPoint","urlTemplate":"https:\/\/masterchem.fi\/sv\/?s={search_term_string}"},"query-input":{"@type":"PropertyValueSpecification","valueRequired":true,"valueName":"search_term_string"}}],"inLanguage":"sv-SE"}]}},"_links":{"self":[{"href":"https:\/\/masterchem.fi\/sv\/wp-json\/wp\/v2\/product\/9141","targetHints":{"allow":["GET"]}}],"collection":[{"href":"https:\/\/masterchem.fi\/sv\/wp-json\/wp\/v2\/product"}],"about":[{"href":"https:\/\/masterchem.fi\/sv\/wp-json\/wp\/v2\/types\/product"}],"wp:featuredmedia":[{"embeddable":true,"href":"https:\/\/masterchem.fi\/sv\/wp-json\/wp\/v2\/media\/9145"}],"wp:attachment":[{"href":"https:\/\/masterchem.fi\/sv\/wp-json\/wp\/v2\/media?parent=9141"}],"wp:term":[{"taxonomy":"product_brand","embeddable":true,"href":"https:\/\/masterchem.fi\/sv\/wp-json\/wp\/v2\/product_brand?post=9141"},{"taxonomy":"product_cat","embeddable":true,"href":"https:\/\/masterchem.fi\/sv\/wp-json\/wp\/v2\/product_cat?post=9141"},{"taxonomy":"product_tag","embeddable":true,"href":"https:\/\/masterchem.fi\/sv\/wp-json\/wp\/v2\/product_tag?post=9141"}],"curies":[{"name":"wp","href":"https:\/\/api.w.org\/{rel}","templated":true}]}}