{"id":9151,"date":"2022-05-10T15:04:03","date_gmt":"2022-05-10T12:04:03","guid":{"rendered":"https:\/\/masterchem.fi\/?post_type=product&#038;p=9151"},"modified":"2022-05-10T15:09:21","modified_gmt":"2022-05-10T12:09:21","slug":"natriumtripolyfosfat-cas-7758-29-4","status":"publish","type":"product","link":"https:\/\/masterchem.fi\/sv\/produkt\/natriumtripolyfosfat-cas-7758-29-4\/","title":{"rendered":"Natriumtripolyfosfat (CAS 7758-29-4)"},"content":{"rendered":"<p> <strong> Information <\/strong> <\/p>\n<p> Branscher: hush\u00e5llskemikalier, lim, oljor, fetter, livsmedelsindustri, byggkemikalier <br \/>\nCAS-nummer: 7758-29-4 <br \/>\nWE-nummer: 231-838-7 <br \/>\nKemisk formel: Na5P3O10 <br \/>\nMolekylvikt: 367,86 g\/mol <br \/>\nTulltaxa: 28353100 <\/p>\n<p> <strong> Andra fysiska egenskaper <\/strong> <\/p>\n<p> Sm\u00e4ltpunkt \/ fryspunkt: 622 \u00b0 C <br \/>\nRelativ densitet: 2,55 g\/cm3 <\/p>\n","protected":false},"excerpt":{"rendered":"<p> <strong> Natriumtripolyfosfat (CAS 7758-29-4) <\/strong> <\/p>\n<p>Natriumtrifosfat (STP), \u00e4ven natriumtripolyfosfat (STPP) eller tripolyfosfat (TPP), \u00e4r en oorganisk f\u00f6rening med formeln Na5P3O10. Det \u00e4r natriumsaltet av polyfosfat-Penta-anjonen, som \u00e4r en konjugerad bas av trifosforsyra. Det tillverkas i stor utstr\u00e4ckning som en del av m\u00e5nga hush\u00e5lls- och industriprodukter, s\u00e4rskilt tv\u00e4ttmedel. Milj\u00f6problemen i samband med \u00f6verg\u00f6dning beror p\u00e5 dess utbredda anv\u00e4ndning. <\/p>\n","protected":false},"featured_media":9157,"template":"","meta":[],"product_brand":[],"product_cat":[105,112,116,171,173],"product_tag":[],"class_list":{"0":"post-9151","1":"product","2":"type-product","3":"status-publish","4":"has-post-thumbnail","6":"product_cat-hushallskemikalier-sv","7":"product_cat-byggbranschen","8":"product_cat-alla-produkter","9":"product_cat-livsmedelsindustrin","10":"product_cat-godselmedel","12":"first","13":"outofstock","14":"taxable","15":"shipping-taxable","16":"purchasable","17":"product-type-variable","18":"has-default-attributes","19":"rtwpvg-product"},"yoast_head":"<!-- This site is optimized with the Yoast SEO plugin v27.5 - https:\/\/yoast.com\/product\/yoast-seo-wordpress\/ -->\n<title>Natriumtripolyfosfat (CAS 7758-29-4) - MasterChem | kemikaalien tuotanto ja myynti<\/title>\n<meta name=\"description\" content=\"Natriumtrifosfat (STP), \u00e4ven natriumtripolyfosfat (STPP) eller tripolyfosfat (TPP), \u00e4r en oorganisk f\u00f6rening med formeln Na5P3O10.\" \/>\n<meta name=\"robots\" content=\"index, follow, max-snippet:-1, max-image-preview:large, max-video-preview:-1\" \/>\n<link rel=\"canonical\" href=\"https:\/\/masterchem.fi\/sv\/produkt\/natriumtripolyfosfat-cas-7758-29-4\/\" \/>\n<meta property=\"og:locale\" content=\"sv_SE\" \/>\n<meta property=\"og:type\" content=\"article\" \/>\n<meta property=\"og:title\" content=\"Natriumtripolyfosfat (CAS 7758-29-4) - MasterChem | kemikaalien tuotanto ja myynti\" \/>\n<meta property=\"og:description\" content=\"Natriumtrifosfat (STP), \u00e4ven natriumtripolyfosfat (STPP) eller tripolyfosfat (TPP), \u00e4r en oorganisk f\u00f6rening med formeln Na5P3O10.\" \/>\n<meta property=\"og:url\" content=\"https:\/\/masterchem.fi\/sv\/produkt\/natriumtripolyfosfat-cas-7758-29-4\/\" \/>\n<meta property=\"og:site_name\" content=\"MasterChem | kemikaalien tuotanto ja myynti\" \/>\n<meta property=\"article:modified_time\" content=\"2022-05-10T12:09:21+00:00\" \/>\n<meta property=\"og:image\" content=\"https:\/\/masterchem.fi\/wp-content\/uploads\/2022\/05\/Natriumtripolyfosfaatti-CAS-7758-29-4-25kg-MasterChem.jpg\" \/>\n\t<meta property=\"og:image:width\" content=\"1000\" \/>\n\t<meta property=\"og:image:height\" content=\"1000\" \/>\n\t<meta property=\"og:image:type\" content=\"image\/jpeg\" \/>\n<meta name=\"twitter:card\" content=\"summary_large_image\" \/>\n<script type=\"application\/ld+json\" class=\"yoast-schema-graph\">{\"@context\":\"https:\\\/\\\/schema.org\",\"@graph\":[{\"@type\":\"WebPage\",\"@id\":\"https:\\\/\\\/masterchem.fi\\\/sv\\\/produkt\\\/natriumtripolyfosfat-cas-7758-29-4\\\/\",\"url\":\"https:\\\/\\\/masterchem.fi\\\/sv\\\/produkt\\\/natriumtripolyfosfat-cas-7758-29-4\\\/\",\"name\":\"Natriumtripolyfosfat (CAS 7758-29-4) - MasterChem | kemikaalien tuotanto ja myynti\",\"isPartOf\":{\"@id\":\"https:\\\/\\\/masterchem.fi\\\/sv\\\/#website\"},\"primaryImageOfPage\":{\"@id\":\"https:\\\/\\\/masterchem.fi\\\/sv\\\/produkt\\\/natriumtripolyfosfat-cas-7758-29-4\\\/#primaryimage\"},\"image\":{\"@id\":\"https:\\\/\\\/masterchem.fi\\\/sv\\\/produkt\\\/natriumtripolyfosfat-cas-7758-29-4\\\/#primaryimage\"},\"thumbnailUrl\":\"https:\\\/\\\/masterchem.fi\\\/wp-content\\\/uploads\\\/2022\\\/05\\\/Natriumtripolyfosfaatti-CAS-7758-29-4-25kg-MasterChem.jpg\",\"datePublished\":\"2022-05-10T12:04:03+00:00\",\"dateModified\":\"2022-05-10T12:09:21+00:00\",\"description\":\"Natriumtrifosfat (STP), \u00e4ven natriumtripolyfosfat (STPP) eller tripolyfosfat (TPP), \u00e4r en oorganisk f\u00f6rening med formeln Na5P3O10.\",\"breadcrumb\":{\"@id\":\"https:\\\/\\\/masterchem.fi\\\/sv\\\/produkt\\\/natriumtripolyfosfat-cas-7758-29-4\\\/#breadcrumb\"},\"inLanguage\":\"sv-SE\",\"potentialAction\":[{\"@type\":\"ReadAction\",\"target\":[\"https:\\\/\\\/masterchem.fi\\\/sv\\\/produkt\\\/natriumtripolyfosfat-cas-7758-29-4\\\/\"]}]},{\"@type\":\"ImageObject\",\"inLanguage\":\"sv-SE\",\"@id\":\"https:\\\/\\\/masterchem.fi\\\/sv\\\/produkt\\\/natriumtripolyfosfat-cas-7758-29-4\\\/#primaryimage\",\"url\":\"https:\\\/\\\/masterchem.fi\\\/wp-content\\\/uploads\\\/2022\\\/05\\\/Natriumtripolyfosfaatti-CAS-7758-29-4-25kg-MasterChem.jpg\",\"contentUrl\":\"https:\\\/\\\/masterchem.fi\\\/wp-content\\\/uploads\\\/2022\\\/05\\\/Natriumtripolyfosfaatti-CAS-7758-29-4-25kg-MasterChem.jpg\",\"width\":1000,\"height\":1000,\"caption\":\"Natriumtripolyfosfat (CAS 7758-29-4) 25kg MasterChem\"},{\"@type\":\"BreadcrumbList\",\"@id\":\"https:\\\/\\\/masterchem.fi\\\/sv\\\/produkt\\\/natriumtripolyfosfat-cas-7758-29-4\\\/#breadcrumb\",\"itemListElement\":[{\"@type\":\"ListItem\",\"position\":1,\"name\":\"Home\",\"item\":\"https:\\\/\\\/masterchem.fi\\\/sv\\\/\"},{\"@type\":\"ListItem\",\"position\":2,\"name\":\"Butik\",\"item\":\"https:\\\/\\\/masterchem.fi\\\/sv\\\/butik\\\/\"},{\"@type\":\"ListItem\",\"position\":3,\"name\":\"Natriumtripolyfosfat (CAS 7758-29-4)\"}]},{\"@type\":\"WebSite\",\"@id\":\"https:\\\/\\\/masterchem.fi\\\/sv\\\/#website\",\"url\":\"https:\\\/\\\/masterchem.fi\\\/sv\\\/\",\"name\":\"MasterChem | kemikaalien tuotanto ja myynti\",\"description\":\"kemikaalien tuotanto ja myynti\",\"potentialAction\":[{\"@type\":\"SearchAction\",\"target\":{\"@type\":\"EntryPoint\",\"urlTemplate\":\"https:\\\/\\\/masterchem.fi\\\/sv\\\/?s={search_term_string}\"},\"query-input\":{\"@type\":\"PropertyValueSpecification\",\"valueRequired\":true,\"valueName\":\"search_term_string\"}}],\"inLanguage\":\"sv-SE\"}]}<\/script>\n<!-- \/ Yoast SEO plugin. -->","yoast_head_json":{"title":"Natriumtripolyfosfat (CAS 7758-29-4) - MasterChem | kemikaalien tuotanto ja myynti","description":"Natriumtrifosfat (STP), \u00e4ven natriumtripolyfosfat (STPP) eller tripolyfosfat (TPP), \u00e4r en oorganisk f\u00f6rening med formeln Na5P3O10.","robots":{"index":"index","follow":"follow","max-snippet":"max-snippet:-1","max-image-preview":"max-image-preview:large","max-video-preview":"max-video-preview:-1"},"canonical":"https:\/\/masterchem.fi\/sv\/produkt\/natriumtripolyfosfat-cas-7758-29-4\/","og_locale":"sv_SE","og_type":"article","og_title":"Natriumtripolyfosfat (CAS 7758-29-4) - MasterChem | kemikaalien tuotanto ja myynti","og_description":"Natriumtrifosfat (STP), \u00e4ven natriumtripolyfosfat (STPP) eller tripolyfosfat (TPP), \u00e4r en oorganisk f\u00f6rening med formeln Na5P3O10.","og_url":"https:\/\/masterchem.fi\/sv\/produkt\/natriumtripolyfosfat-cas-7758-29-4\/","og_site_name":"MasterChem | kemikaalien tuotanto ja myynti","article_modified_time":"2022-05-10T12:09:21+00:00","og_image":[{"width":1000,"height":1000,"url":"https:\/\/masterchem.fi\/wp-content\/uploads\/2022\/05\/Natriumtripolyfosfaatti-CAS-7758-29-4-25kg-MasterChem.jpg","type":"image\/jpeg"}],"twitter_card":"summary_large_image","schema":{"@context":"https:\/\/schema.org","@graph":[{"@type":"WebPage","@id":"https:\/\/masterchem.fi\/sv\/produkt\/natriumtripolyfosfat-cas-7758-29-4\/","url":"https:\/\/masterchem.fi\/sv\/produkt\/natriumtripolyfosfat-cas-7758-29-4\/","name":"Natriumtripolyfosfat (CAS 7758-29-4) - MasterChem | kemikaalien tuotanto ja myynti","isPartOf":{"@id":"https:\/\/masterchem.fi\/sv\/#website"},"primaryImageOfPage":{"@id":"https:\/\/masterchem.fi\/sv\/produkt\/natriumtripolyfosfat-cas-7758-29-4\/#primaryimage"},"image":{"@id":"https:\/\/masterchem.fi\/sv\/produkt\/natriumtripolyfosfat-cas-7758-29-4\/#primaryimage"},"thumbnailUrl":"https:\/\/masterchem.fi\/wp-content\/uploads\/2022\/05\/Natriumtripolyfosfaatti-CAS-7758-29-4-25kg-MasterChem.jpg","datePublished":"2022-05-10T12:04:03+00:00","dateModified":"2022-05-10T12:09:21+00:00","description":"Natriumtrifosfat (STP), \u00e4ven natriumtripolyfosfat (STPP) eller tripolyfosfat (TPP), \u00e4r en oorganisk f\u00f6rening med formeln Na5P3O10.","breadcrumb":{"@id":"https:\/\/masterchem.fi\/sv\/produkt\/natriumtripolyfosfat-cas-7758-29-4\/#breadcrumb"},"inLanguage":"sv-SE","potentialAction":[{"@type":"ReadAction","target":["https:\/\/masterchem.fi\/sv\/produkt\/natriumtripolyfosfat-cas-7758-29-4\/"]}]},{"@type":"ImageObject","inLanguage":"sv-SE","@id":"https:\/\/masterchem.fi\/sv\/produkt\/natriumtripolyfosfat-cas-7758-29-4\/#primaryimage","url":"https:\/\/masterchem.fi\/wp-content\/uploads\/2022\/05\/Natriumtripolyfosfaatti-CAS-7758-29-4-25kg-MasterChem.jpg","contentUrl":"https:\/\/masterchem.fi\/wp-content\/uploads\/2022\/05\/Natriumtripolyfosfaatti-CAS-7758-29-4-25kg-MasterChem.jpg","width":1000,"height":1000,"caption":"Natriumtripolyfosfat (CAS 7758-29-4) 25kg MasterChem"},{"@type":"BreadcrumbList","@id":"https:\/\/masterchem.fi\/sv\/produkt\/natriumtripolyfosfat-cas-7758-29-4\/#breadcrumb","itemListElement":[{"@type":"ListItem","position":1,"name":"Home","item":"https:\/\/masterchem.fi\/sv\/"},{"@type":"ListItem","position":2,"name":"Butik","item":"https:\/\/masterchem.fi\/sv\/butik\/"},{"@type":"ListItem","position":3,"name":"Natriumtripolyfosfat (CAS 7758-29-4)"}]},{"@type":"WebSite","@id":"https:\/\/masterchem.fi\/sv\/#website","url":"https:\/\/masterchem.fi\/sv\/","name":"MasterChem | kemikaalien tuotanto ja myynti","description":"kemikaalien tuotanto ja myynti","potentialAction":[{"@type":"SearchAction","target":{"@type":"EntryPoint","urlTemplate":"https:\/\/masterchem.fi\/sv\/?s={search_term_string}"},"query-input":{"@type":"PropertyValueSpecification","valueRequired":true,"valueName":"search_term_string"}}],"inLanguage":"sv-SE"}]}},"_links":{"self":[{"href":"https:\/\/masterchem.fi\/sv\/wp-json\/wp\/v2\/product\/9151","targetHints":{"allow":["GET"]}}],"collection":[{"href":"https:\/\/masterchem.fi\/sv\/wp-json\/wp\/v2\/product"}],"about":[{"href":"https:\/\/masterchem.fi\/sv\/wp-json\/wp\/v2\/types\/product"}],"wp:featuredmedia":[{"embeddable":true,"href":"https:\/\/masterchem.fi\/sv\/wp-json\/wp\/v2\/media\/9157"}],"wp:attachment":[{"href":"https:\/\/masterchem.fi\/sv\/wp-json\/wp\/v2\/media?parent=9151"}],"wp:term":[{"taxonomy":"product_brand","embeddable":true,"href":"https:\/\/masterchem.fi\/sv\/wp-json\/wp\/v2\/product_brand?post=9151"},{"taxonomy":"product_cat","embeddable":true,"href":"https:\/\/masterchem.fi\/sv\/wp-json\/wp\/v2\/product_cat?post=9151"},{"taxonomy":"product_tag","embeddable":true,"href":"https:\/\/masterchem.fi\/sv\/wp-json\/wp\/v2\/product_tag?post=9151"}],"curies":[{"name":"wp","href":"https:\/\/api.w.org\/{rel}","templated":true}]}}