{"id":9161,"date":"2022-05-10T15:19:01","date_gmt":"2022-05-10T12:19:01","guid":{"rendered":"https:\/\/masterchem.fi\/?post_type=product&#038;p=9161"},"modified":"2022-05-10T15:28:51","modified_gmt":"2022-05-10T12:28:51","slug":"talk-cas-14807-96-6","status":"publish","type":"product","link":"https:\/\/masterchem.fi\/sv\/produkt\/talk-cas-14807-96-6\/","title":{"rendered":"Talk (CAS 14807-96-6)"},"content":{"rendered":"<p> <strong> Information <\/strong> <\/p>\n<p> Branscher: F\u00e4rger och lacker, hush\u00e5llskemikalier, kosmetika, lim, oljor, fetter, l\u00e4kemedel, byggkemikalier, hartser, plaster, polyuretaner <br \/>\nCAS-nummer: 14807-96-6 <br \/>\nWE-nummer: 238-877-9 <br \/>\nKemisk formel: 3Mg2 \u2219 4SiO2 \u2219 H2O <br \/>\nMolekylvikt: 379,34 g\/mol <br \/>\nTaxa: 25262000 <\/p>\n<p> <strong> Andra fysiska egenskaper <\/strong> <\/p>\n<p> pH: 7,0 &#8211; 9,0 (50 g\/l H 2 O, 20 \u00b0 C) <br \/>\nSm\u00e4ltpunkt \/ fryspunkt:> 1300 \u00b0 C <br \/>\nRelativ densitet: ~ 2,75 g\/cm3 <\/p>\n","protected":false},"excerpt":{"rendered":"<p> <strong> Talk (CAS 14807-96-6) <\/strong> <\/p>\n<p>Talk (Mg3Si4O10 (OH) 2) \u00e4r ett monokliniskt mineral med ett kristallsystem. Kristallerna \u00e4r fj\u00e4llande och liknar mycket glans. Mineralet f\u00f6rekommer i t\u00e4ta eller fj\u00e4llande massor.<\/p>\n<p> Talk \u00e4r ljusgr\u00f6n, gulgr\u00f6n eller vit. Str\u00e4ckan \u00e4r vit. Talk har en fet lyster men p\u00e4rlemorskimrande glans p\u00e5 flisiga ytor. Talk \u00e4r hydrofobt och oleofilt, vilket betyder att det avvisar vatten och absorberar oljor. <\/p>\n","protected":false},"featured_media":9165,"template":"","meta":[],"product_brand":[],"product_cat":[177,105,106,109,112,116],"product_tag":[],"class_list":{"0":"post-9161","1":"product","2":"type-product","3":"status-publish","4":"has-post-thumbnail","6":"product_cat-kosmetikindustrin","7":"product_cat-hushallskemikalier-sv","8":"product_cat-lakemedelsindustri","9":"product_cat-plast","10":"product_cat-byggbranschen","11":"product_cat-alla-produkter","13":"first","14":"instock","15":"taxable","16":"shipping-taxable","17":"purchasable","18":"product-type-variable","19":"has-default-attributes","20":"rtwpvg-product"},"yoast_head":"<!-- This site is optimized with the Yoast SEO plugin v27.5 - https:\/\/yoast.com\/product\/yoast-seo-wordpress\/ -->\n<title>Talk (CAS 14807-96-6) - MasterChem | kemikaalien tuotanto ja myynti<\/title>\n<meta name=\"description\" content=\"Talk (Mg3Si4O10 (OH) 2) \u00e4r ett monokliniskt mineral med ett kristallsystem. Kristallerna \u00e4r fj\u00e4llande och liknar mycket glans.\" \/>\n<meta name=\"robots\" content=\"index, follow, max-snippet:-1, max-image-preview:large, max-video-preview:-1\" \/>\n<link rel=\"canonical\" href=\"https:\/\/masterchem.fi\/sv\/produkt\/talk-cas-14807-96-6\/\" \/>\n<meta property=\"og:locale\" content=\"sv_SE\" \/>\n<meta property=\"og:type\" content=\"article\" \/>\n<meta property=\"og:title\" content=\"Talk (CAS 14807-96-6) - MasterChem | kemikaalien tuotanto ja myynti\" \/>\n<meta property=\"og:description\" content=\"Talk (Mg3Si4O10 (OH) 2) \u00e4r ett monokliniskt mineral med ett kristallsystem. Kristallerna \u00e4r fj\u00e4llande och liknar mycket glans.\" \/>\n<meta property=\"og:url\" content=\"https:\/\/masterchem.fi\/sv\/produkt\/talk-cas-14807-96-6\/\" \/>\n<meta property=\"og:site_name\" content=\"MasterChem | kemikaalien tuotanto ja myynti\" \/>\n<meta property=\"article:modified_time\" content=\"2022-05-10T12:28:51+00:00\" \/>\n<meta property=\"og:image\" content=\"https:\/\/masterchem.fi\/wp-content\/uploads\/2022\/05\/Talkki-CAS-14807-96-6-25kg-MasterChem.jpg\" \/>\n\t<meta property=\"og:image:width\" content=\"1000\" \/>\n\t<meta property=\"og:image:height\" content=\"1000\" \/>\n\t<meta property=\"og:image:type\" content=\"image\/jpeg\" \/>\n<meta name=\"twitter:card\" content=\"summary_large_image\" \/>\n<script type=\"application\/ld+json\" class=\"yoast-schema-graph\">{\"@context\":\"https:\\\/\\\/schema.org\",\"@graph\":[{\"@type\":\"WebPage\",\"@id\":\"https:\\\/\\\/masterchem.fi\\\/sv\\\/produkt\\\/talk-cas-14807-96-6\\\/\",\"url\":\"https:\\\/\\\/masterchem.fi\\\/sv\\\/produkt\\\/talk-cas-14807-96-6\\\/\",\"name\":\"Talk (CAS 14807-96-6) - MasterChem | kemikaalien tuotanto ja myynti\",\"isPartOf\":{\"@id\":\"https:\\\/\\\/masterchem.fi\\\/sv\\\/#website\"},\"primaryImageOfPage\":{\"@id\":\"https:\\\/\\\/masterchem.fi\\\/sv\\\/produkt\\\/talk-cas-14807-96-6\\\/#primaryimage\"},\"image\":{\"@id\":\"https:\\\/\\\/masterchem.fi\\\/sv\\\/produkt\\\/talk-cas-14807-96-6\\\/#primaryimage\"},\"thumbnailUrl\":\"https:\\\/\\\/masterchem.fi\\\/wp-content\\\/uploads\\\/2022\\\/05\\\/Talkki-CAS-14807-96-6-25kg-MasterChem.jpg\",\"datePublished\":\"2022-05-10T12:19:01+00:00\",\"dateModified\":\"2022-05-10T12:28:51+00:00\",\"description\":\"Talk (Mg3Si4O10 (OH) 2) \u00e4r ett monokliniskt mineral med ett kristallsystem. Kristallerna \u00e4r fj\u00e4llande och liknar mycket glans.\",\"breadcrumb\":{\"@id\":\"https:\\\/\\\/masterchem.fi\\\/sv\\\/produkt\\\/talk-cas-14807-96-6\\\/#breadcrumb\"},\"inLanguage\":\"sv-SE\",\"potentialAction\":[{\"@type\":\"ReadAction\",\"target\":[\"https:\\\/\\\/masterchem.fi\\\/sv\\\/produkt\\\/talk-cas-14807-96-6\\\/\"]}]},{\"@type\":\"ImageObject\",\"inLanguage\":\"sv-SE\",\"@id\":\"https:\\\/\\\/masterchem.fi\\\/sv\\\/produkt\\\/talk-cas-14807-96-6\\\/#primaryimage\",\"url\":\"https:\\\/\\\/masterchem.fi\\\/wp-content\\\/uploads\\\/2022\\\/05\\\/Talkki-CAS-14807-96-6-25kg-MasterChem.jpg\",\"contentUrl\":\"https:\\\/\\\/masterchem.fi\\\/wp-content\\\/uploads\\\/2022\\\/05\\\/Talkki-CAS-14807-96-6-25kg-MasterChem.jpg\",\"width\":1000,\"height\":1000,\"caption\":\"Talk (CAS 14807-96-6) 25kg MasterChem\"},{\"@type\":\"BreadcrumbList\",\"@id\":\"https:\\\/\\\/masterchem.fi\\\/sv\\\/produkt\\\/talk-cas-14807-96-6\\\/#breadcrumb\",\"itemListElement\":[{\"@type\":\"ListItem\",\"position\":1,\"name\":\"Home\",\"item\":\"https:\\\/\\\/masterchem.fi\\\/sv\\\/\"},{\"@type\":\"ListItem\",\"position\":2,\"name\":\"Butik\",\"item\":\"https:\\\/\\\/masterchem.fi\\\/sv\\\/butik\\\/\"},{\"@type\":\"ListItem\",\"position\":3,\"name\":\"Talk (CAS 14807-96-6)\"}]},{\"@type\":\"WebSite\",\"@id\":\"https:\\\/\\\/masterchem.fi\\\/sv\\\/#website\",\"url\":\"https:\\\/\\\/masterchem.fi\\\/sv\\\/\",\"name\":\"MasterChem | kemikaalien tuotanto ja myynti\",\"description\":\"kemikaalien tuotanto ja myynti\",\"potentialAction\":[{\"@type\":\"SearchAction\",\"target\":{\"@type\":\"EntryPoint\",\"urlTemplate\":\"https:\\\/\\\/masterchem.fi\\\/sv\\\/?s={search_term_string}\"},\"query-input\":{\"@type\":\"PropertyValueSpecification\",\"valueRequired\":true,\"valueName\":\"search_term_string\"}}],\"inLanguage\":\"sv-SE\"}]}<\/script>\n<!-- \/ Yoast SEO plugin. -->","yoast_head_json":{"title":"Talk (CAS 14807-96-6) - MasterChem | kemikaalien tuotanto ja myynti","description":"Talk (Mg3Si4O10 (OH) 2) \u00e4r ett monokliniskt mineral med ett kristallsystem. Kristallerna \u00e4r fj\u00e4llande och liknar mycket glans.","robots":{"index":"index","follow":"follow","max-snippet":"max-snippet:-1","max-image-preview":"max-image-preview:large","max-video-preview":"max-video-preview:-1"},"canonical":"https:\/\/masterchem.fi\/sv\/produkt\/talk-cas-14807-96-6\/","og_locale":"sv_SE","og_type":"article","og_title":"Talk (CAS 14807-96-6) - MasterChem | kemikaalien tuotanto ja myynti","og_description":"Talk (Mg3Si4O10 (OH) 2) \u00e4r ett monokliniskt mineral med ett kristallsystem. Kristallerna \u00e4r fj\u00e4llande och liknar mycket glans.","og_url":"https:\/\/masterchem.fi\/sv\/produkt\/talk-cas-14807-96-6\/","og_site_name":"MasterChem | kemikaalien tuotanto ja myynti","article_modified_time":"2022-05-10T12:28:51+00:00","og_image":[{"width":1000,"height":1000,"url":"https:\/\/masterchem.fi\/wp-content\/uploads\/2022\/05\/Talkki-CAS-14807-96-6-25kg-MasterChem.jpg","type":"image\/jpeg"}],"twitter_card":"summary_large_image","schema":{"@context":"https:\/\/schema.org","@graph":[{"@type":"WebPage","@id":"https:\/\/masterchem.fi\/sv\/produkt\/talk-cas-14807-96-6\/","url":"https:\/\/masterchem.fi\/sv\/produkt\/talk-cas-14807-96-6\/","name":"Talk (CAS 14807-96-6) - MasterChem | kemikaalien tuotanto ja myynti","isPartOf":{"@id":"https:\/\/masterchem.fi\/sv\/#website"},"primaryImageOfPage":{"@id":"https:\/\/masterchem.fi\/sv\/produkt\/talk-cas-14807-96-6\/#primaryimage"},"image":{"@id":"https:\/\/masterchem.fi\/sv\/produkt\/talk-cas-14807-96-6\/#primaryimage"},"thumbnailUrl":"https:\/\/masterchem.fi\/wp-content\/uploads\/2022\/05\/Talkki-CAS-14807-96-6-25kg-MasterChem.jpg","datePublished":"2022-05-10T12:19:01+00:00","dateModified":"2022-05-10T12:28:51+00:00","description":"Talk (Mg3Si4O10 (OH) 2) \u00e4r ett monokliniskt mineral med ett kristallsystem. Kristallerna \u00e4r fj\u00e4llande och liknar mycket glans.","breadcrumb":{"@id":"https:\/\/masterchem.fi\/sv\/produkt\/talk-cas-14807-96-6\/#breadcrumb"},"inLanguage":"sv-SE","potentialAction":[{"@type":"ReadAction","target":["https:\/\/masterchem.fi\/sv\/produkt\/talk-cas-14807-96-6\/"]}]},{"@type":"ImageObject","inLanguage":"sv-SE","@id":"https:\/\/masterchem.fi\/sv\/produkt\/talk-cas-14807-96-6\/#primaryimage","url":"https:\/\/masterchem.fi\/wp-content\/uploads\/2022\/05\/Talkki-CAS-14807-96-6-25kg-MasterChem.jpg","contentUrl":"https:\/\/masterchem.fi\/wp-content\/uploads\/2022\/05\/Talkki-CAS-14807-96-6-25kg-MasterChem.jpg","width":1000,"height":1000,"caption":"Talk (CAS 14807-96-6) 25kg MasterChem"},{"@type":"BreadcrumbList","@id":"https:\/\/masterchem.fi\/sv\/produkt\/talk-cas-14807-96-6\/#breadcrumb","itemListElement":[{"@type":"ListItem","position":1,"name":"Home","item":"https:\/\/masterchem.fi\/sv\/"},{"@type":"ListItem","position":2,"name":"Butik","item":"https:\/\/masterchem.fi\/sv\/butik\/"},{"@type":"ListItem","position":3,"name":"Talk (CAS 14807-96-6)"}]},{"@type":"WebSite","@id":"https:\/\/masterchem.fi\/sv\/#website","url":"https:\/\/masterchem.fi\/sv\/","name":"MasterChem | kemikaalien tuotanto ja myynti","description":"kemikaalien tuotanto ja myynti","potentialAction":[{"@type":"SearchAction","target":{"@type":"EntryPoint","urlTemplate":"https:\/\/masterchem.fi\/sv\/?s={search_term_string}"},"query-input":{"@type":"PropertyValueSpecification","valueRequired":true,"valueName":"search_term_string"}}],"inLanguage":"sv-SE"}]}},"_links":{"self":[{"href":"https:\/\/masterchem.fi\/sv\/wp-json\/wp\/v2\/product\/9161","targetHints":{"allow":["GET"]}}],"collection":[{"href":"https:\/\/masterchem.fi\/sv\/wp-json\/wp\/v2\/product"}],"about":[{"href":"https:\/\/masterchem.fi\/sv\/wp-json\/wp\/v2\/types\/product"}],"wp:featuredmedia":[{"embeddable":true,"href":"https:\/\/masterchem.fi\/sv\/wp-json\/wp\/v2\/media\/9165"}],"wp:attachment":[{"href":"https:\/\/masterchem.fi\/sv\/wp-json\/wp\/v2\/media?parent=9161"}],"wp:term":[{"taxonomy":"product_brand","embeddable":true,"href":"https:\/\/masterchem.fi\/sv\/wp-json\/wp\/v2\/product_brand?post=9161"},{"taxonomy":"product_cat","embeddable":true,"href":"https:\/\/masterchem.fi\/sv\/wp-json\/wp\/v2\/product_cat?post=9161"},{"taxonomy":"product_tag","embeddable":true,"href":"https:\/\/masterchem.fi\/sv\/wp-json\/wp\/v2\/product_tag?post=9161"}],"curies":[{"name":"wp","href":"https:\/\/api.w.org\/{rel}","templated":true}]}}