{"id":9181,"date":"2022-05-10T15:52:36","date_gmt":"2022-05-10T12:52:37","guid":{"rendered":"https:\/\/masterchem.fi\/?post_type=product&#038;p=9181"},"modified":"2022-05-10T15:56:12","modified_gmt":"2022-05-10T12:56:12","slug":"triclosan-cas-3380-34-5","status":"publish","type":"product","link":"https:\/\/masterchem.fi\/sv\/produkt\/triclosan-cas-3380-34-5\/","title":{"rendered":"Triclosan (CAS 3380-34-5)"},"content":{"rendered":"<p> <strong> Information <\/strong> <\/p>\n<p> Branscher: Hush\u00e5llskemikalier, kosmetika, l\u00e4kemedel <br \/>\nCAS-nummer: 3380-34-5 <br \/>\nWE-nummer: 222-182-2 <br \/>\nKemisk formel: C12H7Cl3O2 <br \/>\nMolekylvikt: 289,54 g\/mol <br \/>\nTaxa: 29095000 <br \/>\nADR: UN3077 <\/p>\n<p> <strong> Andra fysiska egenskaper <\/strong> <\/p>\n<p> Sm\u00e4ltpunkt \/ fryspunkt: 56,4 \u00b0 C <br \/>\nKokpunkt \/ kokomr\u00e5de: 280-290 \u00b0 C <\/p>\n","protected":false},"excerpt":{"rendered":"<p> <strong> Triclosan (CAS 3380-34-5) <\/strong> <\/p>\n<p> Triclosan (ibland f\u00f6rkortat TCS) \u00e4r ett antibakteriellt och svampd\u00f6dande l\u00e4kemedel som finns i vissa konsumentprodukter, s\u00e5som tandkr\u00e4m, tv\u00e5l, reng\u00f6ringsmedel, leksaker och kirurgiska reng\u00f6ringsmedel. Det liknar triklokarban vad g\u00e4ller dess avsedda anv\u00e4ndning och verkningsmekanism. Dess effektivitet som antimikrobiell medel, risken f\u00f6r antimikrobiell resistens och dess potentiella roll f\u00f6r att st\u00f6ra hormonell utveckling \u00e4r fortfarande kontroversiella. Ytterligare forskning syftar till att f\u00f6rst\u00e5 dess potentiella effekter p\u00e5 organismer och milj\u00f6h\u00e4lsa. <\/p>\n","protected":false},"featured_media":9185,"template":"","meta":[],"product_brand":[],"product_cat":[116,177,105,106],"product_tag":[],"class_list":{"0":"post-9181","1":"product","2":"type-product","3":"status-publish","4":"has-post-thumbnail","6":"product_cat-alla-produkter","7":"product_cat-kosmetikindustrin","8":"product_cat-hushallskemikalier-sv","9":"product_cat-lakemedelsindustri","11":"first","12":"outofstock","13":"taxable","14":"shipping-taxable","15":"purchasable","16":"product-type-variable","17":"has-default-attributes","18":"rtwpvg-product"},"yoast_head":"<!-- This site is optimized with the Yoast SEO plugin v27.2 - https:\/\/yoast.com\/product\/yoast-seo-wordpress\/ -->\n<title>Triclosan (CAS 3380-34-5) - MasterChem | kemikaalien tuotanto ja myynti<\/title>\n<meta name=\"description\" content=\"Triclosan (ibland f\u00f6rkortat som TCS) \u00e4r ett antibakteriellt och svampd\u00f6dande l\u00e4kemedel som finns i vissa konsumentprodukter, inklusive tandkr\u00e4m, tv\u00e5l, tv\u00e4ttmedel, leksaker och kirurgiska reng\u00f6ringsbehandlingar.\" \/>\n<meta name=\"robots\" content=\"index, follow, max-snippet:-1, max-image-preview:large, max-video-preview:-1\" \/>\n<link rel=\"canonical\" href=\"https:\/\/masterchem.fi\/sv\/produkt\/triclosan-cas-3380-34-5\/\" \/>\n<meta property=\"og:locale\" content=\"sv_SE\" \/>\n<meta property=\"og:type\" content=\"article\" \/>\n<meta property=\"og:title\" content=\"Triclosan (CAS 3380-34-5) - MasterChem | kemikaalien tuotanto ja myynti\" \/>\n<meta property=\"og:description\" content=\"Triclosan (ibland f\u00f6rkortat som TCS) \u00e4r ett antibakteriellt och svampd\u00f6dande l\u00e4kemedel som finns i vissa konsumentprodukter, inklusive tandkr\u00e4m, tv\u00e5l, tv\u00e4ttmedel, leksaker och kirurgiska reng\u00f6ringsbehandlingar.\" \/>\n<meta property=\"og:url\" content=\"https:\/\/masterchem.fi\/sv\/produkt\/triclosan-cas-3380-34-5\/\" \/>\n<meta property=\"og:site_name\" content=\"MasterChem | kemikaalien tuotanto ja myynti\" \/>\n<meta property=\"article:modified_time\" content=\"2022-05-10T12:56:12+00:00\" \/>\n<meta property=\"og:image\" content=\"https:\/\/masterchem.fi\/wp-content\/uploads\/2022\/05\/Triclosan-CAS-3380-34-5-25kg-MasterChem.jpg\" \/>\n\t<meta property=\"og:image:width\" content=\"1000\" \/>\n\t<meta property=\"og:image:height\" content=\"1000\" \/>\n\t<meta property=\"og:image:type\" content=\"image\/jpeg\" \/>\n<meta name=\"twitter:card\" content=\"summary_large_image\" \/>\n<script type=\"application\/ld+json\" class=\"yoast-schema-graph\">{\"@context\":\"https:\/\/schema.org\",\"@graph\":[{\"@type\":\"WebPage\",\"@id\":\"https:\/\/masterchem.fi\/sv\/produkt\/triclosan-cas-3380-34-5\/\",\"url\":\"https:\/\/masterchem.fi\/sv\/produkt\/triclosan-cas-3380-34-5\/\",\"name\":\"Triclosan (CAS 3380-34-5) - MasterChem | kemikaalien tuotanto ja myynti\",\"isPartOf\":{\"@id\":\"https:\/\/masterchem.fi\/sv\/#website\"},\"primaryImageOfPage\":{\"@id\":\"https:\/\/masterchem.fi\/sv\/produkt\/triclosan-cas-3380-34-5\/#primaryimage\"},\"image\":{\"@id\":\"https:\/\/masterchem.fi\/sv\/produkt\/triclosan-cas-3380-34-5\/#primaryimage\"},\"thumbnailUrl\":\"https:\/\/masterchem.fi\/wp-content\/uploads\/2022\/05\/Triclosan-CAS-3380-34-5-25kg-MasterChem.jpg\",\"datePublished\":\"2022-05-10T12:52:37+00:00\",\"dateModified\":\"2022-05-10T12:56:12+00:00\",\"description\":\"Triclosan (ibland f\u00f6rkortat som TCS) \u00e4r ett antibakteriellt och svampd\u00f6dande l\u00e4kemedel som finns i vissa konsumentprodukter, inklusive tandkr\u00e4m, tv\u00e5l, tv\u00e4ttmedel, leksaker och kirurgiska reng\u00f6ringsbehandlingar.\",\"breadcrumb\":{\"@id\":\"https:\/\/masterchem.fi\/sv\/produkt\/triclosan-cas-3380-34-5\/#breadcrumb\"},\"inLanguage\":\"sv-SE\",\"potentialAction\":[{\"@type\":\"ReadAction\",\"target\":[\"https:\/\/masterchem.fi\/sv\/produkt\/triclosan-cas-3380-34-5\/\"]}]},{\"@type\":\"ImageObject\",\"inLanguage\":\"sv-SE\",\"@id\":\"https:\/\/masterchem.fi\/sv\/produkt\/triclosan-cas-3380-34-5\/#primaryimage\",\"url\":\"https:\/\/masterchem.fi\/wp-content\/uploads\/2022\/05\/Triclosan-CAS-3380-34-5-25kg-MasterChem.jpg\",\"contentUrl\":\"https:\/\/masterchem.fi\/wp-content\/uploads\/2022\/05\/Triclosan-CAS-3380-34-5-25kg-MasterChem.jpg\",\"width\":1000,\"height\":1000,\"caption\":\"Triclosan (CAS 3380-34-5) 25kg-MasterChem\"},{\"@type\":\"BreadcrumbList\",\"@id\":\"https:\/\/masterchem.fi\/sv\/produkt\/triclosan-cas-3380-34-5\/#breadcrumb\",\"itemListElement\":[{\"@type\":\"ListItem\",\"position\":1,\"name\":\"Home\",\"item\":\"https:\/\/masterchem.fi\/sv\/\"},{\"@type\":\"ListItem\",\"position\":2,\"name\":\"Butik\",\"item\":\"https:\/\/masterchem.fi\/sv\/butik\/\"},{\"@type\":\"ListItem\",\"position\":3,\"name\":\"Triclosan (CAS 3380-34-5)\"}]},{\"@type\":\"WebSite\",\"@id\":\"https:\/\/masterchem.fi\/sv\/#website\",\"url\":\"https:\/\/masterchem.fi\/sv\/\",\"name\":\"MasterChem | kemikaalien tuotanto ja myynti\",\"description\":\"kemikaalien tuotanto ja myynti\",\"potentialAction\":[{\"@type\":\"SearchAction\",\"target\":{\"@type\":\"EntryPoint\",\"urlTemplate\":\"https:\/\/masterchem.fi\/sv\/?s={search_term_string}\"},\"query-input\":{\"@type\":\"PropertyValueSpecification\",\"valueRequired\":true,\"valueName\":\"search_term_string\"}}],\"inLanguage\":\"sv-SE\"}]}<\/script>\n<!-- \/ Yoast SEO plugin. -->","yoast_head_json":{"title":"Triclosan (CAS 3380-34-5) - MasterChem | kemikaalien tuotanto ja myynti","description":"Triclosan (ibland f\u00f6rkortat som TCS) \u00e4r ett antibakteriellt och svampd\u00f6dande l\u00e4kemedel som finns i vissa konsumentprodukter, inklusive tandkr\u00e4m, tv\u00e5l, tv\u00e4ttmedel, leksaker och kirurgiska reng\u00f6ringsbehandlingar.","robots":{"index":"index","follow":"follow","max-snippet":"max-snippet:-1","max-image-preview":"max-image-preview:large","max-video-preview":"max-video-preview:-1"},"canonical":"https:\/\/masterchem.fi\/sv\/produkt\/triclosan-cas-3380-34-5\/","og_locale":"sv_SE","og_type":"article","og_title":"Triclosan (CAS 3380-34-5) - MasterChem | kemikaalien tuotanto ja myynti","og_description":"Triclosan (ibland f\u00f6rkortat som TCS) \u00e4r ett antibakteriellt och svampd\u00f6dande l\u00e4kemedel som finns i vissa konsumentprodukter, inklusive tandkr\u00e4m, tv\u00e5l, tv\u00e4ttmedel, leksaker och kirurgiska reng\u00f6ringsbehandlingar.","og_url":"https:\/\/masterchem.fi\/sv\/produkt\/triclosan-cas-3380-34-5\/","og_site_name":"MasterChem | kemikaalien tuotanto ja myynti","article_modified_time":"2022-05-10T12:56:12+00:00","og_image":[{"width":1000,"height":1000,"url":"https:\/\/masterchem.fi\/wp-content\/uploads\/2022\/05\/Triclosan-CAS-3380-34-5-25kg-MasterChem.jpg","type":"image\/jpeg"}],"twitter_card":"summary_large_image","schema":{"@context":"https:\/\/schema.org","@graph":[{"@type":"WebPage","@id":"https:\/\/masterchem.fi\/sv\/produkt\/triclosan-cas-3380-34-5\/","url":"https:\/\/masterchem.fi\/sv\/produkt\/triclosan-cas-3380-34-5\/","name":"Triclosan (CAS 3380-34-5) - MasterChem | kemikaalien tuotanto ja myynti","isPartOf":{"@id":"https:\/\/masterchem.fi\/sv\/#website"},"primaryImageOfPage":{"@id":"https:\/\/masterchem.fi\/sv\/produkt\/triclosan-cas-3380-34-5\/#primaryimage"},"image":{"@id":"https:\/\/masterchem.fi\/sv\/produkt\/triclosan-cas-3380-34-5\/#primaryimage"},"thumbnailUrl":"https:\/\/masterchem.fi\/wp-content\/uploads\/2022\/05\/Triclosan-CAS-3380-34-5-25kg-MasterChem.jpg","datePublished":"2022-05-10T12:52:37+00:00","dateModified":"2022-05-10T12:56:12+00:00","description":"Triclosan (ibland f\u00f6rkortat som TCS) \u00e4r ett antibakteriellt och svampd\u00f6dande l\u00e4kemedel som finns i vissa konsumentprodukter, inklusive tandkr\u00e4m, tv\u00e5l, tv\u00e4ttmedel, leksaker och kirurgiska reng\u00f6ringsbehandlingar.","breadcrumb":{"@id":"https:\/\/masterchem.fi\/sv\/produkt\/triclosan-cas-3380-34-5\/#breadcrumb"},"inLanguage":"sv-SE","potentialAction":[{"@type":"ReadAction","target":["https:\/\/masterchem.fi\/sv\/produkt\/triclosan-cas-3380-34-5\/"]}]},{"@type":"ImageObject","inLanguage":"sv-SE","@id":"https:\/\/masterchem.fi\/sv\/produkt\/triclosan-cas-3380-34-5\/#primaryimage","url":"https:\/\/masterchem.fi\/wp-content\/uploads\/2022\/05\/Triclosan-CAS-3380-34-5-25kg-MasterChem.jpg","contentUrl":"https:\/\/masterchem.fi\/wp-content\/uploads\/2022\/05\/Triclosan-CAS-3380-34-5-25kg-MasterChem.jpg","width":1000,"height":1000,"caption":"Triclosan (CAS 3380-34-5) 25kg-MasterChem"},{"@type":"BreadcrumbList","@id":"https:\/\/masterchem.fi\/sv\/produkt\/triclosan-cas-3380-34-5\/#breadcrumb","itemListElement":[{"@type":"ListItem","position":1,"name":"Home","item":"https:\/\/masterchem.fi\/sv\/"},{"@type":"ListItem","position":2,"name":"Butik","item":"https:\/\/masterchem.fi\/sv\/butik\/"},{"@type":"ListItem","position":3,"name":"Triclosan (CAS 3380-34-5)"}]},{"@type":"WebSite","@id":"https:\/\/masterchem.fi\/sv\/#website","url":"https:\/\/masterchem.fi\/sv\/","name":"MasterChem | kemikaalien tuotanto ja myynti","description":"kemikaalien tuotanto ja myynti","potentialAction":[{"@type":"SearchAction","target":{"@type":"EntryPoint","urlTemplate":"https:\/\/masterchem.fi\/sv\/?s={search_term_string}"},"query-input":{"@type":"PropertyValueSpecification","valueRequired":true,"valueName":"search_term_string"}}],"inLanguage":"sv-SE"}]}},"_links":{"self":[{"href":"https:\/\/masterchem.fi\/sv\/wp-json\/wp\/v2\/product\/9181","targetHints":{"allow":["GET"]}}],"collection":[{"href":"https:\/\/masterchem.fi\/sv\/wp-json\/wp\/v2\/product"}],"about":[{"href":"https:\/\/masterchem.fi\/sv\/wp-json\/wp\/v2\/types\/product"}],"wp:featuredmedia":[{"embeddable":true,"href":"https:\/\/masterchem.fi\/sv\/wp-json\/wp\/v2\/media\/9185"}],"wp:attachment":[{"href":"https:\/\/masterchem.fi\/sv\/wp-json\/wp\/v2\/media?parent=9181"}],"wp:term":[{"taxonomy":"product_brand","embeddable":true,"href":"https:\/\/masterchem.fi\/sv\/wp-json\/wp\/v2\/product_brand?post=9181"},{"taxonomy":"product_cat","embeddable":true,"href":"https:\/\/masterchem.fi\/sv\/wp-json\/wp\/v2\/product_cat?post=9181"},{"taxonomy":"product_tag","embeddable":true,"href":"https:\/\/masterchem.fi\/sv\/wp-json\/wp\/v2\/product_tag?post=9181"}],"curies":[{"name":"wp","href":"https:\/\/api.w.org\/{rel}","templated":true}]}}