{"id":9201,"date":"2022-05-10T16:14:57","date_gmt":"2022-05-10T13:14:58","guid":{"rendered":"https:\/\/masterchem.fi\/?post_type=product&#038;p=9201"},"modified":"2022-05-10T16:26:48","modified_gmt":"2022-05-10T13:26:48","slug":"urotropin-stabiliserat-oforstarkt-cas-100-97-0","status":"publish","type":"product","link":"https:\/\/masterchem.fi\/sv\/produkt\/urotropin-stabiliserat-oforstarkt-cas-100-97-0\/","title":{"rendered":"Urotropin (stabiliserat, of\u00f6rst\u00e4rkt) (CAS 100-97-0)"},"content":{"rendered":"<p> <strong> Information <\/strong> <\/p>\n<p> Branscher: Hush\u00e5llskemikalier, l\u00e4kemedel, hartser, plaster, polyuretaner <br \/>\nCAS-nummer: 100-97-0 <br \/>\nWE-nummer: 202-905-8 <br \/>\nIndexnummer: 612-101-00-2 <br \/>\nKemisk formel: C6H12N4 <br \/>\nMolekylvikt: 140,19 g\/mol <br \/>\nTulltaxa: 29336940 <br \/>\nADR: UN1328 <\/p>\n<p> <strong> Andra fysiska egenskaper <\/strong> <\/p>\n<p> Relativ densitet: 1,33 g\/cm3 (20 \u00b0C) <br \/>\nL\u00f6slighet i vatten: 813000 mg\/l H2O (12 \u00b0C) <\/p>\n","protected":false},"excerpt":{"rendered":"<p> <strong> Urotropin (stabiliserat, obekr\u00e4ftat) (CAS 100-97-0) <\/strong> <\/p>\n<p>Hexamin, eller hexametylentetramin, metenamin eller urotropin (C6H12N4), \u00e4r en heterocyklisk amin som liknar adamantan till sin struktur. F\u00f6reningen anv\u00e4nds bland annat i organisk syntes.<\/p>\n","protected":false},"featured_media":9205,"template":"","meta":[],"product_brand":[],"product_cat":[116,105,106,109,112],"product_tag":[],"class_list":{"0":"post-9201","1":"product","2":"type-product","3":"status-publish","4":"has-post-thumbnail","6":"product_cat-alla-produkter","7":"product_cat-hushallskemikalier-sv","8":"product_cat-lakemedelsindustri","9":"product_cat-plast","10":"product_cat-byggbranschen","12":"first","13":"outofstock","14":"taxable","15":"shipping-taxable","16":"purchasable","17":"product-type-variable","18":"has-default-attributes","19":"rtwpvg-product"},"yoast_head":"<!-- This site is optimized with the Yoast SEO plugin v27.5 - https:\/\/yoast.com\/product\/yoast-seo-wordpress\/ -->\n<title>Urotropin (stabiliserat, of\u00f6rst\u00e4rkt) (CAS 100-97-0) - MasterChem | kemikaalien tuotanto ja myynti<\/title>\n<meta name=\"description\" content=\"Hexamin, dvs hexametylentetramin, metenamin eller urotropin (C6H12N4), \u00e4r en heterocyklisk amin med en struktur som liknar adamantan.\" \/>\n<meta name=\"robots\" content=\"index, follow, max-snippet:-1, max-image-preview:large, max-video-preview:-1\" \/>\n<link rel=\"canonical\" href=\"https:\/\/masterchem.fi\/sv\/produkt\/urotropin-stabiliserat-oforstarkt-cas-100-97-0\/\" \/>\n<meta property=\"og:locale\" content=\"sv_SE\" \/>\n<meta property=\"og:type\" content=\"article\" \/>\n<meta property=\"og:title\" content=\"Urotropin (stabiliserat, of\u00f6rst\u00e4rkt) (CAS 100-97-0) - MasterChem | kemikaalien tuotanto ja myynti\" \/>\n<meta property=\"og:description\" content=\"Hexamin, dvs hexametylentetramin, metenamin eller urotropin (C6H12N4), \u00e4r en heterocyklisk amin med en struktur som liknar adamantan.\" \/>\n<meta property=\"og:url\" content=\"https:\/\/masterchem.fi\/sv\/produkt\/urotropin-stabiliserat-oforstarkt-cas-100-97-0\/\" \/>\n<meta property=\"og:site_name\" content=\"MasterChem | kemikaalien tuotanto ja myynti\" \/>\n<meta property=\"article:modified_time\" content=\"2022-05-10T13:26:48+00:00\" \/>\n<meta property=\"og:image\" content=\"https:\/\/masterchem.fi\/wp-content\/uploads\/2022\/05\/Urotropiini-CAS-100-97-0-25kg-MasterChem.jpg\" \/>\n\t<meta property=\"og:image:width\" content=\"1000\" \/>\n\t<meta property=\"og:image:height\" content=\"1000\" \/>\n\t<meta property=\"og:image:type\" content=\"image\/jpeg\" \/>\n<meta name=\"twitter:card\" content=\"summary_large_image\" \/>\n<script type=\"application\/ld+json\" class=\"yoast-schema-graph\">{\"@context\":\"https:\\\/\\\/schema.org\",\"@graph\":[{\"@type\":\"WebPage\",\"@id\":\"https:\\\/\\\/masterchem.fi\\\/sv\\\/produkt\\\/urotropin-stabiliserat-oforstarkt-cas-100-97-0\\\/\",\"url\":\"https:\\\/\\\/masterchem.fi\\\/sv\\\/produkt\\\/urotropin-stabiliserat-oforstarkt-cas-100-97-0\\\/\",\"name\":\"Urotropin (stabiliserat, of\u00f6rst\u00e4rkt) (CAS 100-97-0) - MasterChem | kemikaalien tuotanto ja myynti\",\"isPartOf\":{\"@id\":\"https:\\\/\\\/masterchem.fi\\\/sv\\\/#website\"},\"primaryImageOfPage\":{\"@id\":\"https:\\\/\\\/masterchem.fi\\\/sv\\\/produkt\\\/urotropin-stabiliserat-oforstarkt-cas-100-97-0\\\/#primaryimage\"},\"image\":{\"@id\":\"https:\\\/\\\/masterchem.fi\\\/sv\\\/produkt\\\/urotropin-stabiliserat-oforstarkt-cas-100-97-0\\\/#primaryimage\"},\"thumbnailUrl\":\"https:\\\/\\\/masterchem.fi\\\/wp-content\\\/uploads\\\/2022\\\/05\\\/Urotropiini-CAS-100-97-0-25kg-MasterChem.jpg\",\"datePublished\":\"2022-05-10T13:14:58+00:00\",\"dateModified\":\"2022-05-10T13:26:48+00:00\",\"description\":\"Hexamin, dvs hexametylentetramin, metenamin eller urotropin (C6H12N4), \u00e4r en heterocyklisk amin med en struktur som liknar adamantan.\",\"breadcrumb\":{\"@id\":\"https:\\\/\\\/masterchem.fi\\\/sv\\\/produkt\\\/urotropin-stabiliserat-oforstarkt-cas-100-97-0\\\/#breadcrumb\"},\"inLanguage\":\"sv-SE\",\"potentialAction\":[{\"@type\":\"ReadAction\",\"target\":[\"https:\\\/\\\/masterchem.fi\\\/sv\\\/produkt\\\/urotropin-stabiliserat-oforstarkt-cas-100-97-0\\\/\"]}]},{\"@type\":\"ImageObject\",\"inLanguage\":\"sv-SE\",\"@id\":\"https:\\\/\\\/masterchem.fi\\\/sv\\\/produkt\\\/urotropin-stabiliserat-oforstarkt-cas-100-97-0\\\/#primaryimage\",\"url\":\"https:\\\/\\\/masterchem.fi\\\/wp-content\\\/uploads\\\/2022\\\/05\\\/Urotropiini-CAS-100-97-0-25kg-MasterChem.jpg\",\"contentUrl\":\"https:\\\/\\\/masterchem.fi\\\/wp-content\\\/uploads\\\/2022\\\/05\\\/Urotropiini-CAS-100-97-0-25kg-MasterChem.jpg\",\"width\":1000,\"height\":1000,\"caption\":\"Oljat svavel (CAS 7704-34-9) (CAS 100-97-0) 25kg MasterChem\"},{\"@type\":\"BreadcrumbList\",\"@id\":\"https:\\\/\\\/masterchem.fi\\\/sv\\\/produkt\\\/urotropin-stabiliserat-oforstarkt-cas-100-97-0\\\/#breadcrumb\",\"itemListElement\":[{\"@type\":\"ListItem\",\"position\":1,\"name\":\"Home\",\"item\":\"https:\\\/\\\/masterchem.fi\\\/sv\\\/\"},{\"@type\":\"ListItem\",\"position\":2,\"name\":\"Butik\",\"item\":\"https:\\\/\\\/masterchem.fi\\\/sv\\\/butik\\\/\"},{\"@type\":\"ListItem\",\"position\":3,\"name\":\"Urotropin (stabiliserat, of\u00f6rst\u00e4rkt) (CAS 100-97-0)\"}]},{\"@type\":\"WebSite\",\"@id\":\"https:\\\/\\\/masterchem.fi\\\/sv\\\/#website\",\"url\":\"https:\\\/\\\/masterchem.fi\\\/sv\\\/\",\"name\":\"MasterChem | kemikaalien tuotanto ja myynti\",\"description\":\"kemikaalien tuotanto ja myynti\",\"potentialAction\":[{\"@type\":\"SearchAction\",\"target\":{\"@type\":\"EntryPoint\",\"urlTemplate\":\"https:\\\/\\\/masterchem.fi\\\/sv\\\/?s={search_term_string}\"},\"query-input\":{\"@type\":\"PropertyValueSpecification\",\"valueRequired\":true,\"valueName\":\"search_term_string\"}}],\"inLanguage\":\"sv-SE\"}]}<\/script>\n<!-- \/ Yoast SEO plugin. -->","yoast_head_json":{"title":"Urotropin (stabiliserat, of\u00f6rst\u00e4rkt) (CAS 100-97-0) - MasterChem | kemikaalien tuotanto ja myynti","description":"Hexamin, dvs hexametylentetramin, metenamin eller urotropin (C6H12N4), \u00e4r en heterocyklisk amin med en struktur som liknar adamantan.","robots":{"index":"index","follow":"follow","max-snippet":"max-snippet:-1","max-image-preview":"max-image-preview:large","max-video-preview":"max-video-preview:-1"},"canonical":"https:\/\/masterchem.fi\/sv\/produkt\/urotropin-stabiliserat-oforstarkt-cas-100-97-0\/","og_locale":"sv_SE","og_type":"article","og_title":"Urotropin (stabiliserat, of\u00f6rst\u00e4rkt) (CAS 100-97-0) - MasterChem | kemikaalien tuotanto ja myynti","og_description":"Hexamin, dvs hexametylentetramin, metenamin eller urotropin (C6H12N4), \u00e4r en heterocyklisk amin med en struktur som liknar adamantan.","og_url":"https:\/\/masterchem.fi\/sv\/produkt\/urotropin-stabiliserat-oforstarkt-cas-100-97-0\/","og_site_name":"MasterChem | kemikaalien tuotanto ja myynti","article_modified_time":"2022-05-10T13:26:48+00:00","og_image":[{"width":1000,"height":1000,"url":"https:\/\/masterchem.fi\/wp-content\/uploads\/2022\/05\/Urotropiini-CAS-100-97-0-25kg-MasterChem.jpg","type":"image\/jpeg"}],"twitter_card":"summary_large_image","schema":{"@context":"https:\/\/schema.org","@graph":[{"@type":"WebPage","@id":"https:\/\/masterchem.fi\/sv\/produkt\/urotropin-stabiliserat-oforstarkt-cas-100-97-0\/","url":"https:\/\/masterchem.fi\/sv\/produkt\/urotropin-stabiliserat-oforstarkt-cas-100-97-0\/","name":"Urotropin (stabiliserat, of\u00f6rst\u00e4rkt) (CAS 100-97-0) - MasterChem | kemikaalien tuotanto ja myynti","isPartOf":{"@id":"https:\/\/masterchem.fi\/sv\/#website"},"primaryImageOfPage":{"@id":"https:\/\/masterchem.fi\/sv\/produkt\/urotropin-stabiliserat-oforstarkt-cas-100-97-0\/#primaryimage"},"image":{"@id":"https:\/\/masterchem.fi\/sv\/produkt\/urotropin-stabiliserat-oforstarkt-cas-100-97-0\/#primaryimage"},"thumbnailUrl":"https:\/\/masterchem.fi\/wp-content\/uploads\/2022\/05\/Urotropiini-CAS-100-97-0-25kg-MasterChem.jpg","datePublished":"2022-05-10T13:14:58+00:00","dateModified":"2022-05-10T13:26:48+00:00","description":"Hexamin, dvs hexametylentetramin, metenamin eller urotropin (C6H12N4), \u00e4r en heterocyklisk amin med en struktur som liknar adamantan.","breadcrumb":{"@id":"https:\/\/masterchem.fi\/sv\/produkt\/urotropin-stabiliserat-oforstarkt-cas-100-97-0\/#breadcrumb"},"inLanguage":"sv-SE","potentialAction":[{"@type":"ReadAction","target":["https:\/\/masterchem.fi\/sv\/produkt\/urotropin-stabiliserat-oforstarkt-cas-100-97-0\/"]}]},{"@type":"ImageObject","inLanguage":"sv-SE","@id":"https:\/\/masterchem.fi\/sv\/produkt\/urotropin-stabiliserat-oforstarkt-cas-100-97-0\/#primaryimage","url":"https:\/\/masterchem.fi\/wp-content\/uploads\/2022\/05\/Urotropiini-CAS-100-97-0-25kg-MasterChem.jpg","contentUrl":"https:\/\/masterchem.fi\/wp-content\/uploads\/2022\/05\/Urotropiini-CAS-100-97-0-25kg-MasterChem.jpg","width":1000,"height":1000,"caption":"Oljat svavel (CAS 7704-34-9) (CAS 100-97-0) 25kg MasterChem"},{"@type":"BreadcrumbList","@id":"https:\/\/masterchem.fi\/sv\/produkt\/urotropin-stabiliserat-oforstarkt-cas-100-97-0\/#breadcrumb","itemListElement":[{"@type":"ListItem","position":1,"name":"Home","item":"https:\/\/masterchem.fi\/sv\/"},{"@type":"ListItem","position":2,"name":"Butik","item":"https:\/\/masterchem.fi\/sv\/butik\/"},{"@type":"ListItem","position":3,"name":"Urotropin (stabiliserat, of\u00f6rst\u00e4rkt) (CAS 100-97-0)"}]},{"@type":"WebSite","@id":"https:\/\/masterchem.fi\/sv\/#website","url":"https:\/\/masterchem.fi\/sv\/","name":"MasterChem | kemikaalien tuotanto ja myynti","description":"kemikaalien tuotanto ja myynti","potentialAction":[{"@type":"SearchAction","target":{"@type":"EntryPoint","urlTemplate":"https:\/\/masterchem.fi\/sv\/?s={search_term_string}"},"query-input":{"@type":"PropertyValueSpecification","valueRequired":true,"valueName":"search_term_string"}}],"inLanguage":"sv-SE"}]}},"_links":{"self":[{"href":"https:\/\/masterchem.fi\/sv\/wp-json\/wp\/v2\/product\/9201","targetHints":{"allow":["GET"]}}],"collection":[{"href":"https:\/\/masterchem.fi\/sv\/wp-json\/wp\/v2\/product"}],"about":[{"href":"https:\/\/masterchem.fi\/sv\/wp-json\/wp\/v2\/types\/product"}],"wp:featuredmedia":[{"embeddable":true,"href":"https:\/\/masterchem.fi\/sv\/wp-json\/wp\/v2\/media\/9205"}],"wp:attachment":[{"href":"https:\/\/masterchem.fi\/sv\/wp-json\/wp\/v2\/media?parent=9201"}],"wp:term":[{"taxonomy":"product_brand","embeddable":true,"href":"https:\/\/masterchem.fi\/sv\/wp-json\/wp\/v2\/product_brand?post=9201"},{"taxonomy":"product_cat","embeddable":true,"href":"https:\/\/masterchem.fi\/sv\/wp-json\/wp\/v2\/product_cat?post=9201"},{"taxonomy":"product_tag","embeddable":true,"href":"https:\/\/masterchem.fi\/sv\/wp-json\/wp\/v2\/product_tag?post=9201"}],"curies":[{"name":"wp","href":"https:\/\/api.w.org\/{rel}","templated":true}]}}