{"id":9211,"date":"2022-05-10T16:29:49","date_gmt":"2022-05-10T13:29:49","guid":{"rendered":"https:\/\/masterchem.fi\/?post_type=product&#038;p=9211"},"modified":"2022-05-10T16:36:10","modified_gmt":"2022-05-10T13:36:10","slug":"oljat-svavel-cas-7704-34-9","status":"publish","type":"product","link":"https:\/\/masterchem.fi\/sv\/produkt\/oljat-svavel-cas-7704-34-9\/","title":{"rendered":"Oljat svavel (CAS 7704-34-9)"},"content":{"rendered":"<p> <strong> Information <\/strong> <\/p>\n<p> Branscher: Hush\u00e5llskemikalier <br \/>\nCAS-nummer: 7704-34-9 <br \/>\nWE-nummer: 231-722-6 <br \/>\nKemisk formel: S <br \/>\nMolvikt: 32,07 g\/mol <br \/>\nADR: UN1350 <\/p>\n<p> <strong> Andra fysiska egenskaper <\/strong> <\/p>\n<p> pH: 6,8 (100 g\/l vid 20 \u00b0C) <br \/>\nSm\u00e4ltpunkt \/ fryspunkt: 90 &#8211; 100 \u00b0 C <br \/>\nKokpunkt \/ kokpunkt: 290 \u00b0 C <br \/>\nRelativ densitet: 2,07 g\/cm3 (20 \u00b0C) <\/p>\n","protected":false},"excerpt":{"rendered":"<p> Oljad svavel (CAS 7704-34-9) <\/p>\n<p>Svavel (brittisk engelska: sulfur) \u00e4r ett kemiskt grund\u00e4mne med symbolen S och atomnummer 16. Det \u00e4r rikt, polyvalent och icke-metalliskt. Under normala f\u00f6rh\u00e5llanden bildar svavelatomer cykliska oktatomiska molekyler med den kemiska formeln S8. Element\u00e4rt svavel \u00e4r ett ljust gult, kristallint fast \u00e4mne vid rumstemperatur.<\/p>\n","protected":false},"featured_media":9215,"template":"","meta":[],"product_brand":[],"product_cat":[105,116,173,182],"product_tag":[],"class_list":{"0":"post-9211","1":"product","2":"type-product","3":"status-publish","4":"has-post-thumbnail","6":"product_cat-hushallskemikalier-sv","7":"product_cat-alla-produkter","8":"product_cat-godselmedel","9":"product_cat-hortikultur","11":"first","12":"outofstock","13":"taxable","14":"shipping-taxable","15":"purchasable","16":"product-type-variable","17":"has-default-attributes","18":"rtwpvg-product"},"yoast_head":"<!-- This site is optimized with the Yoast SEO plugin v27.2 - https:\/\/yoast.com\/product\/yoast-seo-wordpress\/ -->\n<title>Oljat svavel (CAS 7704-34-9) - MasterChem | kemikaalien tuotanto ja myynti<\/title>\n<meta name=\"description\" content=\"Svavel (brittisk engelska: sulfur) \u00e4r ett kemiskt grund\u00e4mne med symbolen S och atomnummer 16. Det \u00e4r rikt, polyvalent och icke-metalliskt.\" \/>\n<meta name=\"robots\" content=\"index, follow, max-snippet:-1, max-image-preview:large, max-video-preview:-1\" \/>\n<link rel=\"canonical\" href=\"https:\/\/masterchem.fi\/sv\/produkt\/oljat-svavel-cas-7704-34-9\/\" \/>\n<meta property=\"og:locale\" content=\"sv_SE\" \/>\n<meta property=\"og:type\" content=\"article\" \/>\n<meta property=\"og:title\" content=\"Oljat svavel (CAS 7704-34-9) - MasterChem | kemikaalien tuotanto ja myynti\" \/>\n<meta property=\"og:description\" content=\"Svavel (brittisk engelska: sulfur) \u00e4r ett kemiskt grund\u00e4mne med symbolen S och atomnummer 16. Det \u00e4r rikt, polyvalent och icke-metalliskt.\" \/>\n<meta property=\"og:url\" content=\"https:\/\/masterchem.fi\/sv\/produkt\/oljat-svavel-cas-7704-34-9\/\" \/>\n<meta property=\"og:site_name\" content=\"MasterChem | kemikaalien tuotanto ja myynti\" \/>\n<meta property=\"article:modified_time\" content=\"2022-05-10T13:36:10+00:00\" \/>\n<meta property=\"og:image\" content=\"https:\/\/masterchem.fi\/wp-content\/uploads\/2022\/05\/Olitatud-vaavel-CAS-7704-34-9-25kg-MasterChem.jpg\" \/>\n\t<meta property=\"og:image:width\" content=\"1000\" \/>\n\t<meta property=\"og:image:height\" content=\"1000\" \/>\n\t<meta property=\"og:image:type\" content=\"image\/jpeg\" \/>\n<meta name=\"twitter:card\" content=\"summary_large_image\" \/>\n<script type=\"application\/ld+json\" class=\"yoast-schema-graph\">{\"@context\":\"https:\/\/schema.org\",\"@graph\":[{\"@type\":\"WebPage\",\"@id\":\"https:\/\/masterchem.fi\/sv\/produkt\/oljat-svavel-cas-7704-34-9\/\",\"url\":\"https:\/\/masterchem.fi\/sv\/produkt\/oljat-svavel-cas-7704-34-9\/\",\"name\":\"Oljat svavel (CAS 7704-34-9) - MasterChem | kemikaalien tuotanto ja myynti\",\"isPartOf\":{\"@id\":\"https:\/\/masterchem.fi\/sv\/#website\"},\"primaryImageOfPage\":{\"@id\":\"https:\/\/masterchem.fi\/sv\/produkt\/oljat-svavel-cas-7704-34-9\/#primaryimage\"},\"image\":{\"@id\":\"https:\/\/masterchem.fi\/sv\/produkt\/oljat-svavel-cas-7704-34-9\/#primaryimage\"},\"thumbnailUrl\":\"https:\/\/masterchem.fi\/wp-content\/uploads\/2022\/05\/Olitatud-vaavel-CAS-7704-34-9-25kg-MasterChem.jpg\",\"datePublished\":\"2022-05-10T13:29:49+00:00\",\"dateModified\":\"2022-05-10T13:36:10+00:00\",\"description\":\"Svavel (brittisk engelska: sulfur) \u00e4r ett kemiskt grund\u00e4mne med symbolen S och atomnummer 16. Det \u00e4r rikt, polyvalent och icke-metalliskt.\",\"breadcrumb\":{\"@id\":\"https:\/\/masterchem.fi\/sv\/produkt\/oljat-svavel-cas-7704-34-9\/#breadcrumb\"},\"inLanguage\":\"sv-SE\",\"potentialAction\":[{\"@type\":\"ReadAction\",\"target\":[\"https:\/\/masterchem.fi\/sv\/produkt\/oljat-svavel-cas-7704-34-9\/\"]}]},{\"@type\":\"ImageObject\",\"inLanguage\":\"sv-SE\",\"@id\":\"https:\/\/masterchem.fi\/sv\/produkt\/oljat-svavel-cas-7704-34-9\/#primaryimage\",\"url\":\"https:\/\/masterchem.fi\/wp-content\/uploads\/2022\/05\/Olitatud-vaavel-CAS-7704-34-9-25kg-MasterChem.jpg\",\"contentUrl\":\"https:\/\/masterchem.fi\/wp-content\/uploads\/2022\/05\/Olitatud-vaavel-CAS-7704-34-9-25kg-MasterChem.jpg\",\"width\":1000,\"height\":1000,\"caption\":\"Oljat svavel (CAS 7704-34-9) 25kg MasterChem\"},{\"@type\":\"BreadcrumbList\",\"@id\":\"https:\/\/masterchem.fi\/sv\/produkt\/oljat-svavel-cas-7704-34-9\/#breadcrumb\",\"itemListElement\":[{\"@type\":\"ListItem\",\"position\":1,\"name\":\"Home\",\"item\":\"https:\/\/masterchem.fi\/sv\/\"},{\"@type\":\"ListItem\",\"position\":2,\"name\":\"Butik\",\"item\":\"https:\/\/masterchem.fi\/sv\/butik\/\"},{\"@type\":\"ListItem\",\"position\":3,\"name\":\"Oljat svavel (CAS 7704-34-9)\"}]},{\"@type\":\"WebSite\",\"@id\":\"https:\/\/masterchem.fi\/sv\/#website\",\"url\":\"https:\/\/masterchem.fi\/sv\/\",\"name\":\"MasterChem | kemikaalien tuotanto ja myynti\",\"description\":\"kemikaalien tuotanto ja myynti\",\"potentialAction\":[{\"@type\":\"SearchAction\",\"target\":{\"@type\":\"EntryPoint\",\"urlTemplate\":\"https:\/\/masterchem.fi\/sv\/?s={search_term_string}\"},\"query-input\":{\"@type\":\"PropertyValueSpecification\",\"valueRequired\":true,\"valueName\":\"search_term_string\"}}],\"inLanguage\":\"sv-SE\"}]}<\/script>\n<!-- \/ Yoast SEO plugin. -->","yoast_head_json":{"title":"Oljat svavel (CAS 7704-34-9) - MasterChem | kemikaalien tuotanto ja myynti","description":"Svavel (brittisk engelska: sulfur) \u00e4r ett kemiskt grund\u00e4mne med symbolen S och atomnummer 16. Det \u00e4r rikt, polyvalent och icke-metalliskt.","robots":{"index":"index","follow":"follow","max-snippet":"max-snippet:-1","max-image-preview":"max-image-preview:large","max-video-preview":"max-video-preview:-1"},"canonical":"https:\/\/masterchem.fi\/sv\/produkt\/oljat-svavel-cas-7704-34-9\/","og_locale":"sv_SE","og_type":"article","og_title":"Oljat svavel (CAS 7704-34-9) - MasterChem | kemikaalien tuotanto ja myynti","og_description":"Svavel (brittisk engelska: sulfur) \u00e4r ett kemiskt grund\u00e4mne med symbolen S och atomnummer 16. Det \u00e4r rikt, polyvalent och icke-metalliskt.","og_url":"https:\/\/masterchem.fi\/sv\/produkt\/oljat-svavel-cas-7704-34-9\/","og_site_name":"MasterChem | kemikaalien tuotanto ja myynti","article_modified_time":"2022-05-10T13:36:10+00:00","og_image":[{"width":1000,"height":1000,"url":"https:\/\/masterchem.fi\/wp-content\/uploads\/2022\/05\/Olitatud-vaavel-CAS-7704-34-9-25kg-MasterChem.jpg","type":"image\/jpeg"}],"twitter_card":"summary_large_image","schema":{"@context":"https:\/\/schema.org","@graph":[{"@type":"WebPage","@id":"https:\/\/masterchem.fi\/sv\/produkt\/oljat-svavel-cas-7704-34-9\/","url":"https:\/\/masterchem.fi\/sv\/produkt\/oljat-svavel-cas-7704-34-9\/","name":"Oljat svavel (CAS 7704-34-9) - MasterChem | kemikaalien tuotanto ja myynti","isPartOf":{"@id":"https:\/\/masterchem.fi\/sv\/#website"},"primaryImageOfPage":{"@id":"https:\/\/masterchem.fi\/sv\/produkt\/oljat-svavel-cas-7704-34-9\/#primaryimage"},"image":{"@id":"https:\/\/masterchem.fi\/sv\/produkt\/oljat-svavel-cas-7704-34-9\/#primaryimage"},"thumbnailUrl":"https:\/\/masterchem.fi\/wp-content\/uploads\/2022\/05\/Olitatud-vaavel-CAS-7704-34-9-25kg-MasterChem.jpg","datePublished":"2022-05-10T13:29:49+00:00","dateModified":"2022-05-10T13:36:10+00:00","description":"Svavel (brittisk engelska: sulfur) \u00e4r ett kemiskt grund\u00e4mne med symbolen S och atomnummer 16. Det \u00e4r rikt, polyvalent och icke-metalliskt.","breadcrumb":{"@id":"https:\/\/masterchem.fi\/sv\/produkt\/oljat-svavel-cas-7704-34-9\/#breadcrumb"},"inLanguage":"sv-SE","potentialAction":[{"@type":"ReadAction","target":["https:\/\/masterchem.fi\/sv\/produkt\/oljat-svavel-cas-7704-34-9\/"]}]},{"@type":"ImageObject","inLanguage":"sv-SE","@id":"https:\/\/masterchem.fi\/sv\/produkt\/oljat-svavel-cas-7704-34-9\/#primaryimage","url":"https:\/\/masterchem.fi\/wp-content\/uploads\/2022\/05\/Olitatud-vaavel-CAS-7704-34-9-25kg-MasterChem.jpg","contentUrl":"https:\/\/masterchem.fi\/wp-content\/uploads\/2022\/05\/Olitatud-vaavel-CAS-7704-34-9-25kg-MasterChem.jpg","width":1000,"height":1000,"caption":"Oljat svavel (CAS 7704-34-9) 25kg MasterChem"},{"@type":"BreadcrumbList","@id":"https:\/\/masterchem.fi\/sv\/produkt\/oljat-svavel-cas-7704-34-9\/#breadcrumb","itemListElement":[{"@type":"ListItem","position":1,"name":"Home","item":"https:\/\/masterchem.fi\/sv\/"},{"@type":"ListItem","position":2,"name":"Butik","item":"https:\/\/masterchem.fi\/sv\/butik\/"},{"@type":"ListItem","position":3,"name":"Oljat svavel (CAS 7704-34-9)"}]},{"@type":"WebSite","@id":"https:\/\/masterchem.fi\/sv\/#website","url":"https:\/\/masterchem.fi\/sv\/","name":"MasterChem | kemikaalien tuotanto ja myynti","description":"kemikaalien tuotanto ja myynti","potentialAction":[{"@type":"SearchAction","target":{"@type":"EntryPoint","urlTemplate":"https:\/\/masterchem.fi\/sv\/?s={search_term_string}"},"query-input":{"@type":"PropertyValueSpecification","valueRequired":true,"valueName":"search_term_string"}}],"inLanguage":"sv-SE"}]}},"_links":{"self":[{"href":"https:\/\/masterchem.fi\/sv\/wp-json\/wp\/v2\/product\/9211","targetHints":{"allow":["GET"]}}],"collection":[{"href":"https:\/\/masterchem.fi\/sv\/wp-json\/wp\/v2\/product"}],"about":[{"href":"https:\/\/masterchem.fi\/sv\/wp-json\/wp\/v2\/types\/product"}],"wp:featuredmedia":[{"embeddable":true,"href":"https:\/\/masterchem.fi\/sv\/wp-json\/wp\/v2\/media\/9215"}],"wp:attachment":[{"href":"https:\/\/masterchem.fi\/sv\/wp-json\/wp\/v2\/media?parent=9211"}],"wp:term":[{"taxonomy":"product_brand","embeddable":true,"href":"https:\/\/masterchem.fi\/sv\/wp-json\/wp\/v2\/product_brand?post=9211"},{"taxonomy":"product_cat","embeddable":true,"href":"https:\/\/masterchem.fi\/sv\/wp-json\/wp\/v2\/product_cat?post=9211"},{"taxonomy":"product_tag","embeddable":true,"href":"https:\/\/masterchem.fi\/sv\/wp-json\/wp\/v2\/product_tag?post=9211"}],"curies":[{"name":"wp","href":"https:\/\/api.w.org\/{rel}","templated":true}]}}