{"id":9227,"date":"2022-05-10T16:39:00","date_gmt":"2022-05-10T13:39:01","guid":{"rendered":"https:\/\/masterchem.fi\/?post_type=product&#038;p=9227"},"modified":"2022-05-10T16:44:22","modified_gmt":"2022-05-10T13:44:22","slug":"vaselin-vit-gul-cas-8009-03-8","status":"publish","type":"product","link":"https:\/\/masterchem.fi\/sv\/produkt\/vaselin-vit-gul-cas-8009-03-8\/","title":{"rendered":"Vaselin (vit, gul) (CAS 8009-03-8)"},"content":{"rendered":"<p> <strong> Information <\/strong> <\/p>\n<p> Branscher: Hush\u00e5llskemikalier, lim, oljor, fetter, l\u00e4kemedel <br \/>\nCAS-nummer: 8009-03-8 <br \/>\nWE-nummer: 232-373-2 <br \/>\nTaxa: 271210 <\/p>\n<p> <strong> Andra fysiska egenskaper <\/strong> <\/p>\n<p> Sm\u00e4ltpunkt \/ fryspunkt: 30-60 \u00b0 C <br \/>\nRelativ densitet: 0,83 g\/cm3 (90 \u00b0C) <\/p>\n","protected":false},"excerpt":{"rendered":"<p> <strong> Vaselin (vit, gul) (CAS 8009-03-8) <\/strong> <\/p>\n<p>Vaselin (latin vaselin, Paraffinum unguinosum, Petrolatum) \u00e4r en luktfri och smakl\u00f6s vit v\u00e4tska. Med ofullst\u00e4ndig reng\u00f6ring \u00e4ndras f\u00e4rgen fr\u00e5n svart till gul, med fullst\u00e4ndig reng\u00f6ring &#8211; genomskinlig. Best\u00e5r av en blandning av mineralolja och h\u00e5rda paraffiner. Sm\u00e4ltpunkt 27-60\u00b0C, viskositet 28-36 mm\u00b2\/s vid 50\u00b0C. L\u00f6ser i eter och kloroform, ol\u00f6slig i vatten och alkohol, blandbar i oljor utom ricinolja. Erh\u00e5llen fr\u00e5n vakuumdestillatoljefraktioner genom f\u00f6rtjockning med petrolatum, paraffin och ceresin. Ingen tv\u00e5l med alkaliska l\u00f6sningar, ingen oxidation, ingen f\u00f6rst\u00f6relse i luften. <\/p>\n","protected":false},"featured_media":9249,"template":"","meta":[],"product_brand":[],"product_cat":[105,106,116],"product_tag":[],"class_list":{"0":"post-9227","1":"product","2":"type-product","3":"status-publish","4":"has-post-thumbnail","6":"product_cat-hushallskemikalier-sv","7":"product_cat-lakemedelsindustri","8":"product_cat-alla-produkter","10":"first","11":"outofstock","12":"taxable","13":"shipping-taxable","14":"purchasable","15":"product-type-variable","16":"has-default-attributes","17":"rtwpvg-product"},"yoast_head":"<!-- This site is optimized with the Yoast SEO plugin v27.2 - https:\/\/yoast.com\/product\/yoast-seo-wordpress\/ -->\n<title>Vaselin (vit, gul) (CAS 8009-03-8) - MasterChem | kemikaalien tuotanto ja myynti<\/title>\n<meta name=\"description\" content=\"Vaselin (latin vaselin, Paraffinum unguinosum, Petrolatum) \u00e4r en luktfri och smakl\u00f6s vit v\u00e4tska.\" \/>\n<meta name=\"robots\" content=\"index, follow, max-snippet:-1, max-image-preview:large, max-video-preview:-1\" \/>\n<link rel=\"canonical\" href=\"https:\/\/masterchem.fi\/sv\/produkt\/vaselin-vit-gul-cas-8009-03-8\/\" \/>\n<meta property=\"og:locale\" content=\"sv_SE\" \/>\n<meta property=\"og:type\" content=\"article\" \/>\n<meta property=\"og:title\" content=\"Vaselin (vit, gul) (CAS 8009-03-8) - MasterChem | kemikaalien tuotanto ja myynti\" \/>\n<meta property=\"og:description\" content=\"Vaselin (latin vaselin, Paraffinum unguinosum, Petrolatum) \u00e4r en luktfri och smakl\u00f6s vit v\u00e4tska.\" \/>\n<meta property=\"og:url\" content=\"https:\/\/masterchem.fi\/sv\/produkt\/vaselin-vit-gul-cas-8009-03-8\/\" \/>\n<meta property=\"og:site_name\" content=\"MasterChem | kemikaalien tuotanto ja myynti\" \/>\n<meta property=\"article:modified_time\" content=\"2022-05-10T13:44:22+00:00\" \/>\n<meta property=\"og:image\" content=\"https:\/\/masterchem.fi\/wp-content\/uploads\/2022\/05\/Vaseliini-CAS-8009-03-8-1000l-MaterChem.jpg\" \/>\n\t<meta property=\"og:image:width\" content=\"1000\" \/>\n\t<meta property=\"og:image:height\" content=\"1000\" \/>\n\t<meta property=\"og:image:type\" content=\"image\/jpeg\" \/>\n<meta name=\"twitter:card\" content=\"summary_large_image\" \/>\n<script type=\"application\/ld+json\" class=\"yoast-schema-graph\">{\"@context\":\"https:\/\/schema.org\",\"@graph\":[{\"@type\":\"WebPage\",\"@id\":\"https:\/\/masterchem.fi\/sv\/produkt\/vaselin-vit-gul-cas-8009-03-8\/\",\"url\":\"https:\/\/masterchem.fi\/sv\/produkt\/vaselin-vit-gul-cas-8009-03-8\/\",\"name\":\"Vaselin (vit, gul) (CAS 8009-03-8) - MasterChem | kemikaalien tuotanto ja myynti\",\"isPartOf\":{\"@id\":\"https:\/\/masterchem.fi\/sv\/#website\"},\"primaryImageOfPage\":{\"@id\":\"https:\/\/masterchem.fi\/sv\/produkt\/vaselin-vit-gul-cas-8009-03-8\/#primaryimage\"},\"image\":{\"@id\":\"https:\/\/masterchem.fi\/sv\/produkt\/vaselin-vit-gul-cas-8009-03-8\/#primaryimage\"},\"thumbnailUrl\":\"https:\/\/masterchem.fi\/wp-content\/uploads\/2022\/05\/Vaseliini-CAS-8009-03-8-1000l-MaterChem.jpg\",\"datePublished\":\"2022-05-10T13:39:01+00:00\",\"dateModified\":\"2022-05-10T13:44:22+00:00\",\"description\":\"Vaselin (latin vaselin, Paraffinum unguinosum, Petrolatum) \u00e4r en luktfri och smakl\u00f6s vit v\u00e4tska.\",\"breadcrumb\":{\"@id\":\"https:\/\/masterchem.fi\/sv\/produkt\/vaselin-vit-gul-cas-8009-03-8\/#breadcrumb\"},\"inLanguage\":\"sv-SE\",\"potentialAction\":[{\"@type\":\"ReadAction\",\"target\":[\"https:\/\/masterchem.fi\/sv\/produkt\/vaselin-vit-gul-cas-8009-03-8\/\"]}]},{\"@type\":\"ImageObject\",\"inLanguage\":\"sv-SE\",\"@id\":\"https:\/\/masterchem.fi\/sv\/produkt\/vaselin-vit-gul-cas-8009-03-8\/#primaryimage\",\"url\":\"https:\/\/masterchem.fi\/wp-content\/uploads\/2022\/05\/Vaseliini-CAS-8009-03-8-1000l-MaterChem.jpg\",\"contentUrl\":\"https:\/\/masterchem.fi\/wp-content\/uploads\/2022\/05\/Vaseliini-CAS-8009-03-8-1000l-MaterChem.jpg\",\"width\":1000,\"height\":1000,\"caption\":\"Vaselin (vit, gul) (CAS 8009-03-8) 1000l MaterChem\"},{\"@type\":\"BreadcrumbList\",\"@id\":\"https:\/\/masterchem.fi\/sv\/produkt\/vaselin-vit-gul-cas-8009-03-8\/#breadcrumb\",\"itemListElement\":[{\"@type\":\"ListItem\",\"position\":1,\"name\":\"Home\",\"item\":\"https:\/\/masterchem.fi\/sv\/\"},{\"@type\":\"ListItem\",\"position\":2,\"name\":\"Butik\",\"item\":\"https:\/\/masterchem.fi\/sv\/butik\/\"},{\"@type\":\"ListItem\",\"position\":3,\"name\":\"Vaselin (vit, gul) (CAS 8009-03-8)\"}]},{\"@type\":\"WebSite\",\"@id\":\"https:\/\/masterchem.fi\/sv\/#website\",\"url\":\"https:\/\/masterchem.fi\/sv\/\",\"name\":\"MasterChem | kemikaalien tuotanto ja myynti\",\"description\":\"kemikaalien tuotanto ja myynti\",\"potentialAction\":[{\"@type\":\"SearchAction\",\"target\":{\"@type\":\"EntryPoint\",\"urlTemplate\":\"https:\/\/masterchem.fi\/sv\/?s={search_term_string}\"},\"query-input\":{\"@type\":\"PropertyValueSpecification\",\"valueRequired\":true,\"valueName\":\"search_term_string\"}}],\"inLanguage\":\"sv-SE\"}]}<\/script>\n<!-- \/ Yoast SEO plugin. -->","yoast_head_json":{"title":"Vaselin (vit, gul) (CAS 8009-03-8) - MasterChem | kemikaalien tuotanto ja myynti","description":"Vaselin (latin vaselin, Paraffinum unguinosum, Petrolatum) \u00e4r en luktfri och smakl\u00f6s vit v\u00e4tska.","robots":{"index":"index","follow":"follow","max-snippet":"max-snippet:-1","max-image-preview":"max-image-preview:large","max-video-preview":"max-video-preview:-1"},"canonical":"https:\/\/masterchem.fi\/sv\/produkt\/vaselin-vit-gul-cas-8009-03-8\/","og_locale":"sv_SE","og_type":"article","og_title":"Vaselin (vit, gul) (CAS 8009-03-8) - MasterChem | kemikaalien tuotanto ja myynti","og_description":"Vaselin (latin vaselin, Paraffinum unguinosum, Petrolatum) \u00e4r en luktfri och smakl\u00f6s vit v\u00e4tska.","og_url":"https:\/\/masterchem.fi\/sv\/produkt\/vaselin-vit-gul-cas-8009-03-8\/","og_site_name":"MasterChem | kemikaalien tuotanto ja myynti","article_modified_time":"2022-05-10T13:44:22+00:00","og_image":[{"width":1000,"height":1000,"url":"https:\/\/masterchem.fi\/wp-content\/uploads\/2022\/05\/Vaseliini-CAS-8009-03-8-1000l-MaterChem.jpg","type":"image\/jpeg"}],"twitter_card":"summary_large_image","schema":{"@context":"https:\/\/schema.org","@graph":[{"@type":"WebPage","@id":"https:\/\/masterchem.fi\/sv\/produkt\/vaselin-vit-gul-cas-8009-03-8\/","url":"https:\/\/masterchem.fi\/sv\/produkt\/vaselin-vit-gul-cas-8009-03-8\/","name":"Vaselin (vit, gul) (CAS 8009-03-8) - MasterChem | kemikaalien tuotanto ja myynti","isPartOf":{"@id":"https:\/\/masterchem.fi\/sv\/#website"},"primaryImageOfPage":{"@id":"https:\/\/masterchem.fi\/sv\/produkt\/vaselin-vit-gul-cas-8009-03-8\/#primaryimage"},"image":{"@id":"https:\/\/masterchem.fi\/sv\/produkt\/vaselin-vit-gul-cas-8009-03-8\/#primaryimage"},"thumbnailUrl":"https:\/\/masterchem.fi\/wp-content\/uploads\/2022\/05\/Vaseliini-CAS-8009-03-8-1000l-MaterChem.jpg","datePublished":"2022-05-10T13:39:01+00:00","dateModified":"2022-05-10T13:44:22+00:00","description":"Vaselin (latin vaselin, Paraffinum unguinosum, Petrolatum) \u00e4r en luktfri och smakl\u00f6s vit v\u00e4tska.","breadcrumb":{"@id":"https:\/\/masterchem.fi\/sv\/produkt\/vaselin-vit-gul-cas-8009-03-8\/#breadcrumb"},"inLanguage":"sv-SE","potentialAction":[{"@type":"ReadAction","target":["https:\/\/masterchem.fi\/sv\/produkt\/vaselin-vit-gul-cas-8009-03-8\/"]}]},{"@type":"ImageObject","inLanguage":"sv-SE","@id":"https:\/\/masterchem.fi\/sv\/produkt\/vaselin-vit-gul-cas-8009-03-8\/#primaryimage","url":"https:\/\/masterchem.fi\/wp-content\/uploads\/2022\/05\/Vaseliini-CAS-8009-03-8-1000l-MaterChem.jpg","contentUrl":"https:\/\/masterchem.fi\/wp-content\/uploads\/2022\/05\/Vaseliini-CAS-8009-03-8-1000l-MaterChem.jpg","width":1000,"height":1000,"caption":"Vaselin (vit, gul) (CAS 8009-03-8) 1000l MaterChem"},{"@type":"BreadcrumbList","@id":"https:\/\/masterchem.fi\/sv\/produkt\/vaselin-vit-gul-cas-8009-03-8\/#breadcrumb","itemListElement":[{"@type":"ListItem","position":1,"name":"Home","item":"https:\/\/masterchem.fi\/sv\/"},{"@type":"ListItem","position":2,"name":"Butik","item":"https:\/\/masterchem.fi\/sv\/butik\/"},{"@type":"ListItem","position":3,"name":"Vaselin (vit, gul) (CAS 8009-03-8)"}]},{"@type":"WebSite","@id":"https:\/\/masterchem.fi\/sv\/#website","url":"https:\/\/masterchem.fi\/sv\/","name":"MasterChem | kemikaalien tuotanto ja myynti","description":"kemikaalien tuotanto ja myynti","potentialAction":[{"@type":"SearchAction","target":{"@type":"EntryPoint","urlTemplate":"https:\/\/masterchem.fi\/sv\/?s={search_term_string}"},"query-input":{"@type":"PropertyValueSpecification","valueRequired":true,"valueName":"search_term_string"}}],"inLanguage":"sv-SE"}]}},"_links":{"self":[{"href":"https:\/\/masterchem.fi\/sv\/wp-json\/wp\/v2\/product\/9227","targetHints":{"allow":["GET"]}}],"collection":[{"href":"https:\/\/masterchem.fi\/sv\/wp-json\/wp\/v2\/product"}],"about":[{"href":"https:\/\/masterchem.fi\/sv\/wp-json\/wp\/v2\/types\/product"}],"wp:featuredmedia":[{"embeddable":true,"href":"https:\/\/masterchem.fi\/sv\/wp-json\/wp\/v2\/media\/9249"}],"wp:attachment":[{"href":"https:\/\/masterchem.fi\/sv\/wp-json\/wp\/v2\/media?parent=9227"}],"wp:term":[{"taxonomy":"product_brand","embeddable":true,"href":"https:\/\/masterchem.fi\/sv\/wp-json\/wp\/v2\/product_brand?post=9227"},{"taxonomy":"product_cat","embeddable":true,"href":"https:\/\/masterchem.fi\/sv\/wp-json\/wp\/v2\/product_cat?post=9227"},{"taxonomy":"product_tag","embeddable":true,"href":"https:\/\/masterchem.fi\/sv\/wp-json\/wp\/v2\/product_tag?post=9227"}],"curies":[{"name":"wp","href":"https:\/\/api.w.org\/{rel}","templated":true}]}}