{"id":9269,"date":"2022-05-11T18:53:45","date_gmt":"2022-05-11T15:53:46","guid":{"rendered":"https:\/\/masterchem.fi\/?post_type=product&#038;p=9269"},"modified":"2022-05-11T18:59:49","modified_gmt":"2022-05-11T15:59:49","slug":"latt-flytande-paraffin-cas-8042-47-5","status":"publish","type":"product","link":"https:\/\/masterchem.fi\/sv\/produkt\/latt-flytande-paraffin-cas-8042-47-5\/","title":{"rendered":"L\u00e4tt flytande paraffin (CAS 8042-47-5)"},"content":{"rendered":"<p> <strong> Information <\/strong> <\/p>\n<p> Branscher: hush\u00e5llskemikalier, g\u00f6dningsmedel, kosmetika, lim, oljor, fetter, l\u00e4kemedel, byggkemikalier <br \/>\nCAS-nummer: 8042-47-5 <br \/>\nWE-nummer: 232-455-8 <br \/>\nTulltaxa: 27101985 <\/p>\n<p> <strong> Andra fysiska egenskaper <\/strong> <\/p>\n<p> Kokpunkt \/ kokomr\u00e5de:> 280 \u00b0 C <br \/>\nRelativ densitet: 850 kg \/ m3 (15 \u00b0 C) <\/p>\n","protected":false},"excerpt":{"rendered":"<p> <strong> L\u00e4tt flytande paraffin (CAS 8042-47-5) <\/strong> <\/p>\n<p> L\u00e4tt flytande paraffinolja Ip anv\u00e4nds vid tillverkning av antistatisk konolja, stickolja och andra textilhj\u00e4lpmedel, vegetabilisk sprayolja, jordbrukskemikalier, aerosoler, f\u00e4rg\u00e4mnen, pappersindustri; Parfymer, specialsm\u00f6rjmedel f\u00f6r livsmedel, livsmedelsgodk\u00e4nd plast som anv\u00e4nds som mjukg\u00f6rare f\u00f6r sm\u00f6rjmedel, insekter, smak- och doft\u00e4mnen, parfymkemikalier, specialkemikalier, r\u00f6kelse, lotioner f\u00f6r personliga hygienprodukter, l\u00e4derkemikalier, fettl\u00f6sningar, petrokemiska l\u00f6sningsmedel, etc. tillverkning av bulk och livsmedelsprodukter. <\/p>\n","protected":false},"featured_media":9291,"template":"","meta":[],"product_brand":[],"product_cat":[105,106,173,112,177,116,182],"product_tag":[],"class_list":{"0":"post-9269","1":"product","2":"type-product","3":"status-publish","4":"has-post-thumbnail","6":"product_cat-hushallskemikalier-sv","7":"product_cat-lakemedelsindustri","8":"product_cat-godselmedel","9":"product_cat-byggbranschen","10":"product_cat-kosmetikindustrin","11":"product_cat-alla-produkter","12":"product_cat-hortikultur","14":"first","15":"outofstock","16":"taxable","17":"shipping-taxable","18":"purchasable","19":"product-type-variable","20":"has-default-attributes","21":"rtwpvg-product"},"yoast_head":"<!-- This site is optimized with the Yoast SEO plugin v27.2 - https:\/\/yoast.com\/product\/yoast-seo-wordpress\/ -->\n<title>L\u00e4tt flytande paraffin (CAS 8042-47-5) - MasterChem | kemikaalien tuotanto ja myynti<\/title>\n<meta name=\"description\" content=\"L\u00e4tt flytande paraffinolja Ip anv\u00e4nds vid tillverkning av antistatisk konolja, stickolja och andra textilhj\u00e4lpmedel, vegetabilisk sprayolja, jordbrukskemikalier, aerosoler, f\u00e4rg\u00e4mnen\" \/>\n<meta name=\"robots\" content=\"index, follow, max-snippet:-1, max-image-preview:large, max-video-preview:-1\" \/>\n<link rel=\"canonical\" href=\"https:\/\/masterchem.fi\/sv\/produkt\/latt-flytande-paraffin-cas-8042-47-5\/\" \/>\n<meta property=\"og:locale\" content=\"sv_SE\" \/>\n<meta property=\"og:type\" content=\"article\" \/>\n<meta property=\"og:title\" content=\"L\u00e4tt flytande paraffin (CAS 8042-47-5) - MasterChem | kemikaalien tuotanto ja myynti\" \/>\n<meta property=\"og:description\" content=\"L\u00e4tt flytande paraffinolja Ip anv\u00e4nds vid tillverkning av antistatisk konolja, stickolja och andra textilhj\u00e4lpmedel, vegetabilisk sprayolja, jordbrukskemikalier, aerosoler, f\u00e4rg\u00e4mnen\" \/>\n<meta property=\"og:url\" content=\"https:\/\/masterchem.fi\/sv\/produkt\/latt-flytande-paraffin-cas-8042-47-5\/\" \/>\n<meta property=\"og:site_name\" content=\"MasterChem | kemikaalien tuotanto ja myynti\" \/>\n<meta property=\"article:modified_time\" content=\"2022-05-11T15:59:49+00:00\" \/>\n<meta property=\"og:image\" content=\"https:\/\/masterchem.fi\/wp-content\/uploads\/2022\/05\/Kevyt-nestemainen-parafiini-CAS-8042-47-5-1000l-MaterChem.jpg\" \/>\n\t<meta property=\"og:image:width\" content=\"1000\" \/>\n\t<meta property=\"og:image:height\" content=\"1000\" \/>\n\t<meta property=\"og:image:type\" content=\"image\/jpeg\" \/>\n<meta name=\"twitter:card\" content=\"summary_large_image\" \/>\n<script type=\"application\/ld+json\" class=\"yoast-schema-graph\">{\"@context\":\"https:\/\/schema.org\",\"@graph\":[{\"@type\":\"WebPage\",\"@id\":\"https:\/\/masterchem.fi\/sv\/produkt\/latt-flytande-paraffin-cas-8042-47-5\/\",\"url\":\"https:\/\/masterchem.fi\/sv\/produkt\/latt-flytande-paraffin-cas-8042-47-5\/\",\"name\":\"L\u00e4tt flytande paraffin (CAS 8042-47-5) - MasterChem | kemikaalien tuotanto ja myynti\",\"isPartOf\":{\"@id\":\"https:\/\/masterchem.fi\/sv\/#website\"},\"primaryImageOfPage\":{\"@id\":\"https:\/\/masterchem.fi\/sv\/produkt\/latt-flytande-paraffin-cas-8042-47-5\/#primaryimage\"},\"image\":{\"@id\":\"https:\/\/masterchem.fi\/sv\/produkt\/latt-flytande-paraffin-cas-8042-47-5\/#primaryimage\"},\"thumbnailUrl\":\"https:\/\/masterchem.fi\/wp-content\/uploads\/2022\/05\/Kevyt-nestemainen-parafiini-CAS-8042-47-5-1000l-MaterChem.jpg\",\"datePublished\":\"2022-05-11T15:53:46+00:00\",\"dateModified\":\"2022-05-11T15:59:49+00:00\",\"description\":\"L\u00e4tt flytande paraffinolja Ip anv\u00e4nds vid tillverkning av antistatisk konolja, stickolja och andra textilhj\u00e4lpmedel, vegetabilisk sprayolja, jordbrukskemikalier, aerosoler, f\u00e4rg\u00e4mnen\",\"breadcrumb\":{\"@id\":\"https:\/\/masterchem.fi\/sv\/produkt\/latt-flytande-paraffin-cas-8042-47-5\/#breadcrumb\"},\"inLanguage\":\"sv-SE\",\"potentialAction\":[{\"@type\":\"ReadAction\",\"target\":[\"https:\/\/masterchem.fi\/sv\/produkt\/latt-flytande-paraffin-cas-8042-47-5\/\"]}]},{\"@type\":\"ImageObject\",\"inLanguage\":\"sv-SE\",\"@id\":\"https:\/\/masterchem.fi\/sv\/produkt\/latt-flytande-paraffin-cas-8042-47-5\/#primaryimage\",\"url\":\"https:\/\/masterchem.fi\/wp-content\/uploads\/2022\/05\/Kevyt-nestemainen-parafiini-CAS-8042-47-5-1000l-MaterChem.jpg\",\"contentUrl\":\"https:\/\/masterchem.fi\/wp-content\/uploads\/2022\/05\/Kevyt-nestemainen-parafiini-CAS-8042-47-5-1000l-MaterChem.jpg\",\"width\":1000,\"height\":1000,\"caption\":\"L\u00e4tt flytande paraffin (CAS 8042-47-5) 1000l MaterChem\"},{\"@type\":\"BreadcrumbList\",\"@id\":\"https:\/\/masterchem.fi\/sv\/produkt\/latt-flytande-paraffin-cas-8042-47-5\/#breadcrumb\",\"itemListElement\":[{\"@type\":\"ListItem\",\"position\":1,\"name\":\"Home\",\"item\":\"https:\/\/masterchem.fi\/sv\/\"},{\"@type\":\"ListItem\",\"position\":2,\"name\":\"Butik\",\"item\":\"https:\/\/masterchem.fi\/sv\/butik\/\"},{\"@type\":\"ListItem\",\"position\":3,\"name\":\"L\u00e4tt flytande paraffin (CAS 8042-47-5)\"}]},{\"@type\":\"WebSite\",\"@id\":\"https:\/\/masterchem.fi\/sv\/#website\",\"url\":\"https:\/\/masterchem.fi\/sv\/\",\"name\":\"MasterChem | kemikaalien tuotanto ja myynti\",\"description\":\"kemikaalien tuotanto ja myynti\",\"potentialAction\":[{\"@type\":\"SearchAction\",\"target\":{\"@type\":\"EntryPoint\",\"urlTemplate\":\"https:\/\/masterchem.fi\/sv\/?s={search_term_string}\"},\"query-input\":{\"@type\":\"PropertyValueSpecification\",\"valueRequired\":true,\"valueName\":\"search_term_string\"}}],\"inLanguage\":\"sv-SE\"}]}<\/script>\n<!-- \/ Yoast SEO plugin. -->","yoast_head_json":{"title":"L\u00e4tt flytande paraffin (CAS 8042-47-5) - MasterChem | kemikaalien tuotanto ja myynti","description":"L\u00e4tt flytande paraffinolja Ip anv\u00e4nds vid tillverkning av antistatisk konolja, stickolja och andra textilhj\u00e4lpmedel, vegetabilisk sprayolja, jordbrukskemikalier, aerosoler, f\u00e4rg\u00e4mnen","robots":{"index":"index","follow":"follow","max-snippet":"max-snippet:-1","max-image-preview":"max-image-preview:large","max-video-preview":"max-video-preview:-1"},"canonical":"https:\/\/masterchem.fi\/sv\/produkt\/latt-flytande-paraffin-cas-8042-47-5\/","og_locale":"sv_SE","og_type":"article","og_title":"L\u00e4tt flytande paraffin (CAS 8042-47-5) - MasterChem | kemikaalien tuotanto ja myynti","og_description":"L\u00e4tt flytande paraffinolja Ip anv\u00e4nds vid tillverkning av antistatisk konolja, stickolja och andra textilhj\u00e4lpmedel, vegetabilisk sprayolja, jordbrukskemikalier, aerosoler, f\u00e4rg\u00e4mnen","og_url":"https:\/\/masterchem.fi\/sv\/produkt\/latt-flytande-paraffin-cas-8042-47-5\/","og_site_name":"MasterChem | kemikaalien tuotanto ja myynti","article_modified_time":"2022-05-11T15:59:49+00:00","og_image":[{"width":1000,"height":1000,"url":"https:\/\/masterchem.fi\/wp-content\/uploads\/2022\/05\/Kevyt-nestemainen-parafiini-CAS-8042-47-5-1000l-MaterChem.jpg","type":"image\/jpeg"}],"twitter_card":"summary_large_image","schema":{"@context":"https:\/\/schema.org","@graph":[{"@type":"WebPage","@id":"https:\/\/masterchem.fi\/sv\/produkt\/latt-flytande-paraffin-cas-8042-47-5\/","url":"https:\/\/masterchem.fi\/sv\/produkt\/latt-flytande-paraffin-cas-8042-47-5\/","name":"L\u00e4tt flytande paraffin (CAS 8042-47-5) - MasterChem | kemikaalien tuotanto ja myynti","isPartOf":{"@id":"https:\/\/masterchem.fi\/sv\/#website"},"primaryImageOfPage":{"@id":"https:\/\/masterchem.fi\/sv\/produkt\/latt-flytande-paraffin-cas-8042-47-5\/#primaryimage"},"image":{"@id":"https:\/\/masterchem.fi\/sv\/produkt\/latt-flytande-paraffin-cas-8042-47-5\/#primaryimage"},"thumbnailUrl":"https:\/\/masterchem.fi\/wp-content\/uploads\/2022\/05\/Kevyt-nestemainen-parafiini-CAS-8042-47-5-1000l-MaterChem.jpg","datePublished":"2022-05-11T15:53:46+00:00","dateModified":"2022-05-11T15:59:49+00:00","description":"L\u00e4tt flytande paraffinolja Ip anv\u00e4nds vid tillverkning av antistatisk konolja, stickolja och andra textilhj\u00e4lpmedel, vegetabilisk sprayolja, jordbrukskemikalier, aerosoler, f\u00e4rg\u00e4mnen","breadcrumb":{"@id":"https:\/\/masterchem.fi\/sv\/produkt\/latt-flytande-paraffin-cas-8042-47-5\/#breadcrumb"},"inLanguage":"sv-SE","potentialAction":[{"@type":"ReadAction","target":["https:\/\/masterchem.fi\/sv\/produkt\/latt-flytande-paraffin-cas-8042-47-5\/"]}]},{"@type":"ImageObject","inLanguage":"sv-SE","@id":"https:\/\/masterchem.fi\/sv\/produkt\/latt-flytande-paraffin-cas-8042-47-5\/#primaryimage","url":"https:\/\/masterchem.fi\/wp-content\/uploads\/2022\/05\/Kevyt-nestemainen-parafiini-CAS-8042-47-5-1000l-MaterChem.jpg","contentUrl":"https:\/\/masterchem.fi\/wp-content\/uploads\/2022\/05\/Kevyt-nestemainen-parafiini-CAS-8042-47-5-1000l-MaterChem.jpg","width":1000,"height":1000,"caption":"L\u00e4tt flytande paraffin (CAS 8042-47-5) 1000l MaterChem"},{"@type":"BreadcrumbList","@id":"https:\/\/masterchem.fi\/sv\/produkt\/latt-flytande-paraffin-cas-8042-47-5\/#breadcrumb","itemListElement":[{"@type":"ListItem","position":1,"name":"Home","item":"https:\/\/masterchem.fi\/sv\/"},{"@type":"ListItem","position":2,"name":"Butik","item":"https:\/\/masterchem.fi\/sv\/butik\/"},{"@type":"ListItem","position":3,"name":"L\u00e4tt flytande paraffin (CAS 8042-47-5)"}]},{"@type":"WebSite","@id":"https:\/\/masterchem.fi\/sv\/#website","url":"https:\/\/masterchem.fi\/sv\/","name":"MasterChem | kemikaalien tuotanto ja myynti","description":"kemikaalien tuotanto ja myynti","potentialAction":[{"@type":"SearchAction","target":{"@type":"EntryPoint","urlTemplate":"https:\/\/masterchem.fi\/sv\/?s={search_term_string}"},"query-input":{"@type":"PropertyValueSpecification","valueRequired":true,"valueName":"search_term_string"}}],"inLanguage":"sv-SE"}]}},"_links":{"self":[{"href":"https:\/\/masterchem.fi\/sv\/wp-json\/wp\/v2\/product\/9269","targetHints":{"allow":["GET"]}}],"collection":[{"href":"https:\/\/masterchem.fi\/sv\/wp-json\/wp\/v2\/product"}],"about":[{"href":"https:\/\/masterchem.fi\/sv\/wp-json\/wp\/v2\/types\/product"}],"wp:featuredmedia":[{"embeddable":true,"href":"https:\/\/masterchem.fi\/sv\/wp-json\/wp\/v2\/media\/9291"}],"wp:attachment":[{"href":"https:\/\/masterchem.fi\/sv\/wp-json\/wp\/v2\/media?parent=9269"}],"wp:term":[{"taxonomy":"product_brand","embeddable":true,"href":"https:\/\/masterchem.fi\/sv\/wp-json\/wp\/v2\/product_brand?post=9269"},{"taxonomy":"product_cat","embeddable":true,"href":"https:\/\/masterchem.fi\/sv\/wp-json\/wp\/v2\/product_cat?post=9269"},{"taxonomy":"product_tag","embeddable":true,"href":"https:\/\/masterchem.fi\/sv\/wp-json\/wp\/v2\/product_tag?post=9269"}],"curies":[{"name":"wp","href":"https:\/\/api.w.org\/{rel}","templated":true}]}}