{"id":9304,"date":"2022-05-11T19:10:32","date_gmt":"2022-05-11T16:10:32","guid":{"rendered":"https:\/\/masterchem.fi\/?post_type=product&#038;p=9304"},"modified":"2022-05-11T19:14:30","modified_gmt":"2022-05-11T16:14:30","slug":"maleinsyraanhydrid-cas-108-31-6","status":"publish","type":"product","link":"https:\/\/masterchem.fi\/sv\/produkt\/maleinsyraanhydrid-cas-108-31-6\/","title":{"rendered":"Maleinsyraanhydrid (CAS 108-31-6)"},"content":{"rendered":"<p> <strong> Information <\/strong> <\/p>\n<p> Branscher: f\u00e4rger och lacker, lim, oljor, fetter, byggkemikalier, hartser, plast, polyuretaner <br \/>\nCAS-nummer: 108-31-6 <br \/>\nWE-nummer: 203-571-6 <br \/>\nIndexnummer: 607-096-00-9 <br \/>\nKemisk formel: C4H2O3 <br \/>\nMolvikt: 98,06 g\/mol <br \/>\nADR: UN2215 <\/p>\n<p> <strong> Andra fysiska egenskaper <\/strong> <\/p>\n<p> pH: Oko\u0142o 1 (50g \/ l H2O) <br \/>\nSm\u00e4ltpunkt\/fryspunkt: 52 \u00b0C <br \/>\nKokpunkt \/ kokpunkt: 202 \u00b0 C (1013 hPa) <br \/>\nRelativ densitet: 1,31 g\/cm3 (15 \u00b0C) <br \/>\nVattenl\u00f6slighet: 550 g \/ 100 g (20 \u00b0 C) <\/p>\n","protected":false},"excerpt":{"rendered":"<p> <strong> Maleinsyraanhydrid (CAS 108-31-6) <\/strong> <\/p>\n<p> Maleinsyraanhydrid \u00e4r en organisk f\u00f6rening (maleinsyraanhydrid) som normalt \u00e4r fasta, f\u00e4rgl\u00f6sa eller vita kristaller med en stickande lukt. Dess kemiska formel \u00e4r C4H2O3. Maleinsyraanhydrid kallas \u00e4ven maleinsyraanhydrid, 2,5-furandion, dihydro-2,5-dioxofuran och cis-butendisyraanhydrid. <\/p>\n<p>Maleinsyraanhydrid har en molekylvikt p\u00e5 98,1 g \/ mol, en sm\u00e4ltpunkt p\u00e5 53 \u00b0 C och en kokpunkt p\u00e5 202 \u00b0 C. \u00c4mnet har en relativ densitet p\u00e5 1,48 g \/ cm 3 (vatten = 1,0 g \/ cm 3), en flampunkt p\u00e5 102 \u00b0 C (c.c.), en sj\u00e4lvant\u00e4ndningstemperatur p\u00e5 477 \u00b0 C och ett CAS-tal p\u00e5 108-31 -6. Maleinsyraanhydrid l\u00f6ses vid 30 \u00b0C med vatten f\u00f6r att bilda maleinsyra (C4H4O4) och v\u00e4rme. <\/p>\n","protected":false},"featured_media":9308,"template":"","meta":[],"product_brand":[],"product_cat":[109,112,116],"product_tag":[],"class_list":{"0":"post-9304","1":"product","2":"type-product","3":"status-publish","4":"has-post-thumbnail","6":"product_cat-plast","7":"product_cat-byggbranschen","8":"product_cat-alla-produkter","10":"first","11":"outofstock","12":"taxable","13":"shipping-taxable","14":"purchasable","15":"product-type-variable","16":"has-default-attributes","17":"rtwpvg-product"},"yoast_head":"<!-- This site is optimized with the Yoast SEO plugin v27.5 - https:\/\/yoast.com\/product\/yoast-seo-wordpress\/ -->\n<title>Maleinsyraanhydrid (CAS 108-31-6) - MasterChem | kemikaalien tuotanto ja myynti<\/title>\n<meta name=\"description\" content=\"Maleinsyraanhydrid \u00e4r en organisk f\u00f6rening som under normala f\u00f6rh\u00e5llanden \u00e4r en fast, f\u00e4rgl\u00f6s eller vit kristall med en stickande lukt.\" \/>\n<meta name=\"robots\" content=\"index, follow, max-snippet:-1, max-image-preview:large, max-video-preview:-1\" \/>\n<link rel=\"canonical\" href=\"https:\/\/masterchem.fi\/sv\/produkt\/maleinsyraanhydrid-cas-108-31-6\/\" \/>\n<meta property=\"og:locale\" content=\"sv_SE\" \/>\n<meta property=\"og:type\" content=\"article\" \/>\n<meta property=\"og:title\" content=\"Maleinsyraanhydrid (CAS 108-31-6) - MasterChem | kemikaalien tuotanto ja myynti\" \/>\n<meta property=\"og:description\" content=\"Maleinsyraanhydrid \u00e4r en organisk f\u00f6rening som under normala f\u00f6rh\u00e5llanden \u00e4r en fast, f\u00e4rgl\u00f6s eller vit kristall med en stickande lukt.\" \/>\n<meta property=\"og:url\" content=\"https:\/\/masterchem.fi\/sv\/produkt\/maleinsyraanhydrid-cas-108-31-6\/\" \/>\n<meta property=\"og:site_name\" content=\"MasterChem | kemikaalien tuotanto ja myynti\" \/>\n<meta property=\"article:modified_time\" content=\"2022-05-11T16:14:30+00:00\" \/>\n<meta property=\"og:image\" content=\"https:\/\/masterchem.fi\/wp-content\/uploads\/2022\/05\/Maleiinianhydridi-CAS-108-31-6-25kg-MasterChem.jpg\" \/>\n\t<meta property=\"og:image:width\" content=\"1000\" \/>\n\t<meta property=\"og:image:height\" content=\"1000\" \/>\n\t<meta property=\"og:image:type\" content=\"image\/jpeg\" \/>\n<meta name=\"twitter:card\" content=\"summary_large_image\" \/>\n<script type=\"application\/ld+json\" class=\"yoast-schema-graph\">{\"@context\":\"https:\\\/\\\/schema.org\",\"@graph\":[{\"@type\":\"WebPage\",\"@id\":\"https:\\\/\\\/masterchem.fi\\\/sv\\\/produkt\\\/maleinsyraanhydrid-cas-108-31-6\\\/\",\"url\":\"https:\\\/\\\/masterchem.fi\\\/sv\\\/produkt\\\/maleinsyraanhydrid-cas-108-31-6\\\/\",\"name\":\"Maleinsyraanhydrid (CAS 108-31-6) - MasterChem | kemikaalien tuotanto ja myynti\",\"isPartOf\":{\"@id\":\"https:\\\/\\\/masterchem.fi\\\/sv\\\/#website\"},\"primaryImageOfPage\":{\"@id\":\"https:\\\/\\\/masterchem.fi\\\/sv\\\/produkt\\\/maleinsyraanhydrid-cas-108-31-6\\\/#primaryimage\"},\"image\":{\"@id\":\"https:\\\/\\\/masterchem.fi\\\/sv\\\/produkt\\\/maleinsyraanhydrid-cas-108-31-6\\\/#primaryimage\"},\"thumbnailUrl\":\"https:\\\/\\\/masterchem.fi\\\/wp-content\\\/uploads\\\/2022\\\/05\\\/Maleiinianhydridi-CAS-108-31-6-25kg-MasterChem.jpg\",\"datePublished\":\"2022-05-11T16:10:32+00:00\",\"dateModified\":\"2022-05-11T16:14:30+00:00\",\"description\":\"Maleinsyraanhydrid \u00e4r en organisk f\u00f6rening som under normala f\u00f6rh\u00e5llanden \u00e4r en fast, f\u00e4rgl\u00f6s eller vit kristall med en stickande lukt.\",\"breadcrumb\":{\"@id\":\"https:\\\/\\\/masterchem.fi\\\/sv\\\/produkt\\\/maleinsyraanhydrid-cas-108-31-6\\\/#breadcrumb\"},\"inLanguage\":\"sv-SE\",\"potentialAction\":[{\"@type\":\"ReadAction\",\"target\":[\"https:\\\/\\\/masterchem.fi\\\/sv\\\/produkt\\\/maleinsyraanhydrid-cas-108-31-6\\\/\"]}]},{\"@type\":\"ImageObject\",\"inLanguage\":\"sv-SE\",\"@id\":\"https:\\\/\\\/masterchem.fi\\\/sv\\\/produkt\\\/maleinsyraanhydrid-cas-108-31-6\\\/#primaryimage\",\"url\":\"https:\\\/\\\/masterchem.fi\\\/wp-content\\\/uploads\\\/2022\\\/05\\\/Maleiinianhydridi-CAS-108-31-6-25kg-MasterChem.jpg\",\"contentUrl\":\"https:\\\/\\\/masterchem.fi\\\/wp-content\\\/uploads\\\/2022\\\/05\\\/Maleiinianhydridi-CAS-108-31-6-25kg-MasterChem.jpg\",\"width\":1000,\"height\":1000,\"caption\":\"Maleinsyraanhydrid (CAS 108-31-6) 25kg MasterChem\"},{\"@type\":\"BreadcrumbList\",\"@id\":\"https:\\\/\\\/masterchem.fi\\\/sv\\\/produkt\\\/maleinsyraanhydrid-cas-108-31-6\\\/#breadcrumb\",\"itemListElement\":[{\"@type\":\"ListItem\",\"position\":1,\"name\":\"Home\",\"item\":\"https:\\\/\\\/masterchem.fi\\\/sv\\\/\"},{\"@type\":\"ListItem\",\"position\":2,\"name\":\"Butik\",\"item\":\"https:\\\/\\\/masterchem.fi\\\/sv\\\/butik\\\/\"},{\"@type\":\"ListItem\",\"position\":3,\"name\":\"Maleinsyraanhydrid (CAS 108-31-6)\"}]},{\"@type\":\"WebSite\",\"@id\":\"https:\\\/\\\/masterchem.fi\\\/sv\\\/#website\",\"url\":\"https:\\\/\\\/masterchem.fi\\\/sv\\\/\",\"name\":\"MasterChem | kemikaalien tuotanto ja myynti\",\"description\":\"kemikaalien tuotanto ja myynti\",\"potentialAction\":[{\"@type\":\"SearchAction\",\"target\":{\"@type\":\"EntryPoint\",\"urlTemplate\":\"https:\\\/\\\/masterchem.fi\\\/sv\\\/?s={search_term_string}\"},\"query-input\":{\"@type\":\"PropertyValueSpecification\",\"valueRequired\":true,\"valueName\":\"search_term_string\"}}],\"inLanguage\":\"sv-SE\"}]}<\/script>\n<!-- \/ Yoast SEO plugin. -->","yoast_head_json":{"title":"Maleinsyraanhydrid (CAS 108-31-6) - MasterChem | kemikaalien tuotanto ja myynti","description":"Maleinsyraanhydrid \u00e4r en organisk f\u00f6rening som under normala f\u00f6rh\u00e5llanden \u00e4r en fast, f\u00e4rgl\u00f6s eller vit kristall med en stickande lukt.","robots":{"index":"index","follow":"follow","max-snippet":"max-snippet:-1","max-image-preview":"max-image-preview:large","max-video-preview":"max-video-preview:-1"},"canonical":"https:\/\/masterchem.fi\/sv\/produkt\/maleinsyraanhydrid-cas-108-31-6\/","og_locale":"sv_SE","og_type":"article","og_title":"Maleinsyraanhydrid (CAS 108-31-6) - MasterChem | kemikaalien tuotanto ja myynti","og_description":"Maleinsyraanhydrid \u00e4r en organisk f\u00f6rening som under normala f\u00f6rh\u00e5llanden \u00e4r en fast, f\u00e4rgl\u00f6s eller vit kristall med en stickande lukt.","og_url":"https:\/\/masterchem.fi\/sv\/produkt\/maleinsyraanhydrid-cas-108-31-6\/","og_site_name":"MasterChem | kemikaalien tuotanto ja myynti","article_modified_time":"2022-05-11T16:14:30+00:00","og_image":[{"width":1000,"height":1000,"url":"https:\/\/masterchem.fi\/wp-content\/uploads\/2022\/05\/Maleiinianhydridi-CAS-108-31-6-25kg-MasterChem.jpg","type":"image\/jpeg"}],"twitter_card":"summary_large_image","schema":{"@context":"https:\/\/schema.org","@graph":[{"@type":"WebPage","@id":"https:\/\/masterchem.fi\/sv\/produkt\/maleinsyraanhydrid-cas-108-31-6\/","url":"https:\/\/masterchem.fi\/sv\/produkt\/maleinsyraanhydrid-cas-108-31-6\/","name":"Maleinsyraanhydrid (CAS 108-31-6) - MasterChem | kemikaalien tuotanto ja myynti","isPartOf":{"@id":"https:\/\/masterchem.fi\/sv\/#website"},"primaryImageOfPage":{"@id":"https:\/\/masterchem.fi\/sv\/produkt\/maleinsyraanhydrid-cas-108-31-6\/#primaryimage"},"image":{"@id":"https:\/\/masterchem.fi\/sv\/produkt\/maleinsyraanhydrid-cas-108-31-6\/#primaryimage"},"thumbnailUrl":"https:\/\/masterchem.fi\/wp-content\/uploads\/2022\/05\/Maleiinianhydridi-CAS-108-31-6-25kg-MasterChem.jpg","datePublished":"2022-05-11T16:10:32+00:00","dateModified":"2022-05-11T16:14:30+00:00","description":"Maleinsyraanhydrid \u00e4r en organisk f\u00f6rening som under normala f\u00f6rh\u00e5llanden \u00e4r en fast, f\u00e4rgl\u00f6s eller vit kristall med en stickande lukt.","breadcrumb":{"@id":"https:\/\/masterchem.fi\/sv\/produkt\/maleinsyraanhydrid-cas-108-31-6\/#breadcrumb"},"inLanguage":"sv-SE","potentialAction":[{"@type":"ReadAction","target":["https:\/\/masterchem.fi\/sv\/produkt\/maleinsyraanhydrid-cas-108-31-6\/"]}]},{"@type":"ImageObject","inLanguage":"sv-SE","@id":"https:\/\/masterchem.fi\/sv\/produkt\/maleinsyraanhydrid-cas-108-31-6\/#primaryimage","url":"https:\/\/masterchem.fi\/wp-content\/uploads\/2022\/05\/Maleiinianhydridi-CAS-108-31-6-25kg-MasterChem.jpg","contentUrl":"https:\/\/masterchem.fi\/wp-content\/uploads\/2022\/05\/Maleiinianhydridi-CAS-108-31-6-25kg-MasterChem.jpg","width":1000,"height":1000,"caption":"Maleinsyraanhydrid (CAS 108-31-6) 25kg MasterChem"},{"@type":"BreadcrumbList","@id":"https:\/\/masterchem.fi\/sv\/produkt\/maleinsyraanhydrid-cas-108-31-6\/#breadcrumb","itemListElement":[{"@type":"ListItem","position":1,"name":"Home","item":"https:\/\/masterchem.fi\/sv\/"},{"@type":"ListItem","position":2,"name":"Butik","item":"https:\/\/masterchem.fi\/sv\/butik\/"},{"@type":"ListItem","position":3,"name":"Maleinsyraanhydrid (CAS 108-31-6)"}]},{"@type":"WebSite","@id":"https:\/\/masterchem.fi\/sv\/#website","url":"https:\/\/masterchem.fi\/sv\/","name":"MasterChem | kemikaalien tuotanto ja myynti","description":"kemikaalien tuotanto ja myynti","potentialAction":[{"@type":"SearchAction","target":{"@type":"EntryPoint","urlTemplate":"https:\/\/masterchem.fi\/sv\/?s={search_term_string}"},"query-input":{"@type":"PropertyValueSpecification","valueRequired":true,"valueName":"search_term_string"}}],"inLanguage":"sv-SE"}]}},"_links":{"self":[{"href":"https:\/\/masterchem.fi\/sv\/wp-json\/wp\/v2\/product\/9304","targetHints":{"allow":["GET"]}}],"collection":[{"href":"https:\/\/masterchem.fi\/sv\/wp-json\/wp\/v2\/product"}],"about":[{"href":"https:\/\/masterchem.fi\/sv\/wp-json\/wp\/v2\/types\/product"}],"wp:featuredmedia":[{"embeddable":true,"href":"https:\/\/masterchem.fi\/sv\/wp-json\/wp\/v2\/media\/9308"}],"wp:attachment":[{"href":"https:\/\/masterchem.fi\/sv\/wp-json\/wp\/v2\/media?parent=9304"}],"wp:term":[{"taxonomy":"product_brand","embeddable":true,"href":"https:\/\/masterchem.fi\/sv\/wp-json\/wp\/v2\/product_brand?post=9304"},{"taxonomy":"product_cat","embeddable":true,"href":"https:\/\/masterchem.fi\/sv\/wp-json\/wp\/v2\/product_cat?post=9304"},{"taxonomy":"product_tag","embeddable":true,"href":"https:\/\/masterchem.fi\/sv\/wp-json\/wp\/v2\/product_tag?post=9304"}],"curies":[{"name":"wp","href":"https:\/\/api.w.org\/{rel}","templated":true}]}}