{"id":9315,"date":"2022-05-12T09:15:40","date_gmt":"2022-05-12T06:15:41","guid":{"rendered":"https:\/\/masterchem.fi\/?post_type=product&#038;p=9315"},"modified":"2022-05-12T09:19:17","modified_gmt":"2022-05-12T06:19:17","slug":"titandioxid-cas-13463-67-7","status":"publish","type":"product","link":"https:\/\/masterchem.fi\/sv\/produkt\/titandioxid-cas-13463-67-7\/","title":{"rendered":"Titandioxid (CAS 13463-67-7)"},"content":{"rendered":"<p> <strong> Information <\/strong> <\/p>\n<p> Branscher: f\u00e4rger och lacker, kosmetika, glas och keramik <br \/>\nCAS-nummer: 13463-67-7 <br \/>\nKemisk formel: TiO2 <br \/>\nMolekylvikt: 79,87 g\/mol <\/p>\n<p> <strong> Andra fysiska egenskaper <\/strong> <\/p>\n<p>Sm\u00e4ltpunkt \/ fryspunkt: Anataz: 1560 \u00b0 C, Rutil: 1843 \u00b0 C, Anv\u00e4ndning: 1825 \u00b0 C <br \/>\nKokpunkt\/kokpunktsintervall: 3000 \u00b0C (1013 hPa) <br \/>\nRelativ densitet: Anataz: 3,9 kg \/ l (20 \u00b0 C), Brukit: 4,17 kg \/ l (20 \u00b0 C), Rutil: 4,26 kg \/ l (20 \u00b0 C) <br \/>\nL\u00f6slighet i vatten: 1\u03bcg\/l <\/p>\n","protected":false},"excerpt":{"rendered":"<p> <strong> Titandioxid (CAS 13463-67-7) <\/strong> <\/p>\n<p> Titandioxid, \u00e4ven k\u00e4nd som titan (IV) oxid eller Titanium (t\u026a\u02c8te\u026ani\u0259), \u00e4r en naturligt f\u00f6rekommande titanoxid med den kemiska formeln TiO <br \/>\n2. N\u00e4r det anv\u00e4nds som pigment kallas det titanvitt, pigmentvitt 6 (PW6) eller CI 77891. Det h\u00e4rr\u00f6r vanligtvis fr\u00e5n ilmenit, rutil och anatas. Den har ett brett utbud av applikationer, inklusive f\u00e4rg, solskyddsmedel och matf\u00e4rg. N\u00e4r den anv\u00e4nds som livsmedelsf\u00e4rg har den ett E-nummer p\u00e5 E171. V\u00e4rldsproduktionen 2014 \u00f6versteg 9 miljoner ton. Det uppskattas att titandioxid anv\u00e4nds i tv\u00e5 tredjedelar av alla pigment, och v\u00e4rdet p\u00e5 oxidbaserade pigment \u00e4r 13,2 miljarder dollar. <\/p>\n","protected":false},"featured_media":9319,"template":"","meta":[],"product_brand":[],"product_cat":[116,175,177],"product_tag":[],"class_list":{"0":"post-9315","1":"product","2":"type-product","3":"status-publish","4":"has-post-thumbnail","6":"product_cat-alla-produkter","7":"product_cat-glas-och-keramik","8":"product_cat-kosmetikindustrin","10":"first","11":"outofstock","12":"taxable","13":"shipping-taxable","14":"purchasable","15":"product-type-variable","16":"has-default-attributes","17":"rtwpvg-product"},"yoast_head":"<!-- This site is optimized with the Yoast SEO plugin v27.2 - https:\/\/yoast.com\/product\/yoast-seo-wordpress\/ -->\n<title>Titandioxid (CAS 13463-67-7) - MasterChem | kemikaalien tuotanto ja myynti<\/title>\n<meta name=\"description\" content=\"Titandioxid, eller titanvit (titan (IV) oxid, TiO2), \u00e4r en utm\u00e4rkt, mycket h\u00e5llbar och m\u00e5ngsidig f\u00f6rening.\" \/>\n<meta name=\"robots\" content=\"index, follow, max-snippet:-1, max-image-preview:large, max-video-preview:-1\" \/>\n<link rel=\"canonical\" href=\"https:\/\/masterchem.fi\/sv\/produkt\/titandioxid-cas-13463-67-7\/\" \/>\n<meta property=\"og:locale\" content=\"sv_SE\" \/>\n<meta property=\"og:type\" content=\"article\" \/>\n<meta property=\"og:title\" content=\"Titandioxid (CAS 13463-67-7) - MasterChem | kemikaalien tuotanto ja myynti\" \/>\n<meta property=\"og:description\" content=\"Titandioxid, eller titanvit (titan (IV) oxid, TiO2), \u00e4r en utm\u00e4rkt, mycket h\u00e5llbar och m\u00e5ngsidig f\u00f6rening.\" \/>\n<meta property=\"og:url\" content=\"https:\/\/masterchem.fi\/sv\/produkt\/titandioxid-cas-13463-67-7\/\" \/>\n<meta property=\"og:site_name\" content=\"MasterChem | kemikaalien tuotanto ja myynti\" \/>\n<meta property=\"article:modified_time\" content=\"2022-05-12T06:19:17+00:00\" \/>\n<meta property=\"og:image\" content=\"https:\/\/masterchem.fi\/wp-content\/uploads\/2022\/05\/Titaanidioksidi-CAS-13463-67-7-25kg-MasterChem.jpg\" \/>\n\t<meta property=\"og:image:width\" content=\"1000\" \/>\n\t<meta property=\"og:image:height\" content=\"1000\" \/>\n\t<meta property=\"og:image:type\" content=\"image\/jpeg\" \/>\n<meta name=\"twitter:card\" content=\"summary_large_image\" \/>\n<script type=\"application\/ld+json\" class=\"yoast-schema-graph\">{\"@context\":\"https:\/\/schema.org\",\"@graph\":[{\"@type\":\"WebPage\",\"@id\":\"https:\/\/masterchem.fi\/sv\/produkt\/titandioxid-cas-13463-67-7\/\",\"url\":\"https:\/\/masterchem.fi\/sv\/produkt\/titandioxid-cas-13463-67-7\/\",\"name\":\"Titandioxid (CAS 13463-67-7) - MasterChem | kemikaalien tuotanto ja myynti\",\"isPartOf\":{\"@id\":\"https:\/\/masterchem.fi\/sv\/#website\"},\"primaryImageOfPage\":{\"@id\":\"https:\/\/masterchem.fi\/sv\/produkt\/titandioxid-cas-13463-67-7\/#primaryimage\"},\"image\":{\"@id\":\"https:\/\/masterchem.fi\/sv\/produkt\/titandioxid-cas-13463-67-7\/#primaryimage\"},\"thumbnailUrl\":\"https:\/\/masterchem.fi\/wp-content\/uploads\/2022\/05\/Titaanidioksidi-CAS-13463-67-7-25kg-MasterChem.jpg\",\"datePublished\":\"2022-05-12T06:15:41+00:00\",\"dateModified\":\"2022-05-12T06:19:17+00:00\",\"description\":\"Titandioxid, eller titanvit (titan (IV) oxid, TiO2), \u00e4r en utm\u00e4rkt, mycket h\u00e5llbar och m\u00e5ngsidig f\u00f6rening.\",\"breadcrumb\":{\"@id\":\"https:\/\/masterchem.fi\/sv\/produkt\/titandioxid-cas-13463-67-7\/#breadcrumb\"},\"inLanguage\":\"sv-SE\",\"potentialAction\":[{\"@type\":\"ReadAction\",\"target\":[\"https:\/\/masterchem.fi\/sv\/produkt\/titandioxid-cas-13463-67-7\/\"]}]},{\"@type\":\"ImageObject\",\"inLanguage\":\"sv-SE\",\"@id\":\"https:\/\/masterchem.fi\/sv\/produkt\/titandioxid-cas-13463-67-7\/#primaryimage\",\"url\":\"https:\/\/masterchem.fi\/wp-content\/uploads\/2022\/05\/Titaanidioksidi-CAS-13463-67-7-25kg-MasterChem.jpg\",\"contentUrl\":\"https:\/\/masterchem.fi\/wp-content\/uploads\/2022\/05\/Titaanidioksidi-CAS-13463-67-7-25kg-MasterChem.jpg\",\"width\":1000,\"height\":1000,\"caption\":\"Titandioxid (CAS 13463-67-7) 25kg MasterChem\"},{\"@type\":\"BreadcrumbList\",\"@id\":\"https:\/\/masterchem.fi\/sv\/produkt\/titandioxid-cas-13463-67-7\/#breadcrumb\",\"itemListElement\":[{\"@type\":\"ListItem\",\"position\":1,\"name\":\"Home\",\"item\":\"https:\/\/masterchem.fi\/sv\/\"},{\"@type\":\"ListItem\",\"position\":2,\"name\":\"Butik\",\"item\":\"https:\/\/masterchem.fi\/sv\/butik\/\"},{\"@type\":\"ListItem\",\"position\":3,\"name\":\"Titandioxid (CAS 13463-67-7)\"}]},{\"@type\":\"WebSite\",\"@id\":\"https:\/\/masterchem.fi\/sv\/#website\",\"url\":\"https:\/\/masterchem.fi\/sv\/\",\"name\":\"MasterChem | kemikaalien tuotanto ja myynti\",\"description\":\"kemikaalien tuotanto ja myynti\",\"potentialAction\":[{\"@type\":\"SearchAction\",\"target\":{\"@type\":\"EntryPoint\",\"urlTemplate\":\"https:\/\/masterchem.fi\/sv\/?s={search_term_string}\"},\"query-input\":{\"@type\":\"PropertyValueSpecification\",\"valueRequired\":true,\"valueName\":\"search_term_string\"}}],\"inLanguage\":\"sv-SE\"}]}<\/script>\n<!-- \/ Yoast SEO plugin. -->","yoast_head_json":{"title":"Titandioxid (CAS 13463-67-7) - MasterChem | kemikaalien tuotanto ja myynti","description":"Titandioxid, eller titanvit (titan (IV) oxid, TiO2), \u00e4r en utm\u00e4rkt, mycket h\u00e5llbar och m\u00e5ngsidig f\u00f6rening.","robots":{"index":"index","follow":"follow","max-snippet":"max-snippet:-1","max-image-preview":"max-image-preview:large","max-video-preview":"max-video-preview:-1"},"canonical":"https:\/\/masterchem.fi\/sv\/produkt\/titandioxid-cas-13463-67-7\/","og_locale":"sv_SE","og_type":"article","og_title":"Titandioxid (CAS 13463-67-7) - MasterChem | kemikaalien tuotanto ja myynti","og_description":"Titandioxid, eller titanvit (titan (IV) oxid, TiO2), \u00e4r en utm\u00e4rkt, mycket h\u00e5llbar och m\u00e5ngsidig f\u00f6rening.","og_url":"https:\/\/masterchem.fi\/sv\/produkt\/titandioxid-cas-13463-67-7\/","og_site_name":"MasterChem | kemikaalien tuotanto ja myynti","article_modified_time":"2022-05-12T06:19:17+00:00","og_image":[{"width":1000,"height":1000,"url":"https:\/\/masterchem.fi\/wp-content\/uploads\/2022\/05\/Titaanidioksidi-CAS-13463-67-7-25kg-MasterChem.jpg","type":"image\/jpeg"}],"twitter_card":"summary_large_image","schema":{"@context":"https:\/\/schema.org","@graph":[{"@type":"WebPage","@id":"https:\/\/masterchem.fi\/sv\/produkt\/titandioxid-cas-13463-67-7\/","url":"https:\/\/masterchem.fi\/sv\/produkt\/titandioxid-cas-13463-67-7\/","name":"Titandioxid (CAS 13463-67-7) - MasterChem | kemikaalien tuotanto ja myynti","isPartOf":{"@id":"https:\/\/masterchem.fi\/sv\/#website"},"primaryImageOfPage":{"@id":"https:\/\/masterchem.fi\/sv\/produkt\/titandioxid-cas-13463-67-7\/#primaryimage"},"image":{"@id":"https:\/\/masterchem.fi\/sv\/produkt\/titandioxid-cas-13463-67-7\/#primaryimage"},"thumbnailUrl":"https:\/\/masterchem.fi\/wp-content\/uploads\/2022\/05\/Titaanidioksidi-CAS-13463-67-7-25kg-MasterChem.jpg","datePublished":"2022-05-12T06:15:41+00:00","dateModified":"2022-05-12T06:19:17+00:00","description":"Titandioxid, eller titanvit (titan (IV) oxid, TiO2), \u00e4r en utm\u00e4rkt, mycket h\u00e5llbar och m\u00e5ngsidig f\u00f6rening.","breadcrumb":{"@id":"https:\/\/masterchem.fi\/sv\/produkt\/titandioxid-cas-13463-67-7\/#breadcrumb"},"inLanguage":"sv-SE","potentialAction":[{"@type":"ReadAction","target":["https:\/\/masterchem.fi\/sv\/produkt\/titandioxid-cas-13463-67-7\/"]}]},{"@type":"ImageObject","inLanguage":"sv-SE","@id":"https:\/\/masterchem.fi\/sv\/produkt\/titandioxid-cas-13463-67-7\/#primaryimage","url":"https:\/\/masterchem.fi\/wp-content\/uploads\/2022\/05\/Titaanidioksidi-CAS-13463-67-7-25kg-MasterChem.jpg","contentUrl":"https:\/\/masterchem.fi\/wp-content\/uploads\/2022\/05\/Titaanidioksidi-CAS-13463-67-7-25kg-MasterChem.jpg","width":1000,"height":1000,"caption":"Titandioxid (CAS 13463-67-7) 25kg MasterChem"},{"@type":"BreadcrumbList","@id":"https:\/\/masterchem.fi\/sv\/produkt\/titandioxid-cas-13463-67-7\/#breadcrumb","itemListElement":[{"@type":"ListItem","position":1,"name":"Home","item":"https:\/\/masterchem.fi\/sv\/"},{"@type":"ListItem","position":2,"name":"Butik","item":"https:\/\/masterchem.fi\/sv\/butik\/"},{"@type":"ListItem","position":3,"name":"Titandioxid (CAS 13463-67-7)"}]},{"@type":"WebSite","@id":"https:\/\/masterchem.fi\/sv\/#website","url":"https:\/\/masterchem.fi\/sv\/","name":"MasterChem | kemikaalien tuotanto ja myynti","description":"kemikaalien tuotanto ja myynti","potentialAction":[{"@type":"SearchAction","target":{"@type":"EntryPoint","urlTemplate":"https:\/\/masterchem.fi\/sv\/?s={search_term_string}"},"query-input":{"@type":"PropertyValueSpecification","valueRequired":true,"valueName":"search_term_string"}}],"inLanguage":"sv-SE"}]}},"_links":{"self":[{"href":"https:\/\/masterchem.fi\/sv\/wp-json\/wp\/v2\/product\/9315","targetHints":{"allow":["GET"]}}],"collection":[{"href":"https:\/\/masterchem.fi\/sv\/wp-json\/wp\/v2\/product"}],"about":[{"href":"https:\/\/masterchem.fi\/sv\/wp-json\/wp\/v2\/types\/product"}],"wp:featuredmedia":[{"embeddable":true,"href":"https:\/\/masterchem.fi\/sv\/wp-json\/wp\/v2\/media\/9319"}],"wp:attachment":[{"href":"https:\/\/masterchem.fi\/sv\/wp-json\/wp\/v2\/media?parent=9315"}],"wp:term":[{"taxonomy":"product_brand","embeddable":true,"href":"https:\/\/masterchem.fi\/sv\/wp-json\/wp\/v2\/product_brand?post=9315"},{"taxonomy":"product_cat","embeddable":true,"href":"https:\/\/masterchem.fi\/sv\/wp-json\/wp\/v2\/product_cat?post=9315"},{"taxonomy":"product_tag","embeddable":true,"href":"https:\/\/masterchem.fi\/sv\/wp-json\/wp\/v2\/product_tag?post=9315"}],"curies":[{"name":"wp","href":"https:\/\/api.w.org\/{rel}","templated":true}]}}