{"id":9325,"date":"2022-05-12T09:21:05","date_gmt":"2022-05-12T06:21:06","guid":{"rendered":"https:\/\/masterchem.fi\/?post_type=product&#038;p=9325"},"modified":"2022-05-12T09:24:26","modified_gmt":"2022-05-12T06:24:26","slug":"ammoniumklorid-cas-12125-02-9","status":"publish","type":"product","link":"https:\/\/masterchem.fi\/sv\/produkt\/ammoniumklorid-cas-12125-02-9\/","title":{"rendered":"Ammoniumklorid (CAS 12125-02-9)"},"content":{"rendered":"<p> <strong> Information <\/strong> <\/p>\n<p> Branscher: lim, oljor, fetter, livsmedel, hartser, plaster, polyuretaner <br \/>\nCAS-nummer: 12125-02-9 <br \/>\nWE-nummer: 235-186-4 <br \/>\nIndexnummer: 017-014-00-8 <br \/>\nKemisk formel: NH4Cl <br \/>\nMolekylvikt: 53,491 g\/mol <\/p>\n<p> <strong> Andra fysiska egenskaper <\/strong> <\/p>\n<p> pH: 4,7 (200 g\/l, 25 \u00b0C) <br \/>\nSm\u00e4ltpunkt\/fryspunkt: 338 \u00b0C <br \/>\nRelativ densitet: 1,53 g\/cm3 (25 \u00b0C) <br \/>\nL\u00f6slighet i vatten: 372 g \/ l (20 \u00b0 C) <\/p>\n","protected":false},"excerpt":{"rendered":"<p> <strong> Ammoniumklorid (CAS 12125-02-9) <\/strong> <\/p>\n<p>Ammoniumklorid (NH4Cl) \u00e4r ett rent vitt, vattenl\u00f6sligt 28,3 g \/ 100 ml H2O (25 \u00b0 C) och stickande kristallint salt. Den sublimerar, dvs \u00f6verg\u00e5r fr\u00e5n ett fast tillst\u00e5nd till ett direkt gasformigt tillst\u00e5nd vid 338 \u00b0C. Vid upphettning s\u00f6nderdelas det till ammoniak och v\u00e4teklorid. Den vattenhaltiga ammoniumkloridl\u00f6sningen \u00e4r l\u00e4tt sur p\u00e5 grund av ammoniumjonen. Ammoniumklorid har en molekylvikt p\u00e5 53,5 g \/ mol, en kokpunkt p\u00e5 520 \u00b0 C, en densitet p\u00e5 1,5 g \/ cm 3 (vatten = 1,0 g \/ cm 3) och CAS-nummer 12125-02-9. E-koden f\u00f6r ammoniumklorid \u00e4r E510. <\/p>\n","protected":false},"featured_media":9329,"template":"","meta":[],"product_brand":[],"product_cat":[109,112,116],"product_tag":[],"class_list":{"0":"post-9325","1":"product","2":"type-product","3":"status-publish","4":"has-post-thumbnail","6":"product_cat-plast","7":"product_cat-byggbranschen","8":"product_cat-alla-produkter","10":"first","11":"outofstock","12":"taxable","13":"shipping-taxable","14":"purchasable","15":"product-type-variable","16":"has-default-attributes","17":"rtwpvg-product"},"yoast_head":"<!-- This site is optimized with the Yoast SEO plugin v27.2 - https:\/\/yoast.com\/product\/yoast-seo-wordpress\/ -->\n<title>Ammoniumklorid (CAS 12125-02-9) - MasterChem | kemikaalien tuotanto ja myynti<\/title>\n<meta name=\"description\" content=\"Ammoniumklorid (NH4Cl) \u00e4r ett rent vitt, vattenl\u00f6sligt 28,3 g \/ 100 ml H2O (25 \u00b0 C) och stickande kristallint salt.\" \/>\n<meta name=\"robots\" content=\"index, follow, max-snippet:-1, max-image-preview:large, max-video-preview:-1\" \/>\n<link rel=\"canonical\" href=\"https:\/\/masterchem.fi\/sv\/produkt\/ammoniumklorid-cas-12125-02-9\/\" \/>\n<meta property=\"og:locale\" content=\"sv_SE\" \/>\n<meta property=\"og:type\" content=\"article\" \/>\n<meta property=\"og:title\" content=\"Ammoniumklorid (CAS 12125-02-9) - MasterChem | kemikaalien tuotanto ja myynti\" \/>\n<meta property=\"og:description\" content=\"Ammoniumklorid (NH4Cl) \u00e4r ett rent vitt, vattenl\u00f6sligt 28,3 g \/ 100 ml H2O (25 \u00b0 C) och stickande kristallint salt.\" \/>\n<meta property=\"og:url\" content=\"https:\/\/masterchem.fi\/sv\/produkt\/ammoniumklorid-cas-12125-02-9\/\" \/>\n<meta property=\"og:site_name\" content=\"MasterChem | kemikaalien tuotanto ja myynti\" \/>\n<meta property=\"article:modified_time\" content=\"2022-05-12T06:24:26+00:00\" \/>\n<meta property=\"og:image\" content=\"https:\/\/masterchem.fi\/wp-content\/uploads\/2022\/05\/Ammoniumkloridi-CAS-12125-02-9-25kg-MasterChem.jpg\" \/>\n\t<meta property=\"og:image:width\" content=\"1000\" \/>\n\t<meta property=\"og:image:height\" content=\"1000\" \/>\n\t<meta property=\"og:image:type\" content=\"image\/jpeg\" \/>\n<meta name=\"twitter:card\" content=\"summary_large_image\" \/>\n<script type=\"application\/ld+json\" class=\"yoast-schema-graph\">{\"@context\":\"https:\/\/schema.org\",\"@graph\":[{\"@type\":\"WebPage\",\"@id\":\"https:\/\/masterchem.fi\/sv\/produkt\/ammoniumklorid-cas-12125-02-9\/\",\"url\":\"https:\/\/masterchem.fi\/sv\/produkt\/ammoniumklorid-cas-12125-02-9\/\",\"name\":\"Ammoniumklorid (CAS 12125-02-9) - MasterChem | kemikaalien tuotanto ja myynti\",\"isPartOf\":{\"@id\":\"https:\/\/masterchem.fi\/sv\/#website\"},\"primaryImageOfPage\":{\"@id\":\"https:\/\/masterchem.fi\/sv\/produkt\/ammoniumklorid-cas-12125-02-9\/#primaryimage\"},\"image\":{\"@id\":\"https:\/\/masterchem.fi\/sv\/produkt\/ammoniumklorid-cas-12125-02-9\/#primaryimage\"},\"thumbnailUrl\":\"https:\/\/masterchem.fi\/wp-content\/uploads\/2022\/05\/Ammoniumkloridi-CAS-12125-02-9-25kg-MasterChem.jpg\",\"datePublished\":\"2022-05-12T06:21:06+00:00\",\"dateModified\":\"2022-05-12T06:24:26+00:00\",\"description\":\"Ammoniumklorid (NH4Cl) \u00e4r ett rent vitt, vattenl\u00f6sligt 28,3 g \/ 100 ml H2O (25 \u00b0 C) och stickande kristallint salt.\",\"breadcrumb\":{\"@id\":\"https:\/\/masterchem.fi\/sv\/produkt\/ammoniumklorid-cas-12125-02-9\/#breadcrumb\"},\"inLanguage\":\"sv-SE\",\"potentialAction\":[{\"@type\":\"ReadAction\",\"target\":[\"https:\/\/masterchem.fi\/sv\/produkt\/ammoniumklorid-cas-12125-02-9\/\"]}]},{\"@type\":\"ImageObject\",\"inLanguage\":\"sv-SE\",\"@id\":\"https:\/\/masterchem.fi\/sv\/produkt\/ammoniumklorid-cas-12125-02-9\/#primaryimage\",\"url\":\"https:\/\/masterchem.fi\/wp-content\/uploads\/2022\/05\/Ammoniumkloridi-CAS-12125-02-9-25kg-MasterChem.jpg\",\"contentUrl\":\"https:\/\/masterchem.fi\/wp-content\/uploads\/2022\/05\/Ammoniumkloridi-CAS-12125-02-9-25kg-MasterChem.jpg\",\"width\":1000,\"height\":1000,\"caption\":\"Ammoniumklorid (CAS 12125-02-9) 25kg MasterChem\"},{\"@type\":\"BreadcrumbList\",\"@id\":\"https:\/\/masterchem.fi\/sv\/produkt\/ammoniumklorid-cas-12125-02-9\/#breadcrumb\",\"itemListElement\":[{\"@type\":\"ListItem\",\"position\":1,\"name\":\"Home\",\"item\":\"https:\/\/masterchem.fi\/sv\/\"},{\"@type\":\"ListItem\",\"position\":2,\"name\":\"Butik\",\"item\":\"https:\/\/masterchem.fi\/sv\/butik\/\"},{\"@type\":\"ListItem\",\"position\":3,\"name\":\"Ammoniumklorid (CAS 12125-02-9)\"}]},{\"@type\":\"WebSite\",\"@id\":\"https:\/\/masterchem.fi\/sv\/#website\",\"url\":\"https:\/\/masterchem.fi\/sv\/\",\"name\":\"MasterChem | kemikaalien tuotanto ja myynti\",\"description\":\"kemikaalien tuotanto ja myynti\",\"potentialAction\":[{\"@type\":\"SearchAction\",\"target\":{\"@type\":\"EntryPoint\",\"urlTemplate\":\"https:\/\/masterchem.fi\/sv\/?s={search_term_string}\"},\"query-input\":{\"@type\":\"PropertyValueSpecification\",\"valueRequired\":true,\"valueName\":\"search_term_string\"}}],\"inLanguage\":\"sv-SE\"}]}<\/script>\n<!-- \/ Yoast SEO plugin. -->","yoast_head_json":{"title":"Ammoniumklorid (CAS 12125-02-9) - MasterChem | kemikaalien tuotanto ja myynti","description":"Ammoniumklorid (NH4Cl) \u00e4r ett rent vitt, vattenl\u00f6sligt 28,3 g \/ 100 ml H2O (25 \u00b0 C) och stickande kristallint salt.","robots":{"index":"index","follow":"follow","max-snippet":"max-snippet:-1","max-image-preview":"max-image-preview:large","max-video-preview":"max-video-preview:-1"},"canonical":"https:\/\/masterchem.fi\/sv\/produkt\/ammoniumklorid-cas-12125-02-9\/","og_locale":"sv_SE","og_type":"article","og_title":"Ammoniumklorid (CAS 12125-02-9) - MasterChem | kemikaalien tuotanto ja myynti","og_description":"Ammoniumklorid (NH4Cl) \u00e4r ett rent vitt, vattenl\u00f6sligt 28,3 g \/ 100 ml H2O (25 \u00b0 C) och stickande kristallint salt.","og_url":"https:\/\/masterchem.fi\/sv\/produkt\/ammoniumklorid-cas-12125-02-9\/","og_site_name":"MasterChem | kemikaalien tuotanto ja myynti","article_modified_time":"2022-05-12T06:24:26+00:00","og_image":[{"width":1000,"height":1000,"url":"https:\/\/masterchem.fi\/wp-content\/uploads\/2022\/05\/Ammoniumkloridi-CAS-12125-02-9-25kg-MasterChem.jpg","type":"image\/jpeg"}],"twitter_card":"summary_large_image","schema":{"@context":"https:\/\/schema.org","@graph":[{"@type":"WebPage","@id":"https:\/\/masterchem.fi\/sv\/produkt\/ammoniumklorid-cas-12125-02-9\/","url":"https:\/\/masterchem.fi\/sv\/produkt\/ammoniumklorid-cas-12125-02-9\/","name":"Ammoniumklorid (CAS 12125-02-9) - MasterChem | kemikaalien tuotanto ja myynti","isPartOf":{"@id":"https:\/\/masterchem.fi\/sv\/#website"},"primaryImageOfPage":{"@id":"https:\/\/masterchem.fi\/sv\/produkt\/ammoniumklorid-cas-12125-02-9\/#primaryimage"},"image":{"@id":"https:\/\/masterchem.fi\/sv\/produkt\/ammoniumklorid-cas-12125-02-9\/#primaryimage"},"thumbnailUrl":"https:\/\/masterchem.fi\/wp-content\/uploads\/2022\/05\/Ammoniumkloridi-CAS-12125-02-9-25kg-MasterChem.jpg","datePublished":"2022-05-12T06:21:06+00:00","dateModified":"2022-05-12T06:24:26+00:00","description":"Ammoniumklorid (NH4Cl) \u00e4r ett rent vitt, vattenl\u00f6sligt 28,3 g \/ 100 ml H2O (25 \u00b0 C) och stickande kristallint salt.","breadcrumb":{"@id":"https:\/\/masterchem.fi\/sv\/produkt\/ammoniumklorid-cas-12125-02-9\/#breadcrumb"},"inLanguage":"sv-SE","potentialAction":[{"@type":"ReadAction","target":["https:\/\/masterchem.fi\/sv\/produkt\/ammoniumklorid-cas-12125-02-9\/"]}]},{"@type":"ImageObject","inLanguage":"sv-SE","@id":"https:\/\/masterchem.fi\/sv\/produkt\/ammoniumklorid-cas-12125-02-9\/#primaryimage","url":"https:\/\/masterchem.fi\/wp-content\/uploads\/2022\/05\/Ammoniumkloridi-CAS-12125-02-9-25kg-MasterChem.jpg","contentUrl":"https:\/\/masterchem.fi\/wp-content\/uploads\/2022\/05\/Ammoniumkloridi-CAS-12125-02-9-25kg-MasterChem.jpg","width":1000,"height":1000,"caption":"Ammoniumklorid (CAS 12125-02-9) 25kg MasterChem"},{"@type":"BreadcrumbList","@id":"https:\/\/masterchem.fi\/sv\/produkt\/ammoniumklorid-cas-12125-02-9\/#breadcrumb","itemListElement":[{"@type":"ListItem","position":1,"name":"Home","item":"https:\/\/masterchem.fi\/sv\/"},{"@type":"ListItem","position":2,"name":"Butik","item":"https:\/\/masterchem.fi\/sv\/butik\/"},{"@type":"ListItem","position":3,"name":"Ammoniumklorid (CAS 12125-02-9)"}]},{"@type":"WebSite","@id":"https:\/\/masterchem.fi\/sv\/#website","url":"https:\/\/masterchem.fi\/sv\/","name":"MasterChem | kemikaalien tuotanto ja myynti","description":"kemikaalien tuotanto ja myynti","potentialAction":[{"@type":"SearchAction","target":{"@type":"EntryPoint","urlTemplate":"https:\/\/masterchem.fi\/sv\/?s={search_term_string}"},"query-input":{"@type":"PropertyValueSpecification","valueRequired":true,"valueName":"search_term_string"}}],"inLanguage":"sv-SE"}]}},"_links":{"self":[{"href":"https:\/\/masterchem.fi\/sv\/wp-json\/wp\/v2\/product\/9325","targetHints":{"allow":["GET"]}}],"collection":[{"href":"https:\/\/masterchem.fi\/sv\/wp-json\/wp\/v2\/product"}],"about":[{"href":"https:\/\/masterchem.fi\/sv\/wp-json\/wp\/v2\/types\/product"}],"wp:featuredmedia":[{"embeddable":true,"href":"https:\/\/masterchem.fi\/sv\/wp-json\/wp\/v2\/media\/9329"}],"wp:attachment":[{"href":"https:\/\/masterchem.fi\/sv\/wp-json\/wp\/v2\/media?parent=9325"}],"wp:term":[{"taxonomy":"product_brand","embeddable":true,"href":"https:\/\/masterchem.fi\/sv\/wp-json\/wp\/v2\/product_brand?post=9325"},{"taxonomy":"product_cat","embeddable":true,"href":"https:\/\/masterchem.fi\/sv\/wp-json\/wp\/v2\/product_cat?post=9325"},{"taxonomy":"product_tag","embeddable":true,"href":"https:\/\/masterchem.fi\/sv\/wp-json\/wp\/v2\/product_tag?post=9325"}],"curies":[{"name":"wp","href":"https:\/\/api.w.org\/{rel}","templated":true}]}}