{"id":9345,"date":"2022-05-12T09:30:21","date_gmt":"2022-05-12T06:30:22","guid":{"rendered":"https:\/\/masterchem.fi\/?post_type=product&#038;p=9345"},"modified":"2022-05-12T09:34:18","modified_gmt":"2022-05-12T06:34:18","slug":"zinkfosfat-cas-7779-90-0","status":"publish","type":"product","link":"https:\/\/masterchem.fi\/sv\/produkt\/zinkfosfat-cas-7779-90-0\/","title":{"rendered":"Zinkfosfat (CAS 7779-90-0)"},"content":{"rendered":"<p> <strong> Information <\/strong> <\/p>\n<p> Branscher: F\u00e4rger och lacker <br \/>\nCAS-nummer: 7779-90-0 <br \/>\nWE-nummer: 231-944-3 <br \/>\nKemisk formel: Zn3 (PO4) 2 \u2022 2H2O <br \/>\nMolekylvikt: 458,14 g\/mol <\/p>\n<p> <strong> Andra fysiska egenskaper <\/strong> <\/p>\n<p> pH: 6,0-8,0 (20 \u00b0C) <br \/>\nSm\u00e4ltpunkt \/ fryspunkt: 912 \u00b0 C <br \/>\nL\u00f6slighet i vatten: <0,1% (20 \u00b0C) <\/p>\n","protected":false},"excerpt":{"rendered":"<p> <strong> Zinkfosfat (CAS 7779-90-0) <\/strong> <\/p>\n<p>Zn3 fosfat Zn3 (PO4) 2 \u00e4r ett oorganiskt salt av fosforsyra med tv\u00e5v\u00e4rt zink som katjon. Den \u00e4r vit och fast och ol\u00f6slig i vatten. N\u00e4r det reageras med starka syror blir det fosforsyra och zinksalter. Den kan framst\u00e4llas av zink och fosforsyra, men vanligtvis anv\u00e4nds zink och magnesiumoxid blandad med en vattenl\u00f6sning av fosforsyra med en buffert. Det finns s\u00e4llan som ett mineral. <\/p>\n","protected":false},"featured_media":9349,"template":"","meta":[],"product_brand":[],"product_cat":[116],"product_tag":[],"class_list":{"0":"post-9345","1":"product","2":"type-product","3":"status-publish","4":"has-post-thumbnail","6":"product_cat-alla-produkter","8":"first","9":"outofstock","10":"taxable","11":"shipping-taxable","12":"purchasable","13":"product-type-variable","14":"has-default-attributes","15":"rtwpvg-product"},"yoast_head":"<!-- This site is optimized with the Yoast SEO plugin v27.2 - https:\/\/yoast.com\/product\/yoast-seo-wordpress\/ -->\n<title>Zinkfosfat (CAS 7779-90-0) - MasterChem | kemikaalien tuotanto ja myynti<\/title>\n<meta name=\"description\" content=\"Zinkfosfat Zn3 (PO4) 2 \u00e4r ett oorganiskt salt av fosforsyra med tv\u00e5v\u00e4rt zink som katjon.\" \/>\n<meta name=\"robots\" content=\"index, follow, max-snippet:-1, max-image-preview:large, max-video-preview:-1\" \/>\n<link rel=\"canonical\" href=\"https:\/\/masterchem.fi\/sv\/produkt\/zinkfosfat-cas-7779-90-0\/\" \/>\n<meta property=\"og:locale\" content=\"sv_SE\" \/>\n<meta property=\"og:type\" content=\"article\" \/>\n<meta property=\"og:title\" content=\"Zinkfosfat (CAS 7779-90-0) - MasterChem | kemikaalien tuotanto ja myynti\" \/>\n<meta property=\"og:description\" content=\"Zinkfosfat Zn3 (PO4) 2 \u00e4r ett oorganiskt salt av fosforsyra med tv\u00e5v\u00e4rt zink som katjon.\" \/>\n<meta property=\"og:url\" content=\"https:\/\/masterchem.fi\/sv\/produkt\/zinkfosfat-cas-7779-90-0\/\" \/>\n<meta property=\"og:site_name\" content=\"MasterChem | kemikaalien tuotanto ja myynti\" \/>\n<meta property=\"article:modified_time\" content=\"2022-05-12T06:34:18+00:00\" \/>\n<meta property=\"og:image\" content=\"https:\/\/masterchem.fi\/wp-content\/uploads\/2022\/05\/Sinkkifosfaatti-CAS-7779-90-0-25kg-MasterChem.jpg\" \/>\n\t<meta property=\"og:image:width\" content=\"1000\" \/>\n\t<meta property=\"og:image:height\" content=\"1000\" \/>\n\t<meta property=\"og:image:type\" content=\"image\/jpeg\" \/>\n<meta name=\"twitter:card\" content=\"summary_large_image\" \/>\n<script type=\"application\/ld+json\" class=\"yoast-schema-graph\">{\"@context\":\"https:\/\/schema.org\",\"@graph\":[{\"@type\":\"WebPage\",\"@id\":\"https:\/\/masterchem.fi\/sv\/produkt\/zinkfosfat-cas-7779-90-0\/\",\"url\":\"https:\/\/masterchem.fi\/sv\/produkt\/zinkfosfat-cas-7779-90-0\/\",\"name\":\"Zinkfosfat (CAS 7779-90-0) - MasterChem | kemikaalien tuotanto ja myynti\",\"isPartOf\":{\"@id\":\"https:\/\/masterchem.fi\/sv\/#website\"},\"primaryImageOfPage\":{\"@id\":\"https:\/\/masterchem.fi\/sv\/produkt\/zinkfosfat-cas-7779-90-0\/#primaryimage\"},\"image\":{\"@id\":\"https:\/\/masterchem.fi\/sv\/produkt\/zinkfosfat-cas-7779-90-0\/#primaryimage\"},\"thumbnailUrl\":\"https:\/\/masterchem.fi\/wp-content\/uploads\/2022\/05\/Sinkkifosfaatti-CAS-7779-90-0-25kg-MasterChem.jpg\",\"datePublished\":\"2022-05-12T06:30:22+00:00\",\"dateModified\":\"2022-05-12T06:34:18+00:00\",\"description\":\"Zinkfosfat Zn3 (PO4) 2 \u00e4r ett oorganiskt salt av fosforsyra med tv\u00e5v\u00e4rt zink som katjon.\",\"breadcrumb\":{\"@id\":\"https:\/\/masterchem.fi\/sv\/produkt\/zinkfosfat-cas-7779-90-0\/#breadcrumb\"},\"inLanguage\":\"sv-SE\",\"potentialAction\":[{\"@type\":\"ReadAction\",\"target\":[\"https:\/\/masterchem.fi\/sv\/produkt\/zinkfosfat-cas-7779-90-0\/\"]}]},{\"@type\":\"ImageObject\",\"inLanguage\":\"sv-SE\",\"@id\":\"https:\/\/masterchem.fi\/sv\/produkt\/zinkfosfat-cas-7779-90-0\/#primaryimage\",\"url\":\"https:\/\/masterchem.fi\/wp-content\/uploads\/2022\/05\/Sinkkifosfaatti-CAS-7779-90-0-25kg-MasterChem.jpg\",\"contentUrl\":\"https:\/\/masterchem.fi\/wp-content\/uploads\/2022\/05\/Sinkkifosfaatti-CAS-7779-90-0-25kg-MasterChem.jpg\",\"width\":1000,\"height\":1000,\"caption\":\"Zinkfosfat (CAS 7779-90-0) MasterChem\"},{\"@type\":\"BreadcrumbList\",\"@id\":\"https:\/\/masterchem.fi\/sv\/produkt\/zinkfosfat-cas-7779-90-0\/#breadcrumb\",\"itemListElement\":[{\"@type\":\"ListItem\",\"position\":1,\"name\":\"Home\",\"item\":\"https:\/\/masterchem.fi\/sv\/\"},{\"@type\":\"ListItem\",\"position\":2,\"name\":\"Butik\",\"item\":\"https:\/\/masterchem.fi\/sv\/butik\/\"},{\"@type\":\"ListItem\",\"position\":3,\"name\":\"Zinkfosfat (CAS 7779-90-0)\"}]},{\"@type\":\"WebSite\",\"@id\":\"https:\/\/masterchem.fi\/sv\/#website\",\"url\":\"https:\/\/masterchem.fi\/sv\/\",\"name\":\"MasterChem | kemikaalien tuotanto ja myynti\",\"description\":\"kemikaalien tuotanto ja myynti\",\"potentialAction\":[{\"@type\":\"SearchAction\",\"target\":{\"@type\":\"EntryPoint\",\"urlTemplate\":\"https:\/\/masterchem.fi\/sv\/?s={search_term_string}\"},\"query-input\":{\"@type\":\"PropertyValueSpecification\",\"valueRequired\":true,\"valueName\":\"search_term_string\"}}],\"inLanguage\":\"sv-SE\"}]}<\/script>\n<!-- \/ Yoast SEO plugin. -->","yoast_head_json":{"title":"Zinkfosfat (CAS 7779-90-0) - MasterChem | kemikaalien tuotanto ja myynti","description":"Zinkfosfat Zn3 (PO4) 2 \u00e4r ett oorganiskt salt av fosforsyra med tv\u00e5v\u00e4rt zink som katjon.","robots":{"index":"index","follow":"follow","max-snippet":"max-snippet:-1","max-image-preview":"max-image-preview:large","max-video-preview":"max-video-preview:-1"},"canonical":"https:\/\/masterchem.fi\/sv\/produkt\/zinkfosfat-cas-7779-90-0\/","og_locale":"sv_SE","og_type":"article","og_title":"Zinkfosfat (CAS 7779-90-0) - MasterChem | kemikaalien tuotanto ja myynti","og_description":"Zinkfosfat Zn3 (PO4) 2 \u00e4r ett oorganiskt salt av fosforsyra med tv\u00e5v\u00e4rt zink som katjon.","og_url":"https:\/\/masterchem.fi\/sv\/produkt\/zinkfosfat-cas-7779-90-0\/","og_site_name":"MasterChem | kemikaalien tuotanto ja myynti","article_modified_time":"2022-05-12T06:34:18+00:00","og_image":[{"width":1000,"height":1000,"url":"https:\/\/masterchem.fi\/wp-content\/uploads\/2022\/05\/Sinkkifosfaatti-CAS-7779-90-0-25kg-MasterChem.jpg","type":"image\/jpeg"}],"twitter_card":"summary_large_image","schema":{"@context":"https:\/\/schema.org","@graph":[{"@type":"WebPage","@id":"https:\/\/masterchem.fi\/sv\/produkt\/zinkfosfat-cas-7779-90-0\/","url":"https:\/\/masterchem.fi\/sv\/produkt\/zinkfosfat-cas-7779-90-0\/","name":"Zinkfosfat (CAS 7779-90-0) - MasterChem | kemikaalien tuotanto ja myynti","isPartOf":{"@id":"https:\/\/masterchem.fi\/sv\/#website"},"primaryImageOfPage":{"@id":"https:\/\/masterchem.fi\/sv\/produkt\/zinkfosfat-cas-7779-90-0\/#primaryimage"},"image":{"@id":"https:\/\/masterchem.fi\/sv\/produkt\/zinkfosfat-cas-7779-90-0\/#primaryimage"},"thumbnailUrl":"https:\/\/masterchem.fi\/wp-content\/uploads\/2022\/05\/Sinkkifosfaatti-CAS-7779-90-0-25kg-MasterChem.jpg","datePublished":"2022-05-12T06:30:22+00:00","dateModified":"2022-05-12T06:34:18+00:00","description":"Zinkfosfat Zn3 (PO4) 2 \u00e4r ett oorganiskt salt av fosforsyra med tv\u00e5v\u00e4rt zink som katjon.","breadcrumb":{"@id":"https:\/\/masterchem.fi\/sv\/produkt\/zinkfosfat-cas-7779-90-0\/#breadcrumb"},"inLanguage":"sv-SE","potentialAction":[{"@type":"ReadAction","target":["https:\/\/masterchem.fi\/sv\/produkt\/zinkfosfat-cas-7779-90-0\/"]}]},{"@type":"ImageObject","inLanguage":"sv-SE","@id":"https:\/\/masterchem.fi\/sv\/produkt\/zinkfosfat-cas-7779-90-0\/#primaryimage","url":"https:\/\/masterchem.fi\/wp-content\/uploads\/2022\/05\/Sinkkifosfaatti-CAS-7779-90-0-25kg-MasterChem.jpg","contentUrl":"https:\/\/masterchem.fi\/wp-content\/uploads\/2022\/05\/Sinkkifosfaatti-CAS-7779-90-0-25kg-MasterChem.jpg","width":1000,"height":1000,"caption":"Zinkfosfat (CAS 7779-90-0) MasterChem"},{"@type":"BreadcrumbList","@id":"https:\/\/masterchem.fi\/sv\/produkt\/zinkfosfat-cas-7779-90-0\/#breadcrumb","itemListElement":[{"@type":"ListItem","position":1,"name":"Home","item":"https:\/\/masterchem.fi\/sv\/"},{"@type":"ListItem","position":2,"name":"Butik","item":"https:\/\/masterchem.fi\/sv\/butik\/"},{"@type":"ListItem","position":3,"name":"Zinkfosfat (CAS 7779-90-0)"}]},{"@type":"WebSite","@id":"https:\/\/masterchem.fi\/sv\/#website","url":"https:\/\/masterchem.fi\/sv\/","name":"MasterChem | kemikaalien tuotanto ja myynti","description":"kemikaalien tuotanto ja myynti","potentialAction":[{"@type":"SearchAction","target":{"@type":"EntryPoint","urlTemplate":"https:\/\/masterchem.fi\/sv\/?s={search_term_string}"},"query-input":{"@type":"PropertyValueSpecification","valueRequired":true,"valueName":"search_term_string"}}],"inLanguage":"sv-SE"}]}},"_links":{"self":[{"href":"https:\/\/masterchem.fi\/sv\/wp-json\/wp\/v2\/product\/9345","targetHints":{"allow":["GET"]}}],"collection":[{"href":"https:\/\/masterchem.fi\/sv\/wp-json\/wp\/v2\/product"}],"about":[{"href":"https:\/\/masterchem.fi\/sv\/wp-json\/wp\/v2\/types\/product"}],"wp:featuredmedia":[{"embeddable":true,"href":"https:\/\/masterchem.fi\/sv\/wp-json\/wp\/v2\/media\/9349"}],"wp:attachment":[{"href":"https:\/\/masterchem.fi\/sv\/wp-json\/wp\/v2\/media?parent=9345"}],"wp:term":[{"taxonomy":"product_brand","embeddable":true,"href":"https:\/\/masterchem.fi\/sv\/wp-json\/wp\/v2\/product_brand?post=9345"},{"taxonomy":"product_cat","embeddable":true,"href":"https:\/\/masterchem.fi\/sv\/wp-json\/wp\/v2\/product_cat?post=9345"},{"taxonomy":"product_tag","embeddable":true,"href":"https:\/\/masterchem.fi\/sv\/wp-json\/wp\/v2\/product_tag?post=9345"}],"curies":[{"name":"wp","href":"https:\/\/api.w.org\/{rel}","templated":true}]}}