{"id":9355,"date":"2022-05-12T09:35:48","date_gmt":"2022-05-12T06:35:49","guid":{"rendered":"https:\/\/masterchem.fi\/?post_type=product&#038;p=9355"},"modified":"2022-05-12T09:39:24","modified_gmt":"2022-05-12T06:39:24","slug":"diammoniumfosfat-cas-7783-28-0","status":"publish","type":"product","link":"https:\/\/masterchem.fi\/sv\/produkt\/diammoniumfosfat-cas-7783-28-0\/","title":{"rendered":"Diammoniumfosfat (CAS 7783-28-0)"},"content":{"rendered":"<p> <strong> Information <\/strong> <\/p>\n<p> Branscher: F\u00e4rger och lacker, g\u00f6dningsmedel, lim, oljor, fetter, byggkemikalier <br \/>\nCAS-nummer: 7783-28-0 <br \/>\nWE-nummer: 231-987-8 <br \/>\nKemisk formel: (NH4) 2HPO4 <br \/>\nMolekylvikt: 132,1 g\/mol <br \/>\nTaxa: 31053000 <\/p>\n<p> <strong> Andra fysiska egenskaper <\/strong> <\/p>\n<p> pH: 8-8,5 <br \/>\nRelativ densitet: 1619 g\/cm3 (20 \u00b0C) <br \/>\nL\u00f6slighet i vatten: 588 g\/l (20 \u00b0C) <\/p>\n","protected":false},"excerpt":{"rendered":"<p> <strong> Diammoniumfosfat (CAS 7783-28-0) <\/strong> <\/p>\n<p> Diammoniumfosfat (DAP; IUPAC-namnet \u00e4r diammoniumv\u00e4tefosfat; kemisk formel (NH4) 2 (HPO4) \u00e4r en av en serie vattenl\u00f6sliga ammoniumfosfatsalter som kan bildas n\u00e4r ammoniak reagerar med fosforsyra. <\/p>\n<p> ><br \/>\nEnligt s\u00e4kerhetsdatabladet f\u00f6r diammoniumfosfat fr\u00e5n CF Industries, Inc., b\u00f6rjar s\u00f6nderdelningen vid temperaturer upp till 70 \u00b0C: &#8220;Farliga s\u00f6nderdelningsprodukter: Bryter gradvis ned ammoniak n\u00e4r den uts\u00e4tts f\u00f6r luft vid rumstemperatur. S\u00f6nderfaller till ammoniak och monoammoniumfosfat vid cirka 70 grader. \u00b0C (158 \u00b0C). DAP avger fosforoxider, dikv\u00e4veoxid och ammoniak vid 155 \u00b0C (311 \u00b0F). &#8220;<\/p>\n","protected":false},"featured_media":9359,"template":"","meta":[],"product_brand":[],"product_cat":[173,112,116],"product_tag":[],"class_list":{"0":"post-9355","1":"product","2":"type-product","3":"status-publish","4":"has-post-thumbnail","6":"product_cat-godselmedel","7":"product_cat-byggbranschen","8":"product_cat-alla-produkter","10":"first","11":"outofstock","12":"taxable","13":"shipping-taxable","14":"purchasable","15":"product-type-variable","16":"has-default-attributes","17":"rtwpvg-product"},"yoast_head":"<!-- This site is optimized with the Yoast SEO plugin v27.2 - https:\/\/yoast.com\/product\/yoast-seo-wordpress\/ -->\n<title>Diammoniumfosfat (CAS 7783-28-0) - MasterChem | kemikaalien tuotanto ja myynti<\/title>\n<meta name=\"description\" content=\"Diammoniumfosfat (DAP; IUPAC namn diammoniumv\u00e4tefosfat; kemisk formel (NH4) 2 (HPO4) \u00e4r en av en serie vattenl\u00f6sliga ammoniumfosfatsalter som kan bildas n\u00e4r ammoniak reagerar med fosforsyra.\" \/>\n<meta name=\"robots\" content=\"index, follow, max-snippet:-1, max-image-preview:large, max-video-preview:-1\" \/>\n<link rel=\"canonical\" href=\"https:\/\/masterchem.fi\/sv\/produkt\/diammoniumfosfat-cas-7783-28-0\/\" \/>\n<meta property=\"og:locale\" content=\"sv_SE\" \/>\n<meta property=\"og:type\" content=\"article\" \/>\n<meta property=\"og:title\" content=\"Diammoniumfosfat (CAS 7783-28-0) - MasterChem | kemikaalien tuotanto ja myynti\" \/>\n<meta property=\"og:description\" content=\"Diammoniumfosfat (DAP; IUPAC namn diammoniumv\u00e4tefosfat; kemisk formel (NH4) 2 (HPO4) \u00e4r en av en serie vattenl\u00f6sliga ammoniumfosfatsalter som kan bildas n\u00e4r ammoniak reagerar med fosforsyra.\" \/>\n<meta property=\"og:url\" content=\"https:\/\/masterchem.fi\/sv\/produkt\/diammoniumfosfat-cas-7783-28-0\/\" \/>\n<meta property=\"og:site_name\" content=\"MasterChem | kemikaalien tuotanto ja myynti\" \/>\n<meta property=\"article:modified_time\" content=\"2022-05-12T06:39:24+00:00\" \/>\n<meta property=\"og:image\" content=\"https:\/\/masterchem.fi\/wp-content\/uploads\/2022\/05\/Diammoniumfosfaatti-CAS-7783-28-0-25kg-MasterChem.jpg\" \/>\n\t<meta property=\"og:image:width\" content=\"1000\" \/>\n\t<meta property=\"og:image:height\" content=\"1000\" \/>\n\t<meta property=\"og:image:type\" content=\"image\/jpeg\" \/>\n<meta name=\"twitter:card\" content=\"summary_large_image\" \/>\n<script type=\"application\/ld+json\" class=\"yoast-schema-graph\">{\"@context\":\"https:\/\/schema.org\",\"@graph\":[{\"@type\":\"WebPage\",\"@id\":\"https:\/\/masterchem.fi\/sv\/produkt\/diammoniumfosfat-cas-7783-28-0\/\",\"url\":\"https:\/\/masterchem.fi\/sv\/produkt\/diammoniumfosfat-cas-7783-28-0\/\",\"name\":\"Diammoniumfosfat (CAS 7783-28-0) - MasterChem | kemikaalien tuotanto ja myynti\",\"isPartOf\":{\"@id\":\"https:\/\/masterchem.fi\/sv\/#website\"},\"primaryImageOfPage\":{\"@id\":\"https:\/\/masterchem.fi\/sv\/produkt\/diammoniumfosfat-cas-7783-28-0\/#primaryimage\"},\"image\":{\"@id\":\"https:\/\/masterchem.fi\/sv\/produkt\/diammoniumfosfat-cas-7783-28-0\/#primaryimage\"},\"thumbnailUrl\":\"https:\/\/masterchem.fi\/wp-content\/uploads\/2022\/05\/Diammoniumfosfaatti-CAS-7783-28-0-25kg-MasterChem.jpg\",\"datePublished\":\"2022-05-12T06:35:49+00:00\",\"dateModified\":\"2022-05-12T06:39:24+00:00\",\"description\":\"Diammoniumfosfat (DAP; IUPAC namn diammoniumv\u00e4tefosfat; kemisk formel (NH4) 2 (HPO4) \u00e4r en av en serie vattenl\u00f6sliga ammoniumfosfatsalter som kan bildas n\u00e4r ammoniak reagerar med fosforsyra.\",\"breadcrumb\":{\"@id\":\"https:\/\/masterchem.fi\/sv\/produkt\/diammoniumfosfat-cas-7783-28-0\/#breadcrumb\"},\"inLanguage\":\"sv-SE\",\"potentialAction\":[{\"@type\":\"ReadAction\",\"target\":[\"https:\/\/masterchem.fi\/sv\/produkt\/diammoniumfosfat-cas-7783-28-0\/\"]}]},{\"@type\":\"ImageObject\",\"inLanguage\":\"sv-SE\",\"@id\":\"https:\/\/masterchem.fi\/sv\/produkt\/diammoniumfosfat-cas-7783-28-0\/#primaryimage\",\"url\":\"https:\/\/masterchem.fi\/wp-content\/uploads\/2022\/05\/Diammoniumfosfaatti-CAS-7783-28-0-25kg-MasterChem.jpg\",\"contentUrl\":\"https:\/\/masterchem.fi\/wp-content\/uploads\/2022\/05\/Diammoniumfosfaatti-CAS-7783-28-0-25kg-MasterChem.jpg\",\"width\":1000,\"height\":1000,\"caption\":\"Diammoniumfosfat (CAS 7783-28-0) 25kg MasterChem\"},{\"@type\":\"BreadcrumbList\",\"@id\":\"https:\/\/masterchem.fi\/sv\/produkt\/diammoniumfosfat-cas-7783-28-0\/#breadcrumb\",\"itemListElement\":[{\"@type\":\"ListItem\",\"position\":1,\"name\":\"Home\",\"item\":\"https:\/\/masterchem.fi\/sv\/\"},{\"@type\":\"ListItem\",\"position\":2,\"name\":\"Butik\",\"item\":\"https:\/\/masterchem.fi\/sv\/butik\/\"},{\"@type\":\"ListItem\",\"position\":3,\"name\":\"Diammoniumfosfat (CAS 7783-28-0)\"}]},{\"@type\":\"WebSite\",\"@id\":\"https:\/\/masterchem.fi\/sv\/#website\",\"url\":\"https:\/\/masterchem.fi\/sv\/\",\"name\":\"MasterChem | kemikaalien tuotanto ja myynti\",\"description\":\"kemikaalien tuotanto ja myynti\",\"potentialAction\":[{\"@type\":\"SearchAction\",\"target\":{\"@type\":\"EntryPoint\",\"urlTemplate\":\"https:\/\/masterchem.fi\/sv\/?s={search_term_string}\"},\"query-input\":{\"@type\":\"PropertyValueSpecification\",\"valueRequired\":true,\"valueName\":\"search_term_string\"}}],\"inLanguage\":\"sv-SE\"}]}<\/script>\n<!-- \/ Yoast SEO plugin. -->","yoast_head_json":{"title":"Diammoniumfosfat (CAS 7783-28-0) - MasterChem | kemikaalien tuotanto ja myynti","description":"Diammoniumfosfat (DAP; IUPAC namn diammoniumv\u00e4tefosfat; kemisk formel (NH4) 2 (HPO4) \u00e4r en av en serie vattenl\u00f6sliga ammoniumfosfatsalter som kan bildas n\u00e4r ammoniak reagerar med fosforsyra.","robots":{"index":"index","follow":"follow","max-snippet":"max-snippet:-1","max-image-preview":"max-image-preview:large","max-video-preview":"max-video-preview:-1"},"canonical":"https:\/\/masterchem.fi\/sv\/produkt\/diammoniumfosfat-cas-7783-28-0\/","og_locale":"sv_SE","og_type":"article","og_title":"Diammoniumfosfat (CAS 7783-28-0) - MasterChem | kemikaalien tuotanto ja myynti","og_description":"Diammoniumfosfat (DAP; IUPAC namn diammoniumv\u00e4tefosfat; kemisk formel (NH4) 2 (HPO4) \u00e4r en av en serie vattenl\u00f6sliga ammoniumfosfatsalter som kan bildas n\u00e4r ammoniak reagerar med fosforsyra.","og_url":"https:\/\/masterchem.fi\/sv\/produkt\/diammoniumfosfat-cas-7783-28-0\/","og_site_name":"MasterChem | kemikaalien tuotanto ja myynti","article_modified_time":"2022-05-12T06:39:24+00:00","og_image":[{"width":1000,"height":1000,"url":"https:\/\/masterchem.fi\/wp-content\/uploads\/2022\/05\/Diammoniumfosfaatti-CAS-7783-28-0-25kg-MasterChem.jpg","type":"image\/jpeg"}],"twitter_card":"summary_large_image","schema":{"@context":"https:\/\/schema.org","@graph":[{"@type":"WebPage","@id":"https:\/\/masterchem.fi\/sv\/produkt\/diammoniumfosfat-cas-7783-28-0\/","url":"https:\/\/masterchem.fi\/sv\/produkt\/diammoniumfosfat-cas-7783-28-0\/","name":"Diammoniumfosfat (CAS 7783-28-0) - MasterChem | kemikaalien tuotanto ja myynti","isPartOf":{"@id":"https:\/\/masterchem.fi\/sv\/#website"},"primaryImageOfPage":{"@id":"https:\/\/masterchem.fi\/sv\/produkt\/diammoniumfosfat-cas-7783-28-0\/#primaryimage"},"image":{"@id":"https:\/\/masterchem.fi\/sv\/produkt\/diammoniumfosfat-cas-7783-28-0\/#primaryimage"},"thumbnailUrl":"https:\/\/masterchem.fi\/wp-content\/uploads\/2022\/05\/Diammoniumfosfaatti-CAS-7783-28-0-25kg-MasterChem.jpg","datePublished":"2022-05-12T06:35:49+00:00","dateModified":"2022-05-12T06:39:24+00:00","description":"Diammoniumfosfat (DAP; IUPAC namn diammoniumv\u00e4tefosfat; kemisk formel (NH4) 2 (HPO4) \u00e4r en av en serie vattenl\u00f6sliga ammoniumfosfatsalter som kan bildas n\u00e4r ammoniak reagerar med fosforsyra.","breadcrumb":{"@id":"https:\/\/masterchem.fi\/sv\/produkt\/diammoniumfosfat-cas-7783-28-0\/#breadcrumb"},"inLanguage":"sv-SE","potentialAction":[{"@type":"ReadAction","target":["https:\/\/masterchem.fi\/sv\/produkt\/diammoniumfosfat-cas-7783-28-0\/"]}]},{"@type":"ImageObject","inLanguage":"sv-SE","@id":"https:\/\/masterchem.fi\/sv\/produkt\/diammoniumfosfat-cas-7783-28-0\/#primaryimage","url":"https:\/\/masterchem.fi\/wp-content\/uploads\/2022\/05\/Diammoniumfosfaatti-CAS-7783-28-0-25kg-MasterChem.jpg","contentUrl":"https:\/\/masterchem.fi\/wp-content\/uploads\/2022\/05\/Diammoniumfosfaatti-CAS-7783-28-0-25kg-MasterChem.jpg","width":1000,"height":1000,"caption":"Diammoniumfosfat (CAS 7783-28-0) 25kg MasterChem"},{"@type":"BreadcrumbList","@id":"https:\/\/masterchem.fi\/sv\/produkt\/diammoniumfosfat-cas-7783-28-0\/#breadcrumb","itemListElement":[{"@type":"ListItem","position":1,"name":"Home","item":"https:\/\/masterchem.fi\/sv\/"},{"@type":"ListItem","position":2,"name":"Butik","item":"https:\/\/masterchem.fi\/sv\/butik\/"},{"@type":"ListItem","position":3,"name":"Diammoniumfosfat (CAS 7783-28-0)"}]},{"@type":"WebSite","@id":"https:\/\/masterchem.fi\/sv\/#website","url":"https:\/\/masterchem.fi\/sv\/","name":"MasterChem | kemikaalien tuotanto ja myynti","description":"kemikaalien tuotanto ja myynti","potentialAction":[{"@type":"SearchAction","target":{"@type":"EntryPoint","urlTemplate":"https:\/\/masterchem.fi\/sv\/?s={search_term_string}"},"query-input":{"@type":"PropertyValueSpecification","valueRequired":true,"valueName":"search_term_string"}}],"inLanguage":"sv-SE"}]}},"_links":{"self":[{"href":"https:\/\/masterchem.fi\/sv\/wp-json\/wp\/v2\/product\/9355","targetHints":{"allow":["GET"]}}],"collection":[{"href":"https:\/\/masterchem.fi\/sv\/wp-json\/wp\/v2\/product"}],"about":[{"href":"https:\/\/masterchem.fi\/sv\/wp-json\/wp\/v2\/types\/product"}],"wp:featuredmedia":[{"embeddable":true,"href":"https:\/\/masterchem.fi\/sv\/wp-json\/wp\/v2\/media\/9359"}],"wp:attachment":[{"href":"https:\/\/masterchem.fi\/sv\/wp-json\/wp\/v2\/media?parent=9355"}],"wp:term":[{"taxonomy":"product_brand","embeddable":true,"href":"https:\/\/masterchem.fi\/sv\/wp-json\/wp\/v2\/product_brand?post=9355"},{"taxonomy":"product_cat","embeddable":true,"href":"https:\/\/masterchem.fi\/sv\/wp-json\/wp\/v2\/product_cat?post=9355"},{"taxonomy":"product_tag","embeddable":true,"href":"https:\/\/masterchem.fi\/sv\/wp-json\/wp\/v2\/product_tag?post=9355"}],"curies":[{"name":"wp","href":"https:\/\/api.w.org\/{rel}","templated":true}]}}