{"id":9368,"date":"2022-05-16T18:45:26","date_gmt":"2022-05-16T15:45:26","guid":{"rendered":"https:\/\/masterchem.fi\/?post_type=product&#038;p=9368"},"modified":"2022-05-16T18:51:39","modified_gmt":"2022-05-16T15:51:39","slug":"monoammoniumfosfat-cas-7722-76-1","status":"publish","type":"product","link":"https:\/\/masterchem.fi\/sv\/produkt\/monoammoniumfosfat-cas-7722-76-1\/","title":{"rendered":"Monoammoniumfosfat (CAS 7722-76-1)"},"content":{"rendered":"<p> <strong> Information <\/strong> <\/p>\n<p> Branscher: g\u00f6dningsmedel, lim, oljor, fetter, tr\u00e4dg\u00e5rdssk\u00f6tsel, byggkemikalier, hartser, plaster, polyuretaner <br \/>\nCAS-nummer: 7722-76-1 <br \/>\nWE-nummer: 231-764-5 <br \/>\nKemisk formel: (NH4) H2PO4 <br \/>\nMolekylvikt: 115,03 g\/mol <br \/>\nTaxa: 31054000 <\/p>\n<p> <strong> Andra fysiska egenskaper <\/strong> <\/p>\n<p> Sm\u00e4ltpunkt \/ fryspunkt: 190 \u00b0 C <br \/>\nRelativ densitet: 1,1 g\/cm3 (20 \u00b0C) <br \/>\nL\u00f6slighet i vatten: 370 g\/l <\/p>\n","protected":false},"excerpt":{"rendered":"<p> <strong> Monoammoniumfosfat (CAS 7722-76-1) <\/strong> <\/p>\n<p>Ammoniumdiv\u00e4tefosfat (ADP), \u00e4ven k\u00e4nd som monoammoniumfosfat (MAP), \u00e4r en kemisk f\u00f6rening med den kemiska formeln (NH4) (H2PO4). ADP \u00e4r en viktig ingrediens i jordbruksg\u00f6dselmedel och vissa brandsl\u00e4ckare. Den har ocks\u00e5 betydande till\u00e4mpningar inom optik och elektronik. <\/p>\n<p> Monoammoniumfosfat \u00e4r l\u00f6sligt i vatten och kristalliseras som ett vattenfritt salt i det tetragonala systemet som l\u00e5ngstr\u00e4ckta prismor eller n\u00e5lar. Det \u00e4r praktiskt taget ol\u00f6sligt i etanol. <\/p>\n<p> Fast monoammoniumfosfat kan anses vara praktiskt taget stabil vid temperaturer upp till 200 \u00b0 C eftersom det s\u00f6nderdelas till gasformig ammoniak NH3 och sm\u00e4lt fosforsyra H3PO4. Vid 125 \u00b0 C \u00e4r partialtrycket f\u00f6r ammoniak 0,05 mm Hg. <\/p>\n<p>L\u00f6sningen av st\u00f6kiometriskt monoammoniumfosfat \u00e4r sur (pH 4,7 vid 0,1 %, 4,2 vid 5 %). <\/p>\n","protected":false},"featured_media":9372,"template":"","meta":[],"product_brand":[],"product_cat":[109,112,116,173,182],"product_tag":[],"class_list":{"0":"post-9368","1":"product","2":"type-product","3":"status-publish","4":"has-post-thumbnail","6":"product_cat-plast","7":"product_cat-byggbranschen","8":"product_cat-alla-produkter","9":"product_cat-godselmedel","10":"product_cat-hortikultur","12":"first","13":"outofstock","14":"taxable","15":"shipping-taxable","16":"purchasable","17":"product-type-variable","18":"has-default-attributes","19":"rtwpvg-product"},"yoast_head":"<!-- This site is optimized with the Yoast SEO plugin v27.2 - https:\/\/yoast.com\/product\/yoast-seo-wordpress\/ -->\n<title>Monoammoniumfosfat (CAS 7722-76-1) - MasterChem | kemikaalien tuotanto ja myynti<\/title>\n<meta name=\"description\" content=\"Ammoniumdiv\u00e4tefosfat (ADP), \u00e4ven k\u00e4nd som monoammoniumfosfat (MAP), \u00e4r en kemisk f\u00f6rening med den kemiska formeln (NH4) (H2PO4).\" \/>\n<meta name=\"robots\" content=\"index, follow, max-snippet:-1, max-image-preview:large, max-video-preview:-1\" \/>\n<link rel=\"canonical\" href=\"https:\/\/masterchem.fi\/sv\/produkt\/monoammoniumfosfat-cas-7722-76-1\/\" \/>\n<meta property=\"og:locale\" content=\"sv_SE\" \/>\n<meta property=\"og:type\" content=\"article\" \/>\n<meta property=\"og:title\" content=\"Monoammoniumfosfat (CAS 7722-76-1) - MasterChem | kemikaalien tuotanto ja myynti\" \/>\n<meta property=\"og:description\" content=\"Ammoniumdiv\u00e4tefosfat (ADP), \u00e4ven k\u00e4nd som monoammoniumfosfat (MAP), \u00e4r en kemisk f\u00f6rening med den kemiska formeln (NH4) (H2PO4).\" \/>\n<meta property=\"og:url\" content=\"https:\/\/masterchem.fi\/sv\/produkt\/monoammoniumfosfat-cas-7722-76-1\/\" \/>\n<meta property=\"og:site_name\" content=\"MasterChem | kemikaalien tuotanto ja myynti\" \/>\n<meta property=\"article:modified_time\" content=\"2022-05-16T15:51:39+00:00\" \/>\n<meta property=\"og:image\" content=\"https:\/\/masterchem.fi\/wp-content\/uploads\/2022\/05\/Monoammoniumfosfaatti-CAS-7722-76-1-MasterChem.jpg\" \/>\n\t<meta property=\"og:image:width\" content=\"1000\" \/>\n\t<meta property=\"og:image:height\" content=\"1000\" \/>\n\t<meta property=\"og:image:type\" content=\"image\/jpeg\" \/>\n<meta name=\"twitter:card\" content=\"summary_large_image\" \/>\n<script type=\"application\/ld+json\" class=\"yoast-schema-graph\">{\"@context\":\"https:\/\/schema.org\",\"@graph\":[{\"@type\":\"WebPage\",\"@id\":\"https:\/\/masterchem.fi\/sv\/produkt\/monoammoniumfosfat-cas-7722-76-1\/\",\"url\":\"https:\/\/masterchem.fi\/sv\/produkt\/monoammoniumfosfat-cas-7722-76-1\/\",\"name\":\"Monoammoniumfosfat (CAS 7722-76-1) - MasterChem | kemikaalien tuotanto ja myynti\",\"isPartOf\":{\"@id\":\"https:\/\/masterchem.fi\/sv\/#website\"},\"primaryImageOfPage\":{\"@id\":\"https:\/\/masterchem.fi\/sv\/produkt\/monoammoniumfosfat-cas-7722-76-1\/#primaryimage\"},\"image\":{\"@id\":\"https:\/\/masterchem.fi\/sv\/produkt\/monoammoniumfosfat-cas-7722-76-1\/#primaryimage\"},\"thumbnailUrl\":\"https:\/\/masterchem.fi\/wp-content\/uploads\/2022\/05\/Monoammoniumfosfaatti-CAS-7722-76-1-MasterChem.jpg\",\"datePublished\":\"2022-05-16T15:45:26+00:00\",\"dateModified\":\"2022-05-16T15:51:39+00:00\",\"description\":\"Ammoniumdiv\u00e4tefosfat (ADP), \u00e4ven k\u00e4nd som monoammoniumfosfat (MAP), \u00e4r en kemisk f\u00f6rening med den kemiska formeln (NH4) (H2PO4).\",\"breadcrumb\":{\"@id\":\"https:\/\/masterchem.fi\/sv\/produkt\/monoammoniumfosfat-cas-7722-76-1\/#breadcrumb\"},\"inLanguage\":\"sv-SE\",\"potentialAction\":[{\"@type\":\"ReadAction\",\"target\":[\"https:\/\/masterchem.fi\/sv\/produkt\/monoammoniumfosfat-cas-7722-76-1\/\"]}]},{\"@type\":\"ImageObject\",\"inLanguage\":\"sv-SE\",\"@id\":\"https:\/\/masterchem.fi\/sv\/produkt\/monoammoniumfosfat-cas-7722-76-1\/#primaryimage\",\"url\":\"https:\/\/masterchem.fi\/wp-content\/uploads\/2022\/05\/Monoammoniumfosfaatti-CAS-7722-76-1-MasterChem.jpg\",\"contentUrl\":\"https:\/\/masterchem.fi\/wp-content\/uploads\/2022\/05\/Monoammoniumfosfaatti-CAS-7722-76-1-MasterChem.jpg\",\"width\":1000,\"height\":1000,\"caption\":\"Trietylfosfat (CAS 78-40-0) 25kg MasterChem\"},{\"@type\":\"BreadcrumbList\",\"@id\":\"https:\/\/masterchem.fi\/sv\/produkt\/monoammoniumfosfat-cas-7722-76-1\/#breadcrumb\",\"itemListElement\":[{\"@type\":\"ListItem\",\"position\":1,\"name\":\"Home\",\"item\":\"https:\/\/masterchem.fi\/sv\/\"},{\"@type\":\"ListItem\",\"position\":2,\"name\":\"Butik\",\"item\":\"https:\/\/masterchem.fi\/sv\/butik\/\"},{\"@type\":\"ListItem\",\"position\":3,\"name\":\"Monoammoniumfosfat (CAS 7722-76-1)\"}]},{\"@type\":\"WebSite\",\"@id\":\"https:\/\/masterchem.fi\/sv\/#website\",\"url\":\"https:\/\/masterchem.fi\/sv\/\",\"name\":\"MasterChem | kemikaalien tuotanto ja myynti\",\"description\":\"kemikaalien tuotanto ja myynti\",\"potentialAction\":[{\"@type\":\"SearchAction\",\"target\":{\"@type\":\"EntryPoint\",\"urlTemplate\":\"https:\/\/masterchem.fi\/sv\/?s={search_term_string}\"},\"query-input\":{\"@type\":\"PropertyValueSpecification\",\"valueRequired\":true,\"valueName\":\"search_term_string\"}}],\"inLanguage\":\"sv-SE\"}]}<\/script>\n<!-- \/ Yoast SEO plugin. -->","yoast_head_json":{"title":"Monoammoniumfosfat (CAS 7722-76-1) - MasterChem | kemikaalien tuotanto ja myynti","description":"Ammoniumdiv\u00e4tefosfat (ADP), \u00e4ven k\u00e4nd som monoammoniumfosfat (MAP), \u00e4r en kemisk f\u00f6rening med den kemiska formeln (NH4) (H2PO4).","robots":{"index":"index","follow":"follow","max-snippet":"max-snippet:-1","max-image-preview":"max-image-preview:large","max-video-preview":"max-video-preview:-1"},"canonical":"https:\/\/masterchem.fi\/sv\/produkt\/monoammoniumfosfat-cas-7722-76-1\/","og_locale":"sv_SE","og_type":"article","og_title":"Monoammoniumfosfat (CAS 7722-76-1) - MasterChem | kemikaalien tuotanto ja myynti","og_description":"Ammoniumdiv\u00e4tefosfat (ADP), \u00e4ven k\u00e4nd som monoammoniumfosfat (MAP), \u00e4r en kemisk f\u00f6rening med den kemiska formeln (NH4) (H2PO4).","og_url":"https:\/\/masterchem.fi\/sv\/produkt\/monoammoniumfosfat-cas-7722-76-1\/","og_site_name":"MasterChem | kemikaalien tuotanto ja myynti","article_modified_time":"2022-05-16T15:51:39+00:00","og_image":[{"width":1000,"height":1000,"url":"https:\/\/masterchem.fi\/wp-content\/uploads\/2022\/05\/Monoammoniumfosfaatti-CAS-7722-76-1-MasterChem.jpg","type":"image\/jpeg"}],"twitter_card":"summary_large_image","schema":{"@context":"https:\/\/schema.org","@graph":[{"@type":"WebPage","@id":"https:\/\/masterchem.fi\/sv\/produkt\/monoammoniumfosfat-cas-7722-76-1\/","url":"https:\/\/masterchem.fi\/sv\/produkt\/monoammoniumfosfat-cas-7722-76-1\/","name":"Monoammoniumfosfat (CAS 7722-76-1) - MasterChem | kemikaalien tuotanto ja myynti","isPartOf":{"@id":"https:\/\/masterchem.fi\/sv\/#website"},"primaryImageOfPage":{"@id":"https:\/\/masterchem.fi\/sv\/produkt\/monoammoniumfosfat-cas-7722-76-1\/#primaryimage"},"image":{"@id":"https:\/\/masterchem.fi\/sv\/produkt\/monoammoniumfosfat-cas-7722-76-1\/#primaryimage"},"thumbnailUrl":"https:\/\/masterchem.fi\/wp-content\/uploads\/2022\/05\/Monoammoniumfosfaatti-CAS-7722-76-1-MasterChem.jpg","datePublished":"2022-05-16T15:45:26+00:00","dateModified":"2022-05-16T15:51:39+00:00","description":"Ammoniumdiv\u00e4tefosfat (ADP), \u00e4ven k\u00e4nd som monoammoniumfosfat (MAP), \u00e4r en kemisk f\u00f6rening med den kemiska formeln (NH4) (H2PO4).","breadcrumb":{"@id":"https:\/\/masterchem.fi\/sv\/produkt\/monoammoniumfosfat-cas-7722-76-1\/#breadcrumb"},"inLanguage":"sv-SE","potentialAction":[{"@type":"ReadAction","target":["https:\/\/masterchem.fi\/sv\/produkt\/monoammoniumfosfat-cas-7722-76-1\/"]}]},{"@type":"ImageObject","inLanguage":"sv-SE","@id":"https:\/\/masterchem.fi\/sv\/produkt\/monoammoniumfosfat-cas-7722-76-1\/#primaryimage","url":"https:\/\/masterchem.fi\/wp-content\/uploads\/2022\/05\/Monoammoniumfosfaatti-CAS-7722-76-1-MasterChem.jpg","contentUrl":"https:\/\/masterchem.fi\/wp-content\/uploads\/2022\/05\/Monoammoniumfosfaatti-CAS-7722-76-1-MasterChem.jpg","width":1000,"height":1000,"caption":"Trietylfosfat (CAS 78-40-0) 25kg MasterChem"},{"@type":"BreadcrumbList","@id":"https:\/\/masterchem.fi\/sv\/produkt\/monoammoniumfosfat-cas-7722-76-1\/#breadcrumb","itemListElement":[{"@type":"ListItem","position":1,"name":"Home","item":"https:\/\/masterchem.fi\/sv\/"},{"@type":"ListItem","position":2,"name":"Butik","item":"https:\/\/masterchem.fi\/sv\/butik\/"},{"@type":"ListItem","position":3,"name":"Monoammoniumfosfat (CAS 7722-76-1)"}]},{"@type":"WebSite","@id":"https:\/\/masterchem.fi\/sv\/#website","url":"https:\/\/masterchem.fi\/sv\/","name":"MasterChem | kemikaalien tuotanto ja myynti","description":"kemikaalien tuotanto ja myynti","potentialAction":[{"@type":"SearchAction","target":{"@type":"EntryPoint","urlTemplate":"https:\/\/masterchem.fi\/sv\/?s={search_term_string}"},"query-input":{"@type":"PropertyValueSpecification","valueRequired":true,"valueName":"search_term_string"}}],"inLanguage":"sv-SE"}]}},"_links":{"self":[{"href":"https:\/\/masterchem.fi\/sv\/wp-json\/wp\/v2\/product\/9368","targetHints":{"allow":["GET"]}}],"collection":[{"href":"https:\/\/masterchem.fi\/sv\/wp-json\/wp\/v2\/product"}],"about":[{"href":"https:\/\/masterchem.fi\/sv\/wp-json\/wp\/v2\/types\/product"}],"wp:featuredmedia":[{"embeddable":true,"href":"https:\/\/masterchem.fi\/sv\/wp-json\/wp\/v2\/media\/9372"}],"wp:attachment":[{"href":"https:\/\/masterchem.fi\/sv\/wp-json\/wp\/v2\/media?parent=9368"}],"wp:term":[{"taxonomy":"product_brand","embeddable":true,"href":"https:\/\/masterchem.fi\/sv\/wp-json\/wp\/v2\/product_brand?post=9368"},{"taxonomy":"product_cat","embeddable":true,"href":"https:\/\/masterchem.fi\/sv\/wp-json\/wp\/v2\/product_cat?post=9368"},{"taxonomy":"product_tag","embeddable":true,"href":"https:\/\/masterchem.fi\/sv\/wp-json\/wp\/v2\/product_tag?post=9368"}],"curies":[{"name":"wp","href":"https:\/\/api.w.org\/{rel}","templated":true}]}}