{"id":9379,"date":"2022-05-16T18:59:03","date_gmt":"2022-05-16T15:59:03","guid":{"rendered":"https:\/\/masterchem.fi\/?post_type=product&#038;p=9379"},"modified":"2022-05-16T19:03:28","modified_gmt":"2022-05-16T16:03:28","slug":"trietylfosfat-cas-78-40-0","status":"publish","type":"product","link":"https:\/\/masterchem.fi\/sv\/produkt\/trietylfosfat-cas-78-40-0\/","title":{"rendered":"Trietylfosfat (CAS 78-40-0)"},"content":{"rendered":"<p> <strong> Information <\/strong> <\/p>\n<p> Branscher: hartser, plaster, polyuretaner <br \/>\nCAS-nummer: 78-40-0 <br \/>\nWE-nummer: 201-114-5 <br \/>\nKemisk formel: C6H15O4P <br \/>\nMolvikt: 182,16 g\/mol <br \/>\nTulltaxekod: 29199000 <\/p>\n<p> <strong> Andra fysiska egenskaper <\/strong> <\/p>\n<p> Kokpunkt\/intervall: 211\u00baC <br \/>\nRelativ densitet: 1071 kg \/ m3 <\/p>\n","protected":false},"excerpt":{"rendered":"<p> <strong> Trietylfosfat (CAS 78-40-0) <\/strong> <\/p>\n<p>Trietylfosfat \u00e4r en kemisk f\u00f6rening med formeln (C2H5) 3PO4 eller OP (OEt) 3. Det \u00e4r en f\u00e4rgl\u00f6s v\u00e4tska. Det \u00e4r en testare av etanol och fosforsyra. Det kan kallas en &#8220;fosforsyra, trietylester&#8221;. <\/p>\n<p> Dess prim\u00e4ra anv\u00e4ndningsomr\u00e5den \u00e4r som industriell katalysator (vid syntesen av \u00e4ttiksyraanhydrid), som polymerhartsmodifierare och som mjukg\u00f6rare (t.ex. f\u00f6r om\u00e4ttade polyestrar). I mindre utstr\u00e4ckning anv\u00e4nds det som l\u00f6sningsmedel t.ex. cellulosaacetat, flamskyddsmedel, mellanprodukter f\u00f6r bek\u00e4mpningsmedel och andra kemikalier, peroxidstabilisatorer, gummi- och plastf\u00f6rst\u00e4rkningar inklusive vinylpolymerer och om\u00e4ttade polyestrar, etc. <\/p>\n","protected":false},"featured_media":9383,"template":"","meta":[],"product_brand":[],"product_cat":[109,116],"product_tag":[],"class_list":{"0":"post-9379","1":"product","2":"type-product","3":"status-publish","4":"has-post-thumbnail","6":"product_cat-plast","7":"product_cat-alla-produkter","9":"first","10":"outofstock","11":"taxable","12":"shipping-taxable","13":"purchasable","14":"product-type-variable","15":"has-default-attributes","16":"rtwpvg-product"},"yoast_head":"<!-- This site is optimized with the Yoast SEO plugin v27.2 - https:\/\/yoast.com\/product\/yoast-seo-wordpress\/ -->\n<title>Trietylfosfat (CAS 78-40-0) - MasterChem | kemikaalien tuotanto ja myynti<\/title>\n<meta name=\"description\" content=\"Trietylfosfat \u00e4r en kemisk f\u00f6rening med formeln (C2H5) 3PO4 eller OP (OEt) 3. Det \u00e4r en f\u00e4rgl\u00f6s v\u00e4tska. Det \u00e4r en testare av etanol och fosforsyra. Det kan kallas en &quot;fosforsyra, trietylester&quot;.\" \/>\n<meta name=\"robots\" content=\"index, follow, max-snippet:-1, max-image-preview:large, max-video-preview:-1\" \/>\n<link rel=\"canonical\" href=\"https:\/\/masterchem.fi\/sv\/produkt\/trietylfosfat-cas-78-40-0\/\" \/>\n<meta property=\"og:locale\" content=\"sv_SE\" \/>\n<meta property=\"og:type\" content=\"article\" \/>\n<meta property=\"og:title\" content=\"Trietylfosfat (CAS 78-40-0) - MasterChem | kemikaalien tuotanto ja myynti\" \/>\n<meta property=\"og:description\" content=\"Trietylfosfat \u00e4r en kemisk f\u00f6rening med formeln (C2H5) 3PO4 eller OP (OEt) 3. Det \u00e4r en f\u00e4rgl\u00f6s v\u00e4tska. Det \u00e4r en testare av etanol och fosforsyra. Det kan kallas en &quot;fosforsyra, trietylester&quot;.\" \/>\n<meta property=\"og:url\" content=\"https:\/\/masterchem.fi\/sv\/produkt\/trietylfosfat-cas-78-40-0\/\" \/>\n<meta property=\"og:site_name\" content=\"MasterChem | kemikaalien tuotanto ja myynti\" \/>\n<meta property=\"article:modified_time\" content=\"2022-05-16T16:03:28+00:00\" \/>\n<meta property=\"og:image\" content=\"https:\/\/masterchem.fi\/wp-content\/uploads\/2022\/05\/Trietuulfosfaat-CAS-78-40-0-25kg-MasterChem.jpg\" \/>\n\t<meta property=\"og:image:width\" content=\"1000\" \/>\n\t<meta property=\"og:image:height\" content=\"1000\" \/>\n\t<meta property=\"og:image:type\" content=\"image\/jpeg\" \/>\n<meta name=\"twitter:card\" content=\"summary_large_image\" \/>\n<script type=\"application\/ld+json\" class=\"yoast-schema-graph\">{\"@context\":\"https:\/\/schema.org\",\"@graph\":[{\"@type\":\"WebPage\",\"@id\":\"https:\/\/masterchem.fi\/sv\/produkt\/trietylfosfat-cas-78-40-0\/\",\"url\":\"https:\/\/masterchem.fi\/sv\/produkt\/trietylfosfat-cas-78-40-0\/\",\"name\":\"Trietylfosfat (CAS 78-40-0) - MasterChem | kemikaalien tuotanto ja myynti\",\"isPartOf\":{\"@id\":\"https:\/\/masterchem.fi\/sv\/#website\"},\"primaryImageOfPage\":{\"@id\":\"https:\/\/masterchem.fi\/sv\/produkt\/trietylfosfat-cas-78-40-0\/#primaryimage\"},\"image\":{\"@id\":\"https:\/\/masterchem.fi\/sv\/produkt\/trietylfosfat-cas-78-40-0\/#primaryimage\"},\"thumbnailUrl\":\"https:\/\/masterchem.fi\/wp-content\/uploads\/2022\/05\/Trietuulfosfaat-CAS-78-40-0-25kg-MasterChem.jpg\",\"datePublished\":\"2022-05-16T15:59:03+00:00\",\"dateModified\":\"2022-05-16T16:03:28+00:00\",\"description\":\"Trietylfosfat \u00e4r en kemisk f\u00f6rening med formeln (C2H5) 3PO4 eller OP (OEt) 3. Det \u00e4r en f\u00e4rgl\u00f6s v\u00e4tska. Det \u00e4r en testare av etanol och fosforsyra. Det kan kallas en \\\"fosforsyra, trietylester\\\".\",\"breadcrumb\":{\"@id\":\"https:\/\/masterchem.fi\/sv\/produkt\/trietylfosfat-cas-78-40-0\/#breadcrumb\"},\"inLanguage\":\"sv-SE\",\"potentialAction\":[{\"@type\":\"ReadAction\",\"target\":[\"https:\/\/masterchem.fi\/sv\/produkt\/trietylfosfat-cas-78-40-0\/\"]}]},{\"@type\":\"ImageObject\",\"inLanguage\":\"sv-SE\",\"@id\":\"https:\/\/masterchem.fi\/sv\/produkt\/trietylfosfat-cas-78-40-0\/#primaryimage\",\"url\":\"https:\/\/masterchem.fi\/wp-content\/uploads\/2022\/05\/Trietuulfosfaat-CAS-78-40-0-25kg-MasterChem.jpg\",\"contentUrl\":\"https:\/\/masterchem.fi\/wp-content\/uploads\/2022\/05\/Trietuulfosfaat-CAS-78-40-0-25kg-MasterChem.jpg\",\"width\":1000,\"height\":1000,\"caption\":\"Trietylfosfat (CAS 78-40-0) 25kg MasterChem\"},{\"@type\":\"BreadcrumbList\",\"@id\":\"https:\/\/masterchem.fi\/sv\/produkt\/trietylfosfat-cas-78-40-0\/#breadcrumb\",\"itemListElement\":[{\"@type\":\"ListItem\",\"position\":1,\"name\":\"Home\",\"item\":\"https:\/\/masterchem.fi\/sv\/\"},{\"@type\":\"ListItem\",\"position\":2,\"name\":\"Butik\",\"item\":\"https:\/\/masterchem.fi\/sv\/butik\/\"},{\"@type\":\"ListItem\",\"position\":3,\"name\":\"Trietylfosfat (CAS 78-40-0)\"}]},{\"@type\":\"WebSite\",\"@id\":\"https:\/\/masterchem.fi\/sv\/#website\",\"url\":\"https:\/\/masterchem.fi\/sv\/\",\"name\":\"MasterChem | kemikaalien tuotanto ja myynti\",\"description\":\"kemikaalien tuotanto ja myynti\",\"potentialAction\":[{\"@type\":\"SearchAction\",\"target\":{\"@type\":\"EntryPoint\",\"urlTemplate\":\"https:\/\/masterchem.fi\/sv\/?s={search_term_string}\"},\"query-input\":{\"@type\":\"PropertyValueSpecification\",\"valueRequired\":true,\"valueName\":\"search_term_string\"}}],\"inLanguage\":\"sv-SE\"}]}<\/script>\n<!-- \/ Yoast SEO plugin. -->","yoast_head_json":{"title":"Trietylfosfat (CAS 78-40-0) - MasterChem | kemikaalien tuotanto ja myynti","description":"Trietylfosfat \u00e4r en kemisk f\u00f6rening med formeln (C2H5) 3PO4 eller OP (OEt) 3. Det \u00e4r en f\u00e4rgl\u00f6s v\u00e4tska. Det \u00e4r en testare av etanol och fosforsyra. Det kan kallas en \"fosforsyra, trietylester\".","robots":{"index":"index","follow":"follow","max-snippet":"max-snippet:-1","max-image-preview":"max-image-preview:large","max-video-preview":"max-video-preview:-1"},"canonical":"https:\/\/masterchem.fi\/sv\/produkt\/trietylfosfat-cas-78-40-0\/","og_locale":"sv_SE","og_type":"article","og_title":"Trietylfosfat (CAS 78-40-0) - MasterChem | kemikaalien tuotanto ja myynti","og_description":"Trietylfosfat \u00e4r en kemisk f\u00f6rening med formeln (C2H5) 3PO4 eller OP (OEt) 3. Det \u00e4r en f\u00e4rgl\u00f6s v\u00e4tska. Det \u00e4r en testare av etanol och fosforsyra. Det kan kallas en \"fosforsyra, trietylester\".","og_url":"https:\/\/masterchem.fi\/sv\/produkt\/trietylfosfat-cas-78-40-0\/","og_site_name":"MasterChem | kemikaalien tuotanto ja myynti","article_modified_time":"2022-05-16T16:03:28+00:00","og_image":[{"width":1000,"height":1000,"url":"https:\/\/masterchem.fi\/wp-content\/uploads\/2022\/05\/Trietuulfosfaat-CAS-78-40-0-25kg-MasterChem.jpg","type":"image\/jpeg"}],"twitter_card":"summary_large_image","schema":{"@context":"https:\/\/schema.org","@graph":[{"@type":"WebPage","@id":"https:\/\/masterchem.fi\/sv\/produkt\/trietylfosfat-cas-78-40-0\/","url":"https:\/\/masterchem.fi\/sv\/produkt\/trietylfosfat-cas-78-40-0\/","name":"Trietylfosfat (CAS 78-40-0) - MasterChem | kemikaalien tuotanto ja myynti","isPartOf":{"@id":"https:\/\/masterchem.fi\/sv\/#website"},"primaryImageOfPage":{"@id":"https:\/\/masterchem.fi\/sv\/produkt\/trietylfosfat-cas-78-40-0\/#primaryimage"},"image":{"@id":"https:\/\/masterchem.fi\/sv\/produkt\/trietylfosfat-cas-78-40-0\/#primaryimage"},"thumbnailUrl":"https:\/\/masterchem.fi\/wp-content\/uploads\/2022\/05\/Trietuulfosfaat-CAS-78-40-0-25kg-MasterChem.jpg","datePublished":"2022-05-16T15:59:03+00:00","dateModified":"2022-05-16T16:03:28+00:00","description":"Trietylfosfat \u00e4r en kemisk f\u00f6rening med formeln (C2H5) 3PO4 eller OP (OEt) 3. Det \u00e4r en f\u00e4rgl\u00f6s v\u00e4tska. Det \u00e4r en testare av etanol och fosforsyra. Det kan kallas en \"fosforsyra, trietylester\".","breadcrumb":{"@id":"https:\/\/masterchem.fi\/sv\/produkt\/trietylfosfat-cas-78-40-0\/#breadcrumb"},"inLanguage":"sv-SE","potentialAction":[{"@type":"ReadAction","target":["https:\/\/masterchem.fi\/sv\/produkt\/trietylfosfat-cas-78-40-0\/"]}]},{"@type":"ImageObject","inLanguage":"sv-SE","@id":"https:\/\/masterchem.fi\/sv\/produkt\/trietylfosfat-cas-78-40-0\/#primaryimage","url":"https:\/\/masterchem.fi\/wp-content\/uploads\/2022\/05\/Trietuulfosfaat-CAS-78-40-0-25kg-MasterChem.jpg","contentUrl":"https:\/\/masterchem.fi\/wp-content\/uploads\/2022\/05\/Trietuulfosfaat-CAS-78-40-0-25kg-MasterChem.jpg","width":1000,"height":1000,"caption":"Trietylfosfat (CAS 78-40-0) 25kg MasterChem"},{"@type":"BreadcrumbList","@id":"https:\/\/masterchem.fi\/sv\/produkt\/trietylfosfat-cas-78-40-0\/#breadcrumb","itemListElement":[{"@type":"ListItem","position":1,"name":"Home","item":"https:\/\/masterchem.fi\/sv\/"},{"@type":"ListItem","position":2,"name":"Butik","item":"https:\/\/masterchem.fi\/sv\/butik\/"},{"@type":"ListItem","position":3,"name":"Trietylfosfat (CAS 78-40-0)"}]},{"@type":"WebSite","@id":"https:\/\/masterchem.fi\/sv\/#website","url":"https:\/\/masterchem.fi\/sv\/","name":"MasterChem | kemikaalien tuotanto ja myynti","description":"kemikaalien tuotanto ja myynti","potentialAction":[{"@type":"SearchAction","target":{"@type":"EntryPoint","urlTemplate":"https:\/\/masterchem.fi\/sv\/?s={search_term_string}"},"query-input":{"@type":"PropertyValueSpecification","valueRequired":true,"valueName":"search_term_string"}}],"inLanguage":"sv-SE"}]}},"_links":{"self":[{"href":"https:\/\/masterchem.fi\/sv\/wp-json\/wp\/v2\/product\/9379","targetHints":{"allow":["GET"]}}],"collection":[{"href":"https:\/\/masterchem.fi\/sv\/wp-json\/wp\/v2\/product"}],"about":[{"href":"https:\/\/masterchem.fi\/sv\/wp-json\/wp\/v2\/types\/product"}],"wp:featuredmedia":[{"embeddable":true,"href":"https:\/\/masterchem.fi\/sv\/wp-json\/wp\/v2\/media\/9383"}],"wp:attachment":[{"href":"https:\/\/masterchem.fi\/sv\/wp-json\/wp\/v2\/media?parent=9379"}],"wp:term":[{"taxonomy":"product_brand","embeddable":true,"href":"https:\/\/masterchem.fi\/sv\/wp-json\/wp\/v2\/product_brand?post=9379"},{"taxonomy":"product_cat","embeddable":true,"href":"https:\/\/masterchem.fi\/sv\/wp-json\/wp\/v2\/product_cat?post=9379"},{"taxonomy":"product_tag","embeddable":true,"href":"https:\/\/masterchem.fi\/sv\/wp-json\/wp\/v2\/product_tag?post=9379"}],"curies":[{"name":"wp","href":"https:\/\/api.w.org\/{rel}","templated":true}]}}