{"id":9400,"date":"2022-05-16T19:40:28","date_gmt":"2022-05-16T16:40:28","guid":{"rendered":"https:\/\/masterchem.fi\/?post_type=product&#038;p=9400"},"modified":"2022-05-16T19:45:55","modified_gmt":"2022-05-16T16:45:55","slug":"grafit-cas-7782-42-5","status":"publish","type":"product","link":"https:\/\/masterchem.fi\/sv\/produkt\/grafit-cas-7782-42-5\/","title":{"rendered":"Grafit (CAS 7782-42-5)"},"content":{"rendered":"<p> <strong> Teave <\/strong> <\/p>\n<p> Branscher: f\u00e4rger och lacker, glas och keramik, lim, oljor, sm\u00f6rjmedel, hartser, plast, polyuretaner <br \/>\nCAS-nummer: 7782-42-5 <br \/>\nV\u00e5rt nummer: 231-955-3 <br \/>\nKemisk formel: C <br \/>\nMolmassa: 12,01 g\/mol<br \/>\nTulltaxekod: 32064970 <\/p>\n","protected":false},"excerpt":{"rendered":"<p> <strong> Grafit (CAS 7782-42-5) <\/strong> <\/p>\n<p> Grafit \u00e4r den vanligaste formen av kol. Det \u00e4r ett sexkantigt, m\u00f6rkgr\u00e5tt, mjukt och kladdande mineral med ett kristallsystem som \u00e4r rent kol. Dess kristaller \u00e4r i form av en sexkantig platta. Grafit leder elektricitet bra och anv\u00e4nds bland annat i kolborstar f\u00f6r elmotorer, som elektrodmaterial, som sm\u00f6rjmedel, som tillsats i polymer, som bly i penna och som retarder i k\u00e4rnreaktorer. <\/ p><\/p>\n","protected":false},"featured_media":9404,"template":"","meta":[],"product_brand":[],"product_cat":[109,116,175],"product_tag":[],"class_list":{"0":"post-9400","1":"product","2":"type-product","3":"status-publish","4":"has-post-thumbnail","6":"product_cat-plast","7":"product_cat-alla-produkter","8":"product_cat-glas-och-keramik","10":"first","11":"outofstock","12":"taxable","13":"shipping-taxable","14":"purchasable","15":"product-type-variable","16":"has-default-attributes","17":"rtwpvg-product"},"yoast_head":"<!-- This site is optimized with the Yoast SEO plugin v27.2 - https:\/\/yoast.com\/product\/yoast-seo-wordpress\/ -->\n<title>Grafit (CAS 7782-42-5) - MasterChem | kemikaalien tuotanto ja myynti<\/title>\n<meta name=\"description\" content=\"Grafit \u00e4r den vanligaste formen av kol. Det \u00e4r ett sexkantigt, m\u00f6rkgr\u00e5tt, mjukt och kladdande mineral med ett kristallsystem som \u00e4r rent kol.\" \/>\n<meta name=\"robots\" content=\"index, follow, max-snippet:-1, max-image-preview:large, max-video-preview:-1\" \/>\n<link rel=\"canonical\" href=\"https:\/\/masterchem.fi\/sv\/produkt\/grafit-cas-7782-42-5\/\" \/>\n<meta property=\"og:locale\" content=\"sv_SE\" \/>\n<meta property=\"og:type\" content=\"article\" \/>\n<meta property=\"og:title\" content=\"Grafit (CAS 7782-42-5) - MasterChem | kemikaalien tuotanto ja myynti\" \/>\n<meta property=\"og:description\" content=\"Grafit \u00e4r den vanligaste formen av kol. Det \u00e4r ett sexkantigt, m\u00f6rkgr\u00e5tt, mjukt och kladdande mineral med ett kristallsystem som \u00e4r rent kol.\" \/>\n<meta property=\"og:url\" content=\"https:\/\/masterchem.fi\/sv\/produkt\/grafit-cas-7782-42-5\/\" \/>\n<meta property=\"og:site_name\" content=\"MasterChem | kemikaalien tuotanto ja myynti\" \/>\n<meta property=\"article:modified_time\" content=\"2022-05-16T16:45:55+00:00\" \/>\n<meta property=\"og:image\" content=\"https:\/\/masterchem.fi\/wp-content\/uploads\/2022\/05\/Grafiitti-CAS-7782-42-5-25kg-MasterChem.jpg\" \/>\n\t<meta property=\"og:image:width\" content=\"1000\" \/>\n\t<meta property=\"og:image:height\" content=\"1000\" \/>\n\t<meta property=\"og:image:type\" content=\"image\/jpeg\" \/>\n<meta name=\"twitter:card\" content=\"summary_large_image\" \/>\n<script type=\"application\/ld+json\" class=\"yoast-schema-graph\">{\"@context\":\"https:\/\/schema.org\",\"@graph\":[{\"@type\":\"WebPage\",\"@id\":\"https:\/\/masterchem.fi\/sv\/produkt\/grafit-cas-7782-42-5\/\",\"url\":\"https:\/\/masterchem.fi\/sv\/produkt\/grafit-cas-7782-42-5\/\",\"name\":\"Grafit (CAS 7782-42-5) - MasterChem | kemikaalien tuotanto ja myynti\",\"isPartOf\":{\"@id\":\"https:\/\/masterchem.fi\/sv\/#website\"},\"primaryImageOfPage\":{\"@id\":\"https:\/\/masterchem.fi\/sv\/produkt\/grafit-cas-7782-42-5\/#primaryimage\"},\"image\":{\"@id\":\"https:\/\/masterchem.fi\/sv\/produkt\/grafit-cas-7782-42-5\/#primaryimage\"},\"thumbnailUrl\":\"https:\/\/masterchem.fi\/wp-content\/uploads\/2022\/05\/Grafiitti-CAS-7782-42-5-25kg-MasterChem.jpg\",\"datePublished\":\"2022-05-16T16:40:28+00:00\",\"dateModified\":\"2022-05-16T16:45:55+00:00\",\"description\":\"Grafit \u00e4r den vanligaste formen av kol. Det \u00e4r ett sexkantigt, m\u00f6rkgr\u00e5tt, mjukt och kladdande mineral med ett kristallsystem som \u00e4r rent kol.\",\"breadcrumb\":{\"@id\":\"https:\/\/masterchem.fi\/sv\/produkt\/grafit-cas-7782-42-5\/#breadcrumb\"},\"inLanguage\":\"sv-SE\",\"potentialAction\":[{\"@type\":\"ReadAction\",\"target\":[\"https:\/\/masterchem.fi\/sv\/produkt\/grafit-cas-7782-42-5\/\"]}]},{\"@type\":\"ImageObject\",\"inLanguage\":\"sv-SE\",\"@id\":\"https:\/\/masterchem.fi\/sv\/produkt\/grafit-cas-7782-42-5\/#primaryimage\",\"url\":\"https:\/\/masterchem.fi\/wp-content\/uploads\/2022\/05\/Grafiitti-CAS-7782-42-5-25kg-MasterChem.jpg\",\"contentUrl\":\"https:\/\/masterchem.fi\/wp-content\/uploads\/2022\/05\/Grafiitti-CAS-7782-42-5-25kg-MasterChem.jpg\",\"width\":1000,\"height\":1000,\"caption\":\"Grafit (CAS 7782-42-5) 25kg MasterChem\"},{\"@type\":\"BreadcrumbList\",\"@id\":\"https:\/\/masterchem.fi\/sv\/produkt\/grafit-cas-7782-42-5\/#breadcrumb\",\"itemListElement\":[{\"@type\":\"ListItem\",\"position\":1,\"name\":\"Home\",\"item\":\"https:\/\/masterchem.fi\/sv\/\"},{\"@type\":\"ListItem\",\"position\":2,\"name\":\"Butik\",\"item\":\"https:\/\/masterchem.fi\/sv\/butik\/\"},{\"@type\":\"ListItem\",\"position\":3,\"name\":\"Grafit (CAS 7782-42-5)\"}]},{\"@type\":\"WebSite\",\"@id\":\"https:\/\/masterchem.fi\/sv\/#website\",\"url\":\"https:\/\/masterchem.fi\/sv\/\",\"name\":\"MasterChem | kemikaalien tuotanto ja myynti\",\"description\":\"kemikaalien tuotanto ja myynti\",\"potentialAction\":[{\"@type\":\"SearchAction\",\"target\":{\"@type\":\"EntryPoint\",\"urlTemplate\":\"https:\/\/masterchem.fi\/sv\/?s={search_term_string}\"},\"query-input\":{\"@type\":\"PropertyValueSpecification\",\"valueRequired\":true,\"valueName\":\"search_term_string\"}}],\"inLanguage\":\"sv-SE\"}]}<\/script>\n<!-- \/ Yoast SEO plugin. -->","yoast_head_json":{"title":"Grafit (CAS 7782-42-5) - MasterChem | kemikaalien tuotanto ja myynti","description":"Grafit \u00e4r den vanligaste formen av kol. Det \u00e4r ett sexkantigt, m\u00f6rkgr\u00e5tt, mjukt och kladdande mineral med ett kristallsystem som \u00e4r rent kol.","robots":{"index":"index","follow":"follow","max-snippet":"max-snippet:-1","max-image-preview":"max-image-preview:large","max-video-preview":"max-video-preview:-1"},"canonical":"https:\/\/masterchem.fi\/sv\/produkt\/grafit-cas-7782-42-5\/","og_locale":"sv_SE","og_type":"article","og_title":"Grafit (CAS 7782-42-5) - MasterChem | kemikaalien tuotanto ja myynti","og_description":"Grafit \u00e4r den vanligaste formen av kol. Det \u00e4r ett sexkantigt, m\u00f6rkgr\u00e5tt, mjukt och kladdande mineral med ett kristallsystem som \u00e4r rent kol.","og_url":"https:\/\/masterchem.fi\/sv\/produkt\/grafit-cas-7782-42-5\/","og_site_name":"MasterChem | kemikaalien tuotanto ja myynti","article_modified_time":"2022-05-16T16:45:55+00:00","og_image":[{"width":1000,"height":1000,"url":"https:\/\/masterchem.fi\/wp-content\/uploads\/2022\/05\/Grafiitti-CAS-7782-42-5-25kg-MasterChem.jpg","type":"image\/jpeg"}],"twitter_card":"summary_large_image","schema":{"@context":"https:\/\/schema.org","@graph":[{"@type":"WebPage","@id":"https:\/\/masterchem.fi\/sv\/produkt\/grafit-cas-7782-42-5\/","url":"https:\/\/masterchem.fi\/sv\/produkt\/grafit-cas-7782-42-5\/","name":"Grafit (CAS 7782-42-5) - MasterChem | kemikaalien tuotanto ja myynti","isPartOf":{"@id":"https:\/\/masterchem.fi\/sv\/#website"},"primaryImageOfPage":{"@id":"https:\/\/masterchem.fi\/sv\/produkt\/grafit-cas-7782-42-5\/#primaryimage"},"image":{"@id":"https:\/\/masterchem.fi\/sv\/produkt\/grafit-cas-7782-42-5\/#primaryimage"},"thumbnailUrl":"https:\/\/masterchem.fi\/wp-content\/uploads\/2022\/05\/Grafiitti-CAS-7782-42-5-25kg-MasterChem.jpg","datePublished":"2022-05-16T16:40:28+00:00","dateModified":"2022-05-16T16:45:55+00:00","description":"Grafit \u00e4r den vanligaste formen av kol. Det \u00e4r ett sexkantigt, m\u00f6rkgr\u00e5tt, mjukt och kladdande mineral med ett kristallsystem som \u00e4r rent kol.","breadcrumb":{"@id":"https:\/\/masterchem.fi\/sv\/produkt\/grafit-cas-7782-42-5\/#breadcrumb"},"inLanguage":"sv-SE","potentialAction":[{"@type":"ReadAction","target":["https:\/\/masterchem.fi\/sv\/produkt\/grafit-cas-7782-42-5\/"]}]},{"@type":"ImageObject","inLanguage":"sv-SE","@id":"https:\/\/masterchem.fi\/sv\/produkt\/grafit-cas-7782-42-5\/#primaryimage","url":"https:\/\/masterchem.fi\/wp-content\/uploads\/2022\/05\/Grafiitti-CAS-7782-42-5-25kg-MasterChem.jpg","contentUrl":"https:\/\/masterchem.fi\/wp-content\/uploads\/2022\/05\/Grafiitti-CAS-7782-42-5-25kg-MasterChem.jpg","width":1000,"height":1000,"caption":"Grafit (CAS 7782-42-5) 25kg MasterChem"},{"@type":"BreadcrumbList","@id":"https:\/\/masterchem.fi\/sv\/produkt\/grafit-cas-7782-42-5\/#breadcrumb","itemListElement":[{"@type":"ListItem","position":1,"name":"Home","item":"https:\/\/masterchem.fi\/sv\/"},{"@type":"ListItem","position":2,"name":"Butik","item":"https:\/\/masterchem.fi\/sv\/butik\/"},{"@type":"ListItem","position":3,"name":"Grafit (CAS 7782-42-5)"}]},{"@type":"WebSite","@id":"https:\/\/masterchem.fi\/sv\/#website","url":"https:\/\/masterchem.fi\/sv\/","name":"MasterChem | kemikaalien tuotanto ja myynti","description":"kemikaalien tuotanto ja myynti","potentialAction":[{"@type":"SearchAction","target":{"@type":"EntryPoint","urlTemplate":"https:\/\/masterchem.fi\/sv\/?s={search_term_string}"},"query-input":{"@type":"PropertyValueSpecification","valueRequired":true,"valueName":"search_term_string"}}],"inLanguage":"sv-SE"}]}},"_links":{"self":[{"href":"https:\/\/masterchem.fi\/sv\/wp-json\/wp\/v2\/product\/9400","targetHints":{"allow":["GET"]}}],"collection":[{"href":"https:\/\/masterchem.fi\/sv\/wp-json\/wp\/v2\/product"}],"about":[{"href":"https:\/\/masterchem.fi\/sv\/wp-json\/wp\/v2\/types\/product"}],"wp:featuredmedia":[{"embeddable":true,"href":"https:\/\/masterchem.fi\/sv\/wp-json\/wp\/v2\/media\/9404"}],"wp:attachment":[{"href":"https:\/\/masterchem.fi\/sv\/wp-json\/wp\/v2\/media?parent=9400"}],"wp:term":[{"taxonomy":"product_brand","embeddable":true,"href":"https:\/\/masterchem.fi\/sv\/wp-json\/wp\/v2\/product_brand?post=9400"},{"taxonomy":"product_cat","embeddable":true,"href":"https:\/\/masterchem.fi\/sv\/wp-json\/wp\/v2\/product_cat?post=9400"},{"taxonomy":"product_tag","embeddable":true,"href":"https:\/\/masterchem.fi\/sv\/wp-json\/wp\/v2\/product_tag?post=9400"}],"curies":[{"name":"wp","href":"https:\/\/api.w.org\/{rel}","templated":true}]}}