{"id":9410,"date":"2022-05-16T21:00:17","date_gmt":"2022-05-16T18:00:18","guid":{"rendered":"https:\/\/masterchem.fi\/?post_type=product&#038;p=9410"},"modified":"2022-05-16T21:05:13","modified_gmt":"2022-05-16T18:05:13","slug":"litiumhydroxidmonohydrat-cas-1310-66-3","status":"publish","type":"product","link":"https:\/\/masterchem.fi\/sv\/produkt\/litiumhydroxidmonohydrat-cas-1310-66-3\/","title":{"rendered":"Litiumhydroxidmonohydrat (CAS 1310-66-3)"},"content":{"rendered":"<p> <strong> Information <\/strong> <\/p>\n<p> Branscher: Kosmetika, lim, oljor, fetter, hartser, plaster, polyuretaner <br \/>\nCAS-nummer: 1310-66-3 <br \/>\nWE-nummer: 215-183-4 <br \/>\nKemisk formel: LiOH \u2022 H2O <br \/>\nMolekylvikt: 41,96 g\/mol <br \/>\nADR: UN2680 <\/p>\n<p> <strong> Andra fysiska egenskaper <\/strong> <\/p>\n<p> pH: 12 <br \/>\nSm\u00e4ltpunkt \/ fryspunkt: 924 \u00b0 C <br \/>\nRelativ densitet: 1,51 g\/cm3 <br \/>\nL\u00f6slighet i vatten: 189-223 g\/l (20 \u00b0C) <\/p>\n","protected":false},"excerpt":{"rendered":"<p> <strong> Litiumhydroxidmonohydrat (CAS 1310-66-3) <\/strong> <\/p>\n<p>Litiumhydroxid (LiOH) \u00e4r en oorganisk f\u00f6rening som anv\u00e4nds i rymdf\u00e4rjor p\u00e5 grund av dess luftrenande effekt. Litiumhydroxid absorberar koldioxid fr\u00e5n luften f\u00f6r att producera litiumkarbonat och vatten enligt f\u00f6ljande: 2 LiOH + CO2 \u2192 Li2CO3 + H2O <\/p>\n<p>Litiumhydroxid framst\u00e4lls vanligtvis genom elektrolys av litiumklorid. Liksom andra alkalimetallhydroxider \u00e4r det en mycket basisk f\u00f6rening.<\/p>\n","protected":false},"featured_media":9414,"template":"","meta":[],"product_brand":[],"product_cat":[109,116,177],"product_tag":[],"class_list":{"0":"post-9410","1":"product","2":"type-product","3":"status-publish","4":"has-post-thumbnail","6":"product_cat-plast","7":"product_cat-alla-produkter","8":"product_cat-kosmetikindustrin","10":"first","11":"outofstock","12":"taxable","13":"shipping-taxable","14":"purchasable","15":"product-type-variable","16":"has-default-attributes","17":"rtwpvg-product"},"yoast_head":"<!-- This site is optimized with the Yoast SEO plugin v27.2 - https:\/\/yoast.com\/product\/yoast-seo-wordpress\/ -->\n<title>Litiumhydroxidmonohydrat (CAS 1310-66-3) - MasterChem | kemikaalien tuotanto ja myynti<\/title>\n<meta name=\"description\" content=\"Litiumhydroxid (LiOH) \u00e4r en oorganisk f\u00f6rening som anv\u00e4nds i rymdf\u00e4rjor p\u00e5 grund av sin luftrenande effekt.\" \/>\n<meta name=\"robots\" content=\"index, follow, max-snippet:-1, max-image-preview:large, max-video-preview:-1\" \/>\n<link rel=\"canonical\" href=\"https:\/\/masterchem.fi\/sv\/produkt\/litiumhydroxidmonohydrat-cas-1310-66-3\/\" \/>\n<meta property=\"og:locale\" content=\"sv_SE\" \/>\n<meta property=\"og:type\" content=\"article\" \/>\n<meta property=\"og:title\" content=\"Litiumhydroxidmonohydrat (CAS 1310-66-3) - MasterChem | kemikaalien tuotanto ja myynti\" \/>\n<meta property=\"og:description\" content=\"Litiumhydroxid (LiOH) \u00e4r en oorganisk f\u00f6rening som anv\u00e4nds i rymdf\u00e4rjor p\u00e5 grund av sin luftrenande effekt.\" \/>\n<meta property=\"og:url\" content=\"https:\/\/masterchem.fi\/sv\/produkt\/litiumhydroxidmonohydrat-cas-1310-66-3\/\" \/>\n<meta property=\"og:site_name\" content=\"MasterChem | kemikaalien tuotanto ja myynti\" \/>\n<meta property=\"article:modified_time\" content=\"2022-05-16T18:05:13+00:00\" \/>\n<meta property=\"og:image\" content=\"https:\/\/masterchem.fi\/wp-content\/uploads\/2022\/05\/Litiumhydroksidimonohydraatti-CAS-1310-66-3-25kg-MasterChem.jpg\" \/>\n\t<meta property=\"og:image:width\" content=\"1000\" \/>\n\t<meta property=\"og:image:height\" content=\"1000\" \/>\n\t<meta property=\"og:image:type\" content=\"image\/jpeg\" \/>\n<meta name=\"twitter:card\" content=\"summary_large_image\" \/>\n<script type=\"application\/ld+json\" class=\"yoast-schema-graph\">{\"@context\":\"https:\/\/schema.org\",\"@graph\":[{\"@type\":\"WebPage\",\"@id\":\"https:\/\/masterchem.fi\/sv\/produkt\/litiumhydroxidmonohydrat-cas-1310-66-3\/\",\"url\":\"https:\/\/masterchem.fi\/sv\/produkt\/litiumhydroxidmonohydrat-cas-1310-66-3\/\",\"name\":\"Litiumhydroxidmonohydrat (CAS 1310-66-3) - MasterChem | kemikaalien tuotanto ja myynti\",\"isPartOf\":{\"@id\":\"https:\/\/masterchem.fi\/sv\/#website\"},\"primaryImageOfPage\":{\"@id\":\"https:\/\/masterchem.fi\/sv\/produkt\/litiumhydroxidmonohydrat-cas-1310-66-3\/#primaryimage\"},\"image\":{\"@id\":\"https:\/\/masterchem.fi\/sv\/produkt\/litiumhydroxidmonohydrat-cas-1310-66-3\/#primaryimage\"},\"thumbnailUrl\":\"https:\/\/masterchem.fi\/wp-content\/uploads\/2022\/05\/Litiumhydroksidimonohydraatti-CAS-1310-66-3-25kg-MasterChem.jpg\",\"datePublished\":\"2022-05-16T18:00:18+00:00\",\"dateModified\":\"2022-05-16T18:05:13+00:00\",\"description\":\"Litiumhydroxid (LiOH) \u00e4r en oorganisk f\u00f6rening som anv\u00e4nds i rymdf\u00e4rjor p\u00e5 grund av sin luftrenande effekt.\",\"breadcrumb\":{\"@id\":\"https:\/\/masterchem.fi\/sv\/produkt\/litiumhydroxidmonohydrat-cas-1310-66-3\/#breadcrumb\"},\"inLanguage\":\"sv-SE\",\"potentialAction\":[{\"@type\":\"ReadAction\",\"target\":[\"https:\/\/masterchem.fi\/sv\/produkt\/litiumhydroxidmonohydrat-cas-1310-66-3\/\"]}]},{\"@type\":\"ImageObject\",\"inLanguage\":\"sv-SE\",\"@id\":\"https:\/\/masterchem.fi\/sv\/produkt\/litiumhydroxidmonohydrat-cas-1310-66-3\/#primaryimage\",\"url\":\"https:\/\/masterchem.fi\/wp-content\/uploads\/2022\/05\/Litiumhydroksidimonohydraatti-CAS-1310-66-3-25kg-MasterChem.jpg\",\"contentUrl\":\"https:\/\/masterchem.fi\/wp-content\/uploads\/2022\/05\/Litiumhydroksidimonohydraatti-CAS-1310-66-3-25kg-MasterChem.jpg\",\"width\":1000,\"height\":1000,\"caption\":\"Litiumhydroxidmonohydrat (CAS 1310-66-3) 25kg MasterChem\"},{\"@type\":\"BreadcrumbList\",\"@id\":\"https:\/\/masterchem.fi\/sv\/produkt\/litiumhydroxidmonohydrat-cas-1310-66-3\/#breadcrumb\",\"itemListElement\":[{\"@type\":\"ListItem\",\"position\":1,\"name\":\"Home\",\"item\":\"https:\/\/masterchem.fi\/sv\/\"},{\"@type\":\"ListItem\",\"position\":2,\"name\":\"Butik\",\"item\":\"https:\/\/masterchem.fi\/sv\/butik\/\"},{\"@type\":\"ListItem\",\"position\":3,\"name\":\"Litiumhydroxidmonohydrat (CAS 1310-66-3)\"}]},{\"@type\":\"WebSite\",\"@id\":\"https:\/\/masterchem.fi\/sv\/#website\",\"url\":\"https:\/\/masterchem.fi\/sv\/\",\"name\":\"MasterChem | kemikaalien tuotanto ja myynti\",\"description\":\"kemikaalien tuotanto ja myynti\",\"potentialAction\":[{\"@type\":\"SearchAction\",\"target\":{\"@type\":\"EntryPoint\",\"urlTemplate\":\"https:\/\/masterchem.fi\/sv\/?s={search_term_string}\"},\"query-input\":{\"@type\":\"PropertyValueSpecification\",\"valueRequired\":true,\"valueName\":\"search_term_string\"}}],\"inLanguage\":\"sv-SE\"}]}<\/script>\n<!-- \/ Yoast SEO plugin. -->","yoast_head_json":{"title":"Litiumhydroxidmonohydrat (CAS 1310-66-3) - MasterChem | kemikaalien tuotanto ja myynti","description":"Litiumhydroxid (LiOH) \u00e4r en oorganisk f\u00f6rening som anv\u00e4nds i rymdf\u00e4rjor p\u00e5 grund av sin luftrenande effekt.","robots":{"index":"index","follow":"follow","max-snippet":"max-snippet:-1","max-image-preview":"max-image-preview:large","max-video-preview":"max-video-preview:-1"},"canonical":"https:\/\/masterchem.fi\/sv\/produkt\/litiumhydroxidmonohydrat-cas-1310-66-3\/","og_locale":"sv_SE","og_type":"article","og_title":"Litiumhydroxidmonohydrat (CAS 1310-66-3) - MasterChem | kemikaalien tuotanto ja myynti","og_description":"Litiumhydroxid (LiOH) \u00e4r en oorganisk f\u00f6rening som anv\u00e4nds i rymdf\u00e4rjor p\u00e5 grund av sin luftrenande effekt.","og_url":"https:\/\/masterchem.fi\/sv\/produkt\/litiumhydroxidmonohydrat-cas-1310-66-3\/","og_site_name":"MasterChem | kemikaalien tuotanto ja myynti","article_modified_time":"2022-05-16T18:05:13+00:00","og_image":[{"width":1000,"height":1000,"url":"https:\/\/masterchem.fi\/wp-content\/uploads\/2022\/05\/Litiumhydroksidimonohydraatti-CAS-1310-66-3-25kg-MasterChem.jpg","type":"image\/jpeg"}],"twitter_card":"summary_large_image","schema":{"@context":"https:\/\/schema.org","@graph":[{"@type":"WebPage","@id":"https:\/\/masterchem.fi\/sv\/produkt\/litiumhydroxidmonohydrat-cas-1310-66-3\/","url":"https:\/\/masterchem.fi\/sv\/produkt\/litiumhydroxidmonohydrat-cas-1310-66-3\/","name":"Litiumhydroxidmonohydrat (CAS 1310-66-3) - MasterChem | kemikaalien tuotanto ja myynti","isPartOf":{"@id":"https:\/\/masterchem.fi\/sv\/#website"},"primaryImageOfPage":{"@id":"https:\/\/masterchem.fi\/sv\/produkt\/litiumhydroxidmonohydrat-cas-1310-66-3\/#primaryimage"},"image":{"@id":"https:\/\/masterchem.fi\/sv\/produkt\/litiumhydroxidmonohydrat-cas-1310-66-3\/#primaryimage"},"thumbnailUrl":"https:\/\/masterchem.fi\/wp-content\/uploads\/2022\/05\/Litiumhydroksidimonohydraatti-CAS-1310-66-3-25kg-MasterChem.jpg","datePublished":"2022-05-16T18:00:18+00:00","dateModified":"2022-05-16T18:05:13+00:00","description":"Litiumhydroxid (LiOH) \u00e4r en oorganisk f\u00f6rening som anv\u00e4nds i rymdf\u00e4rjor p\u00e5 grund av sin luftrenande effekt.","breadcrumb":{"@id":"https:\/\/masterchem.fi\/sv\/produkt\/litiumhydroxidmonohydrat-cas-1310-66-3\/#breadcrumb"},"inLanguage":"sv-SE","potentialAction":[{"@type":"ReadAction","target":["https:\/\/masterchem.fi\/sv\/produkt\/litiumhydroxidmonohydrat-cas-1310-66-3\/"]}]},{"@type":"ImageObject","inLanguage":"sv-SE","@id":"https:\/\/masterchem.fi\/sv\/produkt\/litiumhydroxidmonohydrat-cas-1310-66-3\/#primaryimage","url":"https:\/\/masterchem.fi\/wp-content\/uploads\/2022\/05\/Litiumhydroksidimonohydraatti-CAS-1310-66-3-25kg-MasterChem.jpg","contentUrl":"https:\/\/masterchem.fi\/wp-content\/uploads\/2022\/05\/Litiumhydroksidimonohydraatti-CAS-1310-66-3-25kg-MasterChem.jpg","width":1000,"height":1000,"caption":"Litiumhydroxidmonohydrat (CAS 1310-66-3) 25kg MasterChem"},{"@type":"BreadcrumbList","@id":"https:\/\/masterchem.fi\/sv\/produkt\/litiumhydroxidmonohydrat-cas-1310-66-3\/#breadcrumb","itemListElement":[{"@type":"ListItem","position":1,"name":"Home","item":"https:\/\/masterchem.fi\/sv\/"},{"@type":"ListItem","position":2,"name":"Butik","item":"https:\/\/masterchem.fi\/sv\/butik\/"},{"@type":"ListItem","position":3,"name":"Litiumhydroxidmonohydrat (CAS 1310-66-3)"}]},{"@type":"WebSite","@id":"https:\/\/masterchem.fi\/sv\/#website","url":"https:\/\/masterchem.fi\/sv\/","name":"MasterChem | kemikaalien tuotanto ja myynti","description":"kemikaalien tuotanto ja myynti","potentialAction":[{"@type":"SearchAction","target":{"@type":"EntryPoint","urlTemplate":"https:\/\/masterchem.fi\/sv\/?s={search_term_string}"},"query-input":{"@type":"PropertyValueSpecification","valueRequired":true,"valueName":"search_term_string"}}],"inLanguage":"sv-SE"}]}},"_links":{"self":[{"href":"https:\/\/masterchem.fi\/sv\/wp-json\/wp\/v2\/product\/9410","targetHints":{"allow":["GET"]}}],"collection":[{"href":"https:\/\/masterchem.fi\/sv\/wp-json\/wp\/v2\/product"}],"about":[{"href":"https:\/\/masterchem.fi\/sv\/wp-json\/wp\/v2\/types\/product"}],"wp:featuredmedia":[{"embeddable":true,"href":"https:\/\/masterchem.fi\/sv\/wp-json\/wp\/v2\/media\/9414"}],"wp:attachment":[{"href":"https:\/\/masterchem.fi\/sv\/wp-json\/wp\/v2\/media?parent=9410"}],"wp:term":[{"taxonomy":"product_brand","embeddable":true,"href":"https:\/\/masterchem.fi\/sv\/wp-json\/wp\/v2\/product_brand?post=9410"},{"taxonomy":"product_cat","embeddable":true,"href":"https:\/\/masterchem.fi\/sv\/wp-json\/wp\/v2\/product_cat?post=9410"},{"taxonomy":"product_tag","embeddable":true,"href":"https:\/\/masterchem.fi\/sv\/wp-json\/wp\/v2\/product_tag?post=9410"}],"curies":[{"name":"wp","href":"https:\/\/api.w.org\/{rel}","templated":true}]}}