{"id":9431,"date":"2022-05-17T20:30:47","date_gmt":"2022-05-17T17:30:48","guid":{"rendered":"https:\/\/masterchem.fi\/?post_type=product&#038;p=9431"},"modified":"2022-05-17T20:35:01","modified_gmt":"2022-05-17T17:35:01","slug":"salicylsyra-cas-69-72-7","status":"publish","type":"product","link":"https:\/\/masterchem.fi\/sv\/produkt\/salicylsyra-cas-69-72-7\/","title":{"rendered":"Salicylsyra (CAS 69-72-7)"},"content":{"rendered":"<p> <strong> Information <\/strong> <\/p>\n<p> Branscher: Kosmetika, hartser, plaster, polyuretaner <br \/>\nCAS-nummer: 69-72-7 <br \/>\nWE-nummer: 200-712-3 <br \/>\nKemisk formel: C7H6O3 <br \/>\nMolekylvikt: 138,12 g\/mol <br \/>\nTulltaxa: 29182100 <\/p>\n<p> <strong> Andra fysiska egenskaper <\/strong> <\/p>\n<p> pH: ~ 2,4 (2 g\/l, 20 \u00b0C) <br \/>\nSm\u00e4ltpunkt \/ fryspunkt: 157 &#8211; 159 \u00b0 C <br \/>\nKokpunkt \/ kokomr\u00e5de: ~ 211 \u00b0 C (1013 hPa) <br \/>\nRelativ densitet: 1443 g\/cm\u00b3 (20 \u00b0C) <br \/>\nL\u00f6slighet i vatten: 2 g \/ l (20 \u00b0 C) <\/p>\n","protected":false},"excerpt":{"rendered":"<p> <strong> Salicylsyra (CAS 69-72-7) <\/strong> <\/p>\n<p>Salicylsyra \u00e4r en organisk f\u00f6rening som \u00e4r en brandfarlig, f\u00e4rgl\u00f6s kristallin substans vid rumstemperatur (20 \u00b0 C). Dess kemiska formel \u00e4r C7H6O3 och strukturformeln \u00e4r HOC6H4COOH. Salicylsyra kallas ocks\u00e5 2-hydroxibensoesyra, o-hydroxibensoesyra och fenolsyra. Salter och estrar av salicylsyra \u00e4r salicylater. Salicylsyra har en molekylvikt p\u00e5 138,1 g \/ mol, en grumlingspunkt p\u00e5 76 \u00b0 C, en sm\u00e4ltpunkt p\u00e5 159 \u00b0 C, en relativ densitet p\u00e5 1,4 g \/ cm 3 (vatten = 1,0 g \/ cm 3), en l\u00f6slighet i vatten vid 20\u00b0C p\u00e5 0,2 g\/mol 100 ml, flampunkt 157\u00b0C, sj\u00e4lvant\u00e4ndningstemperatur 540\u00b0C och CAS-nummer 69-72-7. <\/p>\n<p> I v\u00e4xter fungerar salicylsyra som ett v\u00e4xthormon. Salicylsyra fungerar ocks\u00e5 som en semiokemikalie i vissa organismer. <\/p>\n","protected":false},"featured_media":9435,"template":"","meta":[],"product_brand":[],"product_cat":[177,109,116],"product_tag":[],"class_list":{"0":"post-9431","1":"product","2":"type-product","3":"status-publish","4":"has-post-thumbnail","6":"product_cat-kosmetikindustrin","7":"product_cat-plast","8":"product_cat-alla-produkter","10":"first","11":"outofstock","12":"taxable","13":"shipping-taxable","14":"purchasable","15":"product-type-variable","16":"has-default-attributes","17":"rtwpvg-product"},"yoast_head":"<!-- This site is optimized with the Yoast SEO plugin v27.5 - https:\/\/yoast.com\/product\/yoast-seo-wordpress\/ -->\n<title>Salicylsyra (CAS 69-72-7) - MasterChem | kemikaalien tuotanto ja myynti<\/title>\n<meta name=\"description\" content=\"Salicylsyra \u00e4r en organisk f\u00f6rening som \u00e4r en brandfarlig och f\u00e4rgl\u00f6s kristallin substans vid rumstemperatur (20 \u00b0 C).\" \/>\n<meta name=\"robots\" content=\"index, follow, max-snippet:-1, max-image-preview:large, max-video-preview:-1\" \/>\n<link rel=\"canonical\" href=\"https:\/\/masterchem.fi\/sv\/produkt\/salicylsyra-cas-69-72-7\/\" \/>\n<meta property=\"og:locale\" content=\"sv_SE\" \/>\n<meta property=\"og:type\" content=\"article\" \/>\n<meta property=\"og:title\" content=\"Salicylsyra (CAS 69-72-7) - MasterChem | kemikaalien tuotanto ja myynti\" \/>\n<meta property=\"og:description\" content=\"Salicylsyra \u00e4r en organisk f\u00f6rening som \u00e4r en brandfarlig och f\u00e4rgl\u00f6s kristallin substans vid rumstemperatur (20 \u00b0 C).\" \/>\n<meta property=\"og:url\" content=\"https:\/\/masterchem.fi\/sv\/produkt\/salicylsyra-cas-69-72-7\/\" \/>\n<meta property=\"og:site_name\" content=\"MasterChem | kemikaalien tuotanto ja myynti\" \/>\n<meta property=\"article:modified_time\" content=\"2022-05-17T17:35:01+00:00\" \/>\n<meta property=\"og:image\" content=\"https:\/\/masterchem.fi\/wp-content\/uploads\/2022\/05\/Salisyylihappo-CAS-69-72-7-25kg-MasterChem.jpg\" \/>\n\t<meta property=\"og:image:width\" content=\"1000\" \/>\n\t<meta property=\"og:image:height\" content=\"1000\" \/>\n\t<meta property=\"og:image:type\" content=\"image\/jpeg\" \/>\n<meta name=\"twitter:card\" content=\"summary_large_image\" \/>\n<script type=\"application\/ld+json\" class=\"yoast-schema-graph\">{\"@context\":\"https:\\\/\\\/schema.org\",\"@graph\":[{\"@type\":\"WebPage\",\"@id\":\"https:\\\/\\\/masterchem.fi\\\/sv\\\/produkt\\\/salicylsyra-cas-69-72-7\\\/\",\"url\":\"https:\\\/\\\/masterchem.fi\\\/sv\\\/produkt\\\/salicylsyra-cas-69-72-7\\\/\",\"name\":\"Salicylsyra (CAS 69-72-7) - MasterChem | kemikaalien tuotanto ja myynti\",\"isPartOf\":{\"@id\":\"https:\\\/\\\/masterchem.fi\\\/sv\\\/#website\"},\"primaryImageOfPage\":{\"@id\":\"https:\\\/\\\/masterchem.fi\\\/sv\\\/produkt\\\/salicylsyra-cas-69-72-7\\\/#primaryimage\"},\"image\":{\"@id\":\"https:\\\/\\\/masterchem.fi\\\/sv\\\/produkt\\\/salicylsyra-cas-69-72-7\\\/#primaryimage\"},\"thumbnailUrl\":\"https:\\\/\\\/masterchem.fi\\\/wp-content\\\/uploads\\\/2022\\\/05\\\/Salisyylihappo-CAS-69-72-7-25kg-MasterChem.jpg\",\"datePublished\":\"2022-05-17T17:30:48+00:00\",\"dateModified\":\"2022-05-17T17:35:01+00:00\",\"description\":\"Salicylsyra \u00e4r en organisk f\u00f6rening som \u00e4r en brandfarlig och f\u00e4rgl\u00f6s kristallin substans vid rumstemperatur (20 \u00b0 C).\",\"breadcrumb\":{\"@id\":\"https:\\\/\\\/masterchem.fi\\\/sv\\\/produkt\\\/salicylsyra-cas-69-72-7\\\/#breadcrumb\"},\"inLanguage\":\"sv-SE\",\"potentialAction\":[{\"@type\":\"ReadAction\",\"target\":[\"https:\\\/\\\/masterchem.fi\\\/sv\\\/produkt\\\/salicylsyra-cas-69-72-7\\\/\"]}]},{\"@type\":\"ImageObject\",\"inLanguage\":\"sv-SE\",\"@id\":\"https:\\\/\\\/masterchem.fi\\\/sv\\\/produkt\\\/salicylsyra-cas-69-72-7\\\/#primaryimage\",\"url\":\"https:\\\/\\\/masterchem.fi\\\/wp-content\\\/uploads\\\/2022\\\/05\\\/Salisyylihappo-CAS-69-72-7-25kg-MasterChem.jpg\",\"contentUrl\":\"https:\\\/\\\/masterchem.fi\\\/wp-content\\\/uploads\\\/2022\\\/05\\\/Salisyylihappo-CAS-69-72-7-25kg-MasterChem.jpg\",\"width\":1000,\"height\":1000,\"caption\":\"Salicylsyra (CAS 69-72-7) 25kg MasterChem\"},{\"@type\":\"BreadcrumbList\",\"@id\":\"https:\\\/\\\/masterchem.fi\\\/sv\\\/produkt\\\/salicylsyra-cas-69-72-7\\\/#breadcrumb\",\"itemListElement\":[{\"@type\":\"ListItem\",\"position\":1,\"name\":\"Home\",\"item\":\"https:\\\/\\\/masterchem.fi\\\/sv\\\/\"},{\"@type\":\"ListItem\",\"position\":2,\"name\":\"Butik\",\"item\":\"https:\\\/\\\/masterchem.fi\\\/sv\\\/butik\\\/\"},{\"@type\":\"ListItem\",\"position\":3,\"name\":\"Salicylsyra (CAS 69-72-7)\"}]},{\"@type\":\"WebSite\",\"@id\":\"https:\\\/\\\/masterchem.fi\\\/sv\\\/#website\",\"url\":\"https:\\\/\\\/masterchem.fi\\\/sv\\\/\",\"name\":\"MasterChem | kemikaalien tuotanto ja myynti\",\"description\":\"kemikaalien tuotanto ja myynti\",\"potentialAction\":[{\"@type\":\"SearchAction\",\"target\":{\"@type\":\"EntryPoint\",\"urlTemplate\":\"https:\\\/\\\/masterchem.fi\\\/sv\\\/?s={search_term_string}\"},\"query-input\":{\"@type\":\"PropertyValueSpecification\",\"valueRequired\":true,\"valueName\":\"search_term_string\"}}],\"inLanguage\":\"sv-SE\"}]}<\/script>\n<!-- \/ Yoast SEO plugin. -->","yoast_head_json":{"title":"Salicylsyra (CAS 69-72-7) - MasterChem | kemikaalien tuotanto ja myynti","description":"Salicylsyra \u00e4r en organisk f\u00f6rening som \u00e4r en brandfarlig och f\u00e4rgl\u00f6s kristallin substans vid rumstemperatur (20 \u00b0 C).","robots":{"index":"index","follow":"follow","max-snippet":"max-snippet:-1","max-image-preview":"max-image-preview:large","max-video-preview":"max-video-preview:-1"},"canonical":"https:\/\/masterchem.fi\/sv\/produkt\/salicylsyra-cas-69-72-7\/","og_locale":"sv_SE","og_type":"article","og_title":"Salicylsyra (CAS 69-72-7) - MasterChem | kemikaalien tuotanto ja myynti","og_description":"Salicylsyra \u00e4r en organisk f\u00f6rening som \u00e4r en brandfarlig och f\u00e4rgl\u00f6s kristallin substans vid rumstemperatur (20 \u00b0 C).","og_url":"https:\/\/masterchem.fi\/sv\/produkt\/salicylsyra-cas-69-72-7\/","og_site_name":"MasterChem | kemikaalien tuotanto ja myynti","article_modified_time":"2022-05-17T17:35:01+00:00","og_image":[{"width":1000,"height":1000,"url":"https:\/\/masterchem.fi\/wp-content\/uploads\/2022\/05\/Salisyylihappo-CAS-69-72-7-25kg-MasterChem.jpg","type":"image\/jpeg"}],"twitter_card":"summary_large_image","schema":{"@context":"https:\/\/schema.org","@graph":[{"@type":"WebPage","@id":"https:\/\/masterchem.fi\/sv\/produkt\/salicylsyra-cas-69-72-7\/","url":"https:\/\/masterchem.fi\/sv\/produkt\/salicylsyra-cas-69-72-7\/","name":"Salicylsyra (CAS 69-72-7) - MasterChem | kemikaalien tuotanto ja myynti","isPartOf":{"@id":"https:\/\/masterchem.fi\/sv\/#website"},"primaryImageOfPage":{"@id":"https:\/\/masterchem.fi\/sv\/produkt\/salicylsyra-cas-69-72-7\/#primaryimage"},"image":{"@id":"https:\/\/masterchem.fi\/sv\/produkt\/salicylsyra-cas-69-72-7\/#primaryimage"},"thumbnailUrl":"https:\/\/masterchem.fi\/wp-content\/uploads\/2022\/05\/Salisyylihappo-CAS-69-72-7-25kg-MasterChem.jpg","datePublished":"2022-05-17T17:30:48+00:00","dateModified":"2022-05-17T17:35:01+00:00","description":"Salicylsyra \u00e4r en organisk f\u00f6rening som \u00e4r en brandfarlig och f\u00e4rgl\u00f6s kristallin substans vid rumstemperatur (20 \u00b0 C).","breadcrumb":{"@id":"https:\/\/masterchem.fi\/sv\/produkt\/salicylsyra-cas-69-72-7\/#breadcrumb"},"inLanguage":"sv-SE","potentialAction":[{"@type":"ReadAction","target":["https:\/\/masterchem.fi\/sv\/produkt\/salicylsyra-cas-69-72-7\/"]}]},{"@type":"ImageObject","inLanguage":"sv-SE","@id":"https:\/\/masterchem.fi\/sv\/produkt\/salicylsyra-cas-69-72-7\/#primaryimage","url":"https:\/\/masterchem.fi\/wp-content\/uploads\/2022\/05\/Salisyylihappo-CAS-69-72-7-25kg-MasterChem.jpg","contentUrl":"https:\/\/masterchem.fi\/wp-content\/uploads\/2022\/05\/Salisyylihappo-CAS-69-72-7-25kg-MasterChem.jpg","width":1000,"height":1000,"caption":"Salicylsyra (CAS 69-72-7) 25kg MasterChem"},{"@type":"BreadcrumbList","@id":"https:\/\/masterchem.fi\/sv\/produkt\/salicylsyra-cas-69-72-7\/#breadcrumb","itemListElement":[{"@type":"ListItem","position":1,"name":"Home","item":"https:\/\/masterchem.fi\/sv\/"},{"@type":"ListItem","position":2,"name":"Butik","item":"https:\/\/masterchem.fi\/sv\/butik\/"},{"@type":"ListItem","position":3,"name":"Salicylsyra (CAS 69-72-7)"}]},{"@type":"WebSite","@id":"https:\/\/masterchem.fi\/sv\/#website","url":"https:\/\/masterchem.fi\/sv\/","name":"MasterChem | kemikaalien tuotanto ja myynti","description":"kemikaalien tuotanto ja myynti","potentialAction":[{"@type":"SearchAction","target":{"@type":"EntryPoint","urlTemplate":"https:\/\/masterchem.fi\/sv\/?s={search_term_string}"},"query-input":{"@type":"PropertyValueSpecification","valueRequired":true,"valueName":"search_term_string"}}],"inLanguage":"sv-SE"}]}},"_links":{"self":[{"href":"https:\/\/masterchem.fi\/sv\/wp-json\/wp\/v2\/product\/9431","targetHints":{"allow":["GET"]}}],"collection":[{"href":"https:\/\/masterchem.fi\/sv\/wp-json\/wp\/v2\/product"}],"about":[{"href":"https:\/\/masterchem.fi\/sv\/wp-json\/wp\/v2\/types\/product"}],"wp:featuredmedia":[{"embeddable":true,"href":"https:\/\/masterchem.fi\/sv\/wp-json\/wp\/v2\/media\/9435"}],"wp:attachment":[{"href":"https:\/\/masterchem.fi\/sv\/wp-json\/wp\/v2\/media?parent=9431"}],"wp:term":[{"taxonomy":"product_brand","embeddable":true,"href":"https:\/\/masterchem.fi\/sv\/wp-json\/wp\/v2\/product_brand?post=9431"},{"taxonomy":"product_cat","embeddable":true,"href":"https:\/\/masterchem.fi\/sv\/wp-json\/wp\/v2\/product_cat?post=9431"},{"taxonomy":"product_tag","embeddable":true,"href":"https:\/\/masterchem.fi\/sv\/wp-json\/wp\/v2\/product_tag?post=9431"}],"curies":[{"name":"wp","href":"https:\/\/api.w.org\/{rel}","templated":true}]}}