{"id":9441,"date":"2022-05-17T20:38:31","date_gmt":"2022-05-17T17:38:32","guid":{"rendered":"https:\/\/masterchem.fi\/?post_type=product&#038;p=9441"},"modified":"2022-05-17T20:42:01","modified_gmt":"2022-05-17T17:42:01","slug":"nickelsulfat-cas-10101-97-0","status":"publish","type":"product","link":"https:\/\/masterchem.fi\/sv\/produkt\/nickelsulfat-cas-10101-97-0\/","title":{"rendered":"Nickelsulfat (CAS 10101-97-0)"},"content":{"rendered":"<p> <strong> Information <\/strong> <\/p>\n<p> Branscher: F\u00e4rger och lacker <br \/>\nCAS-nummer: 10101-97-0 <br \/>\nWE-nummer: 7786-81-4 <br \/>\nIndexnummer: 028-009-00-5 <br \/>\nKemisk formel: NiSO4 \u00b7 6H2O <br \/>\nMolekylvikt: 262,86 g\/mol <br \/>\nTulltaxa: 28332400 <br \/>\nADR: UN3077 <\/p>\n<p> <strong> Andra fysiska egenskaper <\/strong> <\/p>\n<p> Sm\u00e4ltpunkt \/ fryspunkt: 840 \u00b0 C <br \/>\nRelativ densitet: 2,07 g\/cm3 <br \/>\nL\u00f6slighet i vatten: 293 g \/ l (20 \u00b0 C) <\/p>\n","protected":false},"excerpt":{"rendered":"<p> <strong> Nickelsulfat (CAS 10101-97-0) <\/strong> <\/p>\n<p>Nickelsulfat eller nickel(II)sulfat \u00e4r ett vattenl\u00f6sligt nickelsulfat med formeln NiSO4. Det \u00e4r ett cancerframkallande \u00e4mne och giftigt f\u00f6r vattenlevande organismer. F\u00f6reningen har tv\u00e5 kristallina former: hexahydrat NiSO4 \u00b7 6H2O och heptahydrat NiSO4 \u00b7 7H2O. Dessa \u00e4r bl\u00e5 eller gr\u00f6naktiga till f\u00e4rgen. Den gula vattenfria formen framst\u00e4lls genom att v\u00e4rma \u00e4mnet till 330 grader. Hexahydratet inneh\u00e5ller 22,3 % nickel.<\/p>\n<p> Nickelsulfat framst\u00e4lls genom reaktion av svavelsyra med metalliskt nickel eller nickeloxid eller nickelkarbonat. Sammans\u00e4ttningen anv\u00e4nds i Niklaus, metallf\u00e4rgning och som katalysator i kemiska processer.<\/p>\n","protected":false},"featured_media":9445,"template":"","meta":[],"product_brand":[],"product_cat":[116],"product_tag":[],"class_list":{"0":"post-9441","1":"product","2":"type-product","3":"status-publish","4":"has-post-thumbnail","6":"product_cat-alla-produkter","8":"first","9":"outofstock","10":"taxable","11":"shipping-taxable","12":"purchasable","13":"product-type-variable","14":"has-default-attributes","15":"rtwpvg-product"},"yoast_head":"<!-- This site is optimized with the Yoast SEO plugin v27.2 - https:\/\/yoast.com\/product\/yoast-seo-wordpress\/ -->\n<title>Nickelsulfat (CAS 10101-97-0) - MasterChem | kemikaalien tuotanto ja myynti<\/title>\n<meta name=\"description\" content=\"Nickelsulfat eller nickel(II)sulfat \u00e4r ett vattenl\u00f6sligt nickelsulfat med formeln NiSO4.\" \/>\n<meta name=\"robots\" content=\"index, follow, max-snippet:-1, max-image-preview:large, max-video-preview:-1\" \/>\n<link rel=\"canonical\" href=\"https:\/\/masterchem.fi\/sv\/produkt\/nickelsulfat-cas-10101-97-0\/\" \/>\n<meta property=\"og:locale\" content=\"sv_SE\" \/>\n<meta property=\"og:type\" content=\"article\" \/>\n<meta property=\"og:title\" content=\"Nickelsulfat (CAS 10101-97-0) - MasterChem | kemikaalien tuotanto ja myynti\" \/>\n<meta property=\"og:description\" content=\"Nickelsulfat eller nickel(II)sulfat \u00e4r ett vattenl\u00f6sligt nickelsulfat med formeln NiSO4.\" \/>\n<meta property=\"og:url\" content=\"https:\/\/masterchem.fi\/sv\/produkt\/nickelsulfat-cas-10101-97-0\/\" \/>\n<meta property=\"og:site_name\" content=\"MasterChem | kemikaalien tuotanto ja myynti\" \/>\n<meta property=\"article:modified_time\" content=\"2022-05-17T17:42:01+00:00\" \/>\n<meta property=\"og:image\" content=\"https:\/\/masterchem.fi\/wp-content\/uploads\/2022\/05\/Nikkelisulfaatti-CAS-10101-97-0-25kg-MasterChem.jpg\" \/>\n\t<meta property=\"og:image:width\" content=\"1000\" \/>\n\t<meta property=\"og:image:height\" content=\"1000\" \/>\n\t<meta property=\"og:image:type\" content=\"image\/jpeg\" \/>\n<meta name=\"twitter:card\" content=\"summary_large_image\" \/>\n<script type=\"application\/ld+json\" class=\"yoast-schema-graph\">{\"@context\":\"https:\/\/schema.org\",\"@graph\":[{\"@type\":\"WebPage\",\"@id\":\"https:\/\/masterchem.fi\/sv\/produkt\/nickelsulfat-cas-10101-97-0\/\",\"url\":\"https:\/\/masterchem.fi\/sv\/produkt\/nickelsulfat-cas-10101-97-0\/\",\"name\":\"Nickelsulfat (CAS 10101-97-0) - MasterChem | kemikaalien tuotanto ja myynti\",\"isPartOf\":{\"@id\":\"https:\/\/masterchem.fi\/sv\/#website\"},\"primaryImageOfPage\":{\"@id\":\"https:\/\/masterchem.fi\/sv\/produkt\/nickelsulfat-cas-10101-97-0\/#primaryimage\"},\"image\":{\"@id\":\"https:\/\/masterchem.fi\/sv\/produkt\/nickelsulfat-cas-10101-97-0\/#primaryimage\"},\"thumbnailUrl\":\"https:\/\/masterchem.fi\/wp-content\/uploads\/2022\/05\/Nikkelisulfaatti-CAS-10101-97-0-25kg-MasterChem.jpg\",\"datePublished\":\"2022-05-17T17:38:32+00:00\",\"dateModified\":\"2022-05-17T17:42:01+00:00\",\"description\":\"Nickelsulfat eller nickel(II)sulfat \u00e4r ett vattenl\u00f6sligt nickelsulfat med formeln NiSO4.\",\"breadcrumb\":{\"@id\":\"https:\/\/masterchem.fi\/sv\/produkt\/nickelsulfat-cas-10101-97-0\/#breadcrumb\"},\"inLanguage\":\"sv-SE\",\"potentialAction\":[{\"@type\":\"ReadAction\",\"target\":[\"https:\/\/masterchem.fi\/sv\/produkt\/nickelsulfat-cas-10101-97-0\/\"]}]},{\"@type\":\"ImageObject\",\"inLanguage\":\"sv-SE\",\"@id\":\"https:\/\/masterchem.fi\/sv\/produkt\/nickelsulfat-cas-10101-97-0\/#primaryimage\",\"url\":\"https:\/\/masterchem.fi\/wp-content\/uploads\/2022\/05\/Nikkelisulfaatti-CAS-10101-97-0-25kg-MasterChem.jpg\",\"contentUrl\":\"https:\/\/masterchem.fi\/wp-content\/uploads\/2022\/05\/Nikkelisulfaatti-CAS-10101-97-0-25kg-MasterChem.jpg\",\"width\":1000,\"height\":1000,\"caption\":\"Nickelsulfat (CAS 10101-97-0) 25kg MasterChem\"},{\"@type\":\"BreadcrumbList\",\"@id\":\"https:\/\/masterchem.fi\/sv\/produkt\/nickelsulfat-cas-10101-97-0\/#breadcrumb\",\"itemListElement\":[{\"@type\":\"ListItem\",\"position\":1,\"name\":\"Home\",\"item\":\"https:\/\/masterchem.fi\/sv\/\"},{\"@type\":\"ListItem\",\"position\":2,\"name\":\"Butik\",\"item\":\"https:\/\/masterchem.fi\/sv\/butik\/\"},{\"@type\":\"ListItem\",\"position\":3,\"name\":\"Nickelsulfat (CAS 10101-97-0)\"}]},{\"@type\":\"WebSite\",\"@id\":\"https:\/\/masterchem.fi\/sv\/#website\",\"url\":\"https:\/\/masterchem.fi\/sv\/\",\"name\":\"MasterChem | kemikaalien tuotanto ja myynti\",\"description\":\"kemikaalien tuotanto ja myynti\",\"potentialAction\":[{\"@type\":\"SearchAction\",\"target\":{\"@type\":\"EntryPoint\",\"urlTemplate\":\"https:\/\/masterchem.fi\/sv\/?s={search_term_string}\"},\"query-input\":{\"@type\":\"PropertyValueSpecification\",\"valueRequired\":true,\"valueName\":\"search_term_string\"}}],\"inLanguage\":\"sv-SE\"}]}<\/script>\n<!-- \/ Yoast SEO plugin. -->","yoast_head_json":{"title":"Nickelsulfat (CAS 10101-97-0) - MasterChem | kemikaalien tuotanto ja myynti","description":"Nickelsulfat eller nickel(II)sulfat \u00e4r ett vattenl\u00f6sligt nickelsulfat med formeln NiSO4.","robots":{"index":"index","follow":"follow","max-snippet":"max-snippet:-1","max-image-preview":"max-image-preview:large","max-video-preview":"max-video-preview:-1"},"canonical":"https:\/\/masterchem.fi\/sv\/produkt\/nickelsulfat-cas-10101-97-0\/","og_locale":"sv_SE","og_type":"article","og_title":"Nickelsulfat (CAS 10101-97-0) - MasterChem | kemikaalien tuotanto ja myynti","og_description":"Nickelsulfat eller nickel(II)sulfat \u00e4r ett vattenl\u00f6sligt nickelsulfat med formeln NiSO4.","og_url":"https:\/\/masterchem.fi\/sv\/produkt\/nickelsulfat-cas-10101-97-0\/","og_site_name":"MasterChem | kemikaalien tuotanto ja myynti","article_modified_time":"2022-05-17T17:42:01+00:00","og_image":[{"width":1000,"height":1000,"url":"https:\/\/masterchem.fi\/wp-content\/uploads\/2022\/05\/Nikkelisulfaatti-CAS-10101-97-0-25kg-MasterChem.jpg","type":"image\/jpeg"}],"twitter_card":"summary_large_image","schema":{"@context":"https:\/\/schema.org","@graph":[{"@type":"WebPage","@id":"https:\/\/masterchem.fi\/sv\/produkt\/nickelsulfat-cas-10101-97-0\/","url":"https:\/\/masterchem.fi\/sv\/produkt\/nickelsulfat-cas-10101-97-0\/","name":"Nickelsulfat (CAS 10101-97-0) - MasterChem | kemikaalien tuotanto ja myynti","isPartOf":{"@id":"https:\/\/masterchem.fi\/sv\/#website"},"primaryImageOfPage":{"@id":"https:\/\/masterchem.fi\/sv\/produkt\/nickelsulfat-cas-10101-97-0\/#primaryimage"},"image":{"@id":"https:\/\/masterchem.fi\/sv\/produkt\/nickelsulfat-cas-10101-97-0\/#primaryimage"},"thumbnailUrl":"https:\/\/masterchem.fi\/wp-content\/uploads\/2022\/05\/Nikkelisulfaatti-CAS-10101-97-0-25kg-MasterChem.jpg","datePublished":"2022-05-17T17:38:32+00:00","dateModified":"2022-05-17T17:42:01+00:00","description":"Nickelsulfat eller nickel(II)sulfat \u00e4r ett vattenl\u00f6sligt nickelsulfat med formeln NiSO4.","breadcrumb":{"@id":"https:\/\/masterchem.fi\/sv\/produkt\/nickelsulfat-cas-10101-97-0\/#breadcrumb"},"inLanguage":"sv-SE","potentialAction":[{"@type":"ReadAction","target":["https:\/\/masterchem.fi\/sv\/produkt\/nickelsulfat-cas-10101-97-0\/"]}]},{"@type":"ImageObject","inLanguage":"sv-SE","@id":"https:\/\/masterchem.fi\/sv\/produkt\/nickelsulfat-cas-10101-97-0\/#primaryimage","url":"https:\/\/masterchem.fi\/wp-content\/uploads\/2022\/05\/Nikkelisulfaatti-CAS-10101-97-0-25kg-MasterChem.jpg","contentUrl":"https:\/\/masterchem.fi\/wp-content\/uploads\/2022\/05\/Nikkelisulfaatti-CAS-10101-97-0-25kg-MasterChem.jpg","width":1000,"height":1000,"caption":"Nickelsulfat (CAS 10101-97-0) 25kg MasterChem"},{"@type":"BreadcrumbList","@id":"https:\/\/masterchem.fi\/sv\/produkt\/nickelsulfat-cas-10101-97-0\/#breadcrumb","itemListElement":[{"@type":"ListItem","position":1,"name":"Home","item":"https:\/\/masterchem.fi\/sv\/"},{"@type":"ListItem","position":2,"name":"Butik","item":"https:\/\/masterchem.fi\/sv\/butik\/"},{"@type":"ListItem","position":3,"name":"Nickelsulfat (CAS 10101-97-0)"}]},{"@type":"WebSite","@id":"https:\/\/masterchem.fi\/sv\/#website","url":"https:\/\/masterchem.fi\/sv\/","name":"MasterChem | kemikaalien tuotanto ja myynti","description":"kemikaalien tuotanto ja myynti","potentialAction":[{"@type":"SearchAction","target":{"@type":"EntryPoint","urlTemplate":"https:\/\/masterchem.fi\/sv\/?s={search_term_string}"},"query-input":{"@type":"PropertyValueSpecification","valueRequired":true,"valueName":"search_term_string"}}],"inLanguage":"sv-SE"}]}},"_links":{"self":[{"href":"https:\/\/masterchem.fi\/sv\/wp-json\/wp\/v2\/product\/9441","targetHints":{"allow":["GET"]}}],"collection":[{"href":"https:\/\/masterchem.fi\/sv\/wp-json\/wp\/v2\/product"}],"about":[{"href":"https:\/\/masterchem.fi\/sv\/wp-json\/wp\/v2\/types\/product"}],"wp:featuredmedia":[{"embeddable":true,"href":"https:\/\/masterchem.fi\/sv\/wp-json\/wp\/v2\/media\/9445"}],"wp:attachment":[{"href":"https:\/\/masterchem.fi\/sv\/wp-json\/wp\/v2\/media?parent=9441"}],"wp:term":[{"taxonomy":"product_brand","embeddable":true,"href":"https:\/\/masterchem.fi\/sv\/wp-json\/wp\/v2\/product_brand?post=9441"},{"taxonomy":"product_cat","embeddable":true,"href":"https:\/\/masterchem.fi\/sv\/wp-json\/wp\/v2\/product_cat?post=9441"},{"taxonomy":"product_tag","embeddable":true,"href":"https:\/\/masterchem.fi\/sv\/wp-json\/wp\/v2\/product_tag?post=9441"}],"curies":[{"name":"wp","href":"https:\/\/api.w.org\/{rel}","templated":true}]}}