{"id":9451,"date":"2022-05-17T20:44:16","date_gmt":"2022-05-17T17:44:17","guid":{"rendered":"https:\/\/masterchem.fi\/?post_type=product&#038;p=9451"},"modified":"2022-05-17T20:47:45","modified_gmt":"2022-05-17T17:47:45","slug":"rautasulfaattiheptahydraatti-cas-7782-63-0","status":"publish","type":"product","link":"https:\/\/masterchem.fi\/sv\/produkt\/rautasulfaattiheptahydraatti-cas-7782-63-0\/","title":{"rendered":"Rautasulfaattiheptahydraatti (CAS 7782-63-0)"},"content":{"rendered":"<p> <strong> Information <\/strong> <\/p>\n<p> Branscher: f\u00e4rger och fernissor, konstg\u00f6dsel <br \/>\nCAS-nummer: 7782-63-0 <br \/>\nWE-nummer: 231-753-5 <br \/>\nKemisk formel: FeSO4 \u2022 7H2O <br \/>\nTaxa: 28332980 <\/p>\n<p> <strong> Andra fysiska egenskaper <\/strong> <\/p>\n<p> Sm\u00e4ltpunkt \/ fryspunkt: 60\u00baC <br \/>\nRelativ densitet: 1,89 g\/cm3 (20 \u00b0C) <\/p>\n","protected":false},"excerpt":{"rendered":"<p> <strong> J\u00e4rnsulfatheptahydrat (CAS 7782-63-0) <\/strong> <\/p>\n<p> J\u00e4rn(2+)sulfatheptahydrat \u00e4r ett hydrat som \u00e4r en heptahydratform av j\u00e4rn(2+)sulfat. Det anv\u00e4nds som en k\u00e4lla till j\u00e4rn vid behandling av j\u00e4rnbristanemi (vanligtvis i v\u00e4tskedosbehandlingar; monohydrat anv\u00e4nds vanligtvis i behandlingar med fasta doser). Den har ett n\u00e4rings\u00e4mne, ett anemimedel och ett reduktionsmedel. Det \u00e4r en hydrat- och j\u00e4rnmolekyl\u00e4r enhet. Den inneh\u00e5ller j\u00e4rn (2+) sulfat (vattenfritt). <\/p>\n","protected":false},"featured_media":9455,"template":"","meta":[],"product_brand":[],"product_cat":[116,173],"product_tag":[],"class_list":{"0":"post-9451","1":"product","2":"type-product","3":"status-publish","4":"has-post-thumbnail","6":"product_cat-alla-produkter","7":"product_cat-godselmedel","9":"first","10":"outofstock","11":"taxable","12":"shipping-taxable","13":"purchasable","14":"product-type-variable","15":"has-default-attributes","16":"rtwpvg-product"},"yoast_head":"<!-- This site is optimized with the Yoast SEO plugin v27.5 - https:\/\/yoast.com\/product\/yoast-seo-wordpress\/ -->\n<title>Rautasulfaattiheptahydraatti (CAS 7782-63-0) - MasterChem | kemikaalien tuotanto ja myynti<\/title>\n<meta name=\"description\" content=\"J\u00e4rn(2+)sulfatheptahydrat \u00e4r ett hydrat som \u00e4r en heptahydratform av j\u00e4rn(2+)sulfat.\" \/>\n<meta name=\"robots\" content=\"index, follow, max-snippet:-1, max-image-preview:large, max-video-preview:-1\" \/>\n<link rel=\"canonical\" href=\"https:\/\/masterchem.fi\/sv\/produkt\/rautasulfaattiheptahydraatti-cas-7782-63-0\/\" \/>\n<meta property=\"og:locale\" content=\"sv_SE\" \/>\n<meta property=\"og:type\" content=\"article\" \/>\n<meta property=\"og:title\" content=\"Rautasulfaattiheptahydraatti (CAS 7782-63-0) - MasterChem | kemikaalien tuotanto ja myynti\" \/>\n<meta property=\"og:description\" content=\"J\u00e4rn(2+)sulfatheptahydrat \u00e4r ett hydrat som \u00e4r en heptahydratform av j\u00e4rn(2+)sulfat.\" \/>\n<meta property=\"og:url\" content=\"https:\/\/masterchem.fi\/sv\/produkt\/rautasulfaattiheptahydraatti-cas-7782-63-0\/\" \/>\n<meta property=\"og:site_name\" content=\"MasterChem | kemikaalien tuotanto ja myynti\" \/>\n<meta property=\"article:modified_time\" content=\"2022-05-17T17:47:45+00:00\" \/>\n<meta property=\"og:image\" content=\"https:\/\/masterchem.fi\/wp-content\/uploads\/2022\/05\/Rautasulfaattiheptahydraatti-CAS-7782-63-0-25kg-MasterChem.jpg\" \/>\n\t<meta property=\"og:image:width\" content=\"1000\" \/>\n\t<meta property=\"og:image:height\" content=\"1000\" \/>\n\t<meta property=\"og:image:type\" content=\"image\/jpeg\" \/>\n<meta name=\"twitter:card\" content=\"summary_large_image\" \/>\n<script type=\"application\/ld+json\" class=\"yoast-schema-graph\">{\"@context\":\"https:\\\/\\\/schema.org\",\"@graph\":[{\"@type\":\"WebPage\",\"@id\":\"https:\\\/\\\/masterchem.fi\\\/sv\\\/produkt\\\/rautasulfaattiheptahydraatti-cas-7782-63-0\\\/\",\"url\":\"https:\\\/\\\/masterchem.fi\\\/sv\\\/produkt\\\/rautasulfaattiheptahydraatti-cas-7782-63-0\\\/\",\"name\":\"Rautasulfaattiheptahydraatti (CAS 7782-63-0) - MasterChem | kemikaalien tuotanto ja myynti\",\"isPartOf\":{\"@id\":\"https:\\\/\\\/masterchem.fi\\\/sv\\\/#website\"},\"primaryImageOfPage\":{\"@id\":\"https:\\\/\\\/masterchem.fi\\\/sv\\\/produkt\\\/rautasulfaattiheptahydraatti-cas-7782-63-0\\\/#primaryimage\"},\"image\":{\"@id\":\"https:\\\/\\\/masterchem.fi\\\/sv\\\/produkt\\\/rautasulfaattiheptahydraatti-cas-7782-63-0\\\/#primaryimage\"},\"thumbnailUrl\":\"https:\\\/\\\/masterchem.fi\\\/wp-content\\\/uploads\\\/2022\\\/05\\\/Rautasulfaattiheptahydraatti-CAS-7782-63-0-25kg-MasterChem.jpg\",\"datePublished\":\"2022-05-17T17:44:17+00:00\",\"dateModified\":\"2022-05-17T17:47:45+00:00\",\"description\":\"J\u00e4rn(2+)sulfatheptahydrat \u00e4r ett hydrat som \u00e4r en heptahydratform av j\u00e4rn(2+)sulfat.\",\"breadcrumb\":{\"@id\":\"https:\\\/\\\/masterchem.fi\\\/sv\\\/produkt\\\/rautasulfaattiheptahydraatti-cas-7782-63-0\\\/#breadcrumb\"},\"inLanguage\":\"sv-SE\",\"potentialAction\":[{\"@type\":\"ReadAction\",\"target\":[\"https:\\\/\\\/masterchem.fi\\\/sv\\\/produkt\\\/rautasulfaattiheptahydraatti-cas-7782-63-0\\\/\"]}]},{\"@type\":\"ImageObject\",\"inLanguage\":\"sv-SE\",\"@id\":\"https:\\\/\\\/masterchem.fi\\\/sv\\\/produkt\\\/rautasulfaattiheptahydraatti-cas-7782-63-0\\\/#primaryimage\",\"url\":\"https:\\\/\\\/masterchem.fi\\\/wp-content\\\/uploads\\\/2022\\\/05\\\/Rautasulfaattiheptahydraatti-CAS-7782-63-0-25kg-MasterChem.jpg\",\"contentUrl\":\"https:\\\/\\\/masterchem.fi\\\/wp-content\\\/uploads\\\/2022\\\/05\\\/Rautasulfaattiheptahydraatti-CAS-7782-63-0-25kg-MasterChem.jpg\",\"width\":1000,\"height\":1000,\"caption\":\"Rautasulfaattiheptahydraatti (CAS 7782-63-0) 25kg MasterChem\"},{\"@type\":\"BreadcrumbList\",\"@id\":\"https:\\\/\\\/masterchem.fi\\\/sv\\\/produkt\\\/rautasulfaattiheptahydraatti-cas-7782-63-0\\\/#breadcrumb\",\"itemListElement\":[{\"@type\":\"ListItem\",\"position\":1,\"name\":\"Home\",\"item\":\"https:\\\/\\\/masterchem.fi\\\/sv\\\/\"},{\"@type\":\"ListItem\",\"position\":2,\"name\":\"Butik\",\"item\":\"https:\\\/\\\/masterchem.fi\\\/sv\\\/butik\\\/\"},{\"@type\":\"ListItem\",\"position\":3,\"name\":\"Rautasulfaattiheptahydraatti (CAS 7782-63-0)\"}]},{\"@type\":\"WebSite\",\"@id\":\"https:\\\/\\\/masterchem.fi\\\/sv\\\/#website\",\"url\":\"https:\\\/\\\/masterchem.fi\\\/sv\\\/\",\"name\":\"MasterChem | kemikaalien tuotanto ja myynti\",\"description\":\"kemikaalien tuotanto ja myynti\",\"potentialAction\":[{\"@type\":\"SearchAction\",\"target\":{\"@type\":\"EntryPoint\",\"urlTemplate\":\"https:\\\/\\\/masterchem.fi\\\/sv\\\/?s={search_term_string}\"},\"query-input\":{\"@type\":\"PropertyValueSpecification\",\"valueRequired\":true,\"valueName\":\"search_term_string\"}}],\"inLanguage\":\"sv-SE\"}]}<\/script>\n<!-- \/ Yoast SEO plugin. -->","yoast_head_json":{"title":"Rautasulfaattiheptahydraatti (CAS 7782-63-0) - MasterChem | kemikaalien tuotanto ja myynti","description":"J\u00e4rn(2+)sulfatheptahydrat \u00e4r ett hydrat som \u00e4r en heptahydratform av j\u00e4rn(2+)sulfat.","robots":{"index":"index","follow":"follow","max-snippet":"max-snippet:-1","max-image-preview":"max-image-preview:large","max-video-preview":"max-video-preview:-1"},"canonical":"https:\/\/masterchem.fi\/sv\/produkt\/rautasulfaattiheptahydraatti-cas-7782-63-0\/","og_locale":"sv_SE","og_type":"article","og_title":"Rautasulfaattiheptahydraatti (CAS 7782-63-0) - MasterChem | kemikaalien tuotanto ja myynti","og_description":"J\u00e4rn(2+)sulfatheptahydrat \u00e4r ett hydrat som \u00e4r en heptahydratform av j\u00e4rn(2+)sulfat.","og_url":"https:\/\/masterchem.fi\/sv\/produkt\/rautasulfaattiheptahydraatti-cas-7782-63-0\/","og_site_name":"MasterChem | kemikaalien tuotanto ja myynti","article_modified_time":"2022-05-17T17:47:45+00:00","og_image":[{"width":1000,"height":1000,"url":"https:\/\/masterchem.fi\/wp-content\/uploads\/2022\/05\/Rautasulfaattiheptahydraatti-CAS-7782-63-0-25kg-MasterChem.jpg","type":"image\/jpeg"}],"twitter_card":"summary_large_image","schema":{"@context":"https:\/\/schema.org","@graph":[{"@type":"WebPage","@id":"https:\/\/masterchem.fi\/sv\/produkt\/rautasulfaattiheptahydraatti-cas-7782-63-0\/","url":"https:\/\/masterchem.fi\/sv\/produkt\/rautasulfaattiheptahydraatti-cas-7782-63-0\/","name":"Rautasulfaattiheptahydraatti (CAS 7782-63-0) - MasterChem | kemikaalien tuotanto ja myynti","isPartOf":{"@id":"https:\/\/masterchem.fi\/sv\/#website"},"primaryImageOfPage":{"@id":"https:\/\/masterchem.fi\/sv\/produkt\/rautasulfaattiheptahydraatti-cas-7782-63-0\/#primaryimage"},"image":{"@id":"https:\/\/masterchem.fi\/sv\/produkt\/rautasulfaattiheptahydraatti-cas-7782-63-0\/#primaryimage"},"thumbnailUrl":"https:\/\/masterchem.fi\/wp-content\/uploads\/2022\/05\/Rautasulfaattiheptahydraatti-CAS-7782-63-0-25kg-MasterChem.jpg","datePublished":"2022-05-17T17:44:17+00:00","dateModified":"2022-05-17T17:47:45+00:00","description":"J\u00e4rn(2+)sulfatheptahydrat \u00e4r ett hydrat som \u00e4r en heptahydratform av j\u00e4rn(2+)sulfat.","breadcrumb":{"@id":"https:\/\/masterchem.fi\/sv\/produkt\/rautasulfaattiheptahydraatti-cas-7782-63-0\/#breadcrumb"},"inLanguage":"sv-SE","potentialAction":[{"@type":"ReadAction","target":["https:\/\/masterchem.fi\/sv\/produkt\/rautasulfaattiheptahydraatti-cas-7782-63-0\/"]}]},{"@type":"ImageObject","inLanguage":"sv-SE","@id":"https:\/\/masterchem.fi\/sv\/produkt\/rautasulfaattiheptahydraatti-cas-7782-63-0\/#primaryimage","url":"https:\/\/masterchem.fi\/wp-content\/uploads\/2022\/05\/Rautasulfaattiheptahydraatti-CAS-7782-63-0-25kg-MasterChem.jpg","contentUrl":"https:\/\/masterchem.fi\/wp-content\/uploads\/2022\/05\/Rautasulfaattiheptahydraatti-CAS-7782-63-0-25kg-MasterChem.jpg","width":1000,"height":1000,"caption":"Rautasulfaattiheptahydraatti (CAS 7782-63-0) 25kg MasterChem"},{"@type":"BreadcrumbList","@id":"https:\/\/masterchem.fi\/sv\/produkt\/rautasulfaattiheptahydraatti-cas-7782-63-0\/#breadcrumb","itemListElement":[{"@type":"ListItem","position":1,"name":"Home","item":"https:\/\/masterchem.fi\/sv\/"},{"@type":"ListItem","position":2,"name":"Butik","item":"https:\/\/masterchem.fi\/sv\/butik\/"},{"@type":"ListItem","position":3,"name":"Rautasulfaattiheptahydraatti (CAS 7782-63-0)"}]},{"@type":"WebSite","@id":"https:\/\/masterchem.fi\/sv\/#website","url":"https:\/\/masterchem.fi\/sv\/","name":"MasterChem | kemikaalien tuotanto ja myynti","description":"kemikaalien tuotanto ja myynti","potentialAction":[{"@type":"SearchAction","target":{"@type":"EntryPoint","urlTemplate":"https:\/\/masterchem.fi\/sv\/?s={search_term_string}"},"query-input":{"@type":"PropertyValueSpecification","valueRequired":true,"valueName":"search_term_string"}}],"inLanguage":"sv-SE"}]}},"_links":{"self":[{"href":"https:\/\/masterchem.fi\/sv\/wp-json\/wp\/v2\/product\/9451","targetHints":{"allow":["GET"]}}],"collection":[{"href":"https:\/\/masterchem.fi\/sv\/wp-json\/wp\/v2\/product"}],"about":[{"href":"https:\/\/masterchem.fi\/sv\/wp-json\/wp\/v2\/types\/product"}],"wp:featuredmedia":[{"embeddable":true,"href":"https:\/\/masterchem.fi\/sv\/wp-json\/wp\/v2\/media\/9455"}],"wp:attachment":[{"href":"https:\/\/masterchem.fi\/sv\/wp-json\/wp\/v2\/media?parent=9451"}],"wp:term":[{"taxonomy":"product_brand","embeddable":true,"href":"https:\/\/masterchem.fi\/sv\/wp-json\/wp\/v2\/product_brand?post=9451"},{"taxonomy":"product_cat","embeddable":true,"href":"https:\/\/masterchem.fi\/sv\/wp-json\/wp\/v2\/product_cat?post=9451"},{"taxonomy":"product_tag","embeddable":true,"href":"https:\/\/masterchem.fi\/sv\/wp-json\/wp\/v2\/product_tag?post=9451"}],"curies":[{"name":"wp","href":"https:\/\/api.w.org\/{rel}","templated":true}]}}