{"id":9461,"date":"2022-05-17T20:51:08","date_gmt":"2022-05-17T17:51:08","guid":{"rendered":"https:\/\/masterchem.fi\/?post_type=product&#038;p=9461"},"modified":"2022-05-17T20:55:07","modified_gmt":"2022-05-17T17:55:07","slug":"bariumhydroxid-cas-12230-71-6","status":"publish","type":"product","link":"https:\/\/masterchem.fi\/sv\/produkt\/bariumhydroxid-cas-12230-71-6\/","title":{"rendered":"Bariumhydroxid (CAS 12230-71-6)"},"content":{"rendered":"<p> <strong> Information <\/strong> <\/p>\n<p> Branscher: lim, oljor, fetter, hartser, plaster, polyuretaner <br \/>\nCAS-nummer: 12230-71-6 <br \/>\nWE-nummer: 241-234-5 <br \/>\nKemisk formel: Ba (OH) 2 \u2022 8H2O <br \/>\nMolvikt: 315,48 g\/mol <br \/>\nTulltaxekod: 28164000 <br \/>\nADR: UN3262 <\/p>\n<p> <strong> Andra fysiska egenskaper <\/strong> <\/p>\n<p> pH: 13 <br \/>\nKokpunkt \/ kokomr\u00e5de: 392 \u00b0 C <br \/>\nRelativ densitet: 3,74 g\/cm3 (19 \u00b0C) <br \/>\nVattenl\u00f6slighet: 20-30 g\/l <\/p>\n","protected":false},"excerpt":{"rendered":"<p> <strong> Bariumhydroxid (CAS 12230-71-6) <\/strong> <\/p>\n<p>Bariumhydroxid (Ba (OH) 2) \u00e4r en starkt basisk jonf\u00f6rening som bildas av barium- och hydroxidjoner. Som en kommersiell produkt visas den vanligtvis som ett vitt monohydrat.<\/p>\n<p> Bariumhydroxid anv\u00e4nds i analytisk kemi f\u00f6r att titrera svaga syror, s\u00e4rskilt organiska syror. Dess klara vattenl\u00f6sning kan inte inneh\u00e5lla karbonat, till skillnad fr\u00e5n natrium- eller kaliumhydroxid eftersom bariumkarbonat \u00e4r ol\u00f6sligt i vatten. D\u00e4rf\u00f6r kan indikatorer som fenolftalein eller tymolftalein, som \u00e4ndrar f\u00e4rg i en alkalisk l\u00f6sning, anv\u00e4ndas utan titreringsfel p\u00e5 grund av karbonatjoner i l\u00f6sningen, som \u00e4r mycket mindre basiska. <\/p>\n","protected":false},"featured_media":9465,"template":"","meta":[],"product_brand":[],"product_cat":[109,116],"product_tag":[],"class_list":{"0":"post-9461","1":"product","2":"type-product","3":"status-publish","4":"has-post-thumbnail","6":"product_cat-plast","7":"product_cat-alla-produkter","9":"first","10":"outofstock","11":"taxable","12":"shipping-taxable","13":"purchasable","14":"product-type-variable","15":"has-default-attributes","16":"rtwpvg-product"},"yoast_head":"<!-- This site is optimized with the Yoast SEO plugin v27.2 - https:\/\/yoast.com\/product\/yoast-seo-wordpress\/ -->\n<title>Bariumhydroxid (CAS 12230-71-6) - MasterChem | kemikaalien tuotanto ja myynti<\/title>\n<meta name=\"description\" content=\"Bariumhydroxid (Ba (OH) 2) \u00e4r en starkt basisk jonf\u00f6rening som bildas av barium- och hydroxidjoner.\" \/>\n<meta name=\"robots\" content=\"index, follow, max-snippet:-1, max-image-preview:large, max-video-preview:-1\" \/>\n<link rel=\"canonical\" href=\"https:\/\/masterchem.fi\/sv\/produkt\/bariumhydroxid-cas-12230-71-6\/\" \/>\n<meta property=\"og:locale\" content=\"sv_SE\" \/>\n<meta property=\"og:type\" content=\"article\" \/>\n<meta property=\"og:title\" content=\"Bariumhydroxid (CAS 12230-71-6) - MasterChem | kemikaalien tuotanto ja myynti\" \/>\n<meta property=\"og:description\" content=\"Bariumhydroxid (Ba (OH) 2) \u00e4r en starkt basisk jonf\u00f6rening som bildas av barium- och hydroxidjoner.\" \/>\n<meta property=\"og:url\" content=\"https:\/\/masterchem.fi\/sv\/produkt\/bariumhydroxid-cas-12230-71-6\/\" \/>\n<meta property=\"og:site_name\" content=\"MasterChem | kemikaalien tuotanto ja myynti\" \/>\n<meta property=\"article:modified_time\" content=\"2022-05-17T17:55:07+00:00\" \/>\n<meta property=\"og:image\" content=\"https:\/\/masterchem.fi\/wp-content\/uploads\/2022\/05\/Baariumhudroksiid-CAS-12230-71-6-25kg-MasterChem.jpg\" \/>\n\t<meta property=\"og:image:width\" content=\"1000\" \/>\n\t<meta property=\"og:image:height\" content=\"1000\" \/>\n\t<meta property=\"og:image:type\" content=\"image\/jpeg\" \/>\n<meta name=\"twitter:card\" content=\"summary_large_image\" \/>\n<script type=\"application\/ld+json\" class=\"yoast-schema-graph\">{\"@context\":\"https:\/\/schema.org\",\"@graph\":[{\"@type\":\"WebPage\",\"@id\":\"https:\/\/masterchem.fi\/sv\/produkt\/bariumhydroxid-cas-12230-71-6\/\",\"url\":\"https:\/\/masterchem.fi\/sv\/produkt\/bariumhydroxid-cas-12230-71-6\/\",\"name\":\"Bariumhydroxid (CAS 12230-71-6) - MasterChem | kemikaalien tuotanto ja myynti\",\"isPartOf\":{\"@id\":\"https:\/\/masterchem.fi\/sv\/#website\"},\"primaryImageOfPage\":{\"@id\":\"https:\/\/masterchem.fi\/sv\/produkt\/bariumhydroxid-cas-12230-71-6\/#primaryimage\"},\"image\":{\"@id\":\"https:\/\/masterchem.fi\/sv\/produkt\/bariumhydroxid-cas-12230-71-6\/#primaryimage\"},\"thumbnailUrl\":\"https:\/\/masterchem.fi\/wp-content\/uploads\/2022\/05\/Baariumhudroksiid-CAS-12230-71-6-25kg-MasterChem.jpg\",\"datePublished\":\"2022-05-17T17:51:08+00:00\",\"dateModified\":\"2022-05-17T17:55:07+00:00\",\"description\":\"Bariumhydroxid (Ba (OH) 2) \u00e4r en starkt basisk jonf\u00f6rening som bildas av barium- och hydroxidjoner.\",\"breadcrumb\":{\"@id\":\"https:\/\/masterchem.fi\/sv\/produkt\/bariumhydroxid-cas-12230-71-6\/#breadcrumb\"},\"inLanguage\":\"sv-SE\",\"potentialAction\":[{\"@type\":\"ReadAction\",\"target\":[\"https:\/\/masterchem.fi\/sv\/produkt\/bariumhydroxid-cas-12230-71-6\/\"]}]},{\"@type\":\"ImageObject\",\"inLanguage\":\"sv-SE\",\"@id\":\"https:\/\/masterchem.fi\/sv\/produkt\/bariumhydroxid-cas-12230-71-6\/#primaryimage\",\"url\":\"https:\/\/masterchem.fi\/wp-content\/uploads\/2022\/05\/Baariumhudroksiid-CAS-12230-71-6-25kg-MasterChem.jpg\",\"contentUrl\":\"https:\/\/masterchem.fi\/wp-content\/uploads\/2022\/05\/Baariumhudroksiid-CAS-12230-71-6-25kg-MasterChem.jpg\",\"width\":1000,\"height\":1000,\"caption\":\"Bariumhydroxid (CAS 12230-71-6) 25kg MasterChem\"},{\"@type\":\"BreadcrumbList\",\"@id\":\"https:\/\/masterchem.fi\/sv\/produkt\/bariumhydroxid-cas-12230-71-6\/#breadcrumb\",\"itemListElement\":[{\"@type\":\"ListItem\",\"position\":1,\"name\":\"Home\",\"item\":\"https:\/\/masterchem.fi\/sv\/\"},{\"@type\":\"ListItem\",\"position\":2,\"name\":\"Butik\",\"item\":\"https:\/\/masterchem.fi\/sv\/butik\/\"},{\"@type\":\"ListItem\",\"position\":3,\"name\":\"Bariumhydroxid (CAS 12230-71-6)\"}]},{\"@type\":\"WebSite\",\"@id\":\"https:\/\/masterchem.fi\/sv\/#website\",\"url\":\"https:\/\/masterchem.fi\/sv\/\",\"name\":\"MasterChem | kemikaalien tuotanto ja myynti\",\"description\":\"kemikaalien tuotanto ja myynti\",\"potentialAction\":[{\"@type\":\"SearchAction\",\"target\":{\"@type\":\"EntryPoint\",\"urlTemplate\":\"https:\/\/masterchem.fi\/sv\/?s={search_term_string}\"},\"query-input\":{\"@type\":\"PropertyValueSpecification\",\"valueRequired\":true,\"valueName\":\"search_term_string\"}}],\"inLanguage\":\"sv-SE\"}]}<\/script>\n<!-- \/ Yoast SEO plugin. -->","yoast_head_json":{"title":"Bariumhydroxid (CAS 12230-71-6) - MasterChem | kemikaalien tuotanto ja myynti","description":"Bariumhydroxid (Ba (OH) 2) \u00e4r en starkt basisk jonf\u00f6rening som bildas av barium- och hydroxidjoner.","robots":{"index":"index","follow":"follow","max-snippet":"max-snippet:-1","max-image-preview":"max-image-preview:large","max-video-preview":"max-video-preview:-1"},"canonical":"https:\/\/masterchem.fi\/sv\/produkt\/bariumhydroxid-cas-12230-71-6\/","og_locale":"sv_SE","og_type":"article","og_title":"Bariumhydroxid (CAS 12230-71-6) - MasterChem | kemikaalien tuotanto ja myynti","og_description":"Bariumhydroxid (Ba (OH) 2) \u00e4r en starkt basisk jonf\u00f6rening som bildas av barium- och hydroxidjoner.","og_url":"https:\/\/masterchem.fi\/sv\/produkt\/bariumhydroxid-cas-12230-71-6\/","og_site_name":"MasterChem | kemikaalien tuotanto ja myynti","article_modified_time":"2022-05-17T17:55:07+00:00","og_image":[{"width":1000,"height":1000,"url":"https:\/\/masterchem.fi\/wp-content\/uploads\/2022\/05\/Baariumhudroksiid-CAS-12230-71-6-25kg-MasterChem.jpg","type":"image\/jpeg"}],"twitter_card":"summary_large_image","schema":{"@context":"https:\/\/schema.org","@graph":[{"@type":"WebPage","@id":"https:\/\/masterchem.fi\/sv\/produkt\/bariumhydroxid-cas-12230-71-6\/","url":"https:\/\/masterchem.fi\/sv\/produkt\/bariumhydroxid-cas-12230-71-6\/","name":"Bariumhydroxid (CAS 12230-71-6) - MasterChem | kemikaalien tuotanto ja myynti","isPartOf":{"@id":"https:\/\/masterchem.fi\/sv\/#website"},"primaryImageOfPage":{"@id":"https:\/\/masterchem.fi\/sv\/produkt\/bariumhydroxid-cas-12230-71-6\/#primaryimage"},"image":{"@id":"https:\/\/masterchem.fi\/sv\/produkt\/bariumhydroxid-cas-12230-71-6\/#primaryimage"},"thumbnailUrl":"https:\/\/masterchem.fi\/wp-content\/uploads\/2022\/05\/Baariumhudroksiid-CAS-12230-71-6-25kg-MasterChem.jpg","datePublished":"2022-05-17T17:51:08+00:00","dateModified":"2022-05-17T17:55:07+00:00","description":"Bariumhydroxid (Ba (OH) 2) \u00e4r en starkt basisk jonf\u00f6rening som bildas av barium- och hydroxidjoner.","breadcrumb":{"@id":"https:\/\/masterchem.fi\/sv\/produkt\/bariumhydroxid-cas-12230-71-6\/#breadcrumb"},"inLanguage":"sv-SE","potentialAction":[{"@type":"ReadAction","target":["https:\/\/masterchem.fi\/sv\/produkt\/bariumhydroxid-cas-12230-71-6\/"]}]},{"@type":"ImageObject","inLanguage":"sv-SE","@id":"https:\/\/masterchem.fi\/sv\/produkt\/bariumhydroxid-cas-12230-71-6\/#primaryimage","url":"https:\/\/masterchem.fi\/wp-content\/uploads\/2022\/05\/Baariumhudroksiid-CAS-12230-71-6-25kg-MasterChem.jpg","contentUrl":"https:\/\/masterchem.fi\/wp-content\/uploads\/2022\/05\/Baariumhudroksiid-CAS-12230-71-6-25kg-MasterChem.jpg","width":1000,"height":1000,"caption":"Bariumhydroxid (CAS 12230-71-6) 25kg MasterChem"},{"@type":"BreadcrumbList","@id":"https:\/\/masterchem.fi\/sv\/produkt\/bariumhydroxid-cas-12230-71-6\/#breadcrumb","itemListElement":[{"@type":"ListItem","position":1,"name":"Home","item":"https:\/\/masterchem.fi\/sv\/"},{"@type":"ListItem","position":2,"name":"Butik","item":"https:\/\/masterchem.fi\/sv\/butik\/"},{"@type":"ListItem","position":3,"name":"Bariumhydroxid (CAS 12230-71-6)"}]},{"@type":"WebSite","@id":"https:\/\/masterchem.fi\/sv\/#website","url":"https:\/\/masterchem.fi\/sv\/","name":"MasterChem | kemikaalien tuotanto ja myynti","description":"kemikaalien tuotanto ja myynti","potentialAction":[{"@type":"SearchAction","target":{"@type":"EntryPoint","urlTemplate":"https:\/\/masterchem.fi\/sv\/?s={search_term_string}"},"query-input":{"@type":"PropertyValueSpecification","valueRequired":true,"valueName":"search_term_string"}}],"inLanguage":"sv-SE"}]}},"_links":{"self":[{"href":"https:\/\/masterchem.fi\/sv\/wp-json\/wp\/v2\/product\/9461","targetHints":{"allow":["GET"]}}],"collection":[{"href":"https:\/\/masterchem.fi\/sv\/wp-json\/wp\/v2\/product"}],"about":[{"href":"https:\/\/masterchem.fi\/sv\/wp-json\/wp\/v2\/types\/product"}],"wp:featuredmedia":[{"embeddable":true,"href":"https:\/\/masterchem.fi\/sv\/wp-json\/wp\/v2\/media\/9465"}],"wp:attachment":[{"href":"https:\/\/masterchem.fi\/sv\/wp-json\/wp\/v2\/media?parent=9461"}],"wp:term":[{"taxonomy":"product_brand","embeddable":true,"href":"https:\/\/masterchem.fi\/sv\/wp-json\/wp\/v2\/product_brand?post=9461"},{"taxonomy":"product_cat","embeddable":true,"href":"https:\/\/masterchem.fi\/sv\/wp-json\/wp\/v2\/product_cat?post=9461"},{"taxonomy":"product_tag","embeddable":true,"href":"https:\/\/masterchem.fi\/sv\/wp-json\/wp\/v2\/product_tag?post=9461"}],"curies":[{"name":"wp","href":"https:\/\/api.w.org\/{rel}","templated":true}]}}