{"id":9471,"date":"2022-05-18T19:43:14","date_gmt":"2022-05-18T16:43:15","guid":{"rendered":"https:\/\/masterchem.fi\/?post_type=product&#038;p=9471"},"modified":"2022-05-18T19:46:43","modified_gmt":"2022-05-18T16:46:43","slug":"2-akrylamido-2-metylpropansulfonsyra-cas-15214-89-8","status":"publish","type":"product","link":"https:\/\/masterchem.fi\/sv\/produkt\/2-akrylamido-2-metylpropansulfonsyra-cas-15214-89-8\/","title":{"rendered":"2-akrylamido-2-metylpropansulfonsyra (CAS 15214-89-8)"},"content":{"rendered":"<p> <strong> Information <\/strong> <\/p>\n<p> Branscher: f\u00e4rger och lacker, hartser, plaster, polyuretaner <br \/>\nCAS-nummer: 15214-89-8 <br \/>\nWE-nummer: 239-268-0 <br \/>\nKemisk formel: C7H13NO4S <br \/>\nMolekylvikt: 207,25 g\/mol <br \/>\nTulltaxa: 29241900 <\/p>\n<p> <strong> Andra fysiska egenskaper <\/strong> <\/p>\n<p> Sm\u00e4ltpunkt \/ fryspunkt: 185 \u00b0 C <br \/>\nRelativ densitet: 1100 kg \/ m3 (15 \u00b0 C) <\/p>\n","protected":false},"excerpt":{"rendered":"<p> <strong> 2-akrylamido-2-metylpropansulfonsyra (CAS 15214-89-8) <\/strong> <\/p>\n<p> 2-Akrylamido-2-metylpropansulfonsyra (AMPS) var ett varum\u00e4rke som tillh\u00f6r The Lubrizol Corporation. Det \u00e4r en reaktiv, hydrofil sulfonsyraakrylmonomer som anv\u00e4nds f\u00f6r att f\u00f6r\u00e4ndra de kemiska egenskaperna hos en m\u00e4ngd olika anjoniska polymerer. P\u00e5 1970-talet ans\u00f6ktes de tidigaste patenten som anv\u00e4nde denna monomer f\u00f6r tillverkning av akrylfibrer. Idag finns det flera tusen patent och publikationer om anv\u00e4ndningen av AMPS inom m\u00e5nga omr\u00e5den, s\u00e5som vattenrening, oljef\u00e4lt, byggkemikalier, hydrogeler f\u00f6r medicinska applikationer, personliga v\u00e5rdprodukter, emulsionsbel\u00e4ggningar, lim och reologimodifierare. <\/p>\n","protected":false},"featured_media":9475,"template":"","meta":[],"product_brand":[],"product_cat":[109,116],"product_tag":[],"class_list":{"0":"post-9471","1":"product","2":"type-product","3":"status-publish","4":"has-post-thumbnail","6":"product_cat-plast","7":"product_cat-alla-produkter","9":"first","10":"outofstock","11":"taxable","12":"shipping-taxable","13":"purchasable","14":"product-type-variable","15":"has-default-attributes","16":"rtwpvg-product"},"yoast_head":"<!-- This site is optimized with the Yoast SEO plugin v27.5 - https:\/\/yoast.com\/product\/yoast-seo-wordpress\/ -->\n<title>2-akrylamido-2-metylpropansulfonsyra (CAS 15214-89-8) - MasterChem | kemikaalien tuotanto ja myynti<\/title>\n<meta name=\"description\" content=\"2-Akrylamido-2-metylpropansulfonsyra (AMPS) var ett varum\u00e4rke som tillh\u00f6r The Lubrizol Corporation.\" \/>\n<meta name=\"robots\" content=\"index, follow, max-snippet:-1, max-image-preview:large, max-video-preview:-1\" \/>\n<link rel=\"canonical\" href=\"https:\/\/masterchem.fi\/sv\/produkt\/2-akrylamido-2-metylpropansulfonsyra-cas-15214-89-8\/\" \/>\n<meta property=\"og:locale\" content=\"sv_SE\" \/>\n<meta property=\"og:type\" content=\"article\" \/>\n<meta property=\"og:title\" content=\"2-akrylamido-2-metylpropansulfonsyra (CAS 15214-89-8) - MasterChem | kemikaalien tuotanto ja myynti\" \/>\n<meta property=\"og:description\" content=\"2-Akrylamido-2-metylpropansulfonsyra (AMPS) var ett varum\u00e4rke som tillh\u00f6r The Lubrizol Corporation.\" \/>\n<meta property=\"og:url\" content=\"https:\/\/masterchem.fi\/sv\/produkt\/2-akrylamido-2-metylpropansulfonsyra-cas-15214-89-8\/\" \/>\n<meta property=\"og:site_name\" content=\"MasterChem | kemikaalien tuotanto ja myynti\" \/>\n<meta property=\"article:modified_time\" content=\"2022-05-18T16:46:43+00:00\" \/>\n<meta property=\"og:image\" content=\"https:\/\/masterchem.fi\/wp-content\/uploads\/2022\/05\/2-akryyliamido-2-metyylipropaanisulfonihappo-CAS-15214-89-8-25kg-MasterChem.jpg\" \/>\n\t<meta property=\"og:image:width\" content=\"1000\" \/>\n\t<meta property=\"og:image:height\" content=\"1000\" \/>\n\t<meta property=\"og:image:type\" content=\"image\/jpeg\" \/>\n<meta name=\"twitter:card\" content=\"summary_large_image\" \/>\n<script type=\"application\/ld+json\" class=\"yoast-schema-graph\">{\"@context\":\"https:\\\/\\\/schema.org\",\"@graph\":[{\"@type\":\"WebPage\",\"@id\":\"https:\\\/\\\/masterchem.fi\\\/sv\\\/produkt\\\/2-akrylamido-2-metylpropansulfonsyra-cas-15214-89-8\\\/\",\"url\":\"https:\\\/\\\/masterchem.fi\\\/sv\\\/produkt\\\/2-akrylamido-2-metylpropansulfonsyra-cas-15214-89-8\\\/\",\"name\":\"2-akrylamido-2-metylpropansulfonsyra (CAS 15214-89-8) - MasterChem | kemikaalien tuotanto ja myynti\",\"isPartOf\":{\"@id\":\"https:\\\/\\\/masterchem.fi\\\/sv\\\/#website\"},\"primaryImageOfPage\":{\"@id\":\"https:\\\/\\\/masterchem.fi\\\/sv\\\/produkt\\\/2-akrylamido-2-metylpropansulfonsyra-cas-15214-89-8\\\/#primaryimage\"},\"image\":{\"@id\":\"https:\\\/\\\/masterchem.fi\\\/sv\\\/produkt\\\/2-akrylamido-2-metylpropansulfonsyra-cas-15214-89-8\\\/#primaryimage\"},\"thumbnailUrl\":\"https:\\\/\\\/masterchem.fi\\\/wp-content\\\/uploads\\\/2022\\\/05\\\/2-akryyliamido-2-metyylipropaanisulfonihappo-CAS-15214-89-8-25kg-MasterChem.jpg\",\"datePublished\":\"2022-05-18T16:43:15+00:00\",\"dateModified\":\"2022-05-18T16:46:43+00:00\",\"description\":\"2-Akrylamido-2-metylpropansulfonsyra (AMPS) var ett varum\u00e4rke som tillh\u00f6r The Lubrizol Corporation.\",\"breadcrumb\":{\"@id\":\"https:\\\/\\\/masterchem.fi\\\/sv\\\/produkt\\\/2-akrylamido-2-metylpropansulfonsyra-cas-15214-89-8\\\/#breadcrumb\"},\"inLanguage\":\"sv-SE\",\"potentialAction\":[{\"@type\":\"ReadAction\",\"target\":[\"https:\\\/\\\/masterchem.fi\\\/sv\\\/produkt\\\/2-akrylamido-2-metylpropansulfonsyra-cas-15214-89-8\\\/\"]}]},{\"@type\":\"ImageObject\",\"inLanguage\":\"sv-SE\",\"@id\":\"https:\\\/\\\/masterchem.fi\\\/sv\\\/produkt\\\/2-akrylamido-2-metylpropansulfonsyra-cas-15214-89-8\\\/#primaryimage\",\"url\":\"https:\\\/\\\/masterchem.fi\\\/wp-content\\\/uploads\\\/2022\\\/05\\\/2-akryyliamido-2-metyylipropaanisulfonihappo-CAS-15214-89-8-25kg-MasterChem.jpg\",\"contentUrl\":\"https:\\\/\\\/masterchem.fi\\\/wp-content\\\/uploads\\\/2022\\\/05\\\/2-akryyliamido-2-metyylipropaanisulfonihappo-CAS-15214-89-8-25kg-MasterChem.jpg\",\"width\":1000,\"height\":1000,\"caption\":\"2-akrylamido-2-metylpropansulfonsyra (CAS 15214-89-8) 25kg MasterChem\"},{\"@type\":\"BreadcrumbList\",\"@id\":\"https:\\\/\\\/masterchem.fi\\\/sv\\\/produkt\\\/2-akrylamido-2-metylpropansulfonsyra-cas-15214-89-8\\\/#breadcrumb\",\"itemListElement\":[{\"@type\":\"ListItem\",\"position\":1,\"name\":\"Home\",\"item\":\"https:\\\/\\\/masterchem.fi\\\/sv\\\/\"},{\"@type\":\"ListItem\",\"position\":2,\"name\":\"Butik\",\"item\":\"https:\\\/\\\/masterchem.fi\\\/sv\\\/butik\\\/\"},{\"@type\":\"ListItem\",\"position\":3,\"name\":\"2-akrylamido-2-metylpropansulfonsyra (CAS 15214-89-8)\"}]},{\"@type\":\"WebSite\",\"@id\":\"https:\\\/\\\/masterchem.fi\\\/sv\\\/#website\",\"url\":\"https:\\\/\\\/masterchem.fi\\\/sv\\\/\",\"name\":\"MasterChem | kemikaalien tuotanto ja myynti\",\"description\":\"kemikaalien tuotanto ja myynti\",\"potentialAction\":[{\"@type\":\"SearchAction\",\"target\":{\"@type\":\"EntryPoint\",\"urlTemplate\":\"https:\\\/\\\/masterchem.fi\\\/sv\\\/?s={search_term_string}\"},\"query-input\":{\"@type\":\"PropertyValueSpecification\",\"valueRequired\":true,\"valueName\":\"search_term_string\"}}],\"inLanguage\":\"sv-SE\"}]}<\/script>\n<!-- \/ Yoast SEO plugin. -->","yoast_head_json":{"title":"2-akrylamido-2-metylpropansulfonsyra (CAS 15214-89-8) - MasterChem | kemikaalien tuotanto ja myynti","description":"2-Akrylamido-2-metylpropansulfonsyra (AMPS) var ett varum\u00e4rke som tillh\u00f6r The Lubrizol Corporation.","robots":{"index":"index","follow":"follow","max-snippet":"max-snippet:-1","max-image-preview":"max-image-preview:large","max-video-preview":"max-video-preview:-1"},"canonical":"https:\/\/masterchem.fi\/sv\/produkt\/2-akrylamido-2-metylpropansulfonsyra-cas-15214-89-8\/","og_locale":"sv_SE","og_type":"article","og_title":"2-akrylamido-2-metylpropansulfonsyra (CAS 15214-89-8) - MasterChem | kemikaalien tuotanto ja myynti","og_description":"2-Akrylamido-2-metylpropansulfonsyra (AMPS) var ett varum\u00e4rke som tillh\u00f6r The Lubrizol Corporation.","og_url":"https:\/\/masterchem.fi\/sv\/produkt\/2-akrylamido-2-metylpropansulfonsyra-cas-15214-89-8\/","og_site_name":"MasterChem | kemikaalien tuotanto ja myynti","article_modified_time":"2022-05-18T16:46:43+00:00","og_image":[{"width":1000,"height":1000,"url":"https:\/\/masterchem.fi\/wp-content\/uploads\/2022\/05\/2-akryyliamido-2-metyylipropaanisulfonihappo-CAS-15214-89-8-25kg-MasterChem.jpg","type":"image\/jpeg"}],"twitter_card":"summary_large_image","schema":{"@context":"https:\/\/schema.org","@graph":[{"@type":"WebPage","@id":"https:\/\/masterchem.fi\/sv\/produkt\/2-akrylamido-2-metylpropansulfonsyra-cas-15214-89-8\/","url":"https:\/\/masterchem.fi\/sv\/produkt\/2-akrylamido-2-metylpropansulfonsyra-cas-15214-89-8\/","name":"2-akrylamido-2-metylpropansulfonsyra (CAS 15214-89-8) - MasterChem | kemikaalien tuotanto ja myynti","isPartOf":{"@id":"https:\/\/masterchem.fi\/sv\/#website"},"primaryImageOfPage":{"@id":"https:\/\/masterchem.fi\/sv\/produkt\/2-akrylamido-2-metylpropansulfonsyra-cas-15214-89-8\/#primaryimage"},"image":{"@id":"https:\/\/masterchem.fi\/sv\/produkt\/2-akrylamido-2-metylpropansulfonsyra-cas-15214-89-8\/#primaryimage"},"thumbnailUrl":"https:\/\/masterchem.fi\/wp-content\/uploads\/2022\/05\/2-akryyliamido-2-metyylipropaanisulfonihappo-CAS-15214-89-8-25kg-MasterChem.jpg","datePublished":"2022-05-18T16:43:15+00:00","dateModified":"2022-05-18T16:46:43+00:00","description":"2-Akrylamido-2-metylpropansulfonsyra (AMPS) var ett varum\u00e4rke som tillh\u00f6r The Lubrizol Corporation.","breadcrumb":{"@id":"https:\/\/masterchem.fi\/sv\/produkt\/2-akrylamido-2-metylpropansulfonsyra-cas-15214-89-8\/#breadcrumb"},"inLanguage":"sv-SE","potentialAction":[{"@type":"ReadAction","target":["https:\/\/masterchem.fi\/sv\/produkt\/2-akrylamido-2-metylpropansulfonsyra-cas-15214-89-8\/"]}]},{"@type":"ImageObject","inLanguage":"sv-SE","@id":"https:\/\/masterchem.fi\/sv\/produkt\/2-akrylamido-2-metylpropansulfonsyra-cas-15214-89-8\/#primaryimage","url":"https:\/\/masterchem.fi\/wp-content\/uploads\/2022\/05\/2-akryyliamido-2-metyylipropaanisulfonihappo-CAS-15214-89-8-25kg-MasterChem.jpg","contentUrl":"https:\/\/masterchem.fi\/wp-content\/uploads\/2022\/05\/2-akryyliamido-2-metyylipropaanisulfonihappo-CAS-15214-89-8-25kg-MasterChem.jpg","width":1000,"height":1000,"caption":"2-akrylamido-2-metylpropansulfonsyra (CAS 15214-89-8) 25kg MasterChem"},{"@type":"BreadcrumbList","@id":"https:\/\/masterchem.fi\/sv\/produkt\/2-akrylamido-2-metylpropansulfonsyra-cas-15214-89-8\/#breadcrumb","itemListElement":[{"@type":"ListItem","position":1,"name":"Home","item":"https:\/\/masterchem.fi\/sv\/"},{"@type":"ListItem","position":2,"name":"Butik","item":"https:\/\/masterchem.fi\/sv\/butik\/"},{"@type":"ListItem","position":3,"name":"2-akrylamido-2-metylpropansulfonsyra (CAS 15214-89-8)"}]},{"@type":"WebSite","@id":"https:\/\/masterchem.fi\/sv\/#website","url":"https:\/\/masterchem.fi\/sv\/","name":"MasterChem | kemikaalien tuotanto ja myynti","description":"kemikaalien tuotanto ja myynti","potentialAction":[{"@type":"SearchAction","target":{"@type":"EntryPoint","urlTemplate":"https:\/\/masterchem.fi\/sv\/?s={search_term_string}"},"query-input":{"@type":"PropertyValueSpecification","valueRequired":true,"valueName":"search_term_string"}}],"inLanguage":"sv-SE"}]}},"_links":{"self":[{"href":"https:\/\/masterchem.fi\/sv\/wp-json\/wp\/v2\/product\/9471","targetHints":{"allow":["GET"]}}],"collection":[{"href":"https:\/\/masterchem.fi\/sv\/wp-json\/wp\/v2\/product"}],"about":[{"href":"https:\/\/masterchem.fi\/sv\/wp-json\/wp\/v2\/types\/product"}],"wp:featuredmedia":[{"embeddable":true,"href":"https:\/\/masterchem.fi\/sv\/wp-json\/wp\/v2\/media\/9475"}],"wp:attachment":[{"href":"https:\/\/masterchem.fi\/sv\/wp-json\/wp\/v2\/media?parent=9471"}],"wp:term":[{"taxonomy":"product_brand","embeddable":true,"href":"https:\/\/masterchem.fi\/sv\/wp-json\/wp\/v2\/product_brand?post=9471"},{"taxonomy":"product_cat","embeddable":true,"href":"https:\/\/masterchem.fi\/sv\/wp-json\/wp\/v2\/product_cat?post=9471"},{"taxonomy":"product_tag","embeddable":true,"href":"https:\/\/masterchem.fi\/sv\/wp-json\/wp\/v2\/product_tag?post=9471"}],"curies":[{"name":"wp","href":"https:\/\/api.w.org\/{rel}","templated":true}]}}