{"id":9491,"date":"2022-05-18T19:52:16","date_gmt":"2022-05-18T16:52:17","guid":{"rendered":"https:\/\/masterchem.fi\/?post_type=product&#038;p=9491"},"modified":"2022-05-18T19:55:56","modified_gmt":"2022-05-18T16:55:56","slug":"nitroetan-cas-79-24-3","status":"publish","type":"product","link":"https:\/\/masterchem.fi\/sv\/produkt\/nitroetan-cas-79-24-3\/","title":{"rendered":"Nitroetan (CAS 79-24-3)"},"content":{"rendered":"<p> <strong> Information <\/strong> <\/p>\n<p> Branscher: F\u00e4rger och lacker <br \/>\nCAS-nummer: 79-24-3 <br \/>\nWE-nummer: 201-188-9 <br \/>\nIndexnummer: 609-035-00-1 <br \/>\nKemisk formel: C2H5NO2 <br \/>\nMolekylvikt: 75,08 g\/mol <br \/>\nTaxa: 29042000 <br \/>\nADR: UN2842 <\/p>\n<p> <strong> Andra fysiska egenskaper <\/strong> <\/p>\n<p> pH: 6 (0,01) <br \/>\nSm\u00e4ltpunkt \/ fryspunkt: -89 \u00b0 C <br \/>\nKokpunkt \/ kokomr\u00e5de: 114 \u00b0 C <br \/>\nRelativ densitet: 1045 g\/cm3 <br \/>\nL\u00f6slighet i vatten: 4,5 % (20 \u00b0C) <\/p>\n","protected":false},"excerpt":{"rendered":"<p> <strong> Nitroetan (CAS 79-24-3) <\/strong> <\/p>\n<p>Nitroetan (C2H5NO2) \u00e4r en organisk f\u00f6rening som tillh\u00f6r nitroalkaner. F\u00f6reningen kan bland annat anv\u00e4ndas som l\u00f6sningsmedel, som utg\u00e5ngsmaterial och som br\u00e4nsle i syntesen av organisk kemi.<\/p>\n<p> Nitroetan \u00e4r en f\u00e4rgl\u00f6s v\u00e4tska vid rumstemperatur och har en behaglig fruktig lukt. F\u00f6reningen \u00e4r m\u00e5ttligt l\u00f6slig i vatten och en m\u00e4ngd olika organiska l\u00f6sningsmedel som etanol, dietyleter, aceton och kloroform. Det bildar \u00e4ven azeotropa blandningar med olika organiska l\u00f6sningsmedel. B\u00e4ttre \u00e4n rent vatten \u00e4r nitroetan l\u00f6sligt i vattenl\u00f6sningar av baser p\u00e5 grund av bildandet av vattenl\u00f6sliga salter. Nitroetan \u00e4r giftigt och irriterar hud, \u00f6gon och luftv\u00e4gar. Nitroetan bildar syraexplosiva blandningar med syror och baser.<\/p>\n","protected":false},"featured_media":9495,"template":"","meta":[],"product_brand":[],"product_cat":[116],"product_tag":[],"class_list":{"0":"post-9491","1":"product","2":"type-product","3":"status-publish","4":"has-post-thumbnail","6":"product_cat-alla-produkter","8":"first","9":"outofstock","10":"taxable","11":"shipping-taxable","12":"purchasable","13":"product-type-variable","14":"has-default-attributes","15":"rtwpvg-product"},"yoast_head":"<!-- This site is optimized with the Yoast SEO plugin v27.5 - https:\/\/yoast.com\/product\/yoast-seo-wordpress\/ -->\n<title>Nitroetan (CAS 79-24-3) - MasterChem | kemikaalien tuotanto ja myynti<\/title>\n<meta name=\"description\" content=\"Nitroetan (C2H5NO2) \u00e4r en organisk f\u00f6rening som tillh\u00f6r nitroalkaner. F\u00f6reningen kan anv\u00e4ndas bland annat som l\u00f6sningsmedel, som utg\u00e5ngsmaterial och vid syntes av organisk kemi.\" \/>\n<meta name=\"robots\" content=\"index, follow, max-snippet:-1, max-image-preview:large, max-video-preview:-1\" \/>\n<link rel=\"canonical\" href=\"https:\/\/masterchem.fi\/sv\/produkt\/nitroetan-cas-79-24-3\/\" \/>\n<meta property=\"og:locale\" content=\"sv_SE\" \/>\n<meta property=\"og:type\" content=\"article\" \/>\n<meta property=\"og:title\" content=\"Nitroetan (CAS 79-24-3) - MasterChem | kemikaalien tuotanto ja myynti\" \/>\n<meta property=\"og:description\" content=\"Nitroetan (C2H5NO2) \u00e4r en organisk f\u00f6rening som tillh\u00f6r nitroalkaner. F\u00f6reningen kan anv\u00e4ndas bland annat som l\u00f6sningsmedel, som utg\u00e5ngsmaterial och vid syntes av organisk kemi.\" \/>\n<meta property=\"og:url\" content=\"https:\/\/masterchem.fi\/sv\/produkt\/nitroetan-cas-79-24-3\/\" \/>\n<meta property=\"og:site_name\" content=\"MasterChem | kemikaalien tuotanto ja myynti\" \/>\n<meta property=\"article:modified_time\" content=\"2022-05-18T16:55:56+00:00\" \/>\n<meta property=\"og:image\" content=\"https:\/\/masterchem.fi\/wp-content\/uploads\/2022\/05\/Nitroetaani-CAS-79-24-3-25kg-MasterChem.jpg\" \/>\n\t<meta property=\"og:image:width\" content=\"1000\" \/>\n\t<meta property=\"og:image:height\" content=\"1000\" \/>\n\t<meta property=\"og:image:type\" content=\"image\/jpeg\" \/>\n<meta name=\"twitter:card\" content=\"summary_large_image\" \/>\n<script type=\"application\/ld+json\" class=\"yoast-schema-graph\">{\"@context\":\"https:\\\/\\\/schema.org\",\"@graph\":[{\"@type\":\"WebPage\",\"@id\":\"https:\\\/\\\/masterchem.fi\\\/sv\\\/produkt\\\/nitroetan-cas-79-24-3\\\/\",\"url\":\"https:\\\/\\\/masterchem.fi\\\/sv\\\/produkt\\\/nitroetan-cas-79-24-3\\\/\",\"name\":\"Nitroetan (CAS 79-24-3) - MasterChem | kemikaalien tuotanto ja myynti\",\"isPartOf\":{\"@id\":\"https:\\\/\\\/masterchem.fi\\\/sv\\\/#website\"},\"primaryImageOfPage\":{\"@id\":\"https:\\\/\\\/masterchem.fi\\\/sv\\\/produkt\\\/nitroetan-cas-79-24-3\\\/#primaryimage\"},\"image\":{\"@id\":\"https:\\\/\\\/masterchem.fi\\\/sv\\\/produkt\\\/nitroetan-cas-79-24-3\\\/#primaryimage\"},\"thumbnailUrl\":\"https:\\\/\\\/masterchem.fi\\\/wp-content\\\/uploads\\\/2022\\\/05\\\/Nitroetaani-CAS-79-24-3-25kg-MasterChem.jpg\",\"datePublished\":\"2022-05-18T16:52:17+00:00\",\"dateModified\":\"2022-05-18T16:55:56+00:00\",\"description\":\"Nitroetan (C2H5NO2) \u00e4r en organisk f\u00f6rening som tillh\u00f6r nitroalkaner. F\u00f6reningen kan anv\u00e4ndas bland annat som l\u00f6sningsmedel, som utg\u00e5ngsmaterial och vid syntes av organisk kemi.\",\"breadcrumb\":{\"@id\":\"https:\\\/\\\/masterchem.fi\\\/sv\\\/produkt\\\/nitroetan-cas-79-24-3\\\/#breadcrumb\"},\"inLanguage\":\"sv-SE\",\"potentialAction\":[{\"@type\":\"ReadAction\",\"target\":[\"https:\\\/\\\/masterchem.fi\\\/sv\\\/produkt\\\/nitroetan-cas-79-24-3\\\/\"]}]},{\"@type\":\"ImageObject\",\"inLanguage\":\"sv-SE\",\"@id\":\"https:\\\/\\\/masterchem.fi\\\/sv\\\/produkt\\\/nitroetan-cas-79-24-3\\\/#primaryimage\",\"url\":\"https:\\\/\\\/masterchem.fi\\\/wp-content\\\/uploads\\\/2022\\\/05\\\/Nitroetaani-CAS-79-24-3-25kg-MasterChem.jpg\",\"contentUrl\":\"https:\\\/\\\/masterchem.fi\\\/wp-content\\\/uploads\\\/2022\\\/05\\\/Nitroetaani-CAS-79-24-3-25kg-MasterChem.jpg\",\"width\":1000,\"height\":1000,\"caption\":\"Nitroetan (CAS 79-24-3) 25kg-MasterChem\"},{\"@type\":\"BreadcrumbList\",\"@id\":\"https:\\\/\\\/masterchem.fi\\\/sv\\\/produkt\\\/nitroetan-cas-79-24-3\\\/#breadcrumb\",\"itemListElement\":[{\"@type\":\"ListItem\",\"position\":1,\"name\":\"Home\",\"item\":\"https:\\\/\\\/masterchem.fi\\\/sv\\\/\"},{\"@type\":\"ListItem\",\"position\":2,\"name\":\"Butik\",\"item\":\"https:\\\/\\\/masterchem.fi\\\/sv\\\/butik\\\/\"},{\"@type\":\"ListItem\",\"position\":3,\"name\":\"Nitroetan (CAS 79-24-3)\"}]},{\"@type\":\"WebSite\",\"@id\":\"https:\\\/\\\/masterchem.fi\\\/sv\\\/#website\",\"url\":\"https:\\\/\\\/masterchem.fi\\\/sv\\\/\",\"name\":\"MasterChem | kemikaalien tuotanto ja myynti\",\"description\":\"kemikaalien tuotanto ja myynti\",\"potentialAction\":[{\"@type\":\"SearchAction\",\"target\":{\"@type\":\"EntryPoint\",\"urlTemplate\":\"https:\\\/\\\/masterchem.fi\\\/sv\\\/?s={search_term_string}\"},\"query-input\":{\"@type\":\"PropertyValueSpecification\",\"valueRequired\":true,\"valueName\":\"search_term_string\"}}],\"inLanguage\":\"sv-SE\"}]}<\/script>\n<!-- \/ Yoast SEO plugin. -->","yoast_head_json":{"title":"Nitroetan (CAS 79-24-3) - MasterChem | kemikaalien tuotanto ja myynti","description":"Nitroetan (C2H5NO2) \u00e4r en organisk f\u00f6rening som tillh\u00f6r nitroalkaner. F\u00f6reningen kan anv\u00e4ndas bland annat som l\u00f6sningsmedel, som utg\u00e5ngsmaterial och vid syntes av organisk kemi.","robots":{"index":"index","follow":"follow","max-snippet":"max-snippet:-1","max-image-preview":"max-image-preview:large","max-video-preview":"max-video-preview:-1"},"canonical":"https:\/\/masterchem.fi\/sv\/produkt\/nitroetan-cas-79-24-3\/","og_locale":"sv_SE","og_type":"article","og_title":"Nitroetan (CAS 79-24-3) - MasterChem | kemikaalien tuotanto ja myynti","og_description":"Nitroetan (C2H5NO2) \u00e4r en organisk f\u00f6rening som tillh\u00f6r nitroalkaner. F\u00f6reningen kan anv\u00e4ndas bland annat som l\u00f6sningsmedel, som utg\u00e5ngsmaterial och vid syntes av organisk kemi.","og_url":"https:\/\/masterchem.fi\/sv\/produkt\/nitroetan-cas-79-24-3\/","og_site_name":"MasterChem | kemikaalien tuotanto ja myynti","article_modified_time":"2022-05-18T16:55:56+00:00","og_image":[{"width":1000,"height":1000,"url":"https:\/\/masterchem.fi\/wp-content\/uploads\/2022\/05\/Nitroetaani-CAS-79-24-3-25kg-MasterChem.jpg","type":"image\/jpeg"}],"twitter_card":"summary_large_image","schema":{"@context":"https:\/\/schema.org","@graph":[{"@type":"WebPage","@id":"https:\/\/masterchem.fi\/sv\/produkt\/nitroetan-cas-79-24-3\/","url":"https:\/\/masterchem.fi\/sv\/produkt\/nitroetan-cas-79-24-3\/","name":"Nitroetan (CAS 79-24-3) - MasterChem | kemikaalien tuotanto ja myynti","isPartOf":{"@id":"https:\/\/masterchem.fi\/sv\/#website"},"primaryImageOfPage":{"@id":"https:\/\/masterchem.fi\/sv\/produkt\/nitroetan-cas-79-24-3\/#primaryimage"},"image":{"@id":"https:\/\/masterchem.fi\/sv\/produkt\/nitroetan-cas-79-24-3\/#primaryimage"},"thumbnailUrl":"https:\/\/masterchem.fi\/wp-content\/uploads\/2022\/05\/Nitroetaani-CAS-79-24-3-25kg-MasterChem.jpg","datePublished":"2022-05-18T16:52:17+00:00","dateModified":"2022-05-18T16:55:56+00:00","description":"Nitroetan (C2H5NO2) \u00e4r en organisk f\u00f6rening som tillh\u00f6r nitroalkaner. F\u00f6reningen kan anv\u00e4ndas bland annat som l\u00f6sningsmedel, som utg\u00e5ngsmaterial och vid syntes av organisk kemi.","breadcrumb":{"@id":"https:\/\/masterchem.fi\/sv\/produkt\/nitroetan-cas-79-24-3\/#breadcrumb"},"inLanguage":"sv-SE","potentialAction":[{"@type":"ReadAction","target":["https:\/\/masterchem.fi\/sv\/produkt\/nitroetan-cas-79-24-3\/"]}]},{"@type":"ImageObject","inLanguage":"sv-SE","@id":"https:\/\/masterchem.fi\/sv\/produkt\/nitroetan-cas-79-24-3\/#primaryimage","url":"https:\/\/masterchem.fi\/wp-content\/uploads\/2022\/05\/Nitroetaani-CAS-79-24-3-25kg-MasterChem.jpg","contentUrl":"https:\/\/masterchem.fi\/wp-content\/uploads\/2022\/05\/Nitroetaani-CAS-79-24-3-25kg-MasterChem.jpg","width":1000,"height":1000,"caption":"Nitroetan (CAS 79-24-3) 25kg-MasterChem"},{"@type":"BreadcrumbList","@id":"https:\/\/masterchem.fi\/sv\/produkt\/nitroetan-cas-79-24-3\/#breadcrumb","itemListElement":[{"@type":"ListItem","position":1,"name":"Home","item":"https:\/\/masterchem.fi\/sv\/"},{"@type":"ListItem","position":2,"name":"Butik","item":"https:\/\/masterchem.fi\/sv\/butik\/"},{"@type":"ListItem","position":3,"name":"Nitroetan (CAS 79-24-3)"}]},{"@type":"WebSite","@id":"https:\/\/masterchem.fi\/sv\/#website","url":"https:\/\/masterchem.fi\/sv\/","name":"MasterChem | kemikaalien tuotanto ja myynti","description":"kemikaalien tuotanto ja myynti","potentialAction":[{"@type":"SearchAction","target":{"@type":"EntryPoint","urlTemplate":"https:\/\/masterchem.fi\/sv\/?s={search_term_string}"},"query-input":{"@type":"PropertyValueSpecification","valueRequired":true,"valueName":"search_term_string"}}],"inLanguage":"sv-SE"}]}},"_links":{"self":[{"href":"https:\/\/masterchem.fi\/sv\/wp-json\/wp\/v2\/product\/9491","targetHints":{"allow":["GET"]}}],"collection":[{"href":"https:\/\/masterchem.fi\/sv\/wp-json\/wp\/v2\/product"}],"about":[{"href":"https:\/\/masterchem.fi\/sv\/wp-json\/wp\/v2\/types\/product"}],"wp:featuredmedia":[{"embeddable":true,"href":"https:\/\/masterchem.fi\/sv\/wp-json\/wp\/v2\/media\/9495"}],"wp:attachment":[{"href":"https:\/\/masterchem.fi\/sv\/wp-json\/wp\/v2\/media?parent=9491"}],"wp:term":[{"taxonomy":"product_brand","embeddable":true,"href":"https:\/\/masterchem.fi\/sv\/wp-json\/wp\/v2\/product_brand?post=9491"},{"taxonomy":"product_cat","embeddable":true,"href":"https:\/\/masterchem.fi\/sv\/wp-json\/wp\/v2\/product_cat?post=9491"},{"taxonomy":"product_tag","embeddable":true,"href":"https:\/\/masterchem.fi\/sv\/wp-json\/wp\/v2\/product_tag?post=9491"}],"curies":[{"name":"wp","href":"https:\/\/api.w.org\/{rel}","templated":true}]}}