{"id":9502,"date":"2022-05-18T19:57:01","date_gmt":"2022-05-18T16:57:01","guid":{"rendered":"https:\/\/masterchem.fi\/?post_type=product&#038;p=9502"},"modified":"2022-05-18T20:00:22","modified_gmt":"2022-05-18T17:00:22","slug":"isobutylacetat-cas-110-19-0","status":"publish","type":"product","link":"https:\/\/masterchem.fi\/sv\/produkt\/isobutylacetat-cas-110-19-0\/","title":{"rendered":"Isobutylacetat (CAS 110-19-0)"},"content":{"rendered":"<p> <strong> Information <\/strong> <\/p>\n<p> Branscher: f\u00e4rger och lacker, kosmetika, lim, oljor, fetter <br \/>\nCAS-nummer: 110-19-0 <br \/>\nWE-nummer: 203-745-1 <br \/>\nIndexnummer: 607-026-00-7 <br \/>\nKemisk formel: C6H12O2 <br \/>\nMolekylvikt: 116,16 g\/mol <br \/>\nTulltaxa: 29153900 <br \/>\nADR: UN1113 <\/p>\n<p> <strong> Andra fysiska egenskaper <\/strong> <\/p>\n<p> pH: 6,7 (5 g\/l, 20 \u00b0C) <br \/>\nSm\u00e4ltpunkt \/ fryspunkt: <-90 \u00b0 C <br \/>\nKokpunkt \/ kokomr\u00e5de: 117 \u00b0 C <br \/>\nRelativ densitet: 0,871 g\/cm3 (20 \u00b0C) <br \/>\nL\u00f6slighet i vatten: 6,7 g \/ l (20 \u00b0 C) <\/p>\n","protected":false},"excerpt":{"rendered":"<p> <strong> Isobutylacetat (CAS 110-19-0) <\/strong> <\/p>\n<p>Den kemiska formeln f\u00f6r isobutylacetat \u00e4r C6H12O2 och strukturformeln \u00e4r CH3COOCH2CH (CH3) 2. Isobutylacetat kallas \u00e4ven 2-metylpropylacetat, 2-metyl-1-propylacetat eller beta-metylpropyletoat. <\/p>\n<p> Isobutylacetat \u00e4r normalt en f\u00e4rgl\u00f6s v\u00e4tska med en karakteristisk lukt. Den har en molekylvikt p\u00e5 116,16 g \/ mol, en sm\u00e4ltpunkt p\u00e5 -99 \u00b0 C, en kokpunkt p\u00e5 118 \u00b0 C, en relativ densitet p\u00e5 0,87 g \/ cm 3 (vatten = 1,0 g \/ cm 3), l\u00f6slig i vatten vid 20 \u00b0C, 67 g \/ 100 ml, flampunkt 18 \u00b0C c.c., sj\u00e4lvant\u00e4ndningstemperatur 421 \u00b0C och CAS-nummer 110-19-0. <\/p>\n","protected":false},"featured_media":9506,"template":"","meta":[],"product_brand":[],"product_cat":[116,177],"product_tag":[],"class_list":{"0":"post-9502","1":"product","2":"type-product","3":"status-publish","4":"has-post-thumbnail","6":"product_cat-alla-produkter","7":"product_cat-kosmetikindustrin","9":"first","10":"outofstock","11":"taxable","12":"shipping-taxable","13":"purchasable","14":"product-type-variable","15":"has-default-attributes","16":"rtwpvg-product"},"yoast_head":"<!-- This site is optimized with the Yoast SEO plugin v27.2 - https:\/\/yoast.com\/product\/yoast-seo-wordpress\/ -->\n<title>Isobutylacetat (CAS 110-19-0) - MasterChem | kemikaalien tuotanto ja myynti<\/title>\n<meta name=\"description\" content=\"Den kemiska formeln f\u00f6r isobutylacetat \u00e4r C6H12O2 och strukturformeln \u00e4r CH3COOCH2CH (CH3) 2.\" \/>\n<meta name=\"robots\" content=\"index, follow, max-snippet:-1, max-image-preview:large, max-video-preview:-1\" \/>\n<link rel=\"canonical\" href=\"https:\/\/masterchem.fi\/sv\/produkt\/isobutylacetat-cas-110-19-0\/\" \/>\n<meta property=\"og:locale\" content=\"sv_SE\" \/>\n<meta property=\"og:type\" content=\"article\" \/>\n<meta property=\"og:title\" content=\"Isobutylacetat (CAS 110-19-0) - MasterChem | kemikaalien tuotanto ja myynti\" \/>\n<meta property=\"og:description\" content=\"Den kemiska formeln f\u00f6r isobutylacetat \u00e4r C6H12O2 och strukturformeln \u00e4r CH3COOCH2CH (CH3) 2.\" \/>\n<meta property=\"og:url\" content=\"https:\/\/masterchem.fi\/sv\/produkt\/isobutylacetat-cas-110-19-0\/\" \/>\n<meta property=\"og:site_name\" content=\"MasterChem | kemikaalien tuotanto ja myynti\" \/>\n<meta property=\"article:modified_time\" content=\"2022-05-18T17:00:22+00:00\" \/>\n<meta property=\"og:image\" content=\"https:\/\/masterchem.fi\/wp-content\/uploads\/2022\/05\/Isobutyyliasetaatti-CAS-110-19-0-25kg-MasterChem.jpg\" \/>\n\t<meta property=\"og:image:width\" content=\"1000\" \/>\n\t<meta property=\"og:image:height\" content=\"1000\" \/>\n\t<meta property=\"og:image:type\" content=\"image\/jpeg\" \/>\n<meta name=\"twitter:card\" content=\"summary_large_image\" \/>\n<script type=\"application\/ld+json\" class=\"yoast-schema-graph\">{\"@context\":\"https:\/\/schema.org\",\"@graph\":[{\"@type\":\"WebPage\",\"@id\":\"https:\/\/masterchem.fi\/sv\/produkt\/isobutylacetat-cas-110-19-0\/\",\"url\":\"https:\/\/masterchem.fi\/sv\/produkt\/isobutylacetat-cas-110-19-0\/\",\"name\":\"Isobutylacetat (CAS 110-19-0) - MasterChem | kemikaalien tuotanto ja myynti\",\"isPartOf\":{\"@id\":\"https:\/\/masterchem.fi\/sv\/#website\"},\"primaryImageOfPage\":{\"@id\":\"https:\/\/masterchem.fi\/sv\/produkt\/isobutylacetat-cas-110-19-0\/#primaryimage\"},\"image\":{\"@id\":\"https:\/\/masterchem.fi\/sv\/produkt\/isobutylacetat-cas-110-19-0\/#primaryimage\"},\"thumbnailUrl\":\"https:\/\/masterchem.fi\/wp-content\/uploads\/2022\/05\/Isobutyyliasetaatti-CAS-110-19-0-25kg-MasterChem.jpg\",\"datePublished\":\"2022-05-18T16:57:01+00:00\",\"dateModified\":\"2022-05-18T17:00:22+00:00\",\"description\":\"Den kemiska formeln f\u00f6r isobutylacetat \u00e4r C6H12O2 och strukturformeln \u00e4r CH3COOCH2CH (CH3) 2.\",\"breadcrumb\":{\"@id\":\"https:\/\/masterchem.fi\/sv\/produkt\/isobutylacetat-cas-110-19-0\/#breadcrumb\"},\"inLanguage\":\"sv-SE\",\"potentialAction\":[{\"@type\":\"ReadAction\",\"target\":[\"https:\/\/masterchem.fi\/sv\/produkt\/isobutylacetat-cas-110-19-0\/\"]}]},{\"@type\":\"ImageObject\",\"inLanguage\":\"sv-SE\",\"@id\":\"https:\/\/masterchem.fi\/sv\/produkt\/isobutylacetat-cas-110-19-0\/#primaryimage\",\"url\":\"https:\/\/masterchem.fi\/wp-content\/uploads\/2022\/05\/Isobutyyliasetaatti-CAS-110-19-0-25kg-MasterChem.jpg\",\"contentUrl\":\"https:\/\/masterchem.fi\/wp-content\/uploads\/2022\/05\/Isobutyyliasetaatti-CAS-110-19-0-25kg-MasterChem.jpg\",\"width\":1000,\"height\":1000,\"caption\":\"Isobutylacetat (CAS 110-19-0) 25kg-MasterChem\"},{\"@type\":\"BreadcrumbList\",\"@id\":\"https:\/\/masterchem.fi\/sv\/produkt\/isobutylacetat-cas-110-19-0\/#breadcrumb\",\"itemListElement\":[{\"@type\":\"ListItem\",\"position\":1,\"name\":\"Home\",\"item\":\"https:\/\/masterchem.fi\/sv\/\"},{\"@type\":\"ListItem\",\"position\":2,\"name\":\"Butik\",\"item\":\"https:\/\/masterchem.fi\/sv\/butik\/\"},{\"@type\":\"ListItem\",\"position\":3,\"name\":\"Isobutylacetat (CAS 110-19-0)\"}]},{\"@type\":\"WebSite\",\"@id\":\"https:\/\/masterchem.fi\/sv\/#website\",\"url\":\"https:\/\/masterchem.fi\/sv\/\",\"name\":\"MasterChem | kemikaalien tuotanto ja myynti\",\"description\":\"kemikaalien tuotanto ja myynti\",\"potentialAction\":[{\"@type\":\"SearchAction\",\"target\":{\"@type\":\"EntryPoint\",\"urlTemplate\":\"https:\/\/masterchem.fi\/sv\/?s={search_term_string}\"},\"query-input\":{\"@type\":\"PropertyValueSpecification\",\"valueRequired\":true,\"valueName\":\"search_term_string\"}}],\"inLanguage\":\"sv-SE\"}]}<\/script>\n<!-- \/ Yoast SEO plugin. -->","yoast_head_json":{"title":"Isobutylacetat (CAS 110-19-0) - MasterChem | kemikaalien tuotanto ja myynti","description":"Den kemiska formeln f\u00f6r isobutylacetat \u00e4r C6H12O2 och strukturformeln \u00e4r CH3COOCH2CH (CH3) 2.","robots":{"index":"index","follow":"follow","max-snippet":"max-snippet:-1","max-image-preview":"max-image-preview:large","max-video-preview":"max-video-preview:-1"},"canonical":"https:\/\/masterchem.fi\/sv\/produkt\/isobutylacetat-cas-110-19-0\/","og_locale":"sv_SE","og_type":"article","og_title":"Isobutylacetat (CAS 110-19-0) - MasterChem | kemikaalien tuotanto ja myynti","og_description":"Den kemiska formeln f\u00f6r isobutylacetat \u00e4r C6H12O2 och strukturformeln \u00e4r CH3COOCH2CH (CH3) 2.","og_url":"https:\/\/masterchem.fi\/sv\/produkt\/isobutylacetat-cas-110-19-0\/","og_site_name":"MasterChem | kemikaalien tuotanto ja myynti","article_modified_time":"2022-05-18T17:00:22+00:00","og_image":[{"width":1000,"height":1000,"url":"https:\/\/masterchem.fi\/wp-content\/uploads\/2022\/05\/Isobutyyliasetaatti-CAS-110-19-0-25kg-MasterChem.jpg","type":"image\/jpeg"}],"twitter_card":"summary_large_image","schema":{"@context":"https:\/\/schema.org","@graph":[{"@type":"WebPage","@id":"https:\/\/masterchem.fi\/sv\/produkt\/isobutylacetat-cas-110-19-0\/","url":"https:\/\/masterchem.fi\/sv\/produkt\/isobutylacetat-cas-110-19-0\/","name":"Isobutylacetat (CAS 110-19-0) - MasterChem | kemikaalien tuotanto ja myynti","isPartOf":{"@id":"https:\/\/masterchem.fi\/sv\/#website"},"primaryImageOfPage":{"@id":"https:\/\/masterchem.fi\/sv\/produkt\/isobutylacetat-cas-110-19-0\/#primaryimage"},"image":{"@id":"https:\/\/masterchem.fi\/sv\/produkt\/isobutylacetat-cas-110-19-0\/#primaryimage"},"thumbnailUrl":"https:\/\/masterchem.fi\/wp-content\/uploads\/2022\/05\/Isobutyyliasetaatti-CAS-110-19-0-25kg-MasterChem.jpg","datePublished":"2022-05-18T16:57:01+00:00","dateModified":"2022-05-18T17:00:22+00:00","description":"Den kemiska formeln f\u00f6r isobutylacetat \u00e4r C6H12O2 och strukturformeln \u00e4r CH3COOCH2CH (CH3) 2.","breadcrumb":{"@id":"https:\/\/masterchem.fi\/sv\/produkt\/isobutylacetat-cas-110-19-0\/#breadcrumb"},"inLanguage":"sv-SE","potentialAction":[{"@type":"ReadAction","target":["https:\/\/masterchem.fi\/sv\/produkt\/isobutylacetat-cas-110-19-0\/"]}]},{"@type":"ImageObject","inLanguage":"sv-SE","@id":"https:\/\/masterchem.fi\/sv\/produkt\/isobutylacetat-cas-110-19-0\/#primaryimage","url":"https:\/\/masterchem.fi\/wp-content\/uploads\/2022\/05\/Isobutyyliasetaatti-CAS-110-19-0-25kg-MasterChem.jpg","contentUrl":"https:\/\/masterchem.fi\/wp-content\/uploads\/2022\/05\/Isobutyyliasetaatti-CAS-110-19-0-25kg-MasterChem.jpg","width":1000,"height":1000,"caption":"Isobutylacetat (CAS 110-19-0) 25kg-MasterChem"},{"@type":"BreadcrumbList","@id":"https:\/\/masterchem.fi\/sv\/produkt\/isobutylacetat-cas-110-19-0\/#breadcrumb","itemListElement":[{"@type":"ListItem","position":1,"name":"Home","item":"https:\/\/masterchem.fi\/sv\/"},{"@type":"ListItem","position":2,"name":"Butik","item":"https:\/\/masterchem.fi\/sv\/butik\/"},{"@type":"ListItem","position":3,"name":"Isobutylacetat (CAS 110-19-0)"}]},{"@type":"WebSite","@id":"https:\/\/masterchem.fi\/sv\/#website","url":"https:\/\/masterchem.fi\/sv\/","name":"MasterChem | kemikaalien tuotanto ja myynti","description":"kemikaalien tuotanto ja myynti","potentialAction":[{"@type":"SearchAction","target":{"@type":"EntryPoint","urlTemplate":"https:\/\/masterchem.fi\/sv\/?s={search_term_string}"},"query-input":{"@type":"PropertyValueSpecification","valueRequired":true,"valueName":"search_term_string"}}],"inLanguage":"sv-SE"}]}},"_links":{"self":[{"href":"https:\/\/masterchem.fi\/sv\/wp-json\/wp\/v2\/product\/9502","targetHints":{"allow":["GET"]}}],"collection":[{"href":"https:\/\/masterchem.fi\/sv\/wp-json\/wp\/v2\/product"}],"about":[{"href":"https:\/\/masterchem.fi\/sv\/wp-json\/wp\/v2\/types\/product"}],"wp:featuredmedia":[{"embeddable":true,"href":"https:\/\/masterchem.fi\/sv\/wp-json\/wp\/v2\/media\/9506"}],"wp:attachment":[{"href":"https:\/\/masterchem.fi\/sv\/wp-json\/wp\/v2\/media?parent=9502"}],"wp:term":[{"taxonomy":"product_brand","embeddable":true,"href":"https:\/\/masterchem.fi\/sv\/wp-json\/wp\/v2\/product_brand?post=9502"},{"taxonomy":"product_cat","embeddable":true,"href":"https:\/\/masterchem.fi\/sv\/wp-json\/wp\/v2\/product_cat?post=9502"},{"taxonomy":"product_tag","embeddable":true,"href":"https:\/\/masterchem.fi\/sv\/wp-json\/wp\/v2\/product_tag?post=9502"}],"curies":[{"name":"wp","href":"https:\/\/api.w.org\/{rel}","templated":true}]}}