{"id":9513,"date":"2022-05-18T20:00:59","date_gmt":"2022-05-18T17:01:00","guid":{"rendered":"https:\/\/masterchem.fi\/?post_type=product&#038;p=9513"},"modified":"2022-05-18T20:04:33","modified_gmt":"2022-05-18T17:04:33","slug":"resorcinol-cas-108-46-3","status":"publish","type":"product","link":"https:\/\/masterchem.fi\/sv\/produkt\/resorcinol-cas-108-46-3\/","title":{"rendered":"Resorcinol (CAS 108-46-3)"},"content":{"rendered":"<p> <strong> Information <\/strong> <\/p>\n<p> Branscher: f\u00e4rger och lacker, kosmetika, lim, oljor, fetter, hartser, plast, polyuretaner <br \/>\nCAS-nummer: 108-46-3 <br \/>\nWE-nummer: 203-585-2 <br \/>\nIndexnummer: 604-010-00-1 <br \/>\nKemisk formel: C6H4 (OH) 2 <br \/>\nMolvikt: 110,11 g\/mol <br \/>\nTulltaxekod: 29072100 <br \/>\nADR: UN2876 <\/p>\n<p> <strong> Andra fysiska egenskaper <\/strong> <\/p>\n<p> pH: 4,5 (10 %) <br \/>\nSm\u00e4ltpunkt\/fryspunkt: 110,0\u00baC <br \/>\nKokpunkt \/ kokpunkt: 277,5 \u00b0 C <br \/>\nRelativ densitet: 1278 g\/cm3 <\/p>\n","protected":false},"excerpt":{"rendered":"<p> <strong> Resorcinol (CAS 108-46-3) <\/strong> <\/p>\n<p>Resorcinol \u00e4r en organisk f\u00f6rening (fenylalkohol, diol) som bildas av bensenringen och de tv\u00e5 alkoholgrupperna (OH) f\u00e4sta till den. Resorcinol \u00e4r en fast, vit kristall vid rumstemperatur (20 \u00b0 C) som blir rosa vid exponering f\u00f6r luft eller ljus eller vid kontakt med j\u00e4rn. Den har den kemiska formeln C6H6O2 och strukturformeln C6H4 (OH) 2. Resorcinol h\u00e4nvisas \u00e4ven till som 1,3-bensendiol, m-bensendiol, 1,3-dihydroxibensen, m-dihydroxibensen, 3-hydroxifenol, m-hydroxifenol, m-hydrokinon, resorcinol och resorcinol. Resorcinol \u00e4r en isomer form av bensendiol med katekol (1,2-bensendiol) och hydrokinon (1,4-bensendiol). <\/p>\n<p>Resorcinol har en molekylvikt p\u00e5 110,11 g \/ mol, en sm\u00e4ltpunkt p\u00e5 110 \u00b0 C, en kokpunkt p\u00e5 280 \u00b0 C, en relativ densitet p\u00e5 1,28 g \/ cm 3 (vatten = 1,0 g \/ cm 3), en flampunkt p\u00e5 127 \u00b0 C (c.c.), Sj\u00e4lvant\u00e4ndningstemperatur 607 \u00b0 C och CAS-nummer 108-46-3. Resorcinol \u00e4r l\u00f6sligt i vatten vid 140 g \/ 100 ml. <\/p>\n<p> Resorcinol anv\u00e4nds med formaldehyd i hartser, garvning, gummikemikalier, kosmetika, lotioner, fotografi och f\u00e4rger. <\/p>\n","protected":false},"featured_media":9517,"template":"","meta":[],"product_brand":[],"product_cat":[109,116,177],"product_tag":[],"class_list":{"0":"post-9513","1":"product","2":"type-product","3":"status-publish","4":"has-post-thumbnail","6":"product_cat-plast","7":"product_cat-alla-produkter","8":"product_cat-kosmetikindustrin","10":"first","11":"outofstock","12":"taxable","13":"shipping-taxable","14":"purchasable","15":"product-type-variable","16":"has-default-attributes","17":"rtwpvg-product"},"yoast_head":"<!-- This site is optimized with the Yoast SEO plugin v27.5 - https:\/\/yoast.com\/product\/yoast-seo-wordpress\/ -->\n<title>Resorcinol (CAS 108-46-3) - MasterChem | kemikaalien tuotanto ja myynti<\/title>\n<meta name=\"description\" content=\"Resorcinol \u00e4r en organisk f\u00f6rening (fenylalkohol, diol) som bildas av bensenringen och de tv\u00e5 alkoholgrupperna (OH) f\u00e4sta till den.\" \/>\n<meta name=\"robots\" content=\"index, follow, max-snippet:-1, max-image-preview:large, max-video-preview:-1\" \/>\n<link rel=\"canonical\" href=\"https:\/\/masterchem.fi\/sv\/produkt\/resorcinol-cas-108-46-3\/\" \/>\n<meta property=\"og:locale\" content=\"sv_SE\" \/>\n<meta property=\"og:type\" content=\"article\" \/>\n<meta property=\"og:title\" content=\"Resorcinol (CAS 108-46-3) - MasterChem | kemikaalien tuotanto ja myynti\" \/>\n<meta property=\"og:description\" content=\"Resorcinol \u00e4r en organisk f\u00f6rening (fenylalkohol, diol) som bildas av bensenringen och de tv\u00e5 alkoholgrupperna (OH) f\u00e4sta till den.\" \/>\n<meta property=\"og:url\" content=\"https:\/\/masterchem.fi\/sv\/produkt\/resorcinol-cas-108-46-3\/\" \/>\n<meta property=\"og:site_name\" content=\"MasterChem | kemikaalien tuotanto ja myynti\" \/>\n<meta property=\"article:modified_time\" content=\"2022-05-18T17:04:33+00:00\" \/>\n<meta property=\"og:image\" content=\"https:\/\/masterchem.fi\/wp-content\/uploads\/2022\/05\/Resorsinoli-CAS-108-46-3-25kg-MasterChem.jpg\" \/>\n\t<meta property=\"og:image:width\" content=\"1000\" \/>\n\t<meta property=\"og:image:height\" content=\"1000\" \/>\n\t<meta property=\"og:image:type\" content=\"image\/jpeg\" \/>\n<meta name=\"twitter:card\" content=\"summary_large_image\" \/>\n<script type=\"application\/ld+json\" class=\"yoast-schema-graph\">{\"@context\":\"https:\\\/\\\/schema.org\",\"@graph\":[{\"@type\":\"WebPage\",\"@id\":\"https:\\\/\\\/masterchem.fi\\\/sv\\\/produkt\\\/resorcinol-cas-108-46-3\\\/\",\"url\":\"https:\\\/\\\/masterchem.fi\\\/sv\\\/produkt\\\/resorcinol-cas-108-46-3\\\/\",\"name\":\"Resorcinol (CAS 108-46-3) - MasterChem | kemikaalien tuotanto ja myynti\",\"isPartOf\":{\"@id\":\"https:\\\/\\\/masterchem.fi\\\/sv\\\/#website\"},\"primaryImageOfPage\":{\"@id\":\"https:\\\/\\\/masterchem.fi\\\/sv\\\/produkt\\\/resorcinol-cas-108-46-3\\\/#primaryimage\"},\"image\":{\"@id\":\"https:\\\/\\\/masterchem.fi\\\/sv\\\/produkt\\\/resorcinol-cas-108-46-3\\\/#primaryimage\"},\"thumbnailUrl\":\"https:\\\/\\\/masterchem.fi\\\/wp-content\\\/uploads\\\/2022\\\/05\\\/Resorsinoli-CAS-108-46-3-25kg-MasterChem.jpg\",\"datePublished\":\"2022-05-18T17:01:00+00:00\",\"dateModified\":\"2022-05-18T17:04:33+00:00\",\"description\":\"Resorcinol \u00e4r en organisk f\u00f6rening (fenylalkohol, diol) som bildas av bensenringen och de tv\u00e5 alkoholgrupperna (OH) f\u00e4sta till den.\",\"breadcrumb\":{\"@id\":\"https:\\\/\\\/masterchem.fi\\\/sv\\\/produkt\\\/resorcinol-cas-108-46-3\\\/#breadcrumb\"},\"inLanguage\":\"sv-SE\",\"potentialAction\":[{\"@type\":\"ReadAction\",\"target\":[\"https:\\\/\\\/masterchem.fi\\\/sv\\\/produkt\\\/resorcinol-cas-108-46-3\\\/\"]}]},{\"@type\":\"ImageObject\",\"inLanguage\":\"sv-SE\",\"@id\":\"https:\\\/\\\/masterchem.fi\\\/sv\\\/produkt\\\/resorcinol-cas-108-46-3\\\/#primaryimage\",\"url\":\"https:\\\/\\\/masterchem.fi\\\/wp-content\\\/uploads\\\/2022\\\/05\\\/Resorsinoli-CAS-108-46-3-25kg-MasterChem.jpg\",\"contentUrl\":\"https:\\\/\\\/masterchem.fi\\\/wp-content\\\/uploads\\\/2022\\\/05\\\/Resorsinoli-CAS-108-46-3-25kg-MasterChem.jpg\",\"width\":1000,\"height\":1000,\"caption\":\"Resorcinol (CAS 108-46-3) -25kg-MasterChem\"},{\"@type\":\"BreadcrumbList\",\"@id\":\"https:\\\/\\\/masterchem.fi\\\/sv\\\/produkt\\\/resorcinol-cas-108-46-3\\\/#breadcrumb\",\"itemListElement\":[{\"@type\":\"ListItem\",\"position\":1,\"name\":\"Home\",\"item\":\"https:\\\/\\\/masterchem.fi\\\/sv\\\/\"},{\"@type\":\"ListItem\",\"position\":2,\"name\":\"Butik\",\"item\":\"https:\\\/\\\/masterchem.fi\\\/sv\\\/butik\\\/\"},{\"@type\":\"ListItem\",\"position\":3,\"name\":\"Resorcinol (CAS 108-46-3)\"}]},{\"@type\":\"WebSite\",\"@id\":\"https:\\\/\\\/masterchem.fi\\\/sv\\\/#website\",\"url\":\"https:\\\/\\\/masterchem.fi\\\/sv\\\/\",\"name\":\"MasterChem | kemikaalien tuotanto ja myynti\",\"description\":\"kemikaalien tuotanto ja myynti\",\"potentialAction\":[{\"@type\":\"SearchAction\",\"target\":{\"@type\":\"EntryPoint\",\"urlTemplate\":\"https:\\\/\\\/masterchem.fi\\\/sv\\\/?s={search_term_string}\"},\"query-input\":{\"@type\":\"PropertyValueSpecification\",\"valueRequired\":true,\"valueName\":\"search_term_string\"}}],\"inLanguage\":\"sv-SE\"}]}<\/script>\n<!-- \/ Yoast SEO plugin. -->","yoast_head_json":{"title":"Resorcinol (CAS 108-46-3) - MasterChem | kemikaalien tuotanto ja myynti","description":"Resorcinol \u00e4r en organisk f\u00f6rening (fenylalkohol, diol) som bildas av bensenringen och de tv\u00e5 alkoholgrupperna (OH) f\u00e4sta till den.","robots":{"index":"index","follow":"follow","max-snippet":"max-snippet:-1","max-image-preview":"max-image-preview:large","max-video-preview":"max-video-preview:-1"},"canonical":"https:\/\/masterchem.fi\/sv\/produkt\/resorcinol-cas-108-46-3\/","og_locale":"sv_SE","og_type":"article","og_title":"Resorcinol (CAS 108-46-3) - MasterChem | kemikaalien tuotanto ja myynti","og_description":"Resorcinol \u00e4r en organisk f\u00f6rening (fenylalkohol, diol) som bildas av bensenringen och de tv\u00e5 alkoholgrupperna (OH) f\u00e4sta till den.","og_url":"https:\/\/masterchem.fi\/sv\/produkt\/resorcinol-cas-108-46-3\/","og_site_name":"MasterChem | kemikaalien tuotanto ja myynti","article_modified_time":"2022-05-18T17:04:33+00:00","og_image":[{"width":1000,"height":1000,"url":"https:\/\/masterchem.fi\/wp-content\/uploads\/2022\/05\/Resorsinoli-CAS-108-46-3-25kg-MasterChem.jpg","type":"image\/jpeg"}],"twitter_card":"summary_large_image","schema":{"@context":"https:\/\/schema.org","@graph":[{"@type":"WebPage","@id":"https:\/\/masterchem.fi\/sv\/produkt\/resorcinol-cas-108-46-3\/","url":"https:\/\/masterchem.fi\/sv\/produkt\/resorcinol-cas-108-46-3\/","name":"Resorcinol (CAS 108-46-3) - MasterChem | kemikaalien tuotanto ja myynti","isPartOf":{"@id":"https:\/\/masterchem.fi\/sv\/#website"},"primaryImageOfPage":{"@id":"https:\/\/masterchem.fi\/sv\/produkt\/resorcinol-cas-108-46-3\/#primaryimage"},"image":{"@id":"https:\/\/masterchem.fi\/sv\/produkt\/resorcinol-cas-108-46-3\/#primaryimage"},"thumbnailUrl":"https:\/\/masterchem.fi\/wp-content\/uploads\/2022\/05\/Resorsinoli-CAS-108-46-3-25kg-MasterChem.jpg","datePublished":"2022-05-18T17:01:00+00:00","dateModified":"2022-05-18T17:04:33+00:00","description":"Resorcinol \u00e4r en organisk f\u00f6rening (fenylalkohol, diol) som bildas av bensenringen och de tv\u00e5 alkoholgrupperna (OH) f\u00e4sta till den.","breadcrumb":{"@id":"https:\/\/masterchem.fi\/sv\/produkt\/resorcinol-cas-108-46-3\/#breadcrumb"},"inLanguage":"sv-SE","potentialAction":[{"@type":"ReadAction","target":["https:\/\/masterchem.fi\/sv\/produkt\/resorcinol-cas-108-46-3\/"]}]},{"@type":"ImageObject","inLanguage":"sv-SE","@id":"https:\/\/masterchem.fi\/sv\/produkt\/resorcinol-cas-108-46-3\/#primaryimage","url":"https:\/\/masterchem.fi\/wp-content\/uploads\/2022\/05\/Resorsinoli-CAS-108-46-3-25kg-MasterChem.jpg","contentUrl":"https:\/\/masterchem.fi\/wp-content\/uploads\/2022\/05\/Resorsinoli-CAS-108-46-3-25kg-MasterChem.jpg","width":1000,"height":1000,"caption":"Resorcinol (CAS 108-46-3) -25kg-MasterChem"},{"@type":"BreadcrumbList","@id":"https:\/\/masterchem.fi\/sv\/produkt\/resorcinol-cas-108-46-3\/#breadcrumb","itemListElement":[{"@type":"ListItem","position":1,"name":"Home","item":"https:\/\/masterchem.fi\/sv\/"},{"@type":"ListItem","position":2,"name":"Butik","item":"https:\/\/masterchem.fi\/sv\/butik\/"},{"@type":"ListItem","position":3,"name":"Resorcinol (CAS 108-46-3)"}]},{"@type":"WebSite","@id":"https:\/\/masterchem.fi\/sv\/#website","url":"https:\/\/masterchem.fi\/sv\/","name":"MasterChem | kemikaalien tuotanto ja myynti","description":"kemikaalien tuotanto ja myynti","potentialAction":[{"@type":"SearchAction","target":{"@type":"EntryPoint","urlTemplate":"https:\/\/masterchem.fi\/sv\/?s={search_term_string}"},"query-input":{"@type":"PropertyValueSpecification","valueRequired":true,"valueName":"search_term_string"}}],"inLanguage":"sv-SE"}]}},"_links":{"self":[{"href":"https:\/\/masterchem.fi\/sv\/wp-json\/wp\/v2\/product\/9513","targetHints":{"allow":["GET"]}}],"collection":[{"href":"https:\/\/masterchem.fi\/sv\/wp-json\/wp\/v2\/product"}],"about":[{"href":"https:\/\/masterchem.fi\/sv\/wp-json\/wp\/v2\/types\/product"}],"wp:featuredmedia":[{"embeddable":true,"href":"https:\/\/masterchem.fi\/sv\/wp-json\/wp\/v2\/media\/9517"}],"wp:attachment":[{"href":"https:\/\/masterchem.fi\/sv\/wp-json\/wp\/v2\/media?parent=9513"}],"wp:term":[{"taxonomy":"product_brand","embeddable":true,"href":"https:\/\/masterchem.fi\/sv\/wp-json\/wp\/v2\/product_brand?post=9513"},{"taxonomy":"product_cat","embeddable":true,"href":"https:\/\/masterchem.fi\/sv\/wp-json\/wp\/v2\/product_cat?post=9513"},{"taxonomy":"product_tag","embeddable":true,"href":"https:\/\/masterchem.fi\/sv\/wp-json\/wp\/v2\/product_tag?post=9513"}],"curies":[{"name":"wp","href":"https:\/\/api.w.org\/{rel}","templated":true}]}}