{"id":9523,"date":"2022-05-18T20:08:04","date_gmt":"2022-05-18T17:08:05","guid":{"rendered":"https:\/\/masterchem.fi\/?post_type=product&#038;p=9523"},"modified":"2022-05-18T20:11:32","modified_gmt":"2022-05-18T17:11:32","slug":"bariumsulfat-cas-7727-43-7","status":"publish","type":"product","link":"https:\/\/masterchem.fi\/sv\/produkt\/bariumsulfat-cas-7727-43-7\/","title":{"rendered":"Bariumsulfat (CAS 7727-43-7)"},"content":{"rendered":"<p> <strong> Information <\/strong> <\/p>\n<p> Branscher: F\u00e4rger och lacker, A-Z-katalog, l\u00e4kemedel, hartser, plaster, polyuretaner <br \/>\nCAS-nummer: 7727-43-7 <br \/>\nWE-nummer: 231-784-4 <br \/>\nKemisk formel: BaSO4 <br \/>\nMolekylvikt: 233 g\/mol <br \/>\nTaxa: 28332700 <\/p>\n<p> <strong> Andra fysiska egenskaper <\/strong> <\/p>\n<p> pH: 3,5 &#8211; 10,0 (100 g \/ l H2O, 20 \u00b0 C) <br \/>\nSm\u00e4ltpunkt \/ fryspunkt: 888 \u00b0 C <br \/>\nRelativ densitet: 4,5 g\/cm3 (20 \u00b0C) <br \/>\nL\u00f6slighet i vatten: <0,01 g\/l (20 \u00b0C) <\/p>\n","protected":false},"excerpt":{"rendered":"<p> <strong> Bariumsulfat (CAS 7727-43-7) <\/strong> <\/p>\n<p>Bariumsulfat \u00e4r en vit kristallin f\u00f6rening med formeln BaSO4. Det \u00e4r d\u00e5ligt l\u00f6sligt i vatten. Det anv\u00e4nds i pyroteknik och vita f\u00e4rger. F\u00f6reningen anv\u00e4nds ocks\u00e5 som ett intestinalt kontrastmedel p\u00e5 r\u00f6ntgenbilder p\u00e5 grund av dess densitet och ol\u00f6slighet. \u00c4ven om bariumf\u00f6reningar vanligtvis \u00e4r mycket giftiga, anses bariumsulfat inte vara giftigt. Detta beror p\u00e5 bariumsulfats mycket d\u00e5liga vattenl\u00f6slighet.<\/p>\n<p> Bariumsulfat framst\u00e4lls av andra bariumsalter, s\u00e5som bariumklorid, genom behandling med svavelsyra. <\/p>\n","protected":false},"featured_media":9527,"template":"","meta":[],"product_brand":[],"product_cat":[106,109,116],"product_tag":[],"class_list":{"0":"post-9523","1":"product","2":"type-product","3":"status-publish","4":"has-post-thumbnail","6":"product_cat-lakemedelsindustri","7":"product_cat-plast","8":"product_cat-alla-produkter","10":"first","11":"outofstock","12":"taxable","13":"shipping-taxable","14":"purchasable","15":"product-type-variable","16":"has-default-attributes","17":"rtwpvg-product"},"yoast_head":"<!-- This site is optimized with the Yoast SEO plugin v27.2 - https:\/\/yoast.com\/product\/yoast-seo-wordpress\/ -->\n<title>Bariumsulfat (CAS 7727-43-7) - MasterChem | kemikaalien tuotanto ja myynti<\/title>\n<meta name=\"description\" content=\"Bariumsulfat \u00e4r en vit kristallin f\u00f6rening med formeln BaSO4. Det \u00e4r d\u00e5ligt l\u00f6sligt i vatten.\" \/>\n<meta name=\"robots\" content=\"index, follow, max-snippet:-1, max-image-preview:large, max-video-preview:-1\" \/>\n<link rel=\"canonical\" href=\"https:\/\/masterchem.fi\/sv\/produkt\/bariumsulfat-cas-7727-43-7\/\" \/>\n<meta property=\"og:locale\" content=\"sv_SE\" \/>\n<meta property=\"og:type\" content=\"article\" \/>\n<meta property=\"og:title\" content=\"Bariumsulfat (CAS 7727-43-7) - MasterChem | kemikaalien tuotanto ja myynti\" \/>\n<meta property=\"og:description\" content=\"Bariumsulfat \u00e4r en vit kristallin f\u00f6rening med formeln BaSO4. Det \u00e4r d\u00e5ligt l\u00f6sligt i vatten.\" \/>\n<meta property=\"og:url\" content=\"https:\/\/masterchem.fi\/sv\/produkt\/bariumsulfat-cas-7727-43-7\/\" \/>\n<meta property=\"og:site_name\" content=\"MasterChem | kemikaalien tuotanto ja myynti\" \/>\n<meta property=\"article:modified_time\" content=\"2022-05-18T17:11:32+00:00\" \/>\n<meta property=\"og:image\" content=\"https:\/\/masterchem.fi\/wp-content\/uploads\/2022\/05\/Bariumsulfaatti-CAS-7727-43-7-25kg-MasterChem.jpg\" \/>\n\t<meta property=\"og:image:width\" content=\"1000\" \/>\n\t<meta property=\"og:image:height\" content=\"1000\" \/>\n\t<meta property=\"og:image:type\" content=\"image\/jpeg\" \/>\n<meta name=\"twitter:card\" content=\"summary_large_image\" \/>\n<script type=\"application\/ld+json\" class=\"yoast-schema-graph\">{\"@context\":\"https:\/\/schema.org\",\"@graph\":[{\"@type\":\"WebPage\",\"@id\":\"https:\/\/masterchem.fi\/sv\/produkt\/bariumsulfat-cas-7727-43-7\/\",\"url\":\"https:\/\/masterchem.fi\/sv\/produkt\/bariumsulfat-cas-7727-43-7\/\",\"name\":\"Bariumsulfat (CAS 7727-43-7) - MasterChem | kemikaalien tuotanto ja myynti\",\"isPartOf\":{\"@id\":\"https:\/\/masterchem.fi\/sv\/#website\"},\"primaryImageOfPage\":{\"@id\":\"https:\/\/masterchem.fi\/sv\/produkt\/bariumsulfat-cas-7727-43-7\/#primaryimage\"},\"image\":{\"@id\":\"https:\/\/masterchem.fi\/sv\/produkt\/bariumsulfat-cas-7727-43-7\/#primaryimage\"},\"thumbnailUrl\":\"https:\/\/masterchem.fi\/wp-content\/uploads\/2022\/05\/Bariumsulfaatti-CAS-7727-43-7-25kg-MasterChem.jpg\",\"datePublished\":\"2022-05-18T17:08:05+00:00\",\"dateModified\":\"2022-05-18T17:11:32+00:00\",\"description\":\"Bariumsulfat \u00e4r en vit kristallin f\u00f6rening med formeln BaSO4. Det \u00e4r d\u00e5ligt l\u00f6sligt i vatten.\",\"breadcrumb\":{\"@id\":\"https:\/\/masterchem.fi\/sv\/produkt\/bariumsulfat-cas-7727-43-7\/#breadcrumb\"},\"inLanguage\":\"sv-SE\",\"potentialAction\":[{\"@type\":\"ReadAction\",\"target\":[\"https:\/\/masterchem.fi\/sv\/produkt\/bariumsulfat-cas-7727-43-7\/\"]}]},{\"@type\":\"ImageObject\",\"inLanguage\":\"sv-SE\",\"@id\":\"https:\/\/masterchem.fi\/sv\/produkt\/bariumsulfat-cas-7727-43-7\/#primaryimage\",\"url\":\"https:\/\/masterchem.fi\/wp-content\/uploads\/2022\/05\/Bariumsulfaatti-CAS-7727-43-7-25kg-MasterChem.jpg\",\"contentUrl\":\"https:\/\/masterchem.fi\/wp-content\/uploads\/2022\/05\/Bariumsulfaatti-CAS-7727-43-7-25kg-MasterChem.jpg\",\"width\":1000,\"height\":1000,\"caption\":\"Bariumsulfat (CAS 7727-43-7) 25kg-MasterChem\"},{\"@type\":\"BreadcrumbList\",\"@id\":\"https:\/\/masterchem.fi\/sv\/produkt\/bariumsulfat-cas-7727-43-7\/#breadcrumb\",\"itemListElement\":[{\"@type\":\"ListItem\",\"position\":1,\"name\":\"Home\",\"item\":\"https:\/\/masterchem.fi\/sv\/\"},{\"@type\":\"ListItem\",\"position\":2,\"name\":\"Butik\",\"item\":\"https:\/\/masterchem.fi\/sv\/butik\/\"},{\"@type\":\"ListItem\",\"position\":3,\"name\":\"Bariumsulfat (CAS 7727-43-7)\"}]},{\"@type\":\"WebSite\",\"@id\":\"https:\/\/masterchem.fi\/sv\/#website\",\"url\":\"https:\/\/masterchem.fi\/sv\/\",\"name\":\"MasterChem | kemikaalien tuotanto ja myynti\",\"description\":\"kemikaalien tuotanto ja myynti\",\"potentialAction\":[{\"@type\":\"SearchAction\",\"target\":{\"@type\":\"EntryPoint\",\"urlTemplate\":\"https:\/\/masterchem.fi\/sv\/?s={search_term_string}\"},\"query-input\":{\"@type\":\"PropertyValueSpecification\",\"valueRequired\":true,\"valueName\":\"search_term_string\"}}],\"inLanguage\":\"sv-SE\"}]}<\/script>\n<!-- \/ Yoast SEO plugin. -->","yoast_head_json":{"title":"Bariumsulfat (CAS 7727-43-7) - MasterChem | kemikaalien tuotanto ja myynti","description":"Bariumsulfat \u00e4r en vit kristallin f\u00f6rening med formeln BaSO4. Det \u00e4r d\u00e5ligt l\u00f6sligt i vatten.","robots":{"index":"index","follow":"follow","max-snippet":"max-snippet:-1","max-image-preview":"max-image-preview:large","max-video-preview":"max-video-preview:-1"},"canonical":"https:\/\/masterchem.fi\/sv\/produkt\/bariumsulfat-cas-7727-43-7\/","og_locale":"sv_SE","og_type":"article","og_title":"Bariumsulfat (CAS 7727-43-7) - MasterChem | kemikaalien tuotanto ja myynti","og_description":"Bariumsulfat \u00e4r en vit kristallin f\u00f6rening med formeln BaSO4. Det \u00e4r d\u00e5ligt l\u00f6sligt i vatten.","og_url":"https:\/\/masterchem.fi\/sv\/produkt\/bariumsulfat-cas-7727-43-7\/","og_site_name":"MasterChem | kemikaalien tuotanto ja myynti","article_modified_time":"2022-05-18T17:11:32+00:00","og_image":[{"width":1000,"height":1000,"url":"https:\/\/masterchem.fi\/wp-content\/uploads\/2022\/05\/Bariumsulfaatti-CAS-7727-43-7-25kg-MasterChem.jpg","type":"image\/jpeg"}],"twitter_card":"summary_large_image","schema":{"@context":"https:\/\/schema.org","@graph":[{"@type":"WebPage","@id":"https:\/\/masterchem.fi\/sv\/produkt\/bariumsulfat-cas-7727-43-7\/","url":"https:\/\/masterchem.fi\/sv\/produkt\/bariumsulfat-cas-7727-43-7\/","name":"Bariumsulfat (CAS 7727-43-7) - MasterChem | kemikaalien tuotanto ja myynti","isPartOf":{"@id":"https:\/\/masterchem.fi\/sv\/#website"},"primaryImageOfPage":{"@id":"https:\/\/masterchem.fi\/sv\/produkt\/bariumsulfat-cas-7727-43-7\/#primaryimage"},"image":{"@id":"https:\/\/masterchem.fi\/sv\/produkt\/bariumsulfat-cas-7727-43-7\/#primaryimage"},"thumbnailUrl":"https:\/\/masterchem.fi\/wp-content\/uploads\/2022\/05\/Bariumsulfaatti-CAS-7727-43-7-25kg-MasterChem.jpg","datePublished":"2022-05-18T17:08:05+00:00","dateModified":"2022-05-18T17:11:32+00:00","description":"Bariumsulfat \u00e4r en vit kristallin f\u00f6rening med formeln BaSO4. Det \u00e4r d\u00e5ligt l\u00f6sligt i vatten.","breadcrumb":{"@id":"https:\/\/masterchem.fi\/sv\/produkt\/bariumsulfat-cas-7727-43-7\/#breadcrumb"},"inLanguage":"sv-SE","potentialAction":[{"@type":"ReadAction","target":["https:\/\/masterchem.fi\/sv\/produkt\/bariumsulfat-cas-7727-43-7\/"]}]},{"@type":"ImageObject","inLanguage":"sv-SE","@id":"https:\/\/masterchem.fi\/sv\/produkt\/bariumsulfat-cas-7727-43-7\/#primaryimage","url":"https:\/\/masterchem.fi\/wp-content\/uploads\/2022\/05\/Bariumsulfaatti-CAS-7727-43-7-25kg-MasterChem.jpg","contentUrl":"https:\/\/masterchem.fi\/wp-content\/uploads\/2022\/05\/Bariumsulfaatti-CAS-7727-43-7-25kg-MasterChem.jpg","width":1000,"height":1000,"caption":"Bariumsulfat (CAS 7727-43-7) 25kg-MasterChem"},{"@type":"BreadcrumbList","@id":"https:\/\/masterchem.fi\/sv\/produkt\/bariumsulfat-cas-7727-43-7\/#breadcrumb","itemListElement":[{"@type":"ListItem","position":1,"name":"Home","item":"https:\/\/masterchem.fi\/sv\/"},{"@type":"ListItem","position":2,"name":"Butik","item":"https:\/\/masterchem.fi\/sv\/butik\/"},{"@type":"ListItem","position":3,"name":"Bariumsulfat (CAS 7727-43-7)"}]},{"@type":"WebSite","@id":"https:\/\/masterchem.fi\/sv\/#website","url":"https:\/\/masterchem.fi\/sv\/","name":"MasterChem | kemikaalien tuotanto ja myynti","description":"kemikaalien tuotanto ja myynti","potentialAction":[{"@type":"SearchAction","target":{"@type":"EntryPoint","urlTemplate":"https:\/\/masterchem.fi\/sv\/?s={search_term_string}"},"query-input":{"@type":"PropertyValueSpecification","valueRequired":true,"valueName":"search_term_string"}}],"inLanguage":"sv-SE"}]}},"_links":{"self":[{"href":"https:\/\/masterchem.fi\/sv\/wp-json\/wp\/v2\/product\/9523","targetHints":{"allow":["GET"]}}],"collection":[{"href":"https:\/\/masterchem.fi\/sv\/wp-json\/wp\/v2\/product"}],"about":[{"href":"https:\/\/masterchem.fi\/sv\/wp-json\/wp\/v2\/types\/product"}],"wp:featuredmedia":[{"embeddable":true,"href":"https:\/\/masterchem.fi\/sv\/wp-json\/wp\/v2\/media\/9527"}],"wp:attachment":[{"href":"https:\/\/masterchem.fi\/sv\/wp-json\/wp\/v2\/media?parent=9523"}],"wp:term":[{"taxonomy":"product_brand","embeddable":true,"href":"https:\/\/masterchem.fi\/sv\/wp-json\/wp\/v2\/product_brand?post=9523"},{"taxonomy":"product_cat","embeddable":true,"href":"https:\/\/masterchem.fi\/sv\/wp-json\/wp\/v2\/product_cat?post=9523"},{"taxonomy":"product_tag","embeddable":true,"href":"https:\/\/masterchem.fi\/sv\/wp-json\/wp\/v2\/product_tag?post=9523"}],"curies":[{"name":"wp","href":"https:\/\/api.w.org\/{rel}","templated":true}]}}