{"id":9553,"date":"2022-05-18T20:45:42","date_gmt":"2022-05-18T17:45:43","guid":{"rendered":"https:\/\/masterchem.fi\/?post_type=product&#038;p=9553"},"modified":"2022-05-18T20:49:37","modified_gmt":"2022-05-18T17:49:37","slug":"magnesiumsulfatmonohydrat-cas-14168-73-1","status":"publish","type":"product","link":"https:\/\/masterchem.fi\/sv\/produkt\/magnesiumsulfatmonohydrat-cas-14168-73-1\/","title":{"rendered":"Magnesiumsulfatmonohydrat (CAS 14168-73-1)"},"content":{"rendered":"<p> <strong> Information <\/strong> <\/p>\n<p> Branscher: F\u00e4rger och lacker, g\u00f6dningsmedel, kosmetika, l\u00e4kemedel, byggkemikalier <br \/>\nCAS-nummer: 14168-73-1 <br \/>\nWE-nummer: 231-298-2 <br \/>\nKemisk formel: MgSO4 \u00b7 1H2O <br \/>\nMolekylvikt: 138,29 g\/mol <\/p>\n<p> <strong> Andra fysiska egenskaper <\/strong> <\/p>\n<p> pH: 6,5 &#8211; 7,5 (vid 50 g \/ l H2Ow 20 \u00b0 C) <br \/>\nRelativ densitet: 2,66 g\/cm3 (20 \u00b0C) <br \/>\nL\u00f6slighet i vatten: ~ 330 g \/ l (20 \u00b0 C) <\/p>\n","protected":false},"excerpt":{"rendered":"<p> <strong> Magnesiumsulfatmonohydrat (CAS 14168-73-1) <\/strong> <\/p>\n<p>Magnesiumsulfat \u00e4r en kemisk f\u00f6rening som inneh\u00e5ller magnesium, svavel och syre. Dess kemiska formel \u00e4r MgSO4. Det kallas vanligtvis bittersalt eller bittersalt. Namnet Epsom Salt anv\u00e4nds ocks\u00e5 som anglism.<\/p>\n<p> Magnesiumsulfat anv\u00e4nds oftast i konsumentprodukter som badsalt och som laxermedel hos djur, ibland m\u00e4nniskor. <\/p>\n<p> Inom jordbruk och tr\u00e4dg\u00e5rdsodling anv\u00e4nds det som en viktig k\u00e4lla till magnesium f\u00f6r v\u00e4xttillv\u00e4xt. <\/p>\n<p> Magnesiumsulfat binder fukt fr\u00e5n luften i kristallin form och anv\u00e4nds i kemisk syntes och produktf\u00f6rpackningar f\u00f6r att avl\u00e4gsna fukt. <\/p>\n","protected":false},"featured_media":9557,"template":"","meta":[],"product_brand":[],"product_cat":[173,177,106,112,116],"product_tag":[],"class_list":{"0":"post-9553","1":"product","2":"type-product","3":"status-publish","4":"has-post-thumbnail","6":"product_cat-godselmedel","7":"product_cat-kosmetikindustrin","8":"product_cat-lakemedelsindustri","9":"product_cat-byggbranschen","10":"product_cat-alla-produkter","12":"first","13":"outofstock","14":"taxable","15":"shipping-taxable","16":"purchasable","17":"product-type-variable","18":"has-default-attributes","19":"rtwpvg-product"},"yoast_head":"<!-- This site is optimized with the Yoast SEO plugin v27.2 - https:\/\/yoast.com\/product\/yoast-seo-wordpress\/ -->\n<title>Magnesiumsulfatmonohydrat (CAS 14168-73-1) - MasterChem | kemikaalien tuotanto ja myynti<\/title>\n<meta name=\"description\" content=\"Magnesiumsulfat \u00e4r en kemisk f\u00f6rening som inneh\u00e5ller magnesium, svavel och syre.\" \/>\n<meta name=\"robots\" content=\"index, follow, max-snippet:-1, max-image-preview:large, max-video-preview:-1\" \/>\n<link rel=\"canonical\" href=\"https:\/\/masterchem.fi\/sv\/produkt\/magnesiumsulfatmonohydrat-cas-14168-73-1\/\" \/>\n<meta property=\"og:locale\" content=\"sv_SE\" \/>\n<meta property=\"og:type\" content=\"article\" \/>\n<meta property=\"og:title\" content=\"Magnesiumsulfatmonohydrat (CAS 14168-73-1) - MasterChem | kemikaalien tuotanto ja myynti\" \/>\n<meta property=\"og:description\" content=\"Magnesiumsulfat \u00e4r en kemisk f\u00f6rening som inneh\u00e5ller magnesium, svavel och syre.\" \/>\n<meta property=\"og:url\" content=\"https:\/\/masterchem.fi\/sv\/produkt\/magnesiumsulfatmonohydrat-cas-14168-73-1\/\" \/>\n<meta property=\"og:site_name\" content=\"MasterChem | kemikaalien tuotanto ja myynti\" \/>\n<meta property=\"article:modified_time\" content=\"2022-05-18T17:49:37+00:00\" \/>\n<meta property=\"og:image\" content=\"https:\/\/masterchem.fi\/wp-content\/uploads\/2022\/05\/Magnesiumsulfaattimonohydraatti-CAS-14168-73-1-25kg-MasterChem-1.jpg\" \/>\n\t<meta property=\"og:image:width\" content=\"1000\" \/>\n\t<meta property=\"og:image:height\" content=\"1000\" \/>\n\t<meta property=\"og:image:type\" content=\"image\/jpeg\" \/>\n<meta name=\"twitter:card\" content=\"summary_large_image\" \/>\n<script type=\"application\/ld+json\" class=\"yoast-schema-graph\">{\"@context\":\"https:\/\/schema.org\",\"@graph\":[{\"@type\":\"WebPage\",\"@id\":\"https:\/\/masterchem.fi\/sv\/produkt\/magnesiumsulfatmonohydrat-cas-14168-73-1\/\",\"url\":\"https:\/\/masterchem.fi\/sv\/produkt\/magnesiumsulfatmonohydrat-cas-14168-73-1\/\",\"name\":\"Magnesiumsulfatmonohydrat (CAS 14168-73-1) - MasterChem | kemikaalien tuotanto ja myynti\",\"isPartOf\":{\"@id\":\"https:\/\/masterchem.fi\/sv\/#website\"},\"primaryImageOfPage\":{\"@id\":\"https:\/\/masterchem.fi\/sv\/produkt\/magnesiumsulfatmonohydrat-cas-14168-73-1\/#primaryimage\"},\"image\":{\"@id\":\"https:\/\/masterchem.fi\/sv\/produkt\/magnesiumsulfatmonohydrat-cas-14168-73-1\/#primaryimage\"},\"thumbnailUrl\":\"https:\/\/masterchem.fi\/wp-content\/uploads\/2022\/05\/Magnesiumsulfaattimonohydraatti-CAS-14168-73-1-25kg-MasterChem-1.jpg\",\"datePublished\":\"2022-05-18T17:45:43+00:00\",\"dateModified\":\"2022-05-18T17:49:37+00:00\",\"description\":\"Magnesiumsulfat \u00e4r en kemisk f\u00f6rening som inneh\u00e5ller magnesium, svavel och syre.\",\"breadcrumb\":{\"@id\":\"https:\/\/masterchem.fi\/sv\/produkt\/magnesiumsulfatmonohydrat-cas-14168-73-1\/#breadcrumb\"},\"inLanguage\":\"sv-SE\",\"potentialAction\":[{\"@type\":\"ReadAction\",\"target\":[\"https:\/\/masterchem.fi\/sv\/produkt\/magnesiumsulfatmonohydrat-cas-14168-73-1\/\"]}]},{\"@type\":\"ImageObject\",\"inLanguage\":\"sv-SE\",\"@id\":\"https:\/\/masterchem.fi\/sv\/produkt\/magnesiumsulfatmonohydrat-cas-14168-73-1\/#primaryimage\",\"url\":\"https:\/\/masterchem.fi\/wp-content\/uploads\/2022\/05\/Magnesiumsulfaattimonohydraatti-CAS-14168-73-1-25kg-MasterChem-1.jpg\",\"contentUrl\":\"https:\/\/masterchem.fi\/wp-content\/uploads\/2022\/05\/Magnesiumsulfaattimonohydraatti-CAS-14168-73-1-25kg-MasterChem-1.jpg\",\"width\":1000,\"height\":1000,\"caption\":\"Magnesiumsulfatmonohydrat (CAS 14168-73-1)\"},{\"@type\":\"BreadcrumbList\",\"@id\":\"https:\/\/masterchem.fi\/sv\/produkt\/magnesiumsulfatmonohydrat-cas-14168-73-1\/#breadcrumb\",\"itemListElement\":[{\"@type\":\"ListItem\",\"position\":1,\"name\":\"Home\",\"item\":\"https:\/\/masterchem.fi\/sv\/\"},{\"@type\":\"ListItem\",\"position\":2,\"name\":\"Butik\",\"item\":\"https:\/\/masterchem.fi\/sv\/butik\/\"},{\"@type\":\"ListItem\",\"position\":3,\"name\":\"Magnesiumsulfatmonohydrat (CAS 14168-73-1)\"}]},{\"@type\":\"WebSite\",\"@id\":\"https:\/\/masterchem.fi\/sv\/#website\",\"url\":\"https:\/\/masterchem.fi\/sv\/\",\"name\":\"MasterChem | kemikaalien tuotanto ja myynti\",\"description\":\"kemikaalien tuotanto ja myynti\",\"potentialAction\":[{\"@type\":\"SearchAction\",\"target\":{\"@type\":\"EntryPoint\",\"urlTemplate\":\"https:\/\/masterchem.fi\/sv\/?s={search_term_string}\"},\"query-input\":{\"@type\":\"PropertyValueSpecification\",\"valueRequired\":true,\"valueName\":\"search_term_string\"}}],\"inLanguage\":\"sv-SE\"}]}<\/script>\n<!-- \/ Yoast SEO plugin. -->","yoast_head_json":{"title":"Magnesiumsulfatmonohydrat (CAS 14168-73-1) - MasterChem | kemikaalien tuotanto ja myynti","description":"Magnesiumsulfat \u00e4r en kemisk f\u00f6rening som inneh\u00e5ller magnesium, svavel och syre.","robots":{"index":"index","follow":"follow","max-snippet":"max-snippet:-1","max-image-preview":"max-image-preview:large","max-video-preview":"max-video-preview:-1"},"canonical":"https:\/\/masterchem.fi\/sv\/produkt\/magnesiumsulfatmonohydrat-cas-14168-73-1\/","og_locale":"sv_SE","og_type":"article","og_title":"Magnesiumsulfatmonohydrat (CAS 14168-73-1) - MasterChem | kemikaalien tuotanto ja myynti","og_description":"Magnesiumsulfat \u00e4r en kemisk f\u00f6rening som inneh\u00e5ller magnesium, svavel och syre.","og_url":"https:\/\/masterchem.fi\/sv\/produkt\/magnesiumsulfatmonohydrat-cas-14168-73-1\/","og_site_name":"MasterChem | kemikaalien tuotanto ja myynti","article_modified_time":"2022-05-18T17:49:37+00:00","og_image":[{"width":1000,"height":1000,"url":"https:\/\/masterchem.fi\/wp-content\/uploads\/2022\/05\/Magnesiumsulfaattimonohydraatti-CAS-14168-73-1-25kg-MasterChem-1.jpg","type":"image\/jpeg"}],"twitter_card":"summary_large_image","schema":{"@context":"https:\/\/schema.org","@graph":[{"@type":"WebPage","@id":"https:\/\/masterchem.fi\/sv\/produkt\/magnesiumsulfatmonohydrat-cas-14168-73-1\/","url":"https:\/\/masterchem.fi\/sv\/produkt\/magnesiumsulfatmonohydrat-cas-14168-73-1\/","name":"Magnesiumsulfatmonohydrat (CAS 14168-73-1) - MasterChem | kemikaalien tuotanto ja myynti","isPartOf":{"@id":"https:\/\/masterchem.fi\/sv\/#website"},"primaryImageOfPage":{"@id":"https:\/\/masterchem.fi\/sv\/produkt\/magnesiumsulfatmonohydrat-cas-14168-73-1\/#primaryimage"},"image":{"@id":"https:\/\/masterchem.fi\/sv\/produkt\/magnesiumsulfatmonohydrat-cas-14168-73-1\/#primaryimage"},"thumbnailUrl":"https:\/\/masterchem.fi\/wp-content\/uploads\/2022\/05\/Magnesiumsulfaattimonohydraatti-CAS-14168-73-1-25kg-MasterChem-1.jpg","datePublished":"2022-05-18T17:45:43+00:00","dateModified":"2022-05-18T17:49:37+00:00","description":"Magnesiumsulfat \u00e4r en kemisk f\u00f6rening som inneh\u00e5ller magnesium, svavel och syre.","breadcrumb":{"@id":"https:\/\/masterchem.fi\/sv\/produkt\/magnesiumsulfatmonohydrat-cas-14168-73-1\/#breadcrumb"},"inLanguage":"sv-SE","potentialAction":[{"@type":"ReadAction","target":["https:\/\/masterchem.fi\/sv\/produkt\/magnesiumsulfatmonohydrat-cas-14168-73-1\/"]}]},{"@type":"ImageObject","inLanguage":"sv-SE","@id":"https:\/\/masterchem.fi\/sv\/produkt\/magnesiumsulfatmonohydrat-cas-14168-73-1\/#primaryimage","url":"https:\/\/masterchem.fi\/wp-content\/uploads\/2022\/05\/Magnesiumsulfaattimonohydraatti-CAS-14168-73-1-25kg-MasterChem-1.jpg","contentUrl":"https:\/\/masterchem.fi\/wp-content\/uploads\/2022\/05\/Magnesiumsulfaattimonohydraatti-CAS-14168-73-1-25kg-MasterChem-1.jpg","width":1000,"height":1000,"caption":"Magnesiumsulfatmonohydrat (CAS 14168-73-1)"},{"@type":"BreadcrumbList","@id":"https:\/\/masterchem.fi\/sv\/produkt\/magnesiumsulfatmonohydrat-cas-14168-73-1\/#breadcrumb","itemListElement":[{"@type":"ListItem","position":1,"name":"Home","item":"https:\/\/masterchem.fi\/sv\/"},{"@type":"ListItem","position":2,"name":"Butik","item":"https:\/\/masterchem.fi\/sv\/butik\/"},{"@type":"ListItem","position":3,"name":"Magnesiumsulfatmonohydrat (CAS 14168-73-1)"}]},{"@type":"WebSite","@id":"https:\/\/masterchem.fi\/sv\/#website","url":"https:\/\/masterchem.fi\/sv\/","name":"MasterChem | kemikaalien tuotanto ja myynti","description":"kemikaalien tuotanto ja myynti","potentialAction":[{"@type":"SearchAction","target":{"@type":"EntryPoint","urlTemplate":"https:\/\/masterchem.fi\/sv\/?s={search_term_string}"},"query-input":{"@type":"PropertyValueSpecification","valueRequired":true,"valueName":"search_term_string"}}],"inLanguage":"sv-SE"}]}},"_links":{"self":[{"href":"https:\/\/masterchem.fi\/sv\/wp-json\/wp\/v2\/product\/9553","targetHints":{"allow":["GET"]}}],"collection":[{"href":"https:\/\/masterchem.fi\/sv\/wp-json\/wp\/v2\/product"}],"about":[{"href":"https:\/\/masterchem.fi\/sv\/wp-json\/wp\/v2\/types\/product"}],"wp:featuredmedia":[{"embeddable":true,"href":"https:\/\/masterchem.fi\/sv\/wp-json\/wp\/v2\/media\/9557"}],"wp:attachment":[{"href":"https:\/\/masterchem.fi\/sv\/wp-json\/wp\/v2\/media?parent=9553"}],"wp:term":[{"taxonomy":"product_brand","embeddable":true,"href":"https:\/\/masterchem.fi\/sv\/wp-json\/wp\/v2\/product_brand?post=9553"},{"taxonomy":"product_cat","embeddable":true,"href":"https:\/\/masterchem.fi\/sv\/wp-json\/wp\/v2\/product_cat?post=9553"},{"taxonomy":"product_tag","embeddable":true,"href":"https:\/\/masterchem.fi\/sv\/wp-json\/wp\/v2\/product_tag?post=9553"}],"curies":[{"name":"wp","href":"https:\/\/api.w.org\/{rel}","templated":true}]}}