{"id":9575,"date":"2022-05-18T21:02:20","date_gmt":"2022-05-18T18:02:21","guid":{"rendered":"https:\/\/masterchem.fi\/?post_type=product&#038;p=9575"},"modified":"2022-05-18T21:06:34","modified_gmt":"2022-05-18T18:06:34","slug":"kopparsulfatpentahydrat-cas-7758-99-8","status":"publish","type":"product","link":"https:\/\/masterchem.fi\/sv\/produkt\/kopparsulfatpentahydrat-cas-7758-99-8\/","title":{"rendered":"Kopparsulfatpentahydrat (CAS 7758-99-8)"},"content":{"rendered":"<p> <strong> Information <\/strong> <\/p>\n<p> Branscher: f\u00e4rger och fernissor, konstg\u00f6dsel, tr\u00e4dg\u00e5rdsodling, l\u00e4kemedel, foderindustri <br \/>\nCAS-nummer: 7758-99-8 <br \/>\nWE-nummer: 231-847-6 <br \/>\nIndexnummer: 029-004-00-0 <br \/>\nKemisk formel: CuSO4 \u00b7 5H2O <br \/>\nMolekylvikt: 249,68 g\/mol <br \/>\nTulltaxa: 28332500 <br \/>\nADR: UN3077 <\/p>\n<p> <strong> Andra fysiska egenskaper <\/strong> <\/p>\n<p> pH: ~ 4 (50 g \/ l H2O, 20 \u00b0 C) <br \/>\nSm\u00e4ltpunkt\/fryspunkt: 110 \u00b0C <br \/>\nKokpunkt \/ kokomr\u00e5de: 150 \u00b0 C <br \/>\nRelativ densitet: 2284 g\/cm3 (25 \u00b0C) <br \/>\nL\u00f6slighet i vatten: 423 g\/l (20 \u00b0C) 2023 g\/l (100 \u00b0C) <\/p>\n","protected":false},"excerpt":{"rendered":"<p> <strong> Kopparsulfatpentahydrat (CAS 7758-99-8) <\/strong> <\/p>\n<p> Kopparsulfat \u00e4r ett salt som framst\u00e4lls industriellt genom att l\u00f6sa upp kopparskrot i svavelsyra. <\/p>\n<p> Kopparsulfat \u00e4r oftast n\u00e4rvarande som ett vackert bl\u00e5tt, kristallint koppar(II)sulfatpentahydrat med den kemiska formeln CuSO4 \u00b7 5H2O (CAS-nummer 7758-99-8). Den inneh\u00e5ller kristallvatten som ger den dess karakteristiska bl\u00e5 f\u00e4rg. Vid upphettning avdunstar kristallvattnet, varvid kopparsulfatet omvandlas till ett vitt hygroskopiskt pulver med den kemiska formeln CuSO4 (CAS-nummer 7758-98-7). N\u00e4r den reagerar med vatten, blir den tillbaka till bl\u00e5tt, vattenhaltigt kopparsulfat. <\/p>\n<p> Kopparsulfat \u00e4r giftigt f\u00f6r m\u00e4nniskor i b\u00e5da former. <\/p>\n","protected":false},"featured_media":9579,"template":"","meta":[],"product_brand":[],"product_cat":[173,179,182,106,116],"product_tag":[],"class_list":{"0":"post-9575","1":"product","2":"type-product","3":"status-publish","4":"has-post-thumbnail","6":"product_cat-godselmedel","7":"product_cat-foderindustri","8":"product_cat-hortikultur","9":"product_cat-lakemedelsindustri","10":"product_cat-alla-produkter","12":"first","13":"outofstock","14":"taxable","15":"shipping-taxable","16":"purchasable","17":"product-type-variable","18":"has-default-attributes","19":"rtwpvg-product"},"yoast_head":"<!-- This site is optimized with the Yoast SEO plugin v27.2 - https:\/\/yoast.com\/product\/yoast-seo-wordpress\/ -->\n<title>Kopparsulfatpentahydrat (CAS 7758-99-8) - MasterChem | kemikaalien tuotanto ja myynti<\/title>\n<meta name=\"description\" content=\"Kopparsulfat \u00e4r ett salt som framst\u00e4lls industriellt genom att l\u00f6sa upp kopparskrot i svavelsyra.\" \/>\n<meta name=\"robots\" content=\"index, follow, max-snippet:-1, max-image-preview:large, max-video-preview:-1\" \/>\n<link rel=\"canonical\" href=\"https:\/\/masterchem.fi\/sv\/produkt\/kopparsulfatpentahydrat-cas-7758-99-8\/\" \/>\n<meta property=\"og:locale\" content=\"sv_SE\" \/>\n<meta property=\"og:type\" content=\"article\" \/>\n<meta property=\"og:title\" content=\"Kopparsulfatpentahydrat (CAS 7758-99-8) - MasterChem | kemikaalien tuotanto ja myynti\" \/>\n<meta property=\"og:description\" content=\"Kopparsulfat \u00e4r ett salt som framst\u00e4lls industriellt genom att l\u00f6sa upp kopparskrot i svavelsyra.\" \/>\n<meta property=\"og:url\" content=\"https:\/\/masterchem.fi\/sv\/produkt\/kopparsulfatpentahydrat-cas-7758-99-8\/\" \/>\n<meta property=\"og:site_name\" content=\"MasterChem | kemikaalien tuotanto ja myynti\" \/>\n<meta property=\"article:modified_time\" content=\"2022-05-18T18:06:34+00:00\" \/>\n<meta property=\"og:image\" content=\"https:\/\/masterchem.fi\/wp-content\/uploads\/2022\/05\/Kuparisulfaattipentahydraatti-CAS-7758-99-8-25kg-MasterChem.jpg\" \/>\n\t<meta property=\"og:image:width\" content=\"1000\" \/>\n\t<meta property=\"og:image:height\" content=\"1000\" \/>\n\t<meta property=\"og:image:type\" content=\"image\/jpeg\" \/>\n<meta name=\"twitter:card\" content=\"summary_large_image\" \/>\n<script type=\"application\/ld+json\" class=\"yoast-schema-graph\">{\"@context\":\"https:\/\/schema.org\",\"@graph\":[{\"@type\":\"WebPage\",\"@id\":\"https:\/\/masterchem.fi\/sv\/produkt\/kopparsulfatpentahydrat-cas-7758-99-8\/\",\"url\":\"https:\/\/masterchem.fi\/sv\/produkt\/kopparsulfatpentahydrat-cas-7758-99-8\/\",\"name\":\"Kopparsulfatpentahydrat (CAS 7758-99-8) - MasterChem | kemikaalien tuotanto ja myynti\",\"isPartOf\":{\"@id\":\"https:\/\/masterchem.fi\/sv\/#website\"},\"primaryImageOfPage\":{\"@id\":\"https:\/\/masterchem.fi\/sv\/produkt\/kopparsulfatpentahydrat-cas-7758-99-8\/#primaryimage\"},\"image\":{\"@id\":\"https:\/\/masterchem.fi\/sv\/produkt\/kopparsulfatpentahydrat-cas-7758-99-8\/#primaryimage\"},\"thumbnailUrl\":\"https:\/\/masterchem.fi\/wp-content\/uploads\/2022\/05\/Kuparisulfaattipentahydraatti-CAS-7758-99-8-25kg-MasterChem.jpg\",\"datePublished\":\"2022-05-18T18:02:21+00:00\",\"dateModified\":\"2022-05-18T18:06:34+00:00\",\"description\":\"Kopparsulfat \u00e4r ett salt som framst\u00e4lls industriellt genom att l\u00f6sa upp kopparskrot i svavelsyra.\",\"breadcrumb\":{\"@id\":\"https:\/\/masterchem.fi\/sv\/produkt\/kopparsulfatpentahydrat-cas-7758-99-8\/#breadcrumb\"},\"inLanguage\":\"sv-SE\",\"potentialAction\":[{\"@type\":\"ReadAction\",\"target\":[\"https:\/\/masterchem.fi\/sv\/produkt\/kopparsulfatpentahydrat-cas-7758-99-8\/\"]}]},{\"@type\":\"ImageObject\",\"inLanguage\":\"sv-SE\",\"@id\":\"https:\/\/masterchem.fi\/sv\/produkt\/kopparsulfatpentahydrat-cas-7758-99-8\/#primaryimage\",\"url\":\"https:\/\/masterchem.fi\/wp-content\/uploads\/2022\/05\/Kuparisulfaattipentahydraatti-CAS-7758-99-8-25kg-MasterChem.jpg\",\"contentUrl\":\"https:\/\/masterchem.fi\/wp-content\/uploads\/2022\/05\/Kuparisulfaattipentahydraatti-CAS-7758-99-8-25kg-MasterChem.jpg\",\"width\":1000,\"height\":1000,\"caption\":\"Kopparsulfatpentahydrat (CAS 7758-99-8)\"},{\"@type\":\"BreadcrumbList\",\"@id\":\"https:\/\/masterchem.fi\/sv\/produkt\/kopparsulfatpentahydrat-cas-7758-99-8\/#breadcrumb\",\"itemListElement\":[{\"@type\":\"ListItem\",\"position\":1,\"name\":\"Home\",\"item\":\"https:\/\/masterchem.fi\/sv\/\"},{\"@type\":\"ListItem\",\"position\":2,\"name\":\"Butik\",\"item\":\"https:\/\/masterchem.fi\/sv\/butik\/\"},{\"@type\":\"ListItem\",\"position\":3,\"name\":\"Kopparsulfatpentahydrat (CAS 7758-99-8)\"}]},{\"@type\":\"WebSite\",\"@id\":\"https:\/\/masterchem.fi\/sv\/#website\",\"url\":\"https:\/\/masterchem.fi\/sv\/\",\"name\":\"MasterChem | kemikaalien tuotanto ja myynti\",\"description\":\"kemikaalien tuotanto ja myynti\",\"potentialAction\":[{\"@type\":\"SearchAction\",\"target\":{\"@type\":\"EntryPoint\",\"urlTemplate\":\"https:\/\/masterchem.fi\/sv\/?s={search_term_string}\"},\"query-input\":{\"@type\":\"PropertyValueSpecification\",\"valueRequired\":true,\"valueName\":\"search_term_string\"}}],\"inLanguage\":\"sv-SE\"}]}<\/script>\n<!-- \/ Yoast SEO plugin. -->","yoast_head_json":{"title":"Kopparsulfatpentahydrat (CAS 7758-99-8) - MasterChem | kemikaalien tuotanto ja myynti","description":"Kopparsulfat \u00e4r ett salt som framst\u00e4lls industriellt genom att l\u00f6sa upp kopparskrot i svavelsyra.","robots":{"index":"index","follow":"follow","max-snippet":"max-snippet:-1","max-image-preview":"max-image-preview:large","max-video-preview":"max-video-preview:-1"},"canonical":"https:\/\/masterchem.fi\/sv\/produkt\/kopparsulfatpentahydrat-cas-7758-99-8\/","og_locale":"sv_SE","og_type":"article","og_title":"Kopparsulfatpentahydrat (CAS 7758-99-8) - MasterChem | kemikaalien tuotanto ja myynti","og_description":"Kopparsulfat \u00e4r ett salt som framst\u00e4lls industriellt genom att l\u00f6sa upp kopparskrot i svavelsyra.","og_url":"https:\/\/masterchem.fi\/sv\/produkt\/kopparsulfatpentahydrat-cas-7758-99-8\/","og_site_name":"MasterChem | kemikaalien tuotanto ja myynti","article_modified_time":"2022-05-18T18:06:34+00:00","og_image":[{"width":1000,"height":1000,"url":"https:\/\/masterchem.fi\/wp-content\/uploads\/2022\/05\/Kuparisulfaattipentahydraatti-CAS-7758-99-8-25kg-MasterChem.jpg","type":"image\/jpeg"}],"twitter_card":"summary_large_image","schema":{"@context":"https:\/\/schema.org","@graph":[{"@type":"WebPage","@id":"https:\/\/masterchem.fi\/sv\/produkt\/kopparsulfatpentahydrat-cas-7758-99-8\/","url":"https:\/\/masterchem.fi\/sv\/produkt\/kopparsulfatpentahydrat-cas-7758-99-8\/","name":"Kopparsulfatpentahydrat (CAS 7758-99-8) - MasterChem | kemikaalien tuotanto ja myynti","isPartOf":{"@id":"https:\/\/masterchem.fi\/sv\/#website"},"primaryImageOfPage":{"@id":"https:\/\/masterchem.fi\/sv\/produkt\/kopparsulfatpentahydrat-cas-7758-99-8\/#primaryimage"},"image":{"@id":"https:\/\/masterchem.fi\/sv\/produkt\/kopparsulfatpentahydrat-cas-7758-99-8\/#primaryimage"},"thumbnailUrl":"https:\/\/masterchem.fi\/wp-content\/uploads\/2022\/05\/Kuparisulfaattipentahydraatti-CAS-7758-99-8-25kg-MasterChem.jpg","datePublished":"2022-05-18T18:02:21+00:00","dateModified":"2022-05-18T18:06:34+00:00","description":"Kopparsulfat \u00e4r ett salt som framst\u00e4lls industriellt genom att l\u00f6sa upp kopparskrot i svavelsyra.","breadcrumb":{"@id":"https:\/\/masterchem.fi\/sv\/produkt\/kopparsulfatpentahydrat-cas-7758-99-8\/#breadcrumb"},"inLanguage":"sv-SE","potentialAction":[{"@type":"ReadAction","target":["https:\/\/masterchem.fi\/sv\/produkt\/kopparsulfatpentahydrat-cas-7758-99-8\/"]}]},{"@type":"ImageObject","inLanguage":"sv-SE","@id":"https:\/\/masterchem.fi\/sv\/produkt\/kopparsulfatpentahydrat-cas-7758-99-8\/#primaryimage","url":"https:\/\/masterchem.fi\/wp-content\/uploads\/2022\/05\/Kuparisulfaattipentahydraatti-CAS-7758-99-8-25kg-MasterChem.jpg","contentUrl":"https:\/\/masterchem.fi\/wp-content\/uploads\/2022\/05\/Kuparisulfaattipentahydraatti-CAS-7758-99-8-25kg-MasterChem.jpg","width":1000,"height":1000,"caption":"Kopparsulfatpentahydrat (CAS 7758-99-8)"},{"@type":"BreadcrumbList","@id":"https:\/\/masterchem.fi\/sv\/produkt\/kopparsulfatpentahydrat-cas-7758-99-8\/#breadcrumb","itemListElement":[{"@type":"ListItem","position":1,"name":"Home","item":"https:\/\/masterchem.fi\/sv\/"},{"@type":"ListItem","position":2,"name":"Butik","item":"https:\/\/masterchem.fi\/sv\/butik\/"},{"@type":"ListItem","position":3,"name":"Kopparsulfatpentahydrat (CAS 7758-99-8)"}]},{"@type":"WebSite","@id":"https:\/\/masterchem.fi\/sv\/#website","url":"https:\/\/masterchem.fi\/sv\/","name":"MasterChem | kemikaalien tuotanto ja myynti","description":"kemikaalien tuotanto ja myynti","potentialAction":[{"@type":"SearchAction","target":{"@type":"EntryPoint","urlTemplate":"https:\/\/masterchem.fi\/sv\/?s={search_term_string}"},"query-input":{"@type":"PropertyValueSpecification","valueRequired":true,"valueName":"search_term_string"}}],"inLanguage":"sv-SE"}]}},"_links":{"self":[{"href":"https:\/\/masterchem.fi\/sv\/wp-json\/wp\/v2\/product\/9575","targetHints":{"allow":["GET"]}}],"collection":[{"href":"https:\/\/masterchem.fi\/sv\/wp-json\/wp\/v2\/product"}],"about":[{"href":"https:\/\/masterchem.fi\/sv\/wp-json\/wp\/v2\/types\/product"}],"wp:featuredmedia":[{"embeddable":true,"href":"https:\/\/masterchem.fi\/sv\/wp-json\/wp\/v2\/media\/9579"}],"wp:attachment":[{"href":"https:\/\/masterchem.fi\/sv\/wp-json\/wp\/v2\/media?parent=9575"}],"wp:term":[{"taxonomy":"product_brand","embeddable":true,"href":"https:\/\/masterchem.fi\/sv\/wp-json\/wp\/v2\/product_brand?post=9575"},{"taxonomy":"product_cat","embeddable":true,"href":"https:\/\/masterchem.fi\/sv\/wp-json\/wp\/v2\/product_cat?post=9575"},{"taxonomy":"product_tag","embeddable":true,"href":"https:\/\/masterchem.fi\/sv\/wp-json\/wp\/v2\/product_tag?post=9575"}],"curies":[{"name":"wp","href":"https:\/\/api.w.org\/{rel}","templated":true}]}}