{"id":9596,"date":"2022-05-18T21:23:07","date_gmt":"2022-05-18T18:23:08","guid":{"rendered":"https:\/\/masterchem.fi\/?post_type=product&#038;p=9596"},"modified":"2022-05-18T21:26:02","modified_gmt":"2022-05-18T18:26:02","slug":"jarnsulfatmonohydrat-cas-17375-41-6","status":"publish","type":"product","link":"https:\/\/masterchem.fi\/sv\/produkt\/jarnsulfatmonohydrat-cas-17375-41-6\/","title":{"rendered":"J\u00e4rnsulfatmonohydrat (CAS 17375-41-6)"},"content":{"rendered":"<p> <strong> Information <\/strong> <\/p>\n<p> Branscher: f\u00e4rger och fernissor, konstg\u00f6dsel <br \/>\nCAS-nummer: 17375-41-6 <br \/>\nWE-nummer: 231-753-5 <br \/>\nKemisk formel: FeSO4 \u2022 H2O <br \/>\nTaxa: 28332980 <\/p>\n<p> <strong> Andra fysiska egenskaper <\/strong> <\/p>\n<p> Sm\u00e4ltpunkt \/ fryspunkt: 300 \u00b0 C <br \/>\nRelativ densitet: 1,89 g\/cm3 (20 \u00b0C) <\/p>\n","protected":false},"excerpt":{"rendered":"<p> <strong> J\u00e4rnsulfatmonohydrat (CAS 17375-41-6) <\/strong> <\/p>\n<p> J\u00e4rn(2+)sulfatmonohydrat \u00e4r ett hydrat som \u00e4r en monohydratform av j\u00e4rn(2+)sulfat. Det erh\u00e5lls fr\u00e5n heptahydrat genom uppv\u00e4rmning \u00f6ver 65 \u2103. Det anv\u00e4nds som j\u00e4rnk\u00e4lla vid behandling av j\u00e4rnbristanemi (vanligtvis vid behandling av fasta doser; heptahydrat anv\u00e4nds vanligtvis i v\u00e4tskedoseringsbehandlingar). Den har ett n\u00e4rings\u00e4mne, ett anemimedel och ett reduktionsmedel. Det \u00e4r en hydrat- och j\u00e4rnmolekyl\u00e4r enhet. Den inneh\u00e5ller j\u00e4rn (2+) sulfat (vattenfritt). <\/p>\n","protected":false},"featured_media":9600,"template":"","meta":[],"product_brand":[],"product_cat":[173,116],"product_tag":[],"class_list":{"0":"post-9596","1":"product","2":"type-product","3":"status-publish","4":"has-post-thumbnail","6":"product_cat-godselmedel","7":"product_cat-alla-produkter","9":"first","10":"outofstock","11":"taxable","12":"shipping-taxable","13":"purchasable","14":"product-type-variable","15":"has-default-attributes","16":"rtwpvg-product"},"yoast_head":"<!-- This site is optimized with the Yoast SEO plugin v27.5 - https:\/\/yoast.com\/product\/yoast-seo-wordpress\/ -->\n<title>J\u00e4rnsulfatmonohydrat (CAS 17375-41-6) - MasterChem | kemikaalien tuotanto ja myynti<\/title>\n<meta name=\"description\" content=\"J\u00e4rn(2+)sulfatmonohydrat i hydrat, som \u00e4r monohydratformen av j\u00e4rn(2+)sulfat.\" \/>\n<meta name=\"robots\" content=\"index, follow, max-snippet:-1, max-image-preview:large, max-video-preview:-1\" \/>\n<link rel=\"canonical\" href=\"https:\/\/masterchem.fi\/sv\/produkt\/jarnsulfatmonohydrat-cas-17375-41-6\/\" \/>\n<meta property=\"og:locale\" content=\"sv_SE\" \/>\n<meta property=\"og:type\" content=\"article\" \/>\n<meta property=\"og:title\" content=\"J\u00e4rnsulfatmonohydrat (CAS 17375-41-6) - MasterChem | kemikaalien tuotanto ja myynti\" \/>\n<meta property=\"og:description\" content=\"J\u00e4rn(2+)sulfatmonohydrat i hydrat, som \u00e4r monohydratformen av j\u00e4rn(2+)sulfat.\" \/>\n<meta property=\"og:url\" content=\"https:\/\/masterchem.fi\/sv\/produkt\/jarnsulfatmonohydrat-cas-17375-41-6\/\" \/>\n<meta property=\"og:site_name\" content=\"MasterChem | kemikaalien tuotanto ja myynti\" \/>\n<meta property=\"article:modified_time\" content=\"2022-05-18T18:26:02+00:00\" \/>\n<meta property=\"og:image\" content=\"https:\/\/masterchem.fi\/wp-content\/uploads\/2022\/05\/Rautasulfaattimonohydraatti-CAS-17375-41-6-25kg-MasterChem.jpg\" \/>\n\t<meta property=\"og:image:width\" content=\"1000\" \/>\n\t<meta property=\"og:image:height\" content=\"1000\" \/>\n\t<meta property=\"og:image:type\" content=\"image\/jpeg\" \/>\n<meta name=\"twitter:card\" content=\"summary_large_image\" \/>\n<script type=\"application\/ld+json\" class=\"yoast-schema-graph\">{\"@context\":\"https:\\\/\\\/schema.org\",\"@graph\":[{\"@type\":\"WebPage\",\"@id\":\"https:\\\/\\\/masterchem.fi\\\/sv\\\/produkt\\\/jarnsulfatmonohydrat-cas-17375-41-6\\\/\",\"url\":\"https:\\\/\\\/masterchem.fi\\\/sv\\\/produkt\\\/jarnsulfatmonohydrat-cas-17375-41-6\\\/\",\"name\":\"J\u00e4rnsulfatmonohydrat (CAS 17375-41-6) - MasterChem | kemikaalien tuotanto ja myynti\",\"isPartOf\":{\"@id\":\"https:\\\/\\\/masterchem.fi\\\/sv\\\/#website\"},\"primaryImageOfPage\":{\"@id\":\"https:\\\/\\\/masterchem.fi\\\/sv\\\/produkt\\\/jarnsulfatmonohydrat-cas-17375-41-6\\\/#primaryimage\"},\"image\":{\"@id\":\"https:\\\/\\\/masterchem.fi\\\/sv\\\/produkt\\\/jarnsulfatmonohydrat-cas-17375-41-6\\\/#primaryimage\"},\"thumbnailUrl\":\"https:\\\/\\\/masterchem.fi\\\/wp-content\\\/uploads\\\/2022\\\/05\\\/Rautasulfaattimonohydraatti-CAS-17375-41-6-25kg-MasterChem.jpg\",\"datePublished\":\"2022-05-18T18:23:08+00:00\",\"dateModified\":\"2022-05-18T18:26:02+00:00\",\"description\":\"J\u00e4rn(2+)sulfatmonohydrat i hydrat, som \u00e4r monohydratformen av j\u00e4rn(2+)sulfat.\",\"breadcrumb\":{\"@id\":\"https:\\\/\\\/masterchem.fi\\\/sv\\\/produkt\\\/jarnsulfatmonohydrat-cas-17375-41-6\\\/#breadcrumb\"},\"inLanguage\":\"sv-SE\",\"potentialAction\":[{\"@type\":\"ReadAction\",\"target\":[\"https:\\\/\\\/masterchem.fi\\\/sv\\\/produkt\\\/jarnsulfatmonohydrat-cas-17375-41-6\\\/\"]}]},{\"@type\":\"ImageObject\",\"inLanguage\":\"sv-SE\",\"@id\":\"https:\\\/\\\/masterchem.fi\\\/sv\\\/produkt\\\/jarnsulfatmonohydrat-cas-17375-41-6\\\/#primaryimage\",\"url\":\"https:\\\/\\\/masterchem.fi\\\/wp-content\\\/uploads\\\/2022\\\/05\\\/Rautasulfaattimonohydraatti-CAS-17375-41-6-25kg-MasterChem.jpg\",\"contentUrl\":\"https:\\\/\\\/masterchem.fi\\\/wp-content\\\/uploads\\\/2022\\\/05\\\/Rautasulfaattimonohydraatti-CAS-17375-41-6-25kg-MasterChem.jpg\",\"width\":1000,\"height\":1000,\"caption\":\"J\u00e4rnsulfatmonohydrat (CAS 17375-41-6)\"},{\"@type\":\"BreadcrumbList\",\"@id\":\"https:\\\/\\\/masterchem.fi\\\/sv\\\/produkt\\\/jarnsulfatmonohydrat-cas-17375-41-6\\\/#breadcrumb\",\"itemListElement\":[{\"@type\":\"ListItem\",\"position\":1,\"name\":\"Home\",\"item\":\"https:\\\/\\\/masterchem.fi\\\/sv\\\/\"},{\"@type\":\"ListItem\",\"position\":2,\"name\":\"Butik\",\"item\":\"https:\\\/\\\/masterchem.fi\\\/sv\\\/butik\\\/\"},{\"@type\":\"ListItem\",\"position\":3,\"name\":\"J\u00e4rnsulfatmonohydrat (CAS 17375-41-6)\"}]},{\"@type\":\"WebSite\",\"@id\":\"https:\\\/\\\/masterchem.fi\\\/sv\\\/#website\",\"url\":\"https:\\\/\\\/masterchem.fi\\\/sv\\\/\",\"name\":\"MasterChem | kemikaalien tuotanto ja myynti\",\"description\":\"kemikaalien tuotanto ja myynti\",\"potentialAction\":[{\"@type\":\"SearchAction\",\"target\":{\"@type\":\"EntryPoint\",\"urlTemplate\":\"https:\\\/\\\/masterchem.fi\\\/sv\\\/?s={search_term_string}\"},\"query-input\":{\"@type\":\"PropertyValueSpecification\",\"valueRequired\":true,\"valueName\":\"search_term_string\"}}],\"inLanguage\":\"sv-SE\"}]}<\/script>\n<!-- \/ Yoast SEO plugin. -->","yoast_head_json":{"title":"J\u00e4rnsulfatmonohydrat (CAS 17375-41-6) - MasterChem | kemikaalien tuotanto ja myynti","description":"J\u00e4rn(2+)sulfatmonohydrat i hydrat, som \u00e4r monohydratformen av j\u00e4rn(2+)sulfat.","robots":{"index":"index","follow":"follow","max-snippet":"max-snippet:-1","max-image-preview":"max-image-preview:large","max-video-preview":"max-video-preview:-1"},"canonical":"https:\/\/masterchem.fi\/sv\/produkt\/jarnsulfatmonohydrat-cas-17375-41-6\/","og_locale":"sv_SE","og_type":"article","og_title":"J\u00e4rnsulfatmonohydrat (CAS 17375-41-6) - MasterChem | kemikaalien tuotanto ja myynti","og_description":"J\u00e4rn(2+)sulfatmonohydrat i hydrat, som \u00e4r monohydratformen av j\u00e4rn(2+)sulfat.","og_url":"https:\/\/masterchem.fi\/sv\/produkt\/jarnsulfatmonohydrat-cas-17375-41-6\/","og_site_name":"MasterChem | kemikaalien tuotanto ja myynti","article_modified_time":"2022-05-18T18:26:02+00:00","og_image":[{"width":1000,"height":1000,"url":"https:\/\/masterchem.fi\/wp-content\/uploads\/2022\/05\/Rautasulfaattimonohydraatti-CAS-17375-41-6-25kg-MasterChem.jpg","type":"image\/jpeg"}],"twitter_card":"summary_large_image","schema":{"@context":"https:\/\/schema.org","@graph":[{"@type":"WebPage","@id":"https:\/\/masterchem.fi\/sv\/produkt\/jarnsulfatmonohydrat-cas-17375-41-6\/","url":"https:\/\/masterchem.fi\/sv\/produkt\/jarnsulfatmonohydrat-cas-17375-41-6\/","name":"J\u00e4rnsulfatmonohydrat (CAS 17375-41-6) - MasterChem | kemikaalien tuotanto ja myynti","isPartOf":{"@id":"https:\/\/masterchem.fi\/sv\/#website"},"primaryImageOfPage":{"@id":"https:\/\/masterchem.fi\/sv\/produkt\/jarnsulfatmonohydrat-cas-17375-41-6\/#primaryimage"},"image":{"@id":"https:\/\/masterchem.fi\/sv\/produkt\/jarnsulfatmonohydrat-cas-17375-41-6\/#primaryimage"},"thumbnailUrl":"https:\/\/masterchem.fi\/wp-content\/uploads\/2022\/05\/Rautasulfaattimonohydraatti-CAS-17375-41-6-25kg-MasterChem.jpg","datePublished":"2022-05-18T18:23:08+00:00","dateModified":"2022-05-18T18:26:02+00:00","description":"J\u00e4rn(2+)sulfatmonohydrat i hydrat, som \u00e4r monohydratformen av j\u00e4rn(2+)sulfat.","breadcrumb":{"@id":"https:\/\/masterchem.fi\/sv\/produkt\/jarnsulfatmonohydrat-cas-17375-41-6\/#breadcrumb"},"inLanguage":"sv-SE","potentialAction":[{"@type":"ReadAction","target":["https:\/\/masterchem.fi\/sv\/produkt\/jarnsulfatmonohydrat-cas-17375-41-6\/"]}]},{"@type":"ImageObject","inLanguage":"sv-SE","@id":"https:\/\/masterchem.fi\/sv\/produkt\/jarnsulfatmonohydrat-cas-17375-41-6\/#primaryimage","url":"https:\/\/masterchem.fi\/wp-content\/uploads\/2022\/05\/Rautasulfaattimonohydraatti-CAS-17375-41-6-25kg-MasterChem.jpg","contentUrl":"https:\/\/masterchem.fi\/wp-content\/uploads\/2022\/05\/Rautasulfaattimonohydraatti-CAS-17375-41-6-25kg-MasterChem.jpg","width":1000,"height":1000,"caption":"J\u00e4rnsulfatmonohydrat (CAS 17375-41-6)"},{"@type":"BreadcrumbList","@id":"https:\/\/masterchem.fi\/sv\/produkt\/jarnsulfatmonohydrat-cas-17375-41-6\/#breadcrumb","itemListElement":[{"@type":"ListItem","position":1,"name":"Home","item":"https:\/\/masterchem.fi\/sv\/"},{"@type":"ListItem","position":2,"name":"Butik","item":"https:\/\/masterchem.fi\/sv\/butik\/"},{"@type":"ListItem","position":3,"name":"J\u00e4rnsulfatmonohydrat (CAS 17375-41-6)"}]},{"@type":"WebSite","@id":"https:\/\/masterchem.fi\/sv\/#website","url":"https:\/\/masterchem.fi\/sv\/","name":"MasterChem | kemikaalien tuotanto ja myynti","description":"kemikaalien tuotanto ja myynti","potentialAction":[{"@type":"SearchAction","target":{"@type":"EntryPoint","urlTemplate":"https:\/\/masterchem.fi\/sv\/?s={search_term_string}"},"query-input":{"@type":"PropertyValueSpecification","valueRequired":true,"valueName":"search_term_string"}}],"inLanguage":"sv-SE"}]}},"_links":{"self":[{"href":"https:\/\/masterchem.fi\/sv\/wp-json\/wp\/v2\/product\/9596","targetHints":{"allow":["GET"]}}],"collection":[{"href":"https:\/\/masterchem.fi\/sv\/wp-json\/wp\/v2\/product"}],"about":[{"href":"https:\/\/masterchem.fi\/sv\/wp-json\/wp\/v2\/types\/product"}],"wp:featuredmedia":[{"embeddable":true,"href":"https:\/\/masterchem.fi\/sv\/wp-json\/wp\/v2\/media\/9600"}],"wp:attachment":[{"href":"https:\/\/masterchem.fi\/sv\/wp-json\/wp\/v2\/media?parent=9596"}],"wp:term":[{"taxonomy":"product_brand","embeddable":true,"href":"https:\/\/masterchem.fi\/sv\/wp-json\/wp\/v2\/product_brand?post=9596"},{"taxonomy":"product_cat","embeddable":true,"href":"https:\/\/masterchem.fi\/sv\/wp-json\/wp\/v2\/product_cat?post=9596"},{"taxonomy":"product_tag","embeddable":true,"href":"https:\/\/masterchem.fi\/sv\/wp-json\/wp\/v2\/product_tag?post=9596"}],"curies":[{"name":"wp","href":"https:\/\/api.w.org\/{rel}","templated":true}]}}