{"id":9606,"date":"2022-05-18T21:27:11","date_gmt":"2022-05-18T18:27:11","guid":{"rendered":"https:\/\/masterchem.fi\/?post_type=product&#038;p=9606"},"modified":"2022-05-18T21:29:55","modified_gmt":"2022-05-18T18:29:55","slug":"natriumsulfider-cas-1313-84-4","status":"publish","type":"product","link":"https:\/\/masterchem.fi\/sv\/produkt\/natriumsulfider-cas-1313-84-4\/","title":{"rendered":"Natriumsulfider (CAS 1313-84-4)"},"content":{"rendered":"<p> <strong> Information <\/strong> <\/p>\n<p> Branscher: F\u00e4rger och lacker <br \/>\nCAS-nummer: 1313-84-4 <br \/>\nWE-nummer: 215-211-5 <br \/>\nIndexnummer: 016-009-00-8 <br \/>\nKemisk formel: Na2S \u00b7 9H2O <br \/>\nMolekylvikt: 240,18 g\/mol <br \/>\nTulltaxa: 28301000 <br \/>\nADR: UN1849 <\/p>\n<p> <strong> Andra fysiska egenskaper <\/strong> <\/p>\n<p> pH: 12,4 (100 g \/ l H2O, 20 \u00b0 C) <br \/>\nSm\u00e4ltpunkt \/ fryspunkt: 1180 \u00b0 C <br \/>\nRelativ densitet: 1,86 g\/cm3 (14 \u00b0C) <\/p>\n","protected":false},"excerpt":{"rendered":"<p> <strong> Natriumsulfid (CAS 1313-84-4) <\/strong> <\/p>\n<p>Natriumsulfid (Na2S) \u00e4r en oorganisk f\u00f6rening som bildas av natrium- och sulfidjoner. F\u00f6reningen anv\u00e4nds bland annat inom textilindustrin och vid tillverkning av andra svavelf\u00f6reningar. <\/p>\n","protected":false},"featured_media":9610,"template":"","meta":[],"product_brand":[],"product_cat":[116],"product_tag":[],"class_list":{"0":"post-9606","1":"product","2":"type-product","3":"status-publish","4":"has-post-thumbnail","6":"product_cat-alla-produkter","8":"first","9":"outofstock","10":"taxable","11":"shipping-taxable","12":"purchasable","13":"product-type-variable","14":"has-default-attributes","15":"rtwpvg-product"},"yoast_head":"<!-- This site is optimized with the Yoast SEO plugin v27.5 - https:\/\/yoast.com\/product\/yoast-seo-wordpress\/ -->\n<title>Natriumsulfider (CAS 1313-84-4) - MasterChem | kemikaalien tuotanto ja myynti<\/title>\n<meta name=\"description\" content=\"Natriumsulfid (Na2S) \u00e4r en oorganisk f\u00f6rening som bildas av natrium- och sulfidjoner.\" \/>\n<meta name=\"robots\" content=\"index, follow, max-snippet:-1, max-image-preview:large, max-video-preview:-1\" \/>\n<link rel=\"canonical\" href=\"https:\/\/masterchem.fi\/sv\/produkt\/natriumsulfider-cas-1313-84-4\/\" \/>\n<meta property=\"og:locale\" content=\"sv_SE\" \/>\n<meta property=\"og:type\" content=\"article\" \/>\n<meta property=\"og:title\" content=\"Natriumsulfider (CAS 1313-84-4) - MasterChem | kemikaalien tuotanto ja myynti\" \/>\n<meta property=\"og:description\" content=\"Natriumsulfid (Na2S) \u00e4r en oorganisk f\u00f6rening som bildas av natrium- och sulfidjoner.\" \/>\n<meta property=\"og:url\" content=\"https:\/\/masterchem.fi\/sv\/produkt\/natriumsulfider-cas-1313-84-4\/\" \/>\n<meta property=\"og:site_name\" content=\"MasterChem | kemikaalien tuotanto ja myynti\" \/>\n<meta property=\"article:modified_time\" content=\"2022-05-18T18:29:55+00:00\" \/>\n<meta property=\"og:image\" content=\"https:\/\/masterchem.fi\/wp-content\/uploads\/2022\/05\/Natriumsulfidi-CAS-1313-84-4-25kg-MasterChem.jpg\" \/>\n\t<meta property=\"og:image:width\" content=\"1000\" \/>\n\t<meta property=\"og:image:height\" content=\"1000\" \/>\n\t<meta property=\"og:image:type\" content=\"image\/jpeg\" \/>\n<meta name=\"twitter:card\" content=\"summary_large_image\" \/>\n<script type=\"application\/ld+json\" class=\"yoast-schema-graph\">{\"@context\":\"https:\\\/\\\/schema.org\",\"@graph\":[{\"@type\":\"WebPage\",\"@id\":\"https:\\\/\\\/masterchem.fi\\\/sv\\\/produkt\\\/natriumsulfider-cas-1313-84-4\\\/\",\"url\":\"https:\\\/\\\/masterchem.fi\\\/sv\\\/produkt\\\/natriumsulfider-cas-1313-84-4\\\/\",\"name\":\"Natriumsulfider (CAS 1313-84-4) - MasterChem | kemikaalien tuotanto ja myynti\",\"isPartOf\":{\"@id\":\"https:\\\/\\\/masterchem.fi\\\/sv\\\/#website\"},\"primaryImageOfPage\":{\"@id\":\"https:\\\/\\\/masterchem.fi\\\/sv\\\/produkt\\\/natriumsulfider-cas-1313-84-4\\\/#primaryimage\"},\"image\":{\"@id\":\"https:\\\/\\\/masterchem.fi\\\/sv\\\/produkt\\\/natriumsulfider-cas-1313-84-4\\\/#primaryimage\"},\"thumbnailUrl\":\"https:\\\/\\\/masterchem.fi\\\/wp-content\\\/uploads\\\/2022\\\/05\\\/Natriumsulfidi-CAS-1313-84-4-25kg-MasterChem.jpg\",\"datePublished\":\"2022-05-18T18:27:11+00:00\",\"dateModified\":\"2022-05-18T18:29:55+00:00\",\"description\":\"Natriumsulfid (Na2S) \u00e4r en oorganisk f\u00f6rening som bildas av natrium- och sulfidjoner.\",\"breadcrumb\":{\"@id\":\"https:\\\/\\\/masterchem.fi\\\/sv\\\/produkt\\\/natriumsulfider-cas-1313-84-4\\\/#breadcrumb\"},\"inLanguage\":\"sv-SE\",\"potentialAction\":[{\"@type\":\"ReadAction\",\"target\":[\"https:\\\/\\\/masterchem.fi\\\/sv\\\/produkt\\\/natriumsulfider-cas-1313-84-4\\\/\"]}]},{\"@type\":\"ImageObject\",\"inLanguage\":\"sv-SE\",\"@id\":\"https:\\\/\\\/masterchem.fi\\\/sv\\\/produkt\\\/natriumsulfider-cas-1313-84-4\\\/#primaryimage\",\"url\":\"https:\\\/\\\/masterchem.fi\\\/wp-content\\\/uploads\\\/2022\\\/05\\\/Natriumsulfidi-CAS-1313-84-4-25kg-MasterChem.jpg\",\"contentUrl\":\"https:\\\/\\\/masterchem.fi\\\/wp-content\\\/uploads\\\/2022\\\/05\\\/Natriumsulfidi-CAS-1313-84-4-25kg-MasterChem.jpg\",\"width\":1000,\"height\":1000,\"caption\":\"Natriumsulfider (CAS 1313-84-4)\"},{\"@type\":\"BreadcrumbList\",\"@id\":\"https:\\\/\\\/masterchem.fi\\\/sv\\\/produkt\\\/natriumsulfider-cas-1313-84-4\\\/#breadcrumb\",\"itemListElement\":[{\"@type\":\"ListItem\",\"position\":1,\"name\":\"Home\",\"item\":\"https:\\\/\\\/masterchem.fi\\\/sv\\\/\"},{\"@type\":\"ListItem\",\"position\":2,\"name\":\"Butik\",\"item\":\"https:\\\/\\\/masterchem.fi\\\/sv\\\/butik\\\/\"},{\"@type\":\"ListItem\",\"position\":3,\"name\":\"Natriumsulfider (CAS 1313-84-4)\"}]},{\"@type\":\"WebSite\",\"@id\":\"https:\\\/\\\/masterchem.fi\\\/sv\\\/#website\",\"url\":\"https:\\\/\\\/masterchem.fi\\\/sv\\\/\",\"name\":\"MasterChem | kemikaalien tuotanto ja myynti\",\"description\":\"kemikaalien tuotanto ja myynti\",\"potentialAction\":[{\"@type\":\"SearchAction\",\"target\":{\"@type\":\"EntryPoint\",\"urlTemplate\":\"https:\\\/\\\/masterchem.fi\\\/sv\\\/?s={search_term_string}\"},\"query-input\":{\"@type\":\"PropertyValueSpecification\",\"valueRequired\":true,\"valueName\":\"search_term_string\"}}],\"inLanguage\":\"sv-SE\"}]}<\/script>\n<!-- \/ Yoast SEO plugin. -->","yoast_head_json":{"title":"Natriumsulfider (CAS 1313-84-4) - MasterChem | kemikaalien tuotanto ja myynti","description":"Natriumsulfid (Na2S) \u00e4r en oorganisk f\u00f6rening som bildas av natrium- och sulfidjoner.","robots":{"index":"index","follow":"follow","max-snippet":"max-snippet:-1","max-image-preview":"max-image-preview:large","max-video-preview":"max-video-preview:-1"},"canonical":"https:\/\/masterchem.fi\/sv\/produkt\/natriumsulfider-cas-1313-84-4\/","og_locale":"sv_SE","og_type":"article","og_title":"Natriumsulfider (CAS 1313-84-4) - MasterChem | kemikaalien tuotanto ja myynti","og_description":"Natriumsulfid (Na2S) \u00e4r en oorganisk f\u00f6rening som bildas av natrium- och sulfidjoner.","og_url":"https:\/\/masterchem.fi\/sv\/produkt\/natriumsulfider-cas-1313-84-4\/","og_site_name":"MasterChem | kemikaalien tuotanto ja myynti","article_modified_time":"2022-05-18T18:29:55+00:00","og_image":[{"width":1000,"height":1000,"url":"https:\/\/masterchem.fi\/wp-content\/uploads\/2022\/05\/Natriumsulfidi-CAS-1313-84-4-25kg-MasterChem.jpg","type":"image\/jpeg"}],"twitter_card":"summary_large_image","schema":{"@context":"https:\/\/schema.org","@graph":[{"@type":"WebPage","@id":"https:\/\/masterchem.fi\/sv\/produkt\/natriumsulfider-cas-1313-84-4\/","url":"https:\/\/masterchem.fi\/sv\/produkt\/natriumsulfider-cas-1313-84-4\/","name":"Natriumsulfider (CAS 1313-84-4) - MasterChem | kemikaalien tuotanto ja myynti","isPartOf":{"@id":"https:\/\/masterchem.fi\/sv\/#website"},"primaryImageOfPage":{"@id":"https:\/\/masterchem.fi\/sv\/produkt\/natriumsulfider-cas-1313-84-4\/#primaryimage"},"image":{"@id":"https:\/\/masterchem.fi\/sv\/produkt\/natriumsulfider-cas-1313-84-4\/#primaryimage"},"thumbnailUrl":"https:\/\/masterchem.fi\/wp-content\/uploads\/2022\/05\/Natriumsulfidi-CAS-1313-84-4-25kg-MasterChem.jpg","datePublished":"2022-05-18T18:27:11+00:00","dateModified":"2022-05-18T18:29:55+00:00","description":"Natriumsulfid (Na2S) \u00e4r en oorganisk f\u00f6rening som bildas av natrium- och sulfidjoner.","breadcrumb":{"@id":"https:\/\/masterchem.fi\/sv\/produkt\/natriumsulfider-cas-1313-84-4\/#breadcrumb"},"inLanguage":"sv-SE","potentialAction":[{"@type":"ReadAction","target":["https:\/\/masterchem.fi\/sv\/produkt\/natriumsulfider-cas-1313-84-4\/"]}]},{"@type":"ImageObject","inLanguage":"sv-SE","@id":"https:\/\/masterchem.fi\/sv\/produkt\/natriumsulfider-cas-1313-84-4\/#primaryimage","url":"https:\/\/masterchem.fi\/wp-content\/uploads\/2022\/05\/Natriumsulfidi-CAS-1313-84-4-25kg-MasterChem.jpg","contentUrl":"https:\/\/masterchem.fi\/wp-content\/uploads\/2022\/05\/Natriumsulfidi-CAS-1313-84-4-25kg-MasterChem.jpg","width":1000,"height":1000,"caption":"Natriumsulfider (CAS 1313-84-4)"},{"@type":"BreadcrumbList","@id":"https:\/\/masterchem.fi\/sv\/produkt\/natriumsulfider-cas-1313-84-4\/#breadcrumb","itemListElement":[{"@type":"ListItem","position":1,"name":"Home","item":"https:\/\/masterchem.fi\/sv\/"},{"@type":"ListItem","position":2,"name":"Butik","item":"https:\/\/masterchem.fi\/sv\/butik\/"},{"@type":"ListItem","position":3,"name":"Natriumsulfider (CAS 1313-84-4)"}]},{"@type":"WebSite","@id":"https:\/\/masterchem.fi\/sv\/#website","url":"https:\/\/masterchem.fi\/sv\/","name":"MasterChem | kemikaalien tuotanto ja myynti","description":"kemikaalien tuotanto ja myynti","potentialAction":[{"@type":"SearchAction","target":{"@type":"EntryPoint","urlTemplate":"https:\/\/masterchem.fi\/sv\/?s={search_term_string}"},"query-input":{"@type":"PropertyValueSpecification","valueRequired":true,"valueName":"search_term_string"}}],"inLanguage":"sv-SE"}]}},"_links":{"self":[{"href":"https:\/\/masterchem.fi\/sv\/wp-json\/wp\/v2\/product\/9606","targetHints":{"allow":["GET"]}}],"collection":[{"href":"https:\/\/masterchem.fi\/sv\/wp-json\/wp\/v2\/product"}],"about":[{"href":"https:\/\/masterchem.fi\/sv\/wp-json\/wp\/v2\/types\/product"}],"wp:featuredmedia":[{"embeddable":true,"href":"https:\/\/masterchem.fi\/sv\/wp-json\/wp\/v2\/media\/9610"}],"wp:attachment":[{"href":"https:\/\/masterchem.fi\/sv\/wp-json\/wp\/v2\/media?parent=9606"}],"wp:term":[{"taxonomy":"product_brand","embeddable":true,"href":"https:\/\/masterchem.fi\/sv\/wp-json\/wp\/v2\/product_brand?post=9606"},{"taxonomy":"product_cat","embeddable":true,"href":"https:\/\/masterchem.fi\/sv\/wp-json\/wp\/v2\/product_cat?post=9606"},{"taxonomy":"product_tag","embeddable":true,"href":"https:\/\/masterchem.fi\/sv\/wp-json\/wp\/v2\/product_tag?post=9606"}],"curies":[{"name":"wp","href":"https:\/\/api.w.org\/{rel}","templated":true}]}}