{"id":9617,"date":"2022-05-18T21:31:32","date_gmt":"2022-05-18T18:31:33","guid":{"rendered":"https:\/\/masterchem.fi\/?post_type=product&#038;p=9617"},"modified":"2022-05-18T21:34:44","modified_gmt":"2022-05-18T18:34:44","slug":"kalciumstearat-cas-1592-23-0","status":"publish","type":"product","link":"https:\/\/masterchem.fi\/sv\/produkt\/kalciumstearat-cas-1592-23-0\/","title":{"rendered":"Kalciumstearat (CAS 1592-23-0)"},"content":{"rendered":"<p> <strong> Information <\/strong> <\/p>\n<p> Branscher: Livsmedelsindustri, hartser, plaster, polyuretaner <br \/>\nCAS-nummer: 1592-23-0 <br \/>\nWE-nummer: 216-472-8 <br \/>\nKemisk formel: C36H70CaO4 <br \/>\nMolekylvikt: 607,02 g\/mol <br \/>\nADR: 29157050 <\/p>\n<p> <strong> Andra fysiska egenskaper <\/strong> <\/p>\n<p> Sm\u00e4ltpunkt \/ fryspunkt: 179,5 \u00b0 C <br \/>\nKokpunkt \/ Kokomr\u00e5de: 661 \u00b0 C <br \/>\nRelativ densitet: 1,12 g \/ cm3 <br \/>\nL\u00f6slighet i vatten: 40 mg\/l (15 \u00b0C) <\/p>\n","protected":false},"excerpt":{"rendered":"<p> <strong> Kalciumstearat (CAS 1592-23-0) <\/strong> <\/p>\n<p> Kalciumstearat \u00e4r ett kalciumkarboxylat som klassificeras som kalciumtv\u00e5l. Det \u00e4r en del av vissa sm\u00f6rjmedel, ytaktiva \u00e4mnen och m\u00e5nga livsmedel. Det \u00e4r ett vitt vaxartat pulver. <\/p>\n<p> Kalciumstearat \u00e4r ett vaxartat material som \u00e4r d\u00e5ligt l\u00f6sligt i vatten, till skillnad fr\u00e5n traditionella natrium- och kaliumtv\u00e5lar. Det \u00e4r ocks\u00e5 l\u00e4tt och billigt att tillverka och har l\u00e5g toxicitet. Dessa funktioner \u00e4r grunden f\u00f6r m\u00e5nga av dess applikationer. Liknande till\u00e4mpningar finns f\u00f6r magnesiumstearat. <\/p>\n<p> Kalciumstearat anv\u00e4nds som v\u00e4tska och ytkonditioneringsmedel i vissa konfektyrer, som Smarties, jawbones och Sprees. Det \u00e4r ett vattent\u00e4tt material f\u00f6r tyger. Glidmedel i pennor och kritor. Sm\u00f6rjmedel i tr\u00e5ddragningstorrdragningsmetoden <\/p>\n","protected":false},"featured_media":9621,"template":"","meta":[],"product_brand":[],"product_cat":[171,109,116],"product_tag":[],"class_list":{"0":"post-9617","1":"product","2":"type-product","3":"status-publish","4":"has-post-thumbnail","6":"product_cat-livsmedelsindustrin","7":"product_cat-plast","8":"product_cat-alla-produkter","10":"first","11":"outofstock","12":"taxable","13":"shipping-taxable","14":"purchasable","15":"product-type-variable","16":"has-default-attributes","17":"rtwpvg-product"},"yoast_head":"<!-- This site is optimized with the Yoast SEO plugin v27.5 - https:\/\/yoast.com\/product\/yoast-seo-wordpress\/ -->\n<title>Kalciumstearat (CAS 1592-23-0) - MasterChem | kemikaalien tuotanto ja myynti<\/title>\n<meta name=\"description\" content=\"Kalciumstearat \u00e4r ett kalciumkarboxylat som klassificeras som kalciumtv\u00e5l. Det \u00e4r en del av vissa sm\u00f6rjmedel, ytaktiva \u00e4mnen och m\u00e5nga livsmedel.\" \/>\n<meta name=\"robots\" content=\"index, follow, max-snippet:-1, max-image-preview:large, max-video-preview:-1\" \/>\n<link rel=\"canonical\" href=\"https:\/\/masterchem.fi\/sv\/produkt\/kalciumstearat-cas-1592-23-0\/\" \/>\n<meta property=\"og:locale\" content=\"sv_SE\" \/>\n<meta property=\"og:type\" content=\"article\" \/>\n<meta property=\"og:title\" content=\"Kalciumstearat (CAS 1592-23-0) - MasterChem | kemikaalien tuotanto ja myynti\" \/>\n<meta property=\"og:description\" content=\"Kalciumstearat \u00e4r ett kalciumkarboxylat som klassificeras som kalciumtv\u00e5l. Det \u00e4r en del av vissa sm\u00f6rjmedel, ytaktiva \u00e4mnen och m\u00e5nga livsmedel.\" \/>\n<meta property=\"og:url\" content=\"https:\/\/masterchem.fi\/sv\/produkt\/kalciumstearat-cas-1592-23-0\/\" \/>\n<meta property=\"og:site_name\" content=\"MasterChem | kemikaalien tuotanto ja myynti\" \/>\n<meta property=\"article:modified_time\" content=\"2022-05-18T18:34:44+00:00\" \/>\n<meta property=\"og:image\" content=\"https:\/\/masterchem.fi\/wp-content\/uploads\/2022\/05\/Kalsiumstearaatti-CAS-1592-23-0-20kg-MasterChem.jpg\" \/>\n\t<meta property=\"og:image:width\" content=\"1000\" \/>\n\t<meta property=\"og:image:height\" content=\"1000\" \/>\n\t<meta property=\"og:image:type\" content=\"image\/jpeg\" \/>\n<meta name=\"twitter:card\" content=\"summary_large_image\" \/>\n<script type=\"application\/ld+json\" class=\"yoast-schema-graph\">{\"@context\":\"https:\\\/\\\/schema.org\",\"@graph\":[{\"@type\":\"WebPage\",\"@id\":\"https:\\\/\\\/masterchem.fi\\\/sv\\\/produkt\\\/kalciumstearat-cas-1592-23-0\\\/\",\"url\":\"https:\\\/\\\/masterchem.fi\\\/sv\\\/produkt\\\/kalciumstearat-cas-1592-23-0\\\/\",\"name\":\"Kalciumstearat (CAS 1592-23-0) - MasterChem | kemikaalien tuotanto ja myynti\",\"isPartOf\":{\"@id\":\"https:\\\/\\\/masterchem.fi\\\/sv\\\/#website\"},\"primaryImageOfPage\":{\"@id\":\"https:\\\/\\\/masterchem.fi\\\/sv\\\/produkt\\\/kalciumstearat-cas-1592-23-0\\\/#primaryimage\"},\"image\":{\"@id\":\"https:\\\/\\\/masterchem.fi\\\/sv\\\/produkt\\\/kalciumstearat-cas-1592-23-0\\\/#primaryimage\"},\"thumbnailUrl\":\"https:\\\/\\\/masterchem.fi\\\/wp-content\\\/uploads\\\/2022\\\/05\\\/Kalsiumstearaatti-CAS-1592-23-0-20kg-MasterChem.jpg\",\"datePublished\":\"2022-05-18T18:31:33+00:00\",\"dateModified\":\"2022-05-18T18:34:44+00:00\",\"description\":\"Kalciumstearat \u00e4r ett kalciumkarboxylat som klassificeras som kalciumtv\u00e5l. Det \u00e4r en del av vissa sm\u00f6rjmedel, ytaktiva \u00e4mnen och m\u00e5nga livsmedel.\",\"breadcrumb\":{\"@id\":\"https:\\\/\\\/masterchem.fi\\\/sv\\\/produkt\\\/kalciumstearat-cas-1592-23-0\\\/#breadcrumb\"},\"inLanguage\":\"sv-SE\",\"potentialAction\":[{\"@type\":\"ReadAction\",\"target\":[\"https:\\\/\\\/masterchem.fi\\\/sv\\\/produkt\\\/kalciumstearat-cas-1592-23-0\\\/\"]}]},{\"@type\":\"ImageObject\",\"inLanguage\":\"sv-SE\",\"@id\":\"https:\\\/\\\/masterchem.fi\\\/sv\\\/produkt\\\/kalciumstearat-cas-1592-23-0\\\/#primaryimage\",\"url\":\"https:\\\/\\\/masterchem.fi\\\/wp-content\\\/uploads\\\/2022\\\/05\\\/Kalsiumstearaatti-CAS-1592-23-0-20kg-MasterChem.jpg\",\"contentUrl\":\"https:\\\/\\\/masterchem.fi\\\/wp-content\\\/uploads\\\/2022\\\/05\\\/Kalsiumstearaatti-CAS-1592-23-0-20kg-MasterChem.jpg\",\"width\":1000,\"height\":1000,\"caption\":\"Kalciumstearat (CAS 1592-23-0)\"},{\"@type\":\"BreadcrumbList\",\"@id\":\"https:\\\/\\\/masterchem.fi\\\/sv\\\/produkt\\\/kalciumstearat-cas-1592-23-0\\\/#breadcrumb\",\"itemListElement\":[{\"@type\":\"ListItem\",\"position\":1,\"name\":\"Home\",\"item\":\"https:\\\/\\\/masterchem.fi\\\/sv\\\/\"},{\"@type\":\"ListItem\",\"position\":2,\"name\":\"Butik\",\"item\":\"https:\\\/\\\/masterchem.fi\\\/sv\\\/butik\\\/\"},{\"@type\":\"ListItem\",\"position\":3,\"name\":\"Kalciumstearat (CAS 1592-23-0)\"}]},{\"@type\":\"WebSite\",\"@id\":\"https:\\\/\\\/masterchem.fi\\\/sv\\\/#website\",\"url\":\"https:\\\/\\\/masterchem.fi\\\/sv\\\/\",\"name\":\"MasterChem | kemikaalien tuotanto ja myynti\",\"description\":\"kemikaalien tuotanto ja myynti\",\"potentialAction\":[{\"@type\":\"SearchAction\",\"target\":{\"@type\":\"EntryPoint\",\"urlTemplate\":\"https:\\\/\\\/masterchem.fi\\\/sv\\\/?s={search_term_string}\"},\"query-input\":{\"@type\":\"PropertyValueSpecification\",\"valueRequired\":true,\"valueName\":\"search_term_string\"}}],\"inLanguage\":\"sv-SE\"}]}<\/script>\n<!-- \/ Yoast SEO plugin. -->","yoast_head_json":{"title":"Kalciumstearat (CAS 1592-23-0) - MasterChem | kemikaalien tuotanto ja myynti","description":"Kalciumstearat \u00e4r ett kalciumkarboxylat som klassificeras som kalciumtv\u00e5l. Det \u00e4r en del av vissa sm\u00f6rjmedel, ytaktiva \u00e4mnen och m\u00e5nga livsmedel.","robots":{"index":"index","follow":"follow","max-snippet":"max-snippet:-1","max-image-preview":"max-image-preview:large","max-video-preview":"max-video-preview:-1"},"canonical":"https:\/\/masterchem.fi\/sv\/produkt\/kalciumstearat-cas-1592-23-0\/","og_locale":"sv_SE","og_type":"article","og_title":"Kalciumstearat (CAS 1592-23-0) - MasterChem | kemikaalien tuotanto ja myynti","og_description":"Kalciumstearat \u00e4r ett kalciumkarboxylat som klassificeras som kalciumtv\u00e5l. Det \u00e4r en del av vissa sm\u00f6rjmedel, ytaktiva \u00e4mnen och m\u00e5nga livsmedel.","og_url":"https:\/\/masterchem.fi\/sv\/produkt\/kalciumstearat-cas-1592-23-0\/","og_site_name":"MasterChem | kemikaalien tuotanto ja myynti","article_modified_time":"2022-05-18T18:34:44+00:00","og_image":[{"width":1000,"height":1000,"url":"https:\/\/masterchem.fi\/wp-content\/uploads\/2022\/05\/Kalsiumstearaatti-CAS-1592-23-0-20kg-MasterChem.jpg","type":"image\/jpeg"}],"twitter_card":"summary_large_image","schema":{"@context":"https:\/\/schema.org","@graph":[{"@type":"WebPage","@id":"https:\/\/masterchem.fi\/sv\/produkt\/kalciumstearat-cas-1592-23-0\/","url":"https:\/\/masterchem.fi\/sv\/produkt\/kalciumstearat-cas-1592-23-0\/","name":"Kalciumstearat (CAS 1592-23-0) - MasterChem | kemikaalien tuotanto ja myynti","isPartOf":{"@id":"https:\/\/masterchem.fi\/sv\/#website"},"primaryImageOfPage":{"@id":"https:\/\/masterchem.fi\/sv\/produkt\/kalciumstearat-cas-1592-23-0\/#primaryimage"},"image":{"@id":"https:\/\/masterchem.fi\/sv\/produkt\/kalciumstearat-cas-1592-23-0\/#primaryimage"},"thumbnailUrl":"https:\/\/masterchem.fi\/wp-content\/uploads\/2022\/05\/Kalsiumstearaatti-CAS-1592-23-0-20kg-MasterChem.jpg","datePublished":"2022-05-18T18:31:33+00:00","dateModified":"2022-05-18T18:34:44+00:00","description":"Kalciumstearat \u00e4r ett kalciumkarboxylat som klassificeras som kalciumtv\u00e5l. Det \u00e4r en del av vissa sm\u00f6rjmedel, ytaktiva \u00e4mnen och m\u00e5nga livsmedel.","breadcrumb":{"@id":"https:\/\/masterchem.fi\/sv\/produkt\/kalciumstearat-cas-1592-23-0\/#breadcrumb"},"inLanguage":"sv-SE","potentialAction":[{"@type":"ReadAction","target":["https:\/\/masterchem.fi\/sv\/produkt\/kalciumstearat-cas-1592-23-0\/"]}]},{"@type":"ImageObject","inLanguage":"sv-SE","@id":"https:\/\/masterchem.fi\/sv\/produkt\/kalciumstearat-cas-1592-23-0\/#primaryimage","url":"https:\/\/masterchem.fi\/wp-content\/uploads\/2022\/05\/Kalsiumstearaatti-CAS-1592-23-0-20kg-MasterChem.jpg","contentUrl":"https:\/\/masterchem.fi\/wp-content\/uploads\/2022\/05\/Kalsiumstearaatti-CAS-1592-23-0-20kg-MasterChem.jpg","width":1000,"height":1000,"caption":"Kalciumstearat (CAS 1592-23-0)"},{"@type":"BreadcrumbList","@id":"https:\/\/masterchem.fi\/sv\/produkt\/kalciumstearat-cas-1592-23-0\/#breadcrumb","itemListElement":[{"@type":"ListItem","position":1,"name":"Home","item":"https:\/\/masterchem.fi\/sv\/"},{"@type":"ListItem","position":2,"name":"Butik","item":"https:\/\/masterchem.fi\/sv\/butik\/"},{"@type":"ListItem","position":3,"name":"Kalciumstearat (CAS 1592-23-0)"}]},{"@type":"WebSite","@id":"https:\/\/masterchem.fi\/sv\/#website","url":"https:\/\/masterchem.fi\/sv\/","name":"MasterChem | kemikaalien tuotanto ja myynti","description":"kemikaalien tuotanto ja myynti","potentialAction":[{"@type":"SearchAction","target":{"@type":"EntryPoint","urlTemplate":"https:\/\/masterchem.fi\/sv\/?s={search_term_string}"},"query-input":{"@type":"PropertyValueSpecification","valueRequired":true,"valueName":"search_term_string"}}],"inLanguage":"sv-SE"}]}},"_links":{"self":[{"href":"https:\/\/masterchem.fi\/sv\/wp-json\/wp\/v2\/product\/9617","targetHints":{"allow":["GET"]}}],"collection":[{"href":"https:\/\/masterchem.fi\/sv\/wp-json\/wp\/v2\/product"}],"about":[{"href":"https:\/\/masterchem.fi\/sv\/wp-json\/wp\/v2\/types\/product"}],"wp:featuredmedia":[{"embeddable":true,"href":"https:\/\/masterchem.fi\/sv\/wp-json\/wp\/v2\/media\/9621"}],"wp:attachment":[{"href":"https:\/\/masterchem.fi\/sv\/wp-json\/wp\/v2\/media?parent=9617"}],"wp:term":[{"taxonomy":"product_brand","embeddable":true,"href":"https:\/\/masterchem.fi\/sv\/wp-json\/wp\/v2\/product_brand?post=9617"},{"taxonomy":"product_cat","embeddable":true,"href":"https:\/\/masterchem.fi\/sv\/wp-json\/wp\/v2\/product_cat?post=9617"},{"taxonomy":"product_tag","embeddable":true,"href":"https:\/\/masterchem.fi\/sv\/wp-json\/wp\/v2\/product_tag?post=9617"}],"curies":[{"name":"wp","href":"https:\/\/api.w.org\/{rel}","templated":true}]}}