{"id":9637,"date":"2022-05-19T20:24:43","date_gmt":"2022-05-19T17:24:43","guid":{"rendered":"https:\/\/masterchem.fi\/?post_type=product&#038;p=9637"},"modified":"2022-05-19T20:29:24","modified_gmt":"2022-05-19T17:29:24","slug":"blyoxid-cas-1317-36-8","status":"publish","type":"product","link":"https:\/\/masterchem.fi\/sv\/produkt\/blyoxid-cas-1317-36-8\/","title":{"rendered":"Blyoxid (CAS 1317-36-8)"},"content":{"rendered":"<p> <strong> Information <\/strong> <\/p>\n<p> Branscher: f\u00e4rger och fernissor, glas och keramik <br \/>\nCAS-nummer: 1317-36-8 <br \/>\nWE-nummer: 215-267-0 <br \/>\nKemisk formel: PbO <br \/>\nTulltaxa: 28241000 <br \/>\nADR: UN3288 <\/p>\n<p> <strong> Andra fysiska egenskaper <\/strong> <\/p>\n<p> Relativ densitet: 9,96 g\/cm3 <\/p>\n","protected":false},"excerpt":{"rendered":"<p> <strong> Blyoxid (CAS 1317-36-8) <\/strong> <\/p>\n<p>Blymonoxid, eller bly(II)oxid (PbO), \u00e4r en oorganisk jonf\u00f6rening som bildas av bly och oxidjoner. F\u00f6reningen f\u00f6rekommer naturligt som mineraler.<\/p>\n<p> Blymonoxid har anv\u00e4nts som ett gult f\u00e4rg\u00e4mne under namnet blygult. Blandningen anv\u00e4nds vid tillverkning av blybatterier, optiska och keramiska glasrutor och blyf\u00f6reningar. Det anv\u00e4nds ocks\u00e5 vid vulkanisering av gummi och vid tillverkning av lacker och kitt, samt vid organisk syntes. <\/p>\n","protected":false},"featured_media":9631,"template":"","meta":[],"product_brand":[],"product_cat":[112,116,175],"product_tag":[],"class_list":{"0":"post-9637","1":"product","2":"type-product","3":"status-publish","4":"has-post-thumbnail","6":"product_cat-byggbranschen","7":"product_cat-alla-produkter","8":"product_cat-glas-och-keramik","10":"first","11":"outofstock","12":"taxable","13":"shipping-taxable","14":"purchasable","15":"product-type-variable","16":"has-default-attributes","17":"rtwpvg-product"},"yoast_head":"<!-- This site is optimized with the Yoast SEO plugin v27.5 - https:\/\/yoast.com\/product\/yoast-seo-wordpress\/ -->\n<title>Blyoxid (CAS 1317-36-8) - MasterChem | kemikaalien tuotanto ja myynti<\/title>\n<meta name=\"description\" content=\"Krom(III)oxid (eller krom) \u00e4r en oorganisk f\u00f6rening med formeln Cr2O3. Det \u00e4r en av de viktigaste kromoxiderna och anv\u00e4nds som pigment. I naturen f\u00f6rekommer det som en s\u00e4llsynt mineraleskalering.\" \/>\n<meta name=\"robots\" content=\"index, follow, max-snippet:-1, max-image-preview:large, max-video-preview:-1\" \/>\n<link rel=\"canonical\" href=\"https:\/\/masterchem.fi\/sv\/produkt\/blyoxid-cas-1317-36-8\/\" \/>\n<meta property=\"og:locale\" content=\"sv_SE\" \/>\n<meta property=\"og:type\" content=\"article\" \/>\n<meta property=\"og:title\" content=\"Blyoxid (CAS 1317-36-8) - MasterChem | kemikaalien tuotanto ja myynti\" \/>\n<meta property=\"og:description\" content=\"Krom(III)oxid (eller krom) \u00e4r en oorganisk f\u00f6rening med formeln Cr2O3. Det \u00e4r en av de viktigaste kromoxiderna och anv\u00e4nds som pigment. I naturen f\u00f6rekommer det som en s\u00e4llsynt mineraleskalering.\" \/>\n<meta property=\"og:url\" content=\"https:\/\/masterchem.fi\/sv\/produkt\/blyoxid-cas-1317-36-8\/\" \/>\n<meta property=\"og:site_name\" content=\"MasterChem | kemikaalien tuotanto ja myynti\" \/>\n<meta property=\"article:modified_time\" content=\"2022-05-19T17:29:24+00:00\" \/>\n<meta property=\"og:image\" content=\"https:\/\/masterchem.fi\/wp-content\/uploads\/2022\/05\/Dikromitrioksidi-CAS-1308-38-9-25kg-MasterChem.jpg\" \/>\n\t<meta property=\"og:image:width\" content=\"1000\" \/>\n\t<meta property=\"og:image:height\" content=\"1000\" \/>\n\t<meta property=\"og:image:type\" content=\"image\/jpeg\" \/>\n<meta name=\"twitter:card\" content=\"summary_large_image\" \/>\n<script type=\"application\/ld+json\" class=\"yoast-schema-graph\">{\"@context\":\"https:\\\/\\\/schema.org\",\"@graph\":[{\"@type\":\"WebPage\",\"@id\":\"https:\\\/\\\/masterchem.fi\\\/sv\\\/produkt\\\/blyoxid-cas-1317-36-8\\\/\",\"url\":\"https:\\\/\\\/masterchem.fi\\\/sv\\\/produkt\\\/blyoxid-cas-1317-36-8\\\/\",\"name\":\"Blyoxid (CAS 1317-36-8) - MasterChem | kemikaalien tuotanto ja myynti\",\"isPartOf\":{\"@id\":\"https:\\\/\\\/masterchem.fi\\\/sv\\\/#website\"},\"primaryImageOfPage\":{\"@id\":\"https:\\\/\\\/masterchem.fi\\\/sv\\\/produkt\\\/blyoxid-cas-1317-36-8\\\/#primaryimage\"},\"image\":{\"@id\":\"https:\\\/\\\/masterchem.fi\\\/sv\\\/produkt\\\/blyoxid-cas-1317-36-8\\\/#primaryimage\"},\"thumbnailUrl\":\"https:\\\/\\\/masterchem.fi\\\/wp-content\\\/uploads\\\/2022\\\/05\\\/Dikromitrioksidi-CAS-1308-38-9-25kg-MasterChem.jpg\",\"datePublished\":\"2022-05-19T17:24:43+00:00\",\"dateModified\":\"2022-05-19T17:29:24+00:00\",\"description\":\"Krom(III)oxid (eller krom) \u00e4r en oorganisk f\u00f6rening med formeln Cr2O3. Det \u00e4r en av de viktigaste kromoxiderna och anv\u00e4nds som pigment. I naturen f\u00f6rekommer det som en s\u00e4llsynt mineraleskalering.\",\"breadcrumb\":{\"@id\":\"https:\\\/\\\/masterchem.fi\\\/sv\\\/produkt\\\/blyoxid-cas-1317-36-8\\\/#breadcrumb\"},\"inLanguage\":\"sv-SE\",\"potentialAction\":[{\"@type\":\"ReadAction\",\"target\":[\"https:\\\/\\\/masterchem.fi\\\/sv\\\/produkt\\\/blyoxid-cas-1317-36-8\\\/\"]}]},{\"@type\":\"ImageObject\",\"inLanguage\":\"sv-SE\",\"@id\":\"https:\\\/\\\/masterchem.fi\\\/sv\\\/produkt\\\/blyoxid-cas-1317-36-8\\\/#primaryimage\",\"url\":\"https:\\\/\\\/masterchem.fi\\\/wp-content\\\/uploads\\\/2022\\\/05\\\/Dikromitrioksidi-CAS-1308-38-9-25kg-MasterChem.jpg\",\"contentUrl\":\"https:\\\/\\\/masterchem.fi\\\/wp-content\\\/uploads\\\/2022\\\/05\\\/Dikromitrioksidi-CAS-1308-38-9-25kg-MasterChem.jpg\",\"width\":1000,\"height\":1000,\"caption\":\"Blyoxid (CAS 1317-36-8)\"},{\"@type\":\"BreadcrumbList\",\"@id\":\"https:\\\/\\\/masterchem.fi\\\/sv\\\/produkt\\\/blyoxid-cas-1317-36-8\\\/#breadcrumb\",\"itemListElement\":[{\"@type\":\"ListItem\",\"position\":1,\"name\":\"Home\",\"item\":\"https:\\\/\\\/masterchem.fi\\\/sv\\\/\"},{\"@type\":\"ListItem\",\"position\":2,\"name\":\"Butik\",\"item\":\"https:\\\/\\\/masterchem.fi\\\/sv\\\/butik\\\/\"},{\"@type\":\"ListItem\",\"position\":3,\"name\":\"Blyoxid (CAS 1317-36-8)\"}]},{\"@type\":\"WebSite\",\"@id\":\"https:\\\/\\\/masterchem.fi\\\/sv\\\/#website\",\"url\":\"https:\\\/\\\/masterchem.fi\\\/sv\\\/\",\"name\":\"MasterChem | kemikaalien tuotanto ja myynti\",\"description\":\"kemikaalien tuotanto ja myynti\",\"potentialAction\":[{\"@type\":\"SearchAction\",\"target\":{\"@type\":\"EntryPoint\",\"urlTemplate\":\"https:\\\/\\\/masterchem.fi\\\/sv\\\/?s={search_term_string}\"},\"query-input\":{\"@type\":\"PropertyValueSpecification\",\"valueRequired\":true,\"valueName\":\"search_term_string\"}}],\"inLanguage\":\"sv-SE\"}]}<\/script>\n<!-- \/ Yoast SEO plugin. -->","yoast_head_json":{"title":"Blyoxid (CAS 1317-36-8) - MasterChem | kemikaalien tuotanto ja myynti","description":"Krom(III)oxid (eller krom) \u00e4r en oorganisk f\u00f6rening med formeln Cr2O3. Det \u00e4r en av de viktigaste kromoxiderna och anv\u00e4nds som pigment. I naturen f\u00f6rekommer det som en s\u00e4llsynt mineraleskalering.","robots":{"index":"index","follow":"follow","max-snippet":"max-snippet:-1","max-image-preview":"max-image-preview:large","max-video-preview":"max-video-preview:-1"},"canonical":"https:\/\/masterchem.fi\/sv\/produkt\/blyoxid-cas-1317-36-8\/","og_locale":"sv_SE","og_type":"article","og_title":"Blyoxid (CAS 1317-36-8) - MasterChem | kemikaalien tuotanto ja myynti","og_description":"Krom(III)oxid (eller krom) \u00e4r en oorganisk f\u00f6rening med formeln Cr2O3. Det \u00e4r en av de viktigaste kromoxiderna och anv\u00e4nds som pigment. I naturen f\u00f6rekommer det som en s\u00e4llsynt mineraleskalering.","og_url":"https:\/\/masterchem.fi\/sv\/produkt\/blyoxid-cas-1317-36-8\/","og_site_name":"MasterChem | kemikaalien tuotanto ja myynti","article_modified_time":"2022-05-19T17:29:24+00:00","og_image":[{"width":1000,"height":1000,"url":"https:\/\/masterchem.fi\/wp-content\/uploads\/2022\/05\/Dikromitrioksidi-CAS-1308-38-9-25kg-MasterChem.jpg","type":"image\/jpeg"}],"twitter_card":"summary_large_image","schema":{"@context":"https:\/\/schema.org","@graph":[{"@type":"WebPage","@id":"https:\/\/masterchem.fi\/sv\/produkt\/blyoxid-cas-1317-36-8\/","url":"https:\/\/masterchem.fi\/sv\/produkt\/blyoxid-cas-1317-36-8\/","name":"Blyoxid (CAS 1317-36-8) - MasterChem | kemikaalien tuotanto ja myynti","isPartOf":{"@id":"https:\/\/masterchem.fi\/sv\/#website"},"primaryImageOfPage":{"@id":"https:\/\/masterchem.fi\/sv\/produkt\/blyoxid-cas-1317-36-8\/#primaryimage"},"image":{"@id":"https:\/\/masterchem.fi\/sv\/produkt\/blyoxid-cas-1317-36-8\/#primaryimage"},"thumbnailUrl":"https:\/\/masterchem.fi\/wp-content\/uploads\/2022\/05\/Dikromitrioksidi-CAS-1308-38-9-25kg-MasterChem.jpg","datePublished":"2022-05-19T17:24:43+00:00","dateModified":"2022-05-19T17:29:24+00:00","description":"Krom(III)oxid (eller krom) \u00e4r en oorganisk f\u00f6rening med formeln Cr2O3. Det \u00e4r en av de viktigaste kromoxiderna och anv\u00e4nds som pigment. I naturen f\u00f6rekommer det som en s\u00e4llsynt mineraleskalering.","breadcrumb":{"@id":"https:\/\/masterchem.fi\/sv\/produkt\/blyoxid-cas-1317-36-8\/#breadcrumb"},"inLanguage":"sv-SE","potentialAction":[{"@type":"ReadAction","target":["https:\/\/masterchem.fi\/sv\/produkt\/blyoxid-cas-1317-36-8\/"]}]},{"@type":"ImageObject","inLanguage":"sv-SE","@id":"https:\/\/masterchem.fi\/sv\/produkt\/blyoxid-cas-1317-36-8\/#primaryimage","url":"https:\/\/masterchem.fi\/wp-content\/uploads\/2022\/05\/Dikromitrioksidi-CAS-1308-38-9-25kg-MasterChem.jpg","contentUrl":"https:\/\/masterchem.fi\/wp-content\/uploads\/2022\/05\/Dikromitrioksidi-CAS-1308-38-9-25kg-MasterChem.jpg","width":1000,"height":1000,"caption":"Blyoxid (CAS 1317-36-8)"},{"@type":"BreadcrumbList","@id":"https:\/\/masterchem.fi\/sv\/produkt\/blyoxid-cas-1317-36-8\/#breadcrumb","itemListElement":[{"@type":"ListItem","position":1,"name":"Home","item":"https:\/\/masterchem.fi\/sv\/"},{"@type":"ListItem","position":2,"name":"Butik","item":"https:\/\/masterchem.fi\/sv\/butik\/"},{"@type":"ListItem","position":3,"name":"Blyoxid (CAS 1317-36-8)"}]},{"@type":"WebSite","@id":"https:\/\/masterchem.fi\/sv\/#website","url":"https:\/\/masterchem.fi\/sv\/","name":"MasterChem | kemikaalien tuotanto ja myynti","description":"kemikaalien tuotanto ja myynti","potentialAction":[{"@type":"SearchAction","target":{"@type":"EntryPoint","urlTemplate":"https:\/\/masterchem.fi\/sv\/?s={search_term_string}"},"query-input":{"@type":"PropertyValueSpecification","valueRequired":true,"valueName":"search_term_string"}}],"inLanguage":"sv-SE"}]}},"_links":{"self":[{"href":"https:\/\/masterchem.fi\/sv\/wp-json\/wp\/v2\/product\/9637","targetHints":{"allow":["GET"]}}],"collection":[{"href":"https:\/\/masterchem.fi\/sv\/wp-json\/wp\/v2\/product"}],"about":[{"href":"https:\/\/masterchem.fi\/sv\/wp-json\/wp\/v2\/types\/product"}],"wp:featuredmedia":[{"embeddable":true,"href":"https:\/\/masterchem.fi\/sv\/wp-json\/wp\/v2\/media\/9631"}],"wp:attachment":[{"href":"https:\/\/masterchem.fi\/sv\/wp-json\/wp\/v2\/media?parent=9637"}],"wp:term":[{"taxonomy":"product_brand","embeddable":true,"href":"https:\/\/masterchem.fi\/sv\/wp-json\/wp\/v2\/product_brand?post=9637"},{"taxonomy":"product_cat","embeddable":true,"href":"https:\/\/masterchem.fi\/sv\/wp-json\/wp\/v2\/product_cat?post=9637"},{"taxonomy":"product_tag","embeddable":true,"href":"https:\/\/masterchem.fi\/sv\/wp-json\/wp\/v2\/product_tag?post=9637"}],"curies":[{"name":"wp","href":"https:\/\/api.w.org\/{rel}","templated":true}]}}