{"id":9647,"date":"2022-05-19T20:37:30","date_gmt":"2022-05-19T17:37:31","guid":{"rendered":"https:\/\/masterchem.fi\/?post_type=product&#038;p=9647"},"modified":"2022-05-19T20:41:06","modified_gmt":"2022-05-19T17:41:06","slug":"jarnoxid-cas-1309-37-1","status":"publish","type":"product","link":"https:\/\/masterchem.fi\/sv\/produkt\/jarnoxid-cas-1309-37-1\/","title":{"rendered":"J\u00e4rnoxid (CAS 1309-37-1)"},"content":{"rendered":"<p> <strong> Information <\/strong> <\/p>\n<p> Branscher: f\u00e4rger och fernissor, glas och keramik <br \/>\nCAS-nummer: 1309-37-1 <br \/>\nWE-nummer: 215-168-2 <br \/>\nKemisk formel: Fe2O3 <br \/>\nMolekylvikt: 159,69 g\/mol <br \/>\nTulltaxa: 28211000 <br \/>\nADR: UN1376 <\/p>\n","protected":false},"excerpt":{"rendered":"<p> <strong> J\u00e4rnoxid (CAS 1309-37-1) <\/strong> <\/p>\n<p>J\u00e4rn(III)oxid \u00e4r en f\u00f6rening av j\u00e4rn med syre i vilken syre finns med ett oxidationstal p\u00e5 -II och j\u00e4rn + III. Den s\u00e5lunda bildade f\u00f6reningen \u00e4r Fe2O3. Det kan ocks\u00e5 kallas dirautatrioxid eller ferrioxid. J\u00e4rn(III)oxid \u00e4r en av flera syref\u00f6reningar i j\u00e4rn och har paramagnetiska egenskaper. Mineralet hematit \u00e4r kemiskt j\u00e4rn(III)oxid.<\/p>\n<p> I livsmedelstillsatser \u00e4r E-koden f\u00f6r j\u00e4rn(III)oxid E 172. <\/p>\n","protected":false},"featured_media":9651,"template":"","meta":[],"product_brand":[],"product_cat":[116],"product_tag":[],"class_list":{"0":"post-9647","1":"product","2":"type-product","3":"status-publish","4":"has-post-thumbnail","6":"product_cat-alla-produkter","8":"first","9":"outofstock","10":"taxable","11":"shipping-taxable","12":"purchasable","13":"product-type-variable","14":"has-default-attributes","15":"rtwpvg-product"},"yoast_head":"<!-- This site is optimized with the Yoast SEO plugin v27.2 - https:\/\/yoast.com\/product\/yoast-seo-wordpress\/ -->\n<title>J\u00e4rnoxid (CAS 1309-37-1) - MasterChem | kemikaalien tuotanto ja myynti<\/title>\n<meta name=\"description\" content=\"J\u00e4rn(III)oxid \u00e4r en j\u00e4rnf\u00f6rening med syre i vilken syre finns med ett oxidationstal p\u00e5 -II och j\u00e4rn + III. Den s\u00e5lunda bildade f\u00f6reningen \u00e4r Fe2O3.\" \/>\n<meta name=\"robots\" content=\"index, follow, max-snippet:-1, max-image-preview:large, max-video-preview:-1\" \/>\n<link rel=\"canonical\" href=\"https:\/\/masterchem.fi\/sv\/produkt\/jarnoxid-cas-1309-37-1\/\" \/>\n<meta property=\"og:locale\" content=\"sv_SE\" \/>\n<meta property=\"og:type\" content=\"article\" \/>\n<meta property=\"og:title\" content=\"J\u00e4rnoxid (CAS 1309-37-1) - MasterChem | kemikaalien tuotanto ja myynti\" \/>\n<meta property=\"og:description\" content=\"J\u00e4rn(III)oxid \u00e4r en j\u00e4rnf\u00f6rening med syre i vilken syre finns med ett oxidationstal p\u00e5 -II och j\u00e4rn + III. Den s\u00e5lunda bildade f\u00f6reningen \u00e4r Fe2O3.\" \/>\n<meta property=\"og:url\" content=\"https:\/\/masterchem.fi\/sv\/produkt\/jarnoxid-cas-1309-37-1\/\" \/>\n<meta property=\"og:site_name\" content=\"MasterChem | kemikaalien tuotanto ja myynti\" \/>\n<meta property=\"article:modified_time\" content=\"2022-05-19T17:41:06+00:00\" \/>\n<meta property=\"og:image\" content=\"https:\/\/masterchem.fi\/wp-content\/uploads\/2022\/05\/RAUTAOKSIDI-CAS-1309-37-1-25kg-MasterChem.jpg\" \/>\n\t<meta property=\"og:image:width\" content=\"1000\" \/>\n\t<meta property=\"og:image:height\" content=\"1000\" \/>\n\t<meta property=\"og:image:type\" content=\"image\/jpeg\" \/>\n<meta name=\"twitter:card\" content=\"summary_large_image\" \/>\n<script type=\"application\/ld+json\" class=\"yoast-schema-graph\">{\"@context\":\"https:\/\/schema.org\",\"@graph\":[{\"@type\":\"WebPage\",\"@id\":\"https:\/\/masterchem.fi\/sv\/produkt\/jarnoxid-cas-1309-37-1\/\",\"url\":\"https:\/\/masterchem.fi\/sv\/produkt\/jarnoxid-cas-1309-37-1\/\",\"name\":\"J\u00e4rnoxid (CAS 1309-37-1) - MasterChem | kemikaalien tuotanto ja myynti\",\"isPartOf\":{\"@id\":\"https:\/\/masterchem.fi\/sv\/#website\"},\"primaryImageOfPage\":{\"@id\":\"https:\/\/masterchem.fi\/sv\/produkt\/jarnoxid-cas-1309-37-1\/#primaryimage\"},\"image\":{\"@id\":\"https:\/\/masterchem.fi\/sv\/produkt\/jarnoxid-cas-1309-37-1\/#primaryimage\"},\"thumbnailUrl\":\"https:\/\/masterchem.fi\/wp-content\/uploads\/2022\/05\/RAUTAOKSIDI-CAS-1309-37-1-25kg-MasterChem.jpg\",\"datePublished\":\"2022-05-19T17:37:31+00:00\",\"dateModified\":\"2022-05-19T17:41:06+00:00\",\"description\":\"J\u00e4rn(III)oxid \u00e4r en j\u00e4rnf\u00f6rening med syre i vilken syre finns med ett oxidationstal p\u00e5 -II och j\u00e4rn + III. Den s\u00e5lunda bildade f\u00f6reningen \u00e4r Fe2O3.\",\"breadcrumb\":{\"@id\":\"https:\/\/masterchem.fi\/sv\/produkt\/jarnoxid-cas-1309-37-1\/#breadcrumb\"},\"inLanguage\":\"sv-SE\",\"potentialAction\":[{\"@type\":\"ReadAction\",\"target\":[\"https:\/\/masterchem.fi\/sv\/produkt\/jarnoxid-cas-1309-37-1\/\"]}]},{\"@type\":\"ImageObject\",\"inLanguage\":\"sv-SE\",\"@id\":\"https:\/\/masterchem.fi\/sv\/produkt\/jarnoxid-cas-1309-37-1\/#primaryimage\",\"url\":\"https:\/\/masterchem.fi\/wp-content\/uploads\/2022\/05\/RAUTAOKSIDI-CAS-1309-37-1-25kg-MasterChem.jpg\",\"contentUrl\":\"https:\/\/masterchem.fi\/wp-content\/uploads\/2022\/05\/RAUTAOKSIDI-CAS-1309-37-1-25kg-MasterChem.jpg\",\"width\":1000,\"height\":1000,\"caption\":\"J\u00e4rnoxid (CAS 1309-37-1)\"},{\"@type\":\"BreadcrumbList\",\"@id\":\"https:\/\/masterchem.fi\/sv\/produkt\/jarnoxid-cas-1309-37-1\/#breadcrumb\",\"itemListElement\":[{\"@type\":\"ListItem\",\"position\":1,\"name\":\"Home\",\"item\":\"https:\/\/masterchem.fi\/sv\/\"},{\"@type\":\"ListItem\",\"position\":2,\"name\":\"Butik\",\"item\":\"https:\/\/masterchem.fi\/sv\/butik\/\"},{\"@type\":\"ListItem\",\"position\":3,\"name\":\"J\u00e4rnoxid (CAS 1309-37-1)\"}]},{\"@type\":\"WebSite\",\"@id\":\"https:\/\/masterchem.fi\/sv\/#website\",\"url\":\"https:\/\/masterchem.fi\/sv\/\",\"name\":\"MasterChem | kemikaalien tuotanto ja myynti\",\"description\":\"kemikaalien tuotanto ja myynti\",\"potentialAction\":[{\"@type\":\"SearchAction\",\"target\":{\"@type\":\"EntryPoint\",\"urlTemplate\":\"https:\/\/masterchem.fi\/sv\/?s={search_term_string}\"},\"query-input\":{\"@type\":\"PropertyValueSpecification\",\"valueRequired\":true,\"valueName\":\"search_term_string\"}}],\"inLanguage\":\"sv-SE\"}]}<\/script>\n<!-- \/ Yoast SEO plugin. -->","yoast_head_json":{"title":"J\u00e4rnoxid (CAS 1309-37-1) - MasterChem | kemikaalien tuotanto ja myynti","description":"J\u00e4rn(III)oxid \u00e4r en j\u00e4rnf\u00f6rening med syre i vilken syre finns med ett oxidationstal p\u00e5 -II och j\u00e4rn + III. Den s\u00e5lunda bildade f\u00f6reningen \u00e4r Fe2O3.","robots":{"index":"index","follow":"follow","max-snippet":"max-snippet:-1","max-image-preview":"max-image-preview:large","max-video-preview":"max-video-preview:-1"},"canonical":"https:\/\/masterchem.fi\/sv\/produkt\/jarnoxid-cas-1309-37-1\/","og_locale":"sv_SE","og_type":"article","og_title":"J\u00e4rnoxid (CAS 1309-37-1) - MasterChem | kemikaalien tuotanto ja myynti","og_description":"J\u00e4rn(III)oxid \u00e4r en j\u00e4rnf\u00f6rening med syre i vilken syre finns med ett oxidationstal p\u00e5 -II och j\u00e4rn + III. Den s\u00e5lunda bildade f\u00f6reningen \u00e4r Fe2O3.","og_url":"https:\/\/masterchem.fi\/sv\/produkt\/jarnoxid-cas-1309-37-1\/","og_site_name":"MasterChem | kemikaalien tuotanto ja myynti","article_modified_time":"2022-05-19T17:41:06+00:00","og_image":[{"width":1000,"height":1000,"url":"https:\/\/masterchem.fi\/wp-content\/uploads\/2022\/05\/RAUTAOKSIDI-CAS-1309-37-1-25kg-MasterChem.jpg","type":"image\/jpeg"}],"twitter_card":"summary_large_image","schema":{"@context":"https:\/\/schema.org","@graph":[{"@type":"WebPage","@id":"https:\/\/masterchem.fi\/sv\/produkt\/jarnoxid-cas-1309-37-1\/","url":"https:\/\/masterchem.fi\/sv\/produkt\/jarnoxid-cas-1309-37-1\/","name":"J\u00e4rnoxid (CAS 1309-37-1) - MasterChem | kemikaalien tuotanto ja myynti","isPartOf":{"@id":"https:\/\/masterchem.fi\/sv\/#website"},"primaryImageOfPage":{"@id":"https:\/\/masterchem.fi\/sv\/produkt\/jarnoxid-cas-1309-37-1\/#primaryimage"},"image":{"@id":"https:\/\/masterchem.fi\/sv\/produkt\/jarnoxid-cas-1309-37-1\/#primaryimage"},"thumbnailUrl":"https:\/\/masterchem.fi\/wp-content\/uploads\/2022\/05\/RAUTAOKSIDI-CAS-1309-37-1-25kg-MasterChem.jpg","datePublished":"2022-05-19T17:37:31+00:00","dateModified":"2022-05-19T17:41:06+00:00","description":"J\u00e4rn(III)oxid \u00e4r en j\u00e4rnf\u00f6rening med syre i vilken syre finns med ett oxidationstal p\u00e5 -II och j\u00e4rn + III. Den s\u00e5lunda bildade f\u00f6reningen \u00e4r Fe2O3.","breadcrumb":{"@id":"https:\/\/masterchem.fi\/sv\/produkt\/jarnoxid-cas-1309-37-1\/#breadcrumb"},"inLanguage":"sv-SE","potentialAction":[{"@type":"ReadAction","target":["https:\/\/masterchem.fi\/sv\/produkt\/jarnoxid-cas-1309-37-1\/"]}]},{"@type":"ImageObject","inLanguage":"sv-SE","@id":"https:\/\/masterchem.fi\/sv\/produkt\/jarnoxid-cas-1309-37-1\/#primaryimage","url":"https:\/\/masterchem.fi\/wp-content\/uploads\/2022\/05\/RAUTAOKSIDI-CAS-1309-37-1-25kg-MasterChem.jpg","contentUrl":"https:\/\/masterchem.fi\/wp-content\/uploads\/2022\/05\/RAUTAOKSIDI-CAS-1309-37-1-25kg-MasterChem.jpg","width":1000,"height":1000,"caption":"J\u00e4rnoxid (CAS 1309-37-1)"},{"@type":"BreadcrumbList","@id":"https:\/\/masterchem.fi\/sv\/produkt\/jarnoxid-cas-1309-37-1\/#breadcrumb","itemListElement":[{"@type":"ListItem","position":1,"name":"Home","item":"https:\/\/masterchem.fi\/sv\/"},{"@type":"ListItem","position":2,"name":"Butik","item":"https:\/\/masterchem.fi\/sv\/butik\/"},{"@type":"ListItem","position":3,"name":"J\u00e4rnoxid (CAS 1309-37-1)"}]},{"@type":"WebSite","@id":"https:\/\/masterchem.fi\/sv\/#website","url":"https:\/\/masterchem.fi\/sv\/","name":"MasterChem | kemikaalien tuotanto ja myynti","description":"kemikaalien tuotanto ja myynti","potentialAction":[{"@type":"SearchAction","target":{"@type":"EntryPoint","urlTemplate":"https:\/\/masterchem.fi\/sv\/?s={search_term_string}"},"query-input":{"@type":"PropertyValueSpecification","valueRequired":true,"valueName":"search_term_string"}}],"inLanguage":"sv-SE"}]}},"_links":{"self":[{"href":"https:\/\/masterchem.fi\/sv\/wp-json\/wp\/v2\/product\/9647","targetHints":{"allow":["GET"]}}],"collection":[{"href":"https:\/\/masterchem.fi\/sv\/wp-json\/wp\/v2\/product"}],"about":[{"href":"https:\/\/masterchem.fi\/sv\/wp-json\/wp\/v2\/types\/product"}],"wp:featuredmedia":[{"embeddable":true,"href":"https:\/\/masterchem.fi\/sv\/wp-json\/wp\/v2\/media\/9651"}],"wp:attachment":[{"href":"https:\/\/masterchem.fi\/sv\/wp-json\/wp\/v2\/media?parent=9647"}],"wp:term":[{"taxonomy":"product_brand","embeddable":true,"href":"https:\/\/masterchem.fi\/sv\/wp-json\/wp\/v2\/product_brand?post=9647"},{"taxonomy":"product_cat","embeddable":true,"href":"https:\/\/masterchem.fi\/sv\/wp-json\/wp\/v2\/product_cat?post=9647"},{"taxonomy":"product_tag","embeddable":true,"href":"https:\/\/masterchem.fi\/sv\/wp-json\/wp\/v2\/product_tag?post=9647"}],"curies":[{"name":"wp","href":"https:\/\/api.w.org\/{rel}","templated":true}]}}