{"id":9669,"date":"2022-05-19T20:52:56","date_gmt":"2022-05-19T17:52:57","guid":{"rendered":"https:\/\/masterchem.fi\/?post_type=product&#038;p=9669"},"modified":"2022-05-19T20:56:14","modified_gmt":"2022-05-19T17:56:14","slug":"antimontrioxid-cas-1309-64-4","status":"publish","type":"product","link":"https:\/\/masterchem.fi\/sv\/produkt\/antimontrioxid-cas-1309-64-4\/","title":{"rendered":"Antimontrioxid (CAS 1309-64-4)"},"content":{"rendered":"<p> <strong> Information <\/strong> <\/p>\n<p> Branscher: glas och keramik, hartser, plaster, polyuretaner <br \/>\nCAS-nummer: 1309-64-4 <br \/>\nWE-nummer: 215-175-0 <br \/>\nKemisk formel: Sb2O3 <br \/>\nMolekylvikt: 291,52 g\/mol <br \/>\nTariff: 28258000 <\/p>\n<p> <strong> Andra fysiska egenskaper <\/strong> <\/p>\n<p> Sm\u00e4ltpunkt \/ fryspunkt: 656 \u00b0 C (1013 hPa) <br \/>\nKokpunkt\/kokpunktsintervall: 1425 \u00b0C (1013 hPa) <br \/>\nRelativ densitet: 5897 kg \/ m3 (20 \u00b0 C) <br \/>\nL\u00f6slighet i vatten: 2,76 mg\/l (22,2 \u00b0C) <\/p>\n","protected":false},"excerpt":{"rendered":"<p> <strong> Antimontrioxid (CAS 1309-64-4) <\/strong> <\/p>\n<p>Antimontrioxid (Sb2O3) \u00e4r en av antimonoxiderna. Blandningen anv\u00e4nds f\u00f6r att f\u00f6rhindra f\u00f6rbr\u00e4nning av tyger och plaster, f\u00f6r framst\u00e4llning av antimon- och antimonf\u00f6reningar och som katalysator. Sammans\u00e4ttningen kallas \u00e4ven antimonseskvioxid, antimon(III)oxid och antimonvit. <\/p>\n<p> Antimontrioxid har tv\u00e5 fasta kristallina former i fast tillst\u00e5nd, best\u00e5ende av Sb4O6-enheter. Av dessa \u00e4r den mest stabila vid rumstemperatur den kubiska formen, som f\u00f6rekommer naturligt i senarmontitmineral. Kubisk antimontrioxid omvandlas till ett ortorombiskt element vid temperaturer \u00f6ver 570 \u00b0 C. Ortorhombisk antimontrioxid f\u00f6rekommer naturligt i valentinitmineralet. Vid upphettning blir f\u00f6reningen gulaktig i f\u00e4rgen men \u00e5terg\u00e5r till vit vid kylning. I flytande och gasformigt tillst\u00e5nd existerar antimontrioxid som en dimer Sb4O6-molekyl. Antimontrioxid \u00e4r mycket d\u00e5ligt l\u00f6sligt i vatten. Ist\u00e4llet l\u00f6ser det sig bra i syror. F\u00f6reningen \u00e4r amfoter till sin natur och \u00e4r l\u00f6slig i baser som hexahydroxiantimonat eller antimonitjon ([Sb (OH) 6] 3-). N\u00e4r antimontrioxid v\u00e4rms upp till 700-1000 \u00b0C i n\u00e4rvaro av syre, oxideras den till antimontetroxid. <\/p>\n","protected":false},"featured_media":9673,"template":"","meta":[],"product_brand":[],"product_cat":[109,116,175],"product_tag":[],"class_list":{"0":"post-9669","1":"product","2":"type-product","3":"status-publish","4":"has-post-thumbnail","6":"product_cat-plast","7":"product_cat-alla-produkter","8":"product_cat-glas-och-keramik","10":"first","11":"outofstock","12":"taxable","13":"shipping-taxable","14":"purchasable","15":"product-type-variable","16":"has-default-attributes","17":"rtwpvg-product"},"yoast_head":"<!-- This site is optimized with the Yoast SEO plugin v27.2 - https:\/\/yoast.com\/product\/yoast-seo-wordpress\/ -->\n<title>Antimontrioxid (CAS 1309-64-4) - MasterChem | kemikaalien tuotanto ja myynti<\/title>\n<meta name=\"description\" content=\"Antimontrioxid (Sb2O3) \u00e4r en av antimonoxiderna. Blandningen anv\u00e4nds f\u00f6r att f\u00f6rhindra f\u00f6rbr\u00e4nning av tyger och plaster, f\u00f6r framst\u00e4llning av antimon- och antimonf\u00f6reningar och som katalysator.\" \/>\n<meta name=\"robots\" content=\"index, follow, max-snippet:-1, max-image-preview:large, max-video-preview:-1\" \/>\n<link rel=\"canonical\" href=\"https:\/\/masterchem.fi\/sv\/produkt\/antimontrioxid-cas-1309-64-4\/\" \/>\n<meta property=\"og:locale\" content=\"sv_SE\" \/>\n<meta property=\"og:type\" content=\"article\" \/>\n<meta property=\"og:title\" content=\"Antimontrioxid (CAS 1309-64-4) - MasterChem | kemikaalien tuotanto ja myynti\" \/>\n<meta property=\"og:description\" content=\"Antimontrioxid (Sb2O3) \u00e4r en av antimonoxiderna. Blandningen anv\u00e4nds f\u00f6r att f\u00f6rhindra f\u00f6rbr\u00e4nning av tyger och plaster, f\u00f6r framst\u00e4llning av antimon- och antimonf\u00f6reningar och som katalysator.\" \/>\n<meta property=\"og:url\" content=\"https:\/\/masterchem.fi\/sv\/produkt\/antimontrioxid-cas-1309-64-4\/\" \/>\n<meta property=\"og:site_name\" content=\"MasterChem | kemikaalien tuotanto ja myynti\" \/>\n<meta property=\"article:modified_time\" content=\"2022-05-19T17:56:14+00:00\" \/>\n<meta property=\"og:image\" content=\"https:\/\/masterchem.fi\/wp-content\/uploads\/2022\/05\/Antimonitrioksidi-CAS-1309-64-4-25kg-MasterChem.jpg\" \/>\n\t<meta property=\"og:image:width\" content=\"1000\" \/>\n\t<meta property=\"og:image:height\" content=\"1000\" \/>\n\t<meta property=\"og:image:type\" content=\"image\/jpeg\" \/>\n<meta name=\"twitter:card\" content=\"summary_large_image\" \/>\n<script type=\"application\/ld+json\" class=\"yoast-schema-graph\">{\"@context\":\"https:\/\/schema.org\",\"@graph\":[{\"@type\":\"WebPage\",\"@id\":\"https:\/\/masterchem.fi\/sv\/produkt\/antimontrioxid-cas-1309-64-4\/\",\"url\":\"https:\/\/masterchem.fi\/sv\/produkt\/antimontrioxid-cas-1309-64-4\/\",\"name\":\"Antimontrioxid (CAS 1309-64-4) - MasterChem | kemikaalien tuotanto ja myynti\",\"isPartOf\":{\"@id\":\"https:\/\/masterchem.fi\/sv\/#website\"},\"primaryImageOfPage\":{\"@id\":\"https:\/\/masterchem.fi\/sv\/produkt\/antimontrioxid-cas-1309-64-4\/#primaryimage\"},\"image\":{\"@id\":\"https:\/\/masterchem.fi\/sv\/produkt\/antimontrioxid-cas-1309-64-4\/#primaryimage\"},\"thumbnailUrl\":\"https:\/\/masterchem.fi\/wp-content\/uploads\/2022\/05\/Antimonitrioksidi-CAS-1309-64-4-25kg-MasterChem.jpg\",\"datePublished\":\"2022-05-19T17:52:57+00:00\",\"dateModified\":\"2022-05-19T17:56:14+00:00\",\"description\":\"Antimontrioxid (Sb2O3) \u00e4r en av antimonoxiderna. Blandningen anv\u00e4nds f\u00f6r att f\u00f6rhindra f\u00f6rbr\u00e4nning av tyger och plaster, f\u00f6r framst\u00e4llning av antimon- och antimonf\u00f6reningar och som katalysator.\",\"breadcrumb\":{\"@id\":\"https:\/\/masterchem.fi\/sv\/produkt\/antimontrioxid-cas-1309-64-4\/#breadcrumb\"},\"inLanguage\":\"sv-SE\",\"potentialAction\":[{\"@type\":\"ReadAction\",\"target\":[\"https:\/\/masterchem.fi\/sv\/produkt\/antimontrioxid-cas-1309-64-4\/\"]}]},{\"@type\":\"ImageObject\",\"inLanguage\":\"sv-SE\",\"@id\":\"https:\/\/masterchem.fi\/sv\/produkt\/antimontrioxid-cas-1309-64-4\/#primaryimage\",\"url\":\"https:\/\/masterchem.fi\/wp-content\/uploads\/2022\/05\/Antimonitrioksidi-CAS-1309-64-4-25kg-MasterChem.jpg\",\"contentUrl\":\"https:\/\/masterchem.fi\/wp-content\/uploads\/2022\/05\/Antimonitrioksidi-CAS-1309-64-4-25kg-MasterChem.jpg\",\"width\":1000,\"height\":1000,\"caption\":\"Antimontrioxid (CAS 1309-64-4)\"},{\"@type\":\"BreadcrumbList\",\"@id\":\"https:\/\/masterchem.fi\/sv\/produkt\/antimontrioxid-cas-1309-64-4\/#breadcrumb\",\"itemListElement\":[{\"@type\":\"ListItem\",\"position\":1,\"name\":\"Home\",\"item\":\"https:\/\/masterchem.fi\/sv\/\"},{\"@type\":\"ListItem\",\"position\":2,\"name\":\"Butik\",\"item\":\"https:\/\/masterchem.fi\/sv\/butik\/\"},{\"@type\":\"ListItem\",\"position\":3,\"name\":\"Antimontrioxid (CAS 1309-64-4)\"}]},{\"@type\":\"WebSite\",\"@id\":\"https:\/\/masterchem.fi\/sv\/#website\",\"url\":\"https:\/\/masterchem.fi\/sv\/\",\"name\":\"MasterChem | kemikaalien tuotanto ja myynti\",\"description\":\"kemikaalien tuotanto ja myynti\",\"potentialAction\":[{\"@type\":\"SearchAction\",\"target\":{\"@type\":\"EntryPoint\",\"urlTemplate\":\"https:\/\/masterchem.fi\/sv\/?s={search_term_string}\"},\"query-input\":{\"@type\":\"PropertyValueSpecification\",\"valueRequired\":true,\"valueName\":\"search_term_string\"}}],\"inLanguage\":\"sv-SE\"}]}<\/script>\n<!-- \/ Yoast SEO plugin. -->","yoast_head_json":{"title":"Antimontrioxid (CAS 1309-64-4) - MasterChem | kemikaalien tuotanto ja myynti","description":"Antimontrioxid (Sb2O3) \u00e4r en av antimonoxiderna. Blandningen anv\u00e4nds f\u00f6r att f\u00f6rhindra f\u00f6rbr\u00e4nning av tyger och plaster, f\u00f6r framst\u00e4llning av antimon- och antimonf\u00f6reningar och som katalysator.","robots":{"index":"index","follow":"follow","max-snippet":"max-snippet:-1","max-image-preview":"max-image-preview:large","max-video-preview":"max-video-preview:-1"},"canonical":"https:\/\/masterchem.fi\/sv\/produkt\/antimontrioxid-cas-1309-64-4\/","og_locale":"sv_SE","og_type":"article","og_title":"Antimontrioxid (CAS 1309-64-4) - MasterChem | kemikaalien tuotanto ja myynti","og_description":"Antimontrioxid (Sb2O3) \u00e4r en av antimonoxiderna. Blandningen anv\u00e4nds f\u00f6r att f\u00f6rhindra f\u00f6rbr\u00e4nning av tyger och plaster, f\u00f6r framst\u00e4llning av antimon- och antimonf\u00f6reningar och som katalysator.","og_url":"https:\/\/masterchem.fi\/sv\/produkt\/antimontrioxid-cas-1309-64-4\/","og_site_name":"MasterChem | kemikaalien tuotanto ja myynti","article_modified_time":"2022-05-19T17:56:14+00:00","og_image":[{"width":1000,"height":1000,"url":"https:\/\/masterchem.fi\/wp-content\/uploads\/2022\/05\/Antimonitrioksidi-CAS-1309-64-4-25kg-MasterChem.jpg","type":"image\/jpeg"}],"twitter_card":"summary_large_image","schema":{"@context":"https:\/\/schema.org","@graph":[{"@type":"WebPage","@id":"https:\/\/masterchem.fi\/sv\/produkt\/antimontrioxid-cas-1309-64-4\/","url":"https:\/\/masterchem.fi\/sv\/produkt\/antimontrioxid-cas-1309-64-4\/","name":"Antimontrioxid (CAS 1309-64-4) - MasterChem | kemikaalien tuotanto ja myynti","isPartOf":{"@id":"https:\/\/masterchem.fi\/sv\/#website"},"primaryImageOfPage":{"@id":"https:\/\/masterchem.fi\/sv\/produkt\/antimontrioxid-cas-1309-64-4\/#primaryimage"},"image":{"@id":"https:\/\/masterchem.fi\/sv\/produkt\/antimontrioxid-cas-1309-64-4\/#primaryimage"},"thumbnailUrl":"https:\/\/masterchem.fi\/wp-content\/uploads\/2022\/05\/Antimonitrioksidi-CAS-1309-64-4-25kg-MasterChem.jpg","datePublished":"2022-05-19T17:52:57+00:00","dateModified":"2022-05-19T17:56:14+00:00","description":"Antimontrioxid (Sb2O3) \u00e4r en av antimonoxiderna. Blandningen anv\u00e4nds f\u00f6r att f\u00f6rhindra f\u00f6rbr\u00e4nning av tyger och plaster, f\u00f6r framst\u00e4llning av antimon- och antimonf\u00f6reningar och som katalysator.","breadcrumb":{"@id":"https:\/\/masterchem.fi\/sv\/produkt\/antimontrioxid-cas-1309-64-4\/#breadcrumb"},"inLanguage":"sv-SE","potentialAction":[{"@type":"ReadAction","target":["https:\/\/masterchem.fi\/sv\/produkt\/antimontrioxid-cas-1309-64-4\/"]}]},{"@type":"ImageObject","inLanguage":"sv-SE","@id":"https:\/\/masterchem.fi\/sv\/produkt\/antimontrioxid-cas-1309-64-4\/#primaryimage","url":"https:\/\/masterchem.fi\/wp-content\/uploads\/2022\/05\/Antimonitrioksidi-CAS-1309-64-4-25kg-MasterChem.jpg","contentUrl":"https:\/\/masterchem.fi\/wp-content\/uploads\/2022\/05\/Antimonitrioksidi-CAS-1309-64-4-25kg-MasterChem.jpg","width":1000,"height":1000,"caption":"Antimontrioxid (CAS 1309-64-4)"},{"@type":"BreadcrumbList","@id":"https:\/\/masterchem.fi\/sv\/produkt\/antimontrioxid-cas-1309-64-4\/#breadcrumb","itemListElement":[{"@type":"ListItem","position":1,"name":"Home","item":"https:\/\/masterchem.fi\/sv\/"},{"@type":"ListItem","position":2,"name":"Butik","item":"https:\/\/masterchem.fi\/sv\/butik\/"},{"@type":"ListItem","position":3,"name":"Antimontrioxid (CAS 1309-64-4)"}]},{"@type":"WebSite","@id":"https:\/\/masterchem.fi\/sv\/#website","url":"https:\/\/masterchem.fi\/sv\/","name":"MasterChem | kemikaalien tuotanto ja myynti","description":"kemikaalien tuotanto ja myynti","potentialAction":[{"@type":"SearchAction","target":{"@type":"EntryPoint","urlTemplate":"https:\/\/masterchem.fi\/sv\/?s={search_term_string}"},"query-input":{"@type":"PropertyValueSpecification","valueRequired":true,"valueName":"search_term_string"}}],"inLanguage":"sv-SE"}]}},"_links":{"self":[{"href":"https:\/\/masterchem.fi\/sv\/wp-json\/wp\/v2\/product\/9669","targetHints":{"allow":["GET"]}}],"collection":[{"href":"https:\/\/masterchem.fi\/sv\/wp-json\/wp\/v2\/product"}],"about":[{"href":"https:\/\/masterchem.fi\/sv\/wp-json\/wp\/v2\/types\/product"}],"wp:featuredmedia":[{"embeddable":true,"href":"https:\/\/masterchem.fi\/sv\/wp-json\/wp\/v2\/media\/9673"}],"wp:attachment":[{"href":"https:\/\/masterchem.fi\/sv\/wp-json\/wp\/v2\/media?parent=9669"}],"wp:term":[{"taxonomy":"product_brand","embeddable":true,"href":"https:\/\/masterchem.fi\/sv\/wp-json\/wp\/v2\/product_brand?post=9669"},{"taxonomy":"product_cat","embeddable":true,"href":"https:\/\/masterchem.fi\/sv\/wp-json\/wp\/v2\/product_cat?post=9669"},{"taxonomy":"product_tag","embeddable":true,"href":"https:\/\/masterchem.fi\/sv\/wp-json\/wp\/v2\/product_tag?post=9669"}],"curies":[{"name":"wp","href":"https:\/\/api.w.org\/{rel}","templated":true}]}}