{"id":9680,"date":"2022-05-21T08:51:00","date_gmt":"2022-05-21T05:51:01","guid":{"rendered":"https:\/\/masterchem.fi\/?post_type=product&#038;p=9680"},"modified":"2022-05-21T08:54:49","modified_gmt":"2022-05-21T05:54:49","slug":"bariumkarbonat-cas-513-77-9","status":"publish","type":"product","link":"https:\/\/masterchem.fi\/sv\/produkt\/bariumkarbonat-cas-513-77-9\/","title":{"rendered":"Bariumkarbonat (CAS 513-77-9)"},"content":{"rendered":"<p> <strong> Information <\/strong> <\/p>\n<p> Branscher: F\u00e4rger och lacker <br \/>\nCAS-nummer: 513-77-9 <br \/>\nWE-nummer: 208-167-3 <br \/>\nIndexnummer: 056-003-00-2 <br \/>\nKemisk formel: BaCO3 <br \/>\nMolekylvikt: 197,34 g\/mol <br \/>\nTulltaxa: 25112000 <br \/>\nADR: UN1564 <\/p>\n<p> <strong> Andra fysiska egenskaper <\/strong> <\/p>\n<p> Sm\u00e4ltpunkt \/ fryspunkt: 1300 \u00b0 C <br \/>\nRelativ densitet: 4,28 g\/cm3 <br \/>\nL\u00f6slighet i vatten: 0,02 mg\/l (20 \u00b0C) <\/p>\n","protected":false},"excerpt":{"rendered":"<p> <strong> Bariumkarbonat (CAS 513-77-9) <\/strong> <\/p>\n<p>Bariumkarbonat (BaCO3) \u00e4r en oorganisk jonf\u00f6rening som bildas av barium- och karbonatjoner. Blandningen anv\u00e4nds bland annat vid tillverkning av glasyrer och andra bariumf\u00f6reningar. Bariumkarbonat f\u00f6rekommer naturligt som ett witeritmineral.<\/p>\n<p> Bariumkarbonat \u00e4r ett kristallint vitt \u00e4mne vid rumstemperatur. Den har flera kristallformer. Stabil vid rumstemperatur \u00e4r den rombiska formen av \u03b3, som omvandlas till hexagonalt \u03b2-bariumkarbonat vid upphettning till 803 \u00b0 C. \u03b2-Bariumkarbonat omvandlas till den kubiska \u03b1-formen vid 910 \u00b0 C. Vid temperaturer \u00f6ver 1000 \u00b0 C b\u00f6rjar f\u00f6reningen s\u00f6nderdelas till bariumoxid och koldioxid. Bariumkarbonat \u00e4r ol\u00f6sligt i vatten men l\u00f6sligt i utsp\u00e4dda syral\u00f6sningar och l\u00f6sningar som inneh\u00e5ller ammoniumjoner. <\/p>\n","protected":false},"featured_media":9684,"template":"","meta":[],"product_brand":[],"product_cat":[116],"product_tag":[],"class_list":{"0":"post-9680","1":"product","2":"type-product","3":"status-publish","4":"has-post-thumbnail","6":"product_cat-alla-produkter","8":"first","9":"outofstock","10":"taxable","11":"shipping-taxable","12":"purchasable","13":"product-type-variable","14":"has-default-attributes","15":"rtwpvg-product"},"yoast_head":"<!-- This site is optimized with the Yoast SEO plugin v27.2 - https:\/\/yoast.com\/product\/yoast-seo-wordpress\/ -->\n<title>Bariumkarbonat (CAS 513-77-9) - MasterChem | kemikaalien tuotanto ja myynti<\/title>\n<meta name=\"description\" content=\"Bariumkarbonat (BaCO3) \u00e4r en oorganisk jonf\u00f6rening som bildas av barium- och karbonatjoner. Blandningen anv\u00e4nds bland annat vid tillverkning av glasyrer och andra bariumf\u00f6reningar.\" \/>\n<meta name=\"robots\" content=\"index, follow, max-snippet:-1, max-image-preview:large, max-video-preview:-1\" \/>\n<link rel=\"canonical\" href=\"https:\/\/masterchem.fi\/sv\/produkt\/bariumkarbonat-cas-513-77-9\/\" \/>\n<meta property=\"og:locale\" content=\"sv_SE\" \/>\n<meta property=\"og:type\" content=\"article\" \/>\n<meta property=\"og:title\" content=\"Bariumkarbonat (CAS 513-77-9) - MasterChem | kemikaalien tuotanto ja myynti\" \/>\n<meta property=\"og:description\" content=\"Bariumkarbonat (BaCO3) \u00e4r en oorganisk jonf\u00f6rening som bildas av barium- och karbonatjoner. Blandningen anv\u00e4nds bland annat vid tillverkning av glasyrer och andra bariumf\u00f6reningar.\" \/>\n<meta property=\"og:url\" content=\"https:\/\/masterchem.fi\/sv\/produkt\/bariumkarbonat-cas-513-77-9\/\" \/>\n<meta property=\"og:site_name\" content=\"MasterChem | kemikaalien tuotanto ja myynti\" \/>\n<meta property=\"article:modified_time\" content=\"2022-05-21T05:54:49+00:00\" \/>\n<meta property=\"og:image\" content=\"https:\/\/masterchem.fi\/wp-content\/uploads\/2022\/05\/Bariumkarbonaatti-CAS-513-77-9-25kg-MasterChem.jpg\" \/>\n\t<meta property=\"og:image:width\" content=\"1000\" \/>\n\t<meta property=\"og:image:height\" content=\"1000\" \/>\n\t<meta property=\"og:image:type\" content=\"image\/jpeg\" \/>\n<meta name=\"twitter:card\" content=\"summary_large_image\" \/>\n<script type=\"application\/ld+json\" class=\"yoast-schema-graph\">{\"@context\":\"https:\/\/schema.org\",\"@graph\":[{\"@type\":\"WebPage\",\"@id\":\"https:\/\/masterchem.fi\/sv\/produkt\/bariumkarbonat-cas-513-77-9\/\",\"url\":\"https:\/\/masterchem.fi\/sv\/produkt\/bariumkarbonat-cas-513-77-9\/\",\"name\":\"Bariumkarbonat (CAS 513-77-9) - MasterChem | kemikaalien tuotanto ja myynti\",\"isPartOf\":{\"@id\":\"https:\/\/masterchem.fi\/sv\/#website\"},\"primaryImageOfPage\":{\"@id\":\"https:\/\/masterchem.fi\/sv\/produkt\/bariumkarbonat-cas-513-77-9\/#primaryimage\"},\"image\":{\"@id\":\"https:\/\/masterchem.fi\/sv\/produkt\/bariumkarbonat-cas-513-77-9\/#primaryimage\"},\"thumbnailUrl\":\"https:\/\/masterchem.fi\/wp-content\/uploads\/2022\/05\/Bariumkarbonaatti-CAS-513-77-9-25kg-MasterChem.jpg\",\"datePublished\":\"2022-05-21T05:51:01+00:00\",\"dateModified\":\"2022-05-21T05:54:49+00:00\",\"description\":\"Bariumkarbonat (BaCO3) \u00e4r en oorganisk jonf\u00f6rening som bildas av barium- och karbonatjoner. Blandningen anv\u00e4nds bland annat vid tillverkning av glasyrer och andra bariumf\u00f6reningar.\",\"breadcrumb\":{\"@id\":\"https:\/\/masterchem.fi\/sv\/produkt\/bariumkarbonat-cas-513-77-9\/#breadcrumb\"},\"inLanguage\":\"sv-SE\",\"potentialAction\":[{\"@type\":\"ReadAction\",\"target\":[\"https:\/\/masterchem.fi\/sv\/produkt\/bariumkarbonat-cas-513-77-9\/\"]}]},{\"@type\":\"ImageObject\",\"inLanguage\":\"sv-SE\",\"@id\":\"https:\/\/masterchem.fi\/sv\/produkt\/bariumkarbonat-cas-513-77-9\/#primaryimage\",\"url\":\"https:\/\/masterchem.fi\/wp-content\/uploads\/2022\/05\/Bariumkarbonaatti-CAS-513-77-9-25kg-MasterChem.jpg\",\"contentUrl\":\"https:\/\/masterchem.fi\/wp-content\/uploads\/2022\/05\/Bariumkarbonaatti-CAS-513-77-9-25kg-MasterChem.jpg\",\"width\":1000,\"height\":1000,\"caption\":\"Bariumkarbonat (CAS 513-77-9)\"},{\"@type\":\"BreadcrumbList\",\"@id\":\"https:\/\/masterchem.fi\/sv\/produkt\/bariumkarbonat-cas-513-77-9\/#breadcrumb\",\"itemListElement\":[{\"@type\":\"ListItem\",\"position\":1,\"name\":\"Home\",\"item\":\"https:\/\/masterchem.fi\/sv\/\"},{\"@type\":\"ListItem\",\"position\":2,\"name\":\"Butik\",\"item\":\"https:\/\/masterchem.fi\/sv\/butik\/\"},{\"@type\":\"ListItem\",\"position\":3,\"name\":\"Bariumkarbonat (CAS 513-77-9)\"}]},{\"@type\":\"WebSite\",\"@id\":\"https:\/\/masterchem.fi\/sv\/#website\",\"url\":\"https:\/\/masterchem.fi\/sv\/\",\"name\":\"MasterChem | kemikaalien tuotanto ja myynti\",\"description\":\"kemikaalien tuotanto ja myynti\",\"potentialAction\":[{\"@type\":\"SearchAction\",\"target\":{\"@type\":\"EntryPoint\",\"urlTemplate\":\"https:\/\/masterchem.fi\/sv\/?s={search_term_string}\"},\"query-input\":{\"@type\":\"PropertyValueSpecification\",\"valueRequired\":true,\"valueName\":\"search_term_string\"}}],\"inLanguage\":\"sv-SE\"}]}<\/script>\n<!-- \/ Yoast SEO plugin. -->","yoast_head_json":{"title":"Bariumkarbonat (CAS 513-77-9) - MasterChem | kemikaalien tuotanto ja myynti","description":"Bariumkarbonat (BaCO3) \u00e4r en oorganisk jonf\u00f6rening som bildas av barium- och karbonatjoner. Blandningen anv\u00e4nds bland annat vid tillverkning av glasyrer och andra bariumf\u00f6reningar.","robots":{"index":"index","follow":"follow","max-snippet":"max-snippet:-1","max-image-preview":"max-image-preview:large","max-video-preview":"max-video-preview:-1"},"canonical":"https:\/\/masterchem.fi\/sv\/produkt\/bariumkarbonat-cas-513-77-9\/","og_locale":"sv_SE","og_type":"article","og_title":"Bariumkarbonat (CAS 513-77-9) - MasterChem | kemikaalien tuotanto ja myynti","og_description":"Bariumkarbonat (BaCO3) \u00e4r en oorganisk jonf\u00f6rening som bildas av barium- och karbonatjoner. Blandningen anv\u00e4nds bland annat vid tillverkning av glasyrer och andra bariumf\u00f6reningar.","og_url":"https:\/\/masterchem.fi\/sv\/produkt\/bariumkarbonat-cas-513-77-9\/","og_site_name":"MasterChem | kemikaalien tuotanto ja myynti","article_modified_time":"2022-05-21T05:54:49+00:00","og_image":[{"width":1000,"height":1000,"url":"https:\/\/masterchem.fi\/wp-content\/uploads\/2022\/05\/Bariumkarbonaatti-CAS-513-77-9-25kg-MasterChem.jpg","type":"image\/jpeg"}],"twitter_card":"summary_large_image","schema":{"@context":"https:\/\/schema.org","@graph":[{"@type":"WebPage","@id":"https:\/\/masterchem.fi\/sv\/produkt\/bariumkarbonat-cas-513-77-9\/","url":"https:\/\/masterchem.fi\/sv\/produkt\/bariumkarbonat-cas-513-77-9\/","name":"Bariumkarbonat (CAS 513-77-9) - MasterChem | kemikaalien tuotanto ja myynti","isPartOf":{"@id":"https:\/\/masterchem.fi\/sv\/#website"},"primaryImageOfPage":{"@id":"https:\/\/masterchem.fi\/sv\/produkt\/bariumkarbonat-cas-513-77-9\/#primaryimage"},"image":{"@id":"https:\/\/masterchem.fi\/sv\/produkt\/bariumkarbonat-cas-513-77-9\/#primaryimage"},"thumbnailUrl":"https:\/\/masterchem.fi\/wp-content\/uploads\/2022\/05\/Bariumkarbonaatti-CAS-513-77-9-25kg-MasterChem.jpg","datePublished":"2022-05-21T05:51:01+00:00","dateModified":"2022-05-21T05:54:49+00:00","description":"Bariumkarbonat (BaCO3) \u00e4r en oorganisk jonf\u00f6rening som bildas av barium- och karbonatjoner. Blandningen anv\u00e4nds bland annat vid tillverkning av glasyrer och andra bariumf\u00f6reningar.","breadcrumb":{"@id":"https:\/\/masterchem.fi\/sv\/produkt\/bariumkarbonat-cas-513-77-9\/#breadcrumb"},"inLanguage":"sv-SE","potentialAction":[{"@type":"ReadAction","target":["https:\/\/masterchem.fi\/sv\/produkt\/bariumkarbonat-cas-513-77-9\/"]}]},{"@type":"ImageObject","inLanguage":"sv-SE","@id":"https:\/\/masterchem.fi\/sv\/produkt\/bariumkarbonat-cas-513-77-9\/#primaryimage","url":"https:\/\/masterchem.fi\/wp-content\/uploads\/2022\/05\/Bariumkarbonaatti-CAS-513-77-9-25kg-MasterChem.jpg","contentUrl":"https:\/\/masterchem.fi\/wp-content\/uploads\/2022\/05\/Bariumkarbonaatti-CAS-513-77-9-25kg-MasterChem.jpg","width":1000,"height":1000,"caption":"Bariumkarbonat (CAS 513-77-9)"},{"@type":"BreadcrumbList","@id":"https:\/\/masterchem.fi\/sv\/produkt\/bariumkarbonat-cas-513-77-9\/#breadcrumb","itemListElement":[{"@type":"ListItem","position":1,"name":"Home","item":"https:\/\/masterchem.fi\/sv\/"},{"@type":"ListItem","position":2,"name":"Butik","item":"https:\/\/masterchem.fi\/sv\/butik\/"},{"@type":"ListItem","position":3,"name":"Bariumkarbonat (CAS 513-77-9)"}]},{"@type":"WebSite","@id":"https:\/\/masterchem.fi\/sv\/#website","url":"https:\/\/masterchem.fi\/sv\/","name":"MasterChem | kemikaalien tuotanto ja myynti","description":"kemikaalien tuotanto ja myynti","potentialAction":[{"@type":"SearchAction","target":{"@type":"EntryPoint","urlTemplate":"https:\/\/masterchem.fi\/sv\/?s={search_term_string}"},"query-input":{"@type":"PropertyValueSpecification","valueRequired":true,"valueName":"search_term_string"}}],"inLanguage":"sv-SE"}]}},"_links":{"self":[{"href":"https:\/\/masterchem.fi\/sv\/wp-json\/wp\/v2\/product\/9680","targetHints":{"allow":["GET"]}}],"collection":[{"href":"https:\/\/masterchem.fi\/sv\/wp-json\/wp\/v2\/product"}],"about":[{"href":"https:\/\/masterchem.fi\/sv\/wp-json\/wp\/v2\/types\/product"}],"wp:featuredmedia":[{"embeddable":true,"href":"https:\/\/masterchem.fi\/sv\/wp-json\/wp\/v2\/media\/9684"}],"wp:attachment":[{"href":"https:\/\/masterchem.fi\/sv\/wp-json\/wp\/v2\/media?parent=9680"}],"wp:term":[{"taxonomy":"product_brand","embeddable":true,"href":"https:\/\/masterchem.fi\/sv\/wp-json\/wp\/v2\/product_brand?post=9680"},{"taxonomy":"product_cat","embeddable":true,"href":"https:\/\/masterchem.fi\/sv\/wp-json\/wp\/v2\/product_cat?post=9680"},{"taxonomy":"product_tag","embeddable":true,"href":"https:\/\/masterchem.fi\/sv\/wp-json\/wp\/v2\/product_tag?post=9680"}],"curies":[{"name":"wp","href":"https:\/\/api.w.org\/{rel}","templated":true}]}}