{"id":9690,"date":"2022-05-21T08:56:07","date_gmt":"2022-05-21T05:56:07","guid":{"rendered":"https:\/\/masterchem.fi\/?post_type=product&#038;p=9690"},"modified":"2022-05-21T08:58:57","modified_gmt":"2022-05-21T05:58:57","slug":"vitamin-b12-cas-68-19-9","status":"publish","type":"product","link":"https:\/\/masterchem.fi\/sv\/produkt\/vitamin-b12-cas-68-19-9\/","title":{"rendered":"Vitamin B12 (CAS 68-19-9)"},"content":{"rendered":"<p> <strong> Information <\/strong> <\/p>\n<p> Branscher: fodersektor <br \/>\nCAS-nummer: 68-19-9 <br \/>\nKemisk formel: C63H88CON14O14P <br \/>\nMolekylvikt: 1355,37 g\/mol <br \/>\nTulltaxa: 29362600 <\/p>\n","protected":false},"excerpt":{"rendered":"<p> <strong> Vitamin B12 (CAS 68-19-9) <\/strong> <\/p>\n<p>Vitaminer B12 \u00e4r vitaminer och en grupp \u00e4mnen som bildas av en substituerad korrinring och en ribonukleotid av 5,6-dimetylbensimidazol med koboltjon oktaedriskt bunden till ringens mitt p\u00e5 sex platser. Den sj\u00e4tte gruppen bunden till jonen, liganden, varierar och alla \u00e4mnen med denna struktur s\u00e4gs vara kobalaminer, \u00e4ven om de inte fungerar som vitaminer. Det finns mer \u00e4n 20 olika kobalaminer i naturen, varav n\u00e5gra dock inte fungerar som vitamin B12 hos djur eller \u00e4r d\u00e5ligt absorberade. Cyanokobalamin \u00e4r det vanligaste vitamin B12 som tills\u00e4tts till kosttillskott, men det finns knappast i naturen. <\/p>\n","protected":false},"featured_media":9694,"template":"","meta":[],"product_brand":[],"product_cat":[179,116],"product_tag":[],"class_list":{"0":"post-9690","1":"product","2":"type-product","3":"status-publish","4":"has-post-thumbnail","6":"product_cat-foderindustri","7":"product_cat-alla-produkter","9":"first","10":"outofstock","11":"taxable","12":"shipping-taxable","13":"purchasable","14":"product-type-variable","15":"has-default-attributes","16":"rtwpvg-product"},"yoast_head":"<!-- This site is optimized with the Yoast SEO plugin v27.2 - https:\/\/yoast.com\/product\/yoast-seo-wordpress\/ -->\n<title>Vitamin B12 (CAS 68-19-9) - MasterChem | kemikaalien tuotanto ja myynti<\/title>\n<meta name=\"description\" content=\"Vitaminer B12 \u00e4r vitaminer och en grupp \u00e4mnen som bildas av en substituerad korrinring och en ribonukleotid av 5,6-dimetylbensimidazol med en koboltjon oktaedriskt bunden till ringens mitt p\u00e5 sex st\u00e4llen.\" \/>\n<meta name=\"robots\" content=\"index, follow, max-snippet:-1, max-image-preview:large, max-video-preview:-1\" \/>\n<link rel=\"canonical\" href=\"https:\/\/masterchem.fi\/sv\/produkt\/vitamin-b12-cas-68-19-9\/\" \/>\n<meta property=\"og:locale\" content=\"sv_SE\" \/>\n<meta property=\"og:type\" content=\"article\" \/>\n<meta property=\"og:title\" content=\"Vitamin B12 (CAS 68-19-9) - MasterChem | kemikaalien tuotanto ja myynti\" \/>\n<meta property=\"og:description\" content=\"Vitaminer B12 \u00e4r vitaminer och en grupp \u00e4mnen som bildas av en substituerad korrinring och en ribonukleotid av 5,6-dimetylbensimidazol med en koboltjon oktaedriskt bunden till ringens mitt p\u00e5 sex st\u00e4llen.\" \/>\n<meta property=\"og:url\" content=\"https:\/\/masterchem.fi\/sv\/produkt\/vitamin-b12-cas-68-19-9\/\" \/>\n<meta property=\"og:site_name\" content=\"MasterChem | kemikaalien tuotanto ja myynti\" \/>\n<meta property=\"article:modified_time\" content=\"2022-05-21T05:58:57+00:00\" \/>\n<meta property=\"og:image\" content=\"https:\/\/masterchem.fi\/wp-content\/uploads\/2022\/05\/B12-vitamiini-CAS-68-19-9-25kg-MasterChem.jpg\" \/>\n\t<meta property=\"og:image:width\" content=\"1000\" \/>\n\t<meta property=\"og:image:height\" content=\"1000\" \/>\n\t<meta property=\"og:image:type\" content=\"image\/jpeg\" \/>\n<meta name=\"twitter:card\" content=\"summary_large_image\" \/>\n<script type=\"application\/ld+json\" class=\"yoast-schema-graph\">{\"@context\":\"https:\/\/schema.org\",\"@graph\":[{\"@type\":\"WebPage\",\"@id\":\"https:\/\/masterchem.fi\/sv\/produkt\/vitamin-b12-cas-68-19-9\/\",\"url\":\"https:\/\/masterchem.fi\/sv\/produkt\/vitamin-b12-cas-68-19-9\/\",\"name\":\"Vitamin B12 (CAS 68-19-9) - MasterChem | kemikaalien tuotanto ja myynti\",\"isPartOf\":{\"@id\":\"https:\/\/masterchem.fi\/sv\/#website\"},\"primaryImageOfPage\":{\"@id\":\"https:\/\/masterchem.fi\/sv\/produkt\/vitamin-b12-cas-68-19-9\/#primaryimage\"},\"image\":{\"@id\":\"https:\/\/masterchem.fi\/sv\/produkt\/vitamin-b12-cas-68-19-9\/#primaryimage\"},\"thumbnailUrl\":\"https:\/\/masterchem.fi\/wp-content\/uploads\/2022\/05\/B12-vitamiini-CAS-68-19-9-25kg-MasterChem.jpg\",\"datePublished\":\"2022-05-21T05:56:07+00:00\",\"dateModified\":\"2022-05-21T05:58:57+00:00\",\"description\":\"Vitaminer B12 \u00e4r vitaminer och en grupp \u00e4mnen som bildas av en substituerad korrinring och en ribonukleotid av 5,6-dimetylbensimidazol med en koboltjon oktaedriskt bunden till ringens mitt p\u00e5 sex st\u00e4llen.\",\"breadcrumb\":{\"@id\":\"https:\/\/masterchem.fi\/sv\/produkt\/vitamin-b12-cas-68-19-9\/#breadcrumb\"},\"inLanguage\":\"sv-SE\",\"potentialAction\":[{\"@type\":\"ReadAction\",\"target\":[\"https:\/\/masterchem.fi\/sv\/produkt\/vitamin-b12-cas-68-19-9\/\"]}]},{\"@type\":\"ImageObject\",\"inLanguage\":\"sv-SE\",\"@id\":\"https:\/\/masterchem.fi\/sv\/produkt\/vitamin-b12-cas-68-19-9\/#primaryimage\",\"url\":\"https:\/\/masterchem.fi\/wp-content\/uploads\/2022\/05\/B12-vitamiini-CAS-68-19-9-25kg-MasterChem.jpg\",\"contentUrl\":\"https:\/\/masterchem.fi\/wp-content\/uploads\/2022\/05\/B12-vitamiini-CAS-68-19-9-25kg-MasterChem.jpg\",\"width\":1000,\"height\":1000,\"caption\":\"Vitamin B12 (CAS 68-19-9)\"},{\"@type\":\"BreadcrumbList\",\"@id\":\"https:\/\/masterchem.fi\/sv\/produkt\/vitamin-b12-cas-68-19-9\/#breadcrumb\",\"itemListElement\":[{\"@type\":\"ListItem\",\"position\":1,\"name\":\"Home\",\"item\":\"https:\/\/masterchem.fi\/sv\/\"},{\"@type\":\"ListItem\",\"position\":2,\"name\":\"Butik\",\"item\":\"https:\/\/masterchem.fi\/sv\/butik\/\"},{\"@type\":\"ListItem\",\"position\":3,\"name\":\"Vitamin B12 (CAS 68-19-9)\"}]},{\"@type\":\"WebSite\",\"@id\":\"https:\/\/masterchem.fi\/sv\/#website\",\"url\":\"https:\/\/masterchem.fi\/sv\/\",\"name\":\"MasterChem | kemikaalien tuotanto ja myynti\",\"description\":\"kemikaalien tuotanto ja myynti\",\"potentialAction\":[{\"@type\":\"SearchAction\",\"target\":{\"@type\":\"EntryPoint\",\"urlTemplate\":\"https:\/\/masterchem.fi\/sv\/?s={search_term_string}\"},\"query-input\":{\"@type\":\"PropertyValueSpecification\",\"valueRequired\":true,\"valueName\":\"search_term_string\"}}],\"inLanguage\":\"sv-SE\"}]}<\/script>\n<!-- \/ Yoast SEO plugin. -->","yoast_head_json":{"title":"Vitamin B12 (CAS 68-19-9) - MasterChem | kemikaalien tuotanto ja myynti","description":"Vitaminer B12 \u00e4r vitaminer och en grupp \u00e4mnen som bildas av en substituerad korrinring och en ribonukleotid av 5,6-dimetylbensimidazol med en koboltjon oktaedriskt bunden till ringens mitt p\u00e5 sex st\u00e4llen.","robots":{"index":"index","follow":"follow","max-snippet":"max-snippet:-1","max-image-preview":"max-image-preview:large","max-video-preview":"max-video-preview:-1"},"canonical":"https:\/\/masterchem.fi\/sv\/produkt\/vitamin-b12-cas-68-19-9\/","og_locale":"sv_SE","og_type":"article","og_title":"Vitamin B12 (CAS 68-19-9) - MasterChem | kemikaalien tuotanto ja myynti","og_description":"Vitaminer B12 \u00e4r vitaminer och en grupp \u00e4mnen som bildas av en substituerad korrinring och en ribonukleotid av 5,6-dimetylbensimidazol med en koboltjon oktaedriskt bunden till ringens mitt p\u00e5 sex st\u00e4llen.","og_url":"https:\/\/masterchem.fi\/sv\/produkt\/vitamin-b12-cas-68-19-9\/","og_site_name":"MasterChem | kemikaalien tuotanto ja myynti","article_modified_time":"2022-05-21T05:58:57+00:00","og_image":[{"width":1000,"height":1000,"url":"https:\/\/masterchem.fi\/wp-content\/uploads\/2022\/05\/B12-vitamiini-CAS-68-19-9-25kg-MasterChem.jpg","type":"image\/jpeg"}],"twitter_card":"summary_large_image","schema":{"@context":"https:\/\/schema.org","@graph":[{"@type":"WebPage","@id":"https:\/\/masterchem.fi\/sv\/produkt\/vitamin-b12-cas-68-19-9\/","url":"https:\/\/masterchem.fi\/sv\/produkt\/vitamin-b12-cas-68-19-9\/","name":"Vitamin B12 (CAS 68-19-9) - MasterChem | kemikaalien tuotanto ja myynti","isPartOf":{"@id":"https:\/\/masterchem.fi\/sv\/#website"},"primaryImageOfPage":{"@id":"https:\/\/masterchem.fi\/sv\/produkt\/vitamin-b12-cas-68-19-9\/#primaryimage"},"image":{"@id":"https:\/\/masterchem.fi\/sv\/produkt\/vitamin-b12-cas-68-19-9\/#primaryimage"},"thumbnailUrl":"https:\/\/masterchem.fi\/wp-content\/uploads\/2022\/05\/B12-vitamiini-CAS-68-19-9-25kg-MasterChem.jpg","datePublished":"2022-05-21T05:56:07+00:00","dateModified":"2022-05-21T05:58:57+00:00","description":"Vitaminer B12 \u00e4r vitaminer och en grupp \u00e4mnen som bildas av en substituerad korrinring och en ribonukleotid av 5,6-dimetylbensimidazol med en koboltjon oktaedriskt bunden till ringens mitt p\u00e5 sex st\u00e4llen.","breadcrumb":{"@id":"https:\/\/masterchem.fi\/sv\/produkt\/vitamin-b12-cas-68-19-9\/#breadcrumb"},"inLanguage":"sv-SE","potentialAction":[{"@type":"ReadAction","target":["https:\/\/masterchem.fi\/sv\/produkt\/vitamin-b12-cas-68-19-9\/"]}]},{"@type":"ImageObject","inLanguage":"sv-SE","@id":"https:\/\/masterchem.fi\/sv\/produkt\/vitamin-b12-cas-68-19-9\/#primaryimage","url":"https:\/\/masterchem.fi\/wp-content\/uploads\/2022\/05\/B12-vitamiini-CAS-68-19-9-25kg-MasterChem.jpg","contentUrl":"https:\/\/masterchem.fi\/wp-content\/uploads\/2022\/05\/B12-vitamiini-CAS-68-19-9-25kg-MasterChem.jpg","width":1000,"height":1000,"caption":"Vitamin B12 (CAS 68-19-9)"},{"@type":"BreadcrumbList","@id":"https:\/\/masterchem.fi\/sv\/produkt\/vitamin-b12-cas-68-19-9\/#breadcrumb","itemListElement":[{"@type":"ListItem","position":1,"name":"Home","item":"https:\/\/masterchem.fi\/sv\/"},{"@type":"ListItem","position":2,"name":"Butik","item":"https:\/\/masterchem.fi\/sv\/butik\/"},{"@type":"ListItem","position":3,"name":"Vitamin B12 (CAS 68-19-9)"}]},{"@type":"WebSite","@id":"https:\/\/masterchem.fi\/sv\/#website","url":"https:\/\/masterchem.fi\/sv\/","name":"MasterChem | kemikaalien tuotanto ja myynti","description":"kemikaalien tuotanto ja myynti","potentialAction":[{"@type":"SearchAction","target":{"@type":"EntryPoint","urlTemplate":"https:\/\/masterchem.fi\/sv\/?s={search_term_string}"},"query-input":{"@type":"PropertyValueSpecification","valueRequired":true,"valueName":"search_term_string"}}],"inLanguage":"sv-SE"}]}},"_links":{"self":[{"href":"https:\/\/masterchem.fi\/sv\/wp-json\/wp\/v2\/product\/9690","targetHints":{"allow":["GET"]}}],"collection":[{"href":"https:\/\/masterchem.fi\/sv\/wp-json\/wp\/v2\/product"}],"about":[{"href":"https:\/\/masterchem.fi\/sv\/wp-json\/wp\/v2\/types\/product"}],"wp:featuredmedia":[{"embeddable":true,"href":"https:\/\/masterchem.fi\/sv\/wp-json\/wp\/v2\/media\/9694"}],"wp:attachment":[{"href":"https:\/\/masterchem.fi\/sv\/wp-json\/wp\/v2\/media?parent=9690"}],"wp:term":[{"taxonomy":"product_brand","embeddable":true,"href":"https:\/\/masterchem.fi\/sv\/wp-json\/wp\/v2\/product_brand?post=9690"},{"taxonomy":"product_cat","embeddable":true,"href":"https:\/\/masterchem.fi\/sv\/wp-json\/wp\/v2\/product_cat?post=9690"},{"taxonomy":"product_tag","embeddable":true,"href":"https:\/\/masterchem.fi\/sv\/wp-json\/wp\/v2\/product_tag?post=9690"}],"curies":[{"name":"wp","href":"https:\/\/api.w.org\/{rel}","templated":true}]}}