{"id":9701,"date":"2022-05-21T09:14:17","date_gmt":"2022-05-21T06:14:18","guid":{"rendered":"https:\/\/masterchem.fi\/?post_type=product&#038;p=9701"},"modified":"2022-05-21T09:17:59","modified_gmt":"2022-05-21T06:17:59","slug":"beta-alanin-cas-107-95-9","status":"publish","type":"product","link":"https:\/\/masterchem.fi\/sv\/produkt\/beta-alanin-cas-107-95-9\/","title":{"rendered":"Beta-alanin (CAS 107-95-9)"},"content":{"rendered":"<p> <strong> Information <\/strong> <\/p>\n<p> Branscher: Kosmetika, l\u00e4kemedel, livsmedel, foder <br \/>\nCAS-nummer: 107-95-9 <br \/>\nWE-nummer: 203-536-5 <br \/>\nKemisk formel: C3H7NO2 <br \/>\nMolekylvikt: 89,09 g\/mol <\/p>\n<p> <strong> Andra fysiska egenskaper <\/strong> <br \/>\npH: 6,5-7,5 <br \/>\nRelativ densitet: 1437 g\/cm (19\u00baC) <br \/>\nL\u00f6slighet i vatten: 471 g\/l <\/p>\n","protected":false},"excerpt":{"rendered":"<p> <strong> Beta-Alanine (CAS 107-95-9) <\/strong> <\/p>\n<p>\u03b2-alanin (eller beta-alanin) \u00e4r en naturligt f\u00f6rekommande beta-aminosyra som \u00e4r en aminosyra d\u00e4r en aminogrupp \u00e4r bunden till \u03b2-kolet (dvs tv\u00e5 kolatomer bort fr\u00e5n karboxylatgruppen) fr\u00e5n de vanligare \u03b1-kol till alanin (\u03b1-alanin). IUPAC-namnet f\u00f6r \u0392-alanin \u00e4r 3-aminopropansyra. Till skillnad fr\u00e5n dess \u03b1-alanin har \u03b2-alanin inget stereocenter. <\/p>\n","protected":false},"featured_media":9705,"template":"","meta":[],"product_brand":[],"product_cat":[106,116,171,177,179],"product_tag":[],"class_list":{"0":"post-9701","1":"product","2":"type-product","3":"status-publish","4":"has-post-thumbnail","6":"product_cat-lakemedelsindustri","7":"product_cat-alla-produkter","8":"product_cat-livsmedelsindustrin","9":"product_cat-kosmetikindustrin","10":"product_cat-foderindustri","12":"first","13":"outofstock","14":"taxable","15":"shipping-taxable","16":"purchasable","17":"product-type-variable","18":"has-default-attributes","19":"rtwpvg-product"},"yoast_head":"<!-- This site is optimized with the Yoast SEO plugin v27.2 - https:\/\/yoast.com\/product\/yoast-seo-wordpress\/ -->\n<title>Beta-alanin (CAS 107-95-9) - MasterChem | kemikaalien tuotanto ja myynti<\/title>\n<meta name=\"description\" content=\"\u03b2-alanin (eller beta-alanin) \u00e4r en naturligt f\u00f6rekommande beta-aminosyra som \u00e4r en aminosyra d\u00e4r en aminogrupp \u00e4r bunden till \u03b2-kolet\" \/>\n<meta name=\"robots\" content=\"index, follow, max-snippet:-1, max-image-preview:large, max-video-preview:-1\" \/>\n<link rel=\"canonical\" href=\"https:\/\/masterchem.fi\/sv\/produkt\/beta-alanin-cas-107-95-9\/\" \/>\n<meta property=\"og:locale\" content=\"sv_SE\" \/>\n<meta property=\"og:type\" content=\"article\" \/>\n<meta property=\"og:title\" content=\"Beta-alanin (CAS 107-95-9) - MasterChem | kemikaalien tuotanto ja myynti\" \/>\n<meta property=\"og:description\" content=\"\u03b2-alanin (eller beta-alanin) \u00e4r en naturligt f\u00f6rekommande beta-aminosyra som \u00e4r en aminosyra d\u00e4r en aminogrupp \u00e4r bunden till \u03b2-kolet\" \/>\n<meta property=\"og:url\" content=\"https:\/\/masterchem.fi\/sv\/produkt\/beta-alanin-cas-107-95-9\/\" \/>\n<meta property=\"og:site_name\" content=\"MasterChem | kemikaalien tuotanto ja myynti\" \/>\n<meta property=\"article:modified_time\" content=\"2022-05-21T06:17:59+00:00\" \/>\n<meta property=\"og:image\" content=\"https:\/\/masterchem.fi\/wp-content\/uploads\/2022\/05\/Beeta-alaniini-CAS-107-95-9-25kg-MasterChem.jpg\" \/>\n\t<meta property=\"og:image:width\" content=\"1000\" \/>\n\t<meta property=\"og:image:height\" content=\"1000\" \/>\n\t<meta property=\"og:image:type\" content=\"image\/jpeg\" \/>\n<meta name=\"twitter:card\" content=\"summary_large_image\" \/>\n<script type=\"application\/ld+json\" class=\"yoast-schema-graph\">{\"@context\":\"https:\/\/schema.org\",\"@graph\":[{\"@type\":\"WebPage\",\"@id\":\"https:\/\/masterchem.fi\/sv\/produkt\/beta-alanin-cas-107-95-9\/\",\"url\":\"https:\/\/masterchem.fi\/sv\/produkt\/beta-alanin-cas-107-95-9\/\",\"name\":\"Beta-alanin (CAS 107-95-9) - MasterChem | kemikaalien tuotanto ja myynti\",\"isPartOf\":{\"@id\":\"https:\/\/masterchem.fi\/sv\/#website\"},\"primaryImageOfPage\":{\"@id\":\"https:\/\/masterchem.fi\/sv\/produkt\/beta-alanin-cas-107-95-9\/#primaryimage\"},\"image\":{\"@id\":\"https:\/\/masterchem.fi\/sv\/produkt\/beta-alanin-cas-107-95-9\/#primaryimage\"},\"thumbnailUrl\":\"https:\/\/masterchem.fi\/wp-content\/uploads\/2022\/05\/Beeta-alaniini-CAS-107-95-9-25kg-MasterChem.jpg\",\"datePublished\":\"2022-05-21T06:14:18+00:00\",\"dateModified\":\"2022-05-21T06:17:59+00:00\",\"description\":\"\u03b2-alanin (eller beta-alanin) \u00e4r en naturligt f\u00f6rekommande beta-aminosyra som \u00e4r en aminosyra d\u00e4r en aminogrupp \u00e4r bunden till \u03b2-kolet\",\"breadcrumb\":{\"@id\":\"https:\/\/masterchem.fi\/sv\/produkt\/beta-alanin-cas-107-95-9\/#breadcrumb\"},\"inLanguage\":\"sv-SE\",\"potentialAction\":[{\"@type\":\"ReadAction\",\"target\":[\"https:\/\/masterchem.fi\/sv\/produkt\/beta-alanin-cas-107-95-9\/\"]}]},{\"@type\":\"ImageObject\",\"inLanguage\":\"sv-SE\",\"@id\":\"https:\/\/masterchem.fi\/sv\/produkt\/beta-alanin-cas-107-95-9\/#primaryimage\",\"url\":\"https:\/\/masterchem.fi\/wp-content\/uploads\/2022\/05\/Beeta-alaniini-CAS-107-95-9-25kg-MasterChem.jpg\",\"contentUrl\":\"https:\/\/masterchem.fi\/wp-content\/uploads\/2022\/05\/Beeta-alaniini-CAS-107-95-9-25kg-MasterChem.jpg\",\"width\":1000,\"height\":1000,\"caption\":\"Beta-alanin (CAS 107-95-9)\"},{\"@type\":\"BreadcrumbList\",\"@id\":\"https:\/\/masterchem.fi\/sv\/produkt\/beta-alanin-cas-107-95-9\/#breadcrumb\",\"itemListElement\":[{\"@type\":\"ListItem\",\"position\":1,\"name\":\"Home\",\"item\":\"https:\/\/masterchem.fi\/sv\/\"},{\"@type\":\"ListItem\",\"position\":2,\"name\":\"Butik\",\"item\":\"https:\/\/masterchem.fi\/sv\/butik\/\"},{\"@type\":\"ListItem\",\"position\":3,\"name\":\"Beta-alanin (CAS 107-95-9)\"}]},{\"@type\":\"WebSite\",\"@id\":\"https:\/\/masterchem.fi\/sv\/#website\",\"url\":\"https:\/\/masterchem.fi\/sv\/\",\"name\":\"MasterChem | kemikaalien tuotanto ja myynti\",\"description\":\"kemikaalien tuotanto ja myynti\",\"potentialAction\":[{\"@type\":\"SearchAction\",\"target\":{\"@type\":\"EntryPoint\",\"urlTemplate\":\"https:\/\/masterchem.fi\/sv\/?s={search_term_string}\"},\"query-input\":{\"@type\":\"PropertyValueSpecification\",\"valueRequired\":true,\"valueName\":\"search_term_string\"}}],\"inLanguage\":\"sv-SE\"}]}<\/script>\n<!-- \/ Yoast SEO plugin. -->","yoast_head_json":{"title":"Beta-alanin (CAS 107-95-9) - MasterChem | kemikaalien tuotanto ja myynti","description":"\u03b2-alanin (eller beta-alanin) \u00e4r en naturligt f\u00f6rekommande beta-aminosyra som \u00e4r en aminosyra d\u00e4r en aminogrupp \u00e4r bunden till \u03b2-kolet","robots":{"index":"index","follow":"follow","max-snippet":"max-snippet:-1","max-image-preview":"max-image-preview:large","max-video-preview":"max-video-preview:-1"},"canonical":"https:\/\/masterchem.fi\/sv\/produkt\/beta-alanin-cas-107-95-9\/","og_locale":"sv_SE","og_type":"article","og_title":"Beta-alanin (CAS 107-95-9) - MasterChem | kemikaalien tuotanto ja myynti","og_description":"\u03b2-alanin (eller beta-alanin) \u00e4r en naturligt f\u00f6rekommande beta-aminosyra som \u00e4r en aminosyra d\u00e4r en aminogrupp \u00e4r bunden till \u03b2-kolet","og_url":"https:\/\/masterchem.fi\/sv\/produkt\/beta-alanin-cas-107-95-9\/","og_site_name":"MasterChem | kemikaalien tuotanto ja myynti","article_modified_time":"2022-05-21T06:17:59+00:00","og_image":[{"width":1000,"height":1000,"url":"https:\/\/masterchem.fi\/wp-content\/uploads\/2022\/05\/Beeta-alaniini-CAS-107-95-9-25kg-MasterChem.jpg","type":"image\/jpeg"}],"twitter_card":"summary_large_image","schema":{"@context":"https:\/\/schema.org","@graph":[{"@type":"WebPage","@id":"https:\/\/masterchem.fi\/sv\/produkt\/beta-alanin-cas-107-95-9\/","url":"https:\/\/masterchem.fi\/sv\/produkt\/beta-alanin-cas-107-95-9\/","name":"Beta-alanin (CAS 107-95-9) - MasterChem | kemikaalien tuotanto ja myynti","isPartOf":{"@id":"https:\/\/masterchem.fi\/sv\/#website"},"primaryImageOfPage":{"@id":"https:\/\/masterchem.fi\/sv\/produkt\/beta-alanin-cas-107-95-9\/#primaryimage"},"image":{"@id":"https:\/\/masterchem.fi\/sv\/produkt\/beta-alanin-cas-107-95-9\/#primaryimage"},"thumbnailUrl":"https:\/\/masterchem.fi\/wp-content\/uploads\/2022\/05\/Beeta-alaniini-CAS-107-95-9-25kg-MasterChem.jpg","datePublished":"2022-05-21T06:14:18+00:00","dateModified":"2022-05-21T06:17:59+00:00","description":"\u03b2-alanin (eller beta-alanin) \u00e4r en naturligt f\u00f6rekommande beta-aminosyra som \u00e4r en aminosyra d\u00e4r en aminogrupp \u00e4r bunden till \u03b2-kolet","breadcrumb":{"@id":"https:\/\/masterchem.fi\/sv\/produkt\/beta-alanin-cas-107-95-9\/#breadcrumb"},"inLanguage":"sv-SE","potentialAction":[{"@type":"ReadAction","target":["https:\/\/masterchem.fi\/sv\/produkt\/beta-alanin-cas-107-95-9\/"]}]},{"@type":"ImageObject","inLanguage":"sv-SE","@id":"https:\/\/masterchem.fi\/sv\/produkt\/beta-alanin-cas-107-95-9\/#primaryimage","url":"https:\/\/masterchem.fi\/wp-content\/uploads\/2022\/05\/Beeta-alaniini-CAS-107-95-9-25kg-MasterChem.jpg","contentUrl":"https:\/\/masterchem.fi\/wp-content\/uploads\/2022\/05\/Beeta-alaniini-CAS-107-95-9-25kg-MasterChem.jpg","width":1000,"height":1000,"caption":"Beta-alanin (CAS 107-95-9)"},{"@type":"BreadcrumbList","@id":"https:\/\/masterchem.fi\/sv\/produkt\/beta-alanin-cas-107-95-9\/#breadcrumb","itemListElement":[{"@type":"ListItem","position":1,"name":"Home","item":"https:\/\/masterchem.fi\/sv\/"},{"@type":"ListItem","position":2,"name":"Butik","item":"https:\/\/masterchem.fi\/sv\/butik\/"},{"@type":"ListItem","position":3,"name":"Beta-alanin (CAS 107-95-9)"}]},{"@type":"WebSite","@id":"https:\/\/masterchem.fi\/sv\/#website","url":"https:\/\/masterchem.fi\/sv\/","name":"MasterChem | kemikaalien tuotanto ja myynti","description":"kemikaalien tuotanto ja myynti","potentialAction":[{"@type":"SearchAction","target":{"@type":"EntryPoint","urlTemplate":"https:\/\/masterchem.fi\/sv\/?s={search_term_string}"},"query-input":{"@type":"PropertyValueSpecification","valueRequired":true,"valueName":"search_term_string"}}],"inLanguage":"sv-SE"}]}},"_links":{"self":[{"href":"https:\/\/masterchem.fi\/sv\/wp-json\/wp\/v2\/product\/9701","targetHints":{"allow":["GET"]}}],"collection":[{"href":"https:\/\/masterchem.fi\/sv\/wp-json\/wp\/v2\/product"}],"about":[{"href":"https:\/\/masterchem.fi\/sv\/wp-json\/wp\/v2\/types\/product"}],"wp:featuredmedia":[{"embeddable":true,"href":"https:\/\/masterchem.fi\/sv\/wp-json\/wp\/v2\/media\/9705"}],"wp:attachment":[{"href":"https:\/\/masterchem.fi\/sv\/wp-json\/wp\/v2\/media?parent=9701"}],"wp:term":[{"taxonomy":"product_brand","embeddable":true,"href":"https:\/\/masterchem.fi\/sv\/wp-json\/wp\/v2\/product_brand?post=9701"},{"taxonomy":"product_cat","embeddable":true,"href":"https:\/\/masterchem.fi\/sv\/wp-json\/wp\/v2\/product_cat?post=9701"},{"taxonomy":"product_tag","embeddable":true,"href":"https:\/\/masterchem.fi\/sv\/wp-json\/wp\/v2\/product_tag?post=9701"}],"curies":[{"name":"wp","href":"https:\/\/api.w.org\/{rel}","templated":true}]}}