{"id":9711,"date":"2022-05-21T16:12:19","date_gmt":"2022-05-21T13:12:20","guid":{"rendered":"https:\/\/masterchem.fi\/?post_type=product&#038;p=9711"},"modified":"2022-05-21T16:16:07","modified_gmt":"2022-05-21T13:16:07","slug":"vitamin-b1-cas-532-43-4","status":"publish","type":"product","link":"https:\/\/masterchem.fi\/sv\/produkt\/vitamin-b1-cas-532-43-4\/","title":{"rendered":"Vitamin B1 (CAS 532-43-4)"},"content":{"rendered":"<p> <strong> Information <\/strong> <\/p>\n<p> Branscher: livsmedelsindustri, foderindustri <br \/>\nCAS-nummer: 532-43-4 <br \/>\nWE-nummer: 208-537-4 <br \/>\nKemisk formel: C12H17N4OS <br \/>\nMolekylvikt: 327,36 g\/mol <br \/>\nTulltaxa: 29362200 <\/p>\n<p> <strong> Andra fysiska egenskaper <\/strong> <br \/>\nRelativ densitet: 0,28 g\/ml <\/p>\n","protected":false},"excerpt":{"rendered":"<p> <strong> Vitamin B1 (CAS 532-43-4) <\/strong> <\/p>\n<p>Tiaminnitrat \u00e4r ett salt av tiamin som best\u00e5r av en mol tiaminbas och en mol salpetersyra. Det f\u00f6rekommer som ett vattenfritt kristallint fast \u00e4mne med l\u00e5g hygroskopicitet. Tiamin (vitamin B1) \u00e4r en medlem av vitamin B-komplexet. Tiaminnitrat fungerar p\u00e5 grund av sin l\u00e5ga hygroskopicitet som en mer stabil form av tiamin i farmaceutiska preparat Tiaminnitrat rekommenderas f\u00f6r anv\u00e4ndning vid tillverkning av multivitaminer och som kosttillskott i torra blandningar och torra produkter som vetemj\u00f6l. <\/p>\n","protected":false},"featured_media":9715,"template":"","meta":[],"product_brand":[],"product_cat":[116,179],"product_tag":[],"class_list":{"0":"post-9711","1":"product","2":"type-product","3":"status-publish","4":"has-post-thumbnail","6":"product_cat-alla-produkter","7":"product_cat-foderindustri","9":"first","10":"outofstock","11":"taxable","12":"shipping-taxable","13":"purchasable","14":"product-type-variable","15":"has-default-attributes","16":"rtwpvg-product"},"yoast_head":"<!-- This site is optimized with the Yoast SEO plugin v27.2 - https:\/\/yoast.com\/product\/yoast-seo-wordpress\/ -->\n<title>Vitamin B1 (CAS 532-43-4) - MasterChem | kemikaalien tuotanto ja myynti<\/title>\n<meta name=\"description\" content=\"Tiaminnitrat \u00e4r ett salt av tiamin som best\u00e5r av en mol tiaminbas och en mol salpetersyra.\" \/>\n<meta name=\"robots\" content=\"index, follow, max-snippet:-1, max-image-preview:large, max-video-preview:-1\" \/>\n<link rel=\"canonical\" href=\"https:\/\/masterchem.fi\/sv\/produkt\/vitamin-b1-cas-532-43-4\/\" \/>\n<meta property=\"og:locale\" content=\"sv_SE\" \/>\n<meta property=\"og:type\" content=\"article\" \/>\n<meta property=\"og:title\" content=\"Vitamin B1 (CAS 532-43-4) - MasterChem | kemikaalien tuotanto ja myynti\" \/>\n<meta property=\"og:description\" content=\"Tiaminnitrat \u00e4r ett salt av tiamin som best\u00e5r av en mol tiaminbas och en mol salpetersyra.\" \/>\n<meta property=\"og:url\" content=\"https:\/\/masterchem.fi\/sv\/produkt\/vitamin-b1-cas-532-43-4\/\" \/>\n<meta property=\"og:site_name\" content=\"MasterChem | kemikaalien tuotanto ja myynti\" \/>\n<meta property=\"article:modified_time\" content=\"2022-05-21T13:16:07+00:00\" \/>\n<meta property=\"og:image\" content=\"https:\/\/masterchem.fi\/wp-content\/uploads\/2022\/05\/B1-vitamiini-CAS-532-43-4-25kg-MasterChem.jpg\" \/>\n\t<meta property=\"og:image:width\" content=\"1000\" \/>\n\t<meta property=\"og:image:height\" content=\"1000\" \/>\n\t<meta property=\"og:image:type\" content=\"image\/jpeg\" \/>\n<meta name=\"twitter:card\" content=\"summary_large_image\" \/>\n<script type=\"application\/ld+json\" class=\"yoast-schema-graph\">{\"@context\":\"https:\/\/schema.org\",\"@graph\":[{\"@type\":\"WebPage\",\"@id\":\"https:\/\/masterchem.fi\/sv\/produkt\/vitamin-b1-cas-532-43-4\/\",\"url\":\"https:\/\/masterchem.fi\/sv\/produkt\/vitamin-b1-cas-532-43-4\/\",\"name\":\"Vitamin B1 (CAS 532-43-4) - MasterChem | kemikaalien tuotanto ja myynti\",\"isPartOf\":{\"@id\":\"https:\/\/masterchem.fi\/sv\/#website\"},\"primaryImageOfPage\":{\"@id\":\"https:\/\/masterchem.fi\/sv\/produkt\/vitamin-b1-cas-532-43-4\/#primaryimage\"},\"image\":{\"@id\":\"https:\/\/masterchem.fi\/sv\/produkt\/vitamin-b1-cas-532-43-4\/#primaryimage\"},\"thumbnailUrl\":\"https:\/\/masterchem.fi\/wp-content\/uploads\/2022\/05\/B1-vitamiini-CAS-532-43-4-25kg-MasterChem.jpg\",\"datePublished\":\"2022-05-21T13:12:20+00:00\",\"dateModified\":\"2022-05-21T13:16:07+00:00\",\"description\":\"Tiaminnitrat \u00e4r ett salt av tiamin som best\u00e5r av en mol tiaminbas och en mol salpetersyra.\",\"breadcrumb\":{\"@id\":\"https:\/\/masterchem.fi\/sv\/produkt\/vitamin-b1-cas-532-43-4\/#breadcrumb\"},\"inLanguage\":\"sv-SE\",\"potentialAction\":[{\"@type\":\"ReadAction\",\"target\":[\"https:\/\/masterchem.fi\/sv\/produkt\/vitamin-b1-cas-532-43-4\/\"]}]},{\"@type\":\"ImageObject\",\"inLanguage\":\"sv-SE\",\"@id\":\"https:\/\/masterchem.fi\/sv\/produkt\/vitamin-b1-cas-532-43-4\/#primaryimage\",\"url\":\"https:\/\/masterchem.fi\/wp-content\/uploads\/2022\/05\/B1-vitamiini-CAS-532-43-4-25kg-MasterChem.jpg\",\"contentUrl\":\"https:\/\/masterchem.fi\/wp-content\/uploads\/2022\/05\/B1-vitamiini-CAS-532-43-4-25kg-MasterChem.jpg\",\"width\":1000,\"height\":1000,\"caption\":\"Vitamin B1 (CAS 532-43-4)\"},{\"@type\":\"BreadcrumbList\",\"@id\":\"https:\/\/masterchem.fi\/sv\/produkt\/vitamin-b1-cas-532-43-4\/#breadcrumb\",\"itemListElement\":[{\"@type\":\"ListItem\",\"position\":1,\"name\":\"Home\",\"item\":\"https:\/\/masterchem.fi\/sv\/\"},{\"@type\":\"ListItem\",\"position\":2,\"name\":\"Butik\",\"item\":\"https:\/\/masterchem.fi\/sv\/butik\/\"},{\"@type\":\"ListItem\",\"position\":3,\"name\":\"Vitamin B1 (CAS 532-43-4)\"}]},{\"@type\":\"WebSite\",\"@id\":\"https:\/\/masterchem.fi\/sv\/#website\",\"url\":\"https:\/\/masterchem.fi\/sv\/\",\"name\":\"MasterChem | kemikaalien tuotanto ja myynti\",\"description\":\"kemikaalien tuotanto ja myynti\",\"potentialAction\":[{\"@type\":\"SearchAction\",\"target\":{\"@type\":\"EntryPoint\",\"urlTemplate\":\"https:\/\/masterchem.fi\/sv\/?s={search_term_string}\"},\"query-input\":{\"@type\":\"PropertyValueSpecification\",\"valueRequired\":true,\"valueName\":\"search_term_string\"}}],\"inLanguage\":\"sv-SE\"}]}<\/script>\n<!-- \/ Yoast SEO plugin. -->","yoast_head_json":{"title":"Vitamin B1 (CAS 532-43-4) - MasterChem | kemikaalien tuotanto ja myynti","description":"Tiaminnitrat \u00e4r ett salt av tiamin som best\u00e5r av en mol tiaminbas och en mol salpetersyra.","robots":{"index":"index","follow":"follow","max-snippet":"max-snippet:-1","max-image-preview":"max-image-preview:large","max-video-preview":"max-video-preview:-1"},"canonical":"https:\/\/masterchem.fi\/sv\/produkt\/vitamin-b1-cas-532-43-4\/","og_locale":"sv_SE","og_type":"article","og_title":"Vitamin B1 (CAS 532-43-4) - MasterChem | kemikaalien tuotanto ja myynti","og_description":"Tiaminnitrat \u00e4r ett salt av tiamin som best\u00e5r av en mol tiaminbas och en mol salpetersyra.","og_url":"https:\/\/masterchem.fi\/sv\/produkt\/vitamin-b1-cas-532-43-4\/","og_site_name":"MasterChem | kemikaalien tuotanto ja myynti","article_modified_time":"2022-05-21T13:16:07+00:00","og_image":[{"width":1000,"height":1000,"url":"https:\/\/masterchem.fi\/wp-content\/uploads\/2022\/05\/B1-vitamiini-CAS-532-43-4-25kg-MasterChem.jpg","type":"image\/jpeg"}],"twitter_card":"summary_large_image","schema":{"@context":"https:\/\/schema.org","@graph":[{"@type":"WebPage","@id":"https:\/\/masterchem.fi\/sv\/produkt\/vitamin-b1-cas-532-43-4\/","url":"https:\/\/masterchem.fi\/sv\/produkt\/vitamin-b1-cas-532-43-4\/","name":"Vitamin B1 (CAS 532-43-4) - MasterChem | kemikaalien tuotanto ja myynti","isPartOf":{"@id":"https:\/\/masterchem.fi\/sv\/#website"},"primaryImageOfPage":{"@id":"https:\/\/masterchem.fi\/sv\/produkt\/vitamin-b1-cas-532-43-4\/#primaryimage"},"image":{"@id":"https:\/\/masterchem.fi\/sv\/produkt\/vitamin-b1-cas-532-43-4\/#primaryimage"},"thumbnailUrl":"https:\/\/masterchem.fi\/wp-content\/uploads\/2022\/05\/B1-vitamiini-CAS-532-43-4-25kg-MasterChem.jpg","datePublished":"2022-05-21T13:12:20+00:00","dateModified":"2022-05-21T13:16:07+00:00","description":"Tiaminnitrat \u00e4r ett salt av tiamin som best\u00e5r av en mol tiaminbas och en mol salpetersyra.","breadcrumb":{"@id":"https:\/\/masterchem.fi\/sv\/produkt\/vitamin-b1-cas-532-43-4\/#breadcrumb"},"inLanguage":"sv-SE","potentialAction":[{"@type":"ReadAction","target":["https:\/\/masterchem.fi\/sv\/produkt\/vitamin-b1-cas-532-43-4\/"]}]},{"@type":"ImageObject","inLanguage":"sv-SE","@id":"https:\/\/masterchem.fi\/sv\/produkt\/vitamin-b1-cas-532-43-4\/#primaryimage","url":"https:\/\/masterchem.fi\/wp-content\/uploads\/2022\/05\/B1-vitamiini-CAS-532-43-4-25kg-MasterChem.jpg","contentUrl":"https:\/\/masterchem.fi\/wp-content\/uploads\/2022\/05\/B1-vitamiini-CAS-532-43-4-25kg-MasterChem.jpg","width":1000,"height":1000,"caption":"Vitamin B1 (CAS 532-43-4)"},{"@type":"BreadcrumbList","@id":"https:\/\/masterchem.fi\/sv\/produkt\/vitamin-b1-cas-532-43-4\/#breadcrumb","itemListElement":[{"@type":"ListItem","position":1,"name":"Home","item":"https:\/\/masterchem.fi\/sv\/"},{"@type":"ListItem","position":2,"name":"Butik","item":"https:\/\/masterchem.fi\/sv\/butik\/"},{"@type":"ListItem","position":3,"name":"Vitamin B1 (CAS 532-43-4)"}]},{"@type":"WebSite","@id":"https:\/\/masterchem.fi\/sv\/#website","url":"https:\/\/masterchem.fi\/sv\/","name":"MasterChem | kemikaalien tuotanto ja myynti","description":"kemikaalien tuotanto ja myynti","potentialAction":[{"@type":"SearchAction","target":{"@type":"EntryPoint","urlTemplate":"https:\/\/masterchem.fi\/sv\/?s={search_term_string}"},"query-input":{"@type":"PropertyValueSpecification","valueRequired":true,"valueName":"search_term_string"}}],"inLanguage":"sv-SE"}]}},"_links":{"self":[{"href":"https:\/\/masterchem.fi\/sv\/wp-json\/wp\/v2\/product\/9711","targetHints":{"allow":["GET"]}}],"collection":[{"href":"https:\/\/masterchem.fi\/sv\/wp-json\/wp\/v2\/product"}],"about":[{"href":"https:\/\/masterchem.fi\/sv\/wp-json\/wp\/v2\/types\/product"}],"wp:featuredmedia":[{"embeddable":true,"href":"https:\/\/masterchem.fi\/sv\/wp-json\/wp\/v2\/media\/9715"}],"wp:attachment":[{"href":"https:\/\/masterchem.fi\/sv\/wp-json\/wp\/v2\/media?parent=9711"}],"wp:term":[{"taxonomy":"product_brand","embeddable":true,"href":"https:\/\/masterchem.fi\/sv\/wp-json\/wp\/v2\/product_brand?post=9711"},{"taxonomy":"product_cat","embeddable":true,"href":"https:\/\/masterchem.fi\/sv\/wp-json\/wp\/v2\/product_cat?post=9711"},{"taxonomy":"product_tag","embeddable":true,"href":"https:\/\/masterchem.fi\/sv\/wp-json\/wp\/v2\/product_tag?post=9711"}],"curies":[{"name":"wp","href":"https:\/\/api.w.org\/{rel}","templated":true}]}}