{"id":9721,"date":"2022-05-21T16:17:41","date_gmt":"2022-05-21T13:17:42","guid":{"rendered":"https:\/\/masterchem.fi\/?post_type=product&#038;p=9721"},"modified":"2022-05-21T16:25:36","modified_gmt":"2022-05-21T13:25:36","slug":"vitamin-a-cas-79-81-2","status":"publish","type":"product","link":"https:\/\/masterchem.fi\/sv\/produkt\/vitamin-a-cas-79-81-2\/","title":{"rendered":"Vitamin A (CAS 79-81-2)"},"content":{"rendered":"<p> <strong> Information <\/strong> <\/p>\n<p> Branscher: l\u00e4kemedel, livsmedel, foder <br \/>\nCAS-nummer: 79-81-2 <br \/>\nWE-nummer: 201-228-5 <br \/>\nKemisk formel: C36H60O2 <br \/>\nMolekylvikt: 524,86 g\/mol <br \/>\nTulltaxa: 29362100 <\/p>\n<p> <strong> Andra fysiska egenskaper <\/strong> <br \/>\nSm\u00e4ltpunkt \/ fryspunkt: ~ 26 \u00b0 C <br \/>\nKokpunkt \/ kokomr\u00e5de: 194 \u00b0 C <br \/>\nRelativ densitet: 0,88 g\/cm3 (20 \u00b0C) <br \/>\nL\u00f6slighet i vatten: <0,0001 mg\/l (25 \u00b0C) <\/p>\n","protected":false},"excerpt":{"rendered":"<p> <strong> Vitamin A (CAS 79-81-2) <\/strong> <\/p>\n<p> Vitamin A palmitat \u00e4r ett vanligt vitamintillskott som \u00e4r tillg\u00e4ngligt b\u00e5de oralt och som en injektion f\u00f6r att behandla A-vitaminbrist under varum\u00e4rkena Aquasol A, Palmitate A och m\u00e5nga andra. Det \u00e4r en del av en intraokul\u00e4r behandling f\u00f6r torra \u00f6gon i en koncentration av 138 \u03bcg\/g (VitA-Pos) fr\u00e5n Ursapharm. Det \u00e4r en f\u00e4rdig version av vitamin A; d\u00e4rf\u00f6r b\u00f6r intaget inte \u00f6verstiga det rekommenderade n\u00e4ringsv\u00e4rdet (RDA). \u00d6verdosering av f\u00f6rberedda former av vitamin A, s\u00e5som retinylpalmitat, resulterar i negativa fysiologiska reaktioner (hypervitaminos A). <\/p>\n<p> Retinylpalmitat anv\u00e4nds som en antioxidant och en k\u00e4lla till vitamin A, som tills\u00e4tts till mj\u00f6lk med l\u00e5g fetthalt och andra mejeriprodukter f\u00f6r att kompensera f\u00f6r vitamininneh\u00e5llet som f\u00f6rloras vid borttagning av mj\u00f6lkfett. Palmitat \u00e4r kopplat till den alkoholhaltiga formen av vitamin A, retinol, f\u00f6r att h\u00e5lla vitamin A stabilt i mj\u00f6lk. <\/p>\n<p>Retinylpalmitat \u00e4r ocks\u00e5 en ingrediens i vissa aktuella hudv\u00e5rdsprodukter. Efter absorption omvandlas retinylpalmitat till retinol och s\u00e5 sm\u00e5ningom till retinsyra (den aktiva formen av vitamin A som finns i Retin-A), \u00e4ven om dess absorption i huden eller dess omvandling inte \u00e4r s\u00e4rskilt effektiv. <\/p>\n","protected":false},"featured_media":9725,"template":"","meta":[],"product_brand":[],"product_cat":[106,116,179],"product_tag":[],"class_list":{"0":"post-9721","1":"product","2":"type-product","3":"status-publish","4":"has-post-thumbnail","6":"product_cat-lakemedelsindustri","7":"product_cat-alla-produkter","8":"product_cat-foderindustri","10":"first","11":"outofstock","12":"taxable","13":"shipping-taxable","14":"purchasable","15":"product-type-variable","16":"has-default-attributes","17":"rtwpvg-product"},"yoast_head":"<!-- This site is optimized with the Yoast SEO plugin v27.2 - https:\/\/yoast.com\/product\/yoast-seo-wordpress\/ -->\n<title>Vitamin A (CAS 79-81-2) - MasterChem | kemikaalien tuotanto ja myynti<\/title>\n<meta name=\"description\" content=\"Vitamin A palmitat \u00e4r ett vanligt vitamintillskott som \u00e4r tillg\u00e4ngligt b\u00e5de oralt och som en injektion f\u00f6r att behandla A-vitaminbrist under varum\u00e4rkena Aquasol A, Palmitate A och m\u00e5nga andra.\" \/>\n<meta name=\"robots\" content=\"index, follow, max-snippet:-1, max-image-preview:large, max-video-preview:-1\" \/>\n<link rel=\"canonical\" href=\"https:\/\/masterchem.fi\/sv\/produkt\/vitamin-a-cas-79-81-2\/\" \/>\n<meta property=\"og:locale\" content=\"sv_SE\" \/>\n<meta property=\"og:type\" content=\"article\" \/>\n<meta property=\"og:title\" content=\"Vitamin A (CAS 79-81-2) - MasterChem | kemikaalien tuotanto ja myynti\" \/>\n<meta property=\"og:description\" content=\"Vitamin A palmitat \u00e4r ett vanligt vitamintillskott som \u00e4r tillg\u00e4ngligt b\u00e5de oralt och som en injektion f\u00f6r att behandla A-vitaminbrist under varum\u00e4rkena Aquasol A, Palmitate A och m\u00e5nga andra.\" \/>\n<meta property=\"og:url\" content=\"https:\/\/masterchem.fi\/sv\/produkt\/vitamin-a-cas-79-81-2\/\" \/>\n<meta property=\"og:site_name\" content=\"MasterChem | kemikaalien tuotanto ja myynti\" \/>\n<meta property=\"article:modified_time\" content=\"2022-05-21T13:25:36+00:00\" \/>\n<meta property=\"og:image\" content=\"https:\/\/masterchem.fi\/wp-content\/uploads\/2022\/05\/A-vitamiini-CAS-79-81-2-25kg-MasterChem.jpg\" \/>\n\t<meta property=\"og:image:width\" content=\"1000\" \/>\n\t<meta property=\"og:image:height\" content=\"1000\" \/>\n\t<meta property=\"og:image:type\" content=\"image\/jpeg\" \/>\n<meta name=\"twitter:card\" content=\"summary_large_image\" \/>\n<script type=\"application\/ld+json\" class=\"yoast-schema-graph\">{\"@context\":\"https:\/\/schema.org\",\"@graph\":[{\"@type\":\"WebPage\",\"@id\":\"https:\/\/masterchem.fi\/sv\/produkt\/vitamin-a-cas-79-81-2\/\",\"url\":\"https:\/\/masterchem.fi\/sv\/produkt\/vitamin-a-cas-79-81-2\/\",\"name\":\"Vitamin A (CAS 79-81-2) - MasterChem | kemikaalien tuotanto ja myynti\",\"isPartOf\":{\"@id\":\"https:\/\/masterchem.fi\/sv\/#website\"},\"primaryImageOfPage\":{\"@id\":\"https:\/\/masterchem.fi\/sv\/produkt\/vitamin-a-cas-79-81-2\/#primaryimage\"},\"image\":{\"@id\":\"https:\/\/masterchem.fi\/sv\/produkt\/vitamin-a-cas-79-81-2\/#primaryimage\"},\"thumbnailUrl\":\"https:\/\/masterchem.fi\/wp-content\/uploads\/2022\/05\/A-vitamiini-CAS-79-81-2-25kg-MasterChem.jpg\",\"datePublished\":\"2022-05-21T13:17:42+00:00\",\"dateModified\":\"2022-05-21T13:25:36+00:00\",\"description\":\"Vitamin A palmitat \u00e4r ett vanligt vitamintillskott som \u00e4r tillg\u00e4ngligt b\u00e5de oralt och som en injektion f\u00f6r att behandla A-vitaminbrist under varum\u00e4rkena Aquasol A, Palmitate A och m\u00e5nga andra.\",\"breadcrumb\":{\"@id\":\"https:\/\/masterchem.fi\/sv\/produkt\/vitamin-a-cas-79-81-2\/#breadcrumb\"},\"inLanguage\":\"sv-SE\",\"potentialAction\":[{\"@type\":\"ReadAction\",\"target\":[\"https:\/\/masterchem.fi\/sv\/produkt\/vitamin-a-cas-79-81-2\/\"]}]},{\"@type\":\"ImageObject\",\"inLanguage\":\"sv-SE\",\"@id\":\"https:\/\/masterchem.fi\/sv\/produkt\/vitamin-a-cas-79-81-2\/#primaryimage\",\"url\":\"https:\/\/masterchem.fi\/wp-content\/uploads\/2022\/05\/A-vitamiini-CAS-79-81-2-25kg-MasterChem.jpg\",\"contentUrl\":\"https:\/\/masterchem.fi\/wp-content\/uploads\/2022\/05\/A-vitamiini-CAS-79-81-2-25kg-MasterChem.jpg\",\"width\":1000,\"height\":1000,\"caption\":\"Vitamin A (CAS 79-81-2)\"},{\"@type\":\"BreadcrumbList\",\"@id\":\"https:\/\/masterchem.fi\/sv\/produkt\/vitamin-a-cas-79-81-2\/#breadcrumb\",\"itemListElement\":[{\"@type\":\"ListItem\",\"position\":1,\"name\":\"Home\",\"item\":\"https:\/\/masterchem.fi\/sv\/\"},{\"@type\":\"ListItem\",\"position\":2,\"name\":\"Butik\",\"item\":\"https:\/\/masterchem.fi\/sv\/butik\/\"},{\"@type\":\"ListItem\",\"position\":3,\"name\":\"Vitamin A (CAS 79-81-2)\"}]},{\"@type\":\"WebSite\",\"@id\":\"https:\/\/masterchem.fi\/sv\/#website\",\"url\":\"https:\/\/masterchem.fi\/sv\/\",\"name\":\"MasterChem | kemikaalien tuotanto ja myynti\",\"description\":\"kemikaalien tuotanto ja myynti\",\"potentialAction\":[{\"@type\":\"SearchAction\",\"target\":{\"@type\":\"EntryPoint\",\"urlTemplate\":\"https:\/\/masterchem.fi\/sv\/?s={search_term_string}\"},\"query-input\":{\"@type\":\"PropertyValueSpecification\",\"valueRequired\":true,\"valueName\":\"search_term_string\"}}],\"inLanguage\":\"sv-SE\"}]}<\/script>\n<!-- \/ Yoast SEO plugin. -->","yoast_head_json":{"title":"Vitamin A (CAS 79-81-2) - MasterChem | kemikaalien tuotanto ja myynti","description":"Vitamin A palmitat \u00e4r ett vanligt vitamintillskott som \u00e4r tillg\u00e4ngligt b\u00e5de oralt och som en injektion f\u00f6r att behandla A-vitaminbrist under varum\u00e4rkena Aquasol A, Palmitate A och m\u00e5nga andra.","robots":{"index":"index","follow":"follow","max-snippet":"max-snippet:-1","max-image-preview":"max-image-preview:large","max-video-preview":"max-video-preview:-1"},"canonical":"https:\/\/masterchem.fi\/sv\/produkt\/vitamin-a-cas-79-81-2\/","og_locale":"sv_SE","og_type":"article","og_title":"Vitamin A (CAS 79-81-2) - MasterChem | kemikaalien tuotanto ja myynti","og_description":"Vitamin A palmitat \u00e4r ett vanligt vitamintillskott som \u00e4r tillg\u00e4ngligt b\u00e5de oralt och som en injektion f\u00f6r att behandla A-vitaminbrist under varum\u00e4rkena Aquasol A, Palmitate A och m\u00e5nga andra.","og_url":"https:\/\/masterchem.fi\/sv\/produkt\/vitamin-a-cas-79-81-2\/","og_site_name":"MasterChem | kemikaalien tuotanto ja myynti","article_modified_time":"2022-05-21T13:25:36+00:00","og_image":[{"width":1000,"height":1000,"url":"https:\/\/masterchem.fi\/wp-content\/uploads\/2022\/05\/A-vitamiini-CAS-79-81-2-25kg-MasterChem.jpg","type":"image\/jpeg"}],"twitter_card":"summary_large_image","schema":{"@context":"https:\/\/schema.org","@graph":[{"@type":"WebPage","@id":"https:\/\/masterchem.fi\/sv\/produkt\/vitamin-a-cas-79-81-2\/","url":"https:\/\/masterchem.fi\/sv\/produkt\/vitamin-a-cas-79-81-2\/","name":"Vitamin A (CAS 79-81-2) - MasterChem | kemikaalien tuotanto ja myynti","isPartOf":{"@id":"https:\/\/masterchem.fi\/sv\/#website"},"primaryImageOfPage":{"@id":"https:\/\/masterchem.fi\/sv\/produkt\/vitamin-a-cas-79-81-2\/#primaryimage"},"image":{"@id":"https:\/\/masterchem.fi\/sv\/produkt\/vitamin-a-cas-79-81-2\/#primaryimage"},"thumbnailUrl":"https:\/\/masterchem.fi\/wp-content\/uploads\/2022\/05\/A-vitamiini-CAS-79-81-2-25kg-MasterChem.jpg","datePublished":"2022-05-21T13:17:42+00:00","dateModified":"2022-05-21T13:25:36+00:00","description":"Vitamin A palmitat \u00e4r ett vanligt vitamintillskott som \u00e4r tillg\u00e4ngligt b\u00e5de oralt och som en injektion f\u00f6r att behandla A-vitaminbrist under varum\u00e4rkena Aquasol A, Palmitate A och m\u00e5nga andra.","breadcrumb":{"@id":"https:\/\/masterchem.fi\/sv\/produkt\/vitamin-a-cas-79-81-2\/#breadcrumb"},"inLanguage":"sv-SE","potentialAction":[{"@type":"ReadAction","target":["https:\/\/masterchem.fi\/sv\/produkt\/vitamin-a-cas-79-81-2\/"]}]},{"@type":"ImageObject","inLanguage":"sv-SE","@id":"https:\/\/masterchem.fi\/sv\/produkt\/vitamin-a-cas-79-81-2\/#primaryimage","url":"https:\/\/masterchem.fi\/wp-content\/uploads\/2022\/05\/A-vitamiini-CAS-79-81-2-25kg-MasterChem.jpg","contentUrl":"https:\/\/masterchem.fi\/wp-content\/uploads\/2022\/05\/A-vitamiini-CAS-79-81-2-25kg-MasterChem.jpg","width":1000,"height":1000,"caption":"Vitamin A (CAS 79-81-2)"},{"@type":"BreadcrumbList","@id":"https:\/\/masterchem.fi\/sv\/produkt\/vitamin-a-cas-79-81-2\/#breadcrumb","itemListElement":[{"@type":"ListItem","position":1,"name":"Home","item":"https:\/\/masterchem.fi\/sv\/"},{"@type":"ListItem","position":2,"name":"Butik","item":"https:\/\/masterchem.fi\/sv\/butik\/"},{"@type":"ListItem","position":3,"name":"Vitamin A (CAS 79-81-2)"}]},{"@type":"WebSite","@id":"https:\/\/masterchem.fi\/sv\/#website","url":"https:\/\/masterchem.fi\/sv\/","name":"MasterChem | kemikaalien tuotanto ja myynti","description":"kemikaalien tuotanto ja myynti","potentialAction":[{"@type":"SearchAction","target":{"@type":"EntryPoint","urlTemplate":"https:\/\/masterchem.fi\/sv\/?s={search_term_string}"},"query-input":{"@type":"PropertyValueSpecification","valueRequired":true,"valueName":"search_term_string"}}],"inLanguage":"sv-SE"}]}},"_links":{"self":[{"href":"https:\/\/masterchem.fi\/sv\/wp-json\/wp\/v2\/product\/9721","targetHints":{"allow":["GET"]}}],"collection":[{"href":"https:\/\/masterchem.fi\/sv\/wp-json\/wp\/v2\/product"}],"about":[{"href":"https:\/\/masterchem.fi\/sv\/wp-json\/wp\/v2\/types\/product"}],"wp:featuredmedia":[{"embeddable":true,"href":"https:\/\/masterchem.fi\/sv\/wp-json\/wp\/v2\/media\/9725"}],"wp:attachment":[{"href":"https:\/\/masterchem.fi\/sv\/wp-json\/wp\/v2\/media?parent=9721"}],"wp:term":[{"taxonomy":"product_brand","embeddable":true,"href":"https:\/\/masterchem.fi\/sv\/wp-json\/wp\/v2\/product_brand?post=9721"},{"taxonomy":"product_cat","embeddable":true,"href":"https:\/\/masterchem.fi\/sv\/wp-json\/wp\/v2\/product_cat?post=9721"},{"taxonomy":"product_tag","embeddable":true,"href":"https:\/\/masterchem.fi\/sv\/wp-json\/wp\/v2\/product_tag?post=9721"}],"curies":[{"name":"wp","href":"https:\/\/api.w.org\/{rel}","templated":true}]}}