{"id":9734,"date":"2022-05-22T20:46:06","date_gmt":"2022-05-22T17:46:07","guid":{"rendered":"https:\/\/masterchem.fi\/?post_type=product&#038;p=9734"},"modified":"2022-05-22T20:49:25","modified_gmt":"2022-05-22T17:49:25","slug":"manganoxid-cas-1344-43-0","status":"publish","type":"product","link":"https:\/\/masterchem.fi\/sv\/produkt\/manganoxid-cas-1344-43-0\/","title":{"rendered":"Manganoxid (CAS 1344-43-0)"},"content":{"rendered":"<p> <strong> Information <\/strong> <\/p>\n<p> Bransch: glas och keramik, foderindustri <br \/>\nCAS-nummer: 1344-43-0 <br \/>\nWE-nummer: 215-695-8 <br \/>\nKemisk formel: MnO <br \/>\nMolekylvikt: 70,93 g\/mol <br \/>\nTulltaxekod: 28209010 <\/p>\n<p> <strong> Andra fysiska egenskaper <\/strong> <br \/>\nRelativ densitet: 5,28 g\/cm3 (21 \u00b0C) <br \/>\nL\u00f6slighet i vatten: 0,85 g \/ l (20 \u00b0 C) <\/p>\n","protected":false},"excerpt":{"rendered":"<p> <strong> Manganoxid (CAS 1344-43-0) <\/strong> <\/p>\n<p>Mangan(II)oxid \u00e4r en oorganisk f\u00f6rening med den kemiska formeln MnO. Det bildar gr\u00f6na kristaller. Blandningen tillverkas i stor utstr\u00e4ckning som en del av g\u00f6dningsmedel och livsmedelstillsatser. <\/p>\n<p>Tillsammans med mangansulfat \u00e4r MnO en komponent i g\u00f6dningsmedel och livsmedelstillsatser. Tusentals ton konsumeras f\u00f6r detta \u00e4ndam\u00e5l varje \u00e5r. Andra anv\u00e4ndningsomr\u00e5den inkluderar: katalysator vid tillverkning av allylalkohol, keramik, f\u00e4rger, f\u00e4rgat glas, blekningstalg och textiltryck. <\/p>\n","protected":false},"featured_media":9738,"template":"","meta":[],"product_brand":[],"product_cat":[116,175,179],"product_tag":[],"class_list":{"0":"post-9734","1":"product","2":"type-product","3":"status-publish","4":"has-post-thumbnail","6":"product_cat-alla-produkter","7":"product_cat-glas-och-keramik","8":"product_cat-foderindustri","10":"first","11":"outofstock","12":"taxable","13":"shipping-taxable","14":"purchasable","15":"product-type-variable","16":"has-default-attributes","17":"rtwpvg-product"},"yoast_head":"<!-- This site is optimized with the Yoast SEO plugin v27.5 - https:\/\/yoast.com\/product\/yoast-seo-wordpress\/ -->\n<title>Manganoxid (CAS 1344-43-0) - MasterChem | kemikaalien tuotanto ja myynti<\/title>\n<meta name=\"description\" content=\"Mangan(II)oxid \u00e4r en oorganisk f\u00f6rening med den kemiska formeln MnO. Det bildar gr\u00f6na kristaller.\" \/>\n<meta name=\"robots\" content=\"index, follow, max-snippet:-1, max-image-preview:large, max-video-preview:-1\" \/>\n<link rel=\"canonical\" href=\"https:\/\/masterchem.fi\/sv\/produkt\/manganoxid-cas-1344-43-0\/\" \/>\n<meta property=\"og:locale\" content=\"sv_SE\" \/>\n<meta property=\"og:type\" content=\"article\" \/>\n<meta property=\"og:title\" content=\"Manganoxid (CAS 1344-43-0) - MasterChem | kemikaalien tuotanto ja myynti\" \/>\n<meta property=\"og:description\" content=\"Mangan(II)oxid \u00e4r en oorganisk f\u00f6rening med den kemiska formeln MnO. Det bildar gr\u00f6na kristaller.\" \/>\n<meta property=\"og:url\" content=\"https:\/\/masterchem.fi\/sv\/produkt\/manganoxid-cas-1344-43-0\/\" \/>\n<meta property=\"og:site_name\" content=\"MasterChem | kemikaalien tuotanto ja myynti\" \/>\n<meta property=\"article:modified_time\" content=\"2022-05-22T17:49:25+00:00\" \/>\n<meta property=\"og:image\" content=\"https:\/\/masterchem.fi\/wp-content\/uploads\/2022\/05\/Mangaanioksidi-CAS-1344-43-0-25kg-MasterChem.jpg\" \/>\n\t<meta property=\"og:image:width\" content=\"1000\" \/>\n\t<meta property=\"og:image:height\" content=\"1000\" \/>\n\t<meta property=\"og:image:type\" content=\"image\/jpeg\" \/>\n<meta name=\"twitter:card\" content=\"summary_large_image\" \/>\n<script type=\"application\/ld+json\" class=\"yoast-schema-graph\">{\"@context\":\"https:\\\/\\\/schema.org\",\"@graph\":[{\"@type\":\"WebPage\",\"@id\":\"https:\\\/\\\/masterchem.fi\\\/sv\\\/produkt\\\/manganoxid-cas-1344-43-0\\\/\",\"url\":\"https:\\\/\\\/masterchem.fi\\\/sv\\\/produkt\\\/manganoxid-cas-1344-43-0\\\/\",\"name\":\"Manganoxid (CAS 1344-43-0) - MasterChem | kemikaalien tuotanto ja myynti\",\"isPartOf\":{\"@id\":\"https:\\\/\\\/masterchem.fi\\\/sv\\\/#website\"},\"primaryImageOfPage\":{\"@id\":\"https:\\\/\\\/masterchem.fi\\\/sv\\\/produkt\\\/manganoxid-cas-1344-43-0\\\/#primaryimage\"},\"image\":{\"@id\":\"https:\\\/\\\/masterchem.fi\\\/sv\\\/produkt\\\/manganoxid-cas-1344-43-0\\\/#primaryimage\"},\"thumbnailUrl\":\"https:\\\/\\\/masterchem.fi\\\/wp-content\\\/uploads\\\/2022\\\/05\\\/Mangaanioksidi-CAS-1344-43-0-25kg-MasterChem.jpg\",\"datePublished\":\"2022-05-22T17:46:07+00:00\",\"dateModified\":\"2022-05-22T17:49:25+00:00\",\"description\":\"Mangan(II)oxid \u00e4r en oorganisk f\u00f6rening med den kemiska formeln MnO. Det bildar gr\u00f6na kristaller.\",\"breadcrumb\":{\"@id\":\"https:\\\/\\\/masterchem.fi\\\/sv\\\/produkt\\\/manganoxid-cas-1344-43-0\\\/#breadcrumb\"},\"inLanguage\":\"sv-SE\",\"potentialAction\":[{\"@type\":\"ReadAction\",\"target\":[\"https:\\\/\\\/masterchem.fi\\\/sv\\\/produkt\\\/manganoxid-cas-1344-43-0\\\/\"]}]},{\"@type\":\"ImageObject\",\"inLanguage\":\"sv-SE\",\"@id\":\"https:\\\/\\\/masterchem.fi\\\/sv\\\/produkt\\\/manganoxid-cas-1344-43-0\\\/#primaryimage\",\"url\":\"https:\\\/\\\/masterchem.fi\\\/wp-content\\\/uploads\\\/2022\\\/05\\\/Mangaanioksidi-CAS-1344-43-0-25kg-MasterChem.jpg\",\"contentUrl\":\"https:\\\/\\\/masterchem.fi\\\/wp-content\\\/uploads\\\/2022\\\/05\\\/Mangaanioksidi-CAS-1344-43-0-25kg-MasterChem.jpg\",\"width\":1000,\"height\":1000,\"caption\":\"Manganoxid (CAS 1344-43-0)\"},{\"@type\":\"BreadcrumbList\",\"@id\":\"https:\\\/\\\/masterchem.fi\\\/sv\\\/produkt\\\/manganoxid-cas-1344-43-0\\\/#breadcrumb\",\"itemListElement\":[{\"@type\":\"ListItem\",\"position\":1,\"name\":\"Home\",\"item\":\"https:\\\/\\\/masterchem.fi\\\/sv\\\/\"},{\"@type\":\"ListItem\",\"position\":2,\"name\":\"Butik\",\"item\":\"https:\\\/\\\/masterchem.fi\\\/sv\\\/butik\\\/\"},{\"@type\":\"ListItem\",\"position\":3,\"name\":\"Manganoxid (CAS 1344-43-0)\"}]},{\"@type\":\"WebSite\",\"@id\":\"https:\\\/\\\/masterchem.fi\\\/sv\\\/#website\",\"url\":\"https:\\\/\\\/masterchem.fi\\\/sv\\\/\",\"name\":\"MasterChem | kemikaalien tuotanto ja myynti\",\"description\":\"kemikaalien tuotanto ja myynti\",\"potentialAction\":[{\"@type\":\"SearchAction\",\"target\":{\"@type\":\"EntryPoint\",\"urlTemplate\":\"https:\\\/\\\/masterchem.fi\\\/sv\\\/?s={search_term_string}\"},\"query-input\":{\"@type\":\"PropertyValueSpecification\",\"valueRequired\":true,\"valueName\":\"search_term_string\"}}],\"inLanguage\":\"sv-SE\"}]}<\/script>\n<!-- \/ Yoast SEO plugin. -->","yoast_head_json":{"title":"Manganoxid (CAS 1344-43-0) - MasterChem | kemikaalien tuotanto ja myynti","description":"Mangan(II)oxid \u00e4r en oorganisk f\u00f6rening med den kemiska formeln MnO. Det bildar gr\u00f6na kristaller.","robots":{"index":"index","follow":"follow","max-snippet":"max-snippet:-1","max-image-preview":"max-image-preview:large","max-video-preview":"max-video-preview:-1"},"canonical":"https:\/\/masterchem.fi\/sv\/produkt\/manganoxid-cas-1344-43-0\/","og_locale":"sv_SE","og_type":"article","og_title":"Manganoxid (CAS 1344-43-0) - MasterChem | kemikaalien tuotanto ja myynti","og_description":"Mangan(II)oxid \u00e4r en oorganisk f\u00f6rening med den kemiska formeln MnO. Det bildar gr\u00f6na kristaller.","og_url":"https:\/\/masterchem.fi\/sv\/produkt\/manganoxid-cas-1344-43-0\/","og_site_name":"MasterChem | kemikaalien tuotanto ja myynti","article_modified_time":"2022-05-22T17:49:25+00:00","og_image":[{"width":1000,"height":1000,"url":"https:\/\/masterchem.fi\/wp-content\/uploads\/2022\/05\/Mangaanioksidi-CAS-1344-43-0-25kg-MasterChem.jpg","type":"image\/jpeg"}],"twitter_card":"summary_large_image","schema":{"@context":"https:\/\/schema.org","@graph":[{"@type":"WebPage","@id":"https:\/\/masterchem.fi\/sv\/produkt\/manganoxid-cas-1344-43-0\/","url":"https:\/\/masterchem.fi\/sv\/produkt\/manganoxid-cas-1344-43-0\/","name":"Manganoxid (CAS 1344-43-0) - MasterChem | kemikaalien tuotanto ja myynti","isPartOf":{"@id":"https:\/\/masterchem.fi\/sv\/#website"},"primaryImageOfPage":{"@id":"https:\/\/masterchem.fi\/sv\/produkt\/manganoxid-cas-1344-43-0\/#primaryimage"},"image":{"@id":"https:\/\/masterchem.fi\/sv\/produkt\/manganoxid-cas-1344-43-0\/#primaryimage"},"thumbnailUrl":"https:\/\/masterchem.fi\/wp-content\/uploads\/2022\/05\/Mangaanioksidi-CAS-1344-43-0-25kg-MasterChem.jpg","datePublished":"2022-05-22T17:46:07+00:00","dateModified":"2022-05-22T17:49:25+00:00","description":"Mangan(II)oxid \u00e4r en oorganisk f\u00f6rening med den kemiska formeln MnO. Det bildar gr\u00f6na kristaller.","breadcrumb":{"@id":"https:\/\/masterchem.fi\/sv\/produkt\/manganoxid-cas-1344-43-0\/#breadcrumb"},"inLanguage":"sv-SE","potentialAction":[{"@type":"ReadAction","target":["https:\/\/masterchem.fi\/sv\/produkt\/manganoxid-cas-1344-43-0\/"]}]},{"@type":"ImageObject","inLanguage":"sv-SE","@id":"https:\/\/masterchem.fi\/sv\/produkt\/manganoxid-cas-1344-43-0\/#primaryimage","url":"https:\/\/masterchem.fi\/wp-content\/uploads\/2022\/05\/Mangaanioksidi-CAS-1344-43-0-25kg-MasterChem.jpg","contentUrl":"https:\/\/masterchem.fi\/wp-content\/uploads\/2022\/05\/Mangaanioksidi-CAS-1344-43-0-25kg-MasterChem.jpg","width":1000,"height":1000,"caption":"Manganoxid (CAS 1344-43-0)"},{"@type":"BreadcrumbList","@id":"https:\/\/masterchem.fi\/sv\/produkt\/manganoxid-cas-1344-43-0\/#breadcrumb","itemListElement":[{"@type":"ListItem","position":1,"name":"Home","item":"https:\/\/masterchem.fi\/sv\/"},{"@type":"ListItem","position":2,"name":"Butik","item":"https:\/\/masterchem.fi\/sv\/butik\/"},{"@type":"ListItem","position":3,"name":"Manganoxid (CAS 1344-43-0)"}]},{"@type":"WebSite","@id":"https:\/\/masterchem.fi\/sv\/#website","url":"https:\/\/masterchem.fi\/sv\/","name":"MasterChem | kemikaalien tuotanto ja myynti","description":"kemikaalien tuotanto ja myynti","potentialAction":[{"@type":"SearchAction","target":{"@type":"EntryPoint","urlTemplate":"https:\/\/masterchem.fi\/sv\/?s={search_term_string}"},"query-input":{"@type":"PropertyValueSpecification","valueRequired":true,"valueName":"search_term_string"}}],"inLanguage":"sv-SE"}]}},"_links":{"self":[{"href":"https:\/\/masterchem.fi\/sv\/wp-json\/wp\/v2\/product\/9734","targetHints":{"allow":["GET"]}}],"collection":[{"href":"https:\/\/masterchem.fi\/sv\/wp-json\/wp\/v2\/product"}],"about":[{"href":"https:\/\/masterchem.fi\/sv\/wp-json\/wp\/v2\/types\/product"}],"wp:featuredmedia":[{"embeddable":true,"href":"https:\/\/masterchem.fi\/sv\/wp-json\/wp\/v2\/media\/9738"}],"wp:attachment":[{"href":"https:\/\/masterchem.fi\/sv\/wp-json\/wp\/v2\/media?parent=9734"}],"wp:term":[{"taxonomy":"product_brand","embeddable":true,"href":"https:\/\/masterchem.fi\/sv\/wp-json\/wp\/v2\/product_brand?post=9734"},{"taxonomy":"product_cat","embeddable":true,"href":"https:\/\/masterchem.fi\/sv\/wp-json\/wp\/v2\/product_cat?post=9734"},{"taxonomy":"product_tag","embeddable":true,"href":"https:\/\/masterchem.fi\/sv\/wp-json\/wp\/v2\/product_tag?post=9734"}],"curies":[{"name":"wp","href":"https:\/\/api.w.org\/{rel}","templated":true}]}}