{"id":9756,"date":"2022-05-22T20:58:06","date_gmt":"2022-05-22T17:58:07","guid":{"rendered":"https:\/\/masterchem.fi\/?post_type=product&#038;p=9756"},"modified":"2022-05-22T21:01:28","modified_gmt":"2022-05-22T18:01:28","slug":"sorbilot-70-cas-68425-17-2","status":"publish","type":"product","link":"https:\/\/masterchem.fi\/sv\/produkt\/sorbilot-70-cas-68425-17-2\/","title":{"rendered":"Sorbilot 70 % (CAS 68425-17-2)"},"content":{"rendered":"<p> <strong> Information <\/strong> <\/p>\n<p> Branscher: Kosmetika, lim, oljor, fetter, l\u00e4kemedel, foder <br \/>\nCAS-nummer: 68425-17-2 <br \/>\nWE-nummer: 270-337-8 <br \/>\nKemisk formel: C6H14O6 <br \/>\nTariffkod: 38249992 <\/p>\n<p> <strong> Andra fysiska egenskaper <\/strong> <br \/>\npH: 5,8 (50 %) <br \/>\nKokpunkt\/intervall: ~ 315 \u00b0 C <br \/>\nRelativ densitet: ~ 1,3 g\/cm3 <\/p>\n","protected":false},"excerpt":{"rendered":"<p> <strong> Sorbilot 70 % (CAS 68425-17-2) <\/strong> <\/p>\n<p>Sorbitol \u00e4r en sexv\u00e4rd alkohol som finns i sm\u00e5 m\u00e4ngder i frukt. Den kommersiella produkten erh\u00e5lls genom hydrering av dextros. Sorbitol anv\u00e4nds i kosmetika, tandkr\u00e4m, tobak, mediciner etc. Sorbitol 70% Typ NC \u00e4r en icke-kristallin vattenl\u00f6sning. <\/p>\n<p> Produkten anv\u00e4nds som basingrediens, s\u00f6tningsmedel och fuktighetskr\u00e4m i kosmetika och l\u00e4kemedel, t.ex. tabletter\/piller, tandkr\u00e4m, hostmedicin eller munvatten. Produkten anv\u00e4nds \u00e4ven inom livsmedelsindustrin och \u00e4r listad som livsmedelstillsats under nummer E 420. Som ett alternativ till glycerin kan sorbitol anv\u00e4ndas i olika tekniska till\u00e4mpningar, s\u00e5som textilhj\u00e4lpmedel och polyuretaner. <\/p>\n","protected":false},"featured_media":9760,"template":"","meta":[],"product_brand":[],"product_cat":[177,179,106,116],"product_tag":[],"class_list":{"0":"post-9756","1":"product","2":"type-product","3":"status-publish","4":"has-post-thumbnail","6":"product_cat-kosmetikindustrin","7":"product_cat-foderindustri","8":"product_cat-lakemedelsindustri","9":"product_cat-alla-produkter","11":"first","12":"outofstock","13":"taxable","14":"shipping-taxable","15":"purchasable","16":"product-type-variable","17":"has-default-attributes","18":"rtwpvg-product"},"yoast_head":"<!-- This site is optimized with the Yoast SEO plugin v27.2 - https:\/\/yoast.com\/product\/yoast-seo-wordpress\/ -->\n<title>Sorbilot 70 % (CAS 68425-17-2) - MasterChem | kemikaalien tuotanto ja myynti<\/title>\n<meta name=\"description\" content=\"Sorbitol \u00e4r en sexv\u00e4rd alkohol som finns i sm\u00e5 m\u00e4ngder i frukt. Den kommersiella produkten erh\u00e5lls genom hydrering av dextros.\" \/>\n<meta name=\"robots\" content=\"index, follow, max-snippet:-1, max-image-preview:large, max-video-preview:-1\" \/>\n<link rel=\"canonical\" href=\"https:\/\/masterchem.fi\/sv\/produkt\/sorbilot-70-cas-68425-17-2\/\" \/>\n<meta property=\"og:locale\" content=\"sv_SE\" \/>\n<meta property=\"og:type\" content=\"article\" \/>\n<meta property=\"og:title\" content=\"Sorbilot 70 % (CAS 68425-17-2) - MasterChem | kemikaalien tuotanto ja myynti\" \/>\n<meta property=\"og:description\" content=\"Sorbitol \u00e4r en sexv\u00e4rd alkohol som finns i sm\u00e5 m\u00e4ngder i frukt. Den kommersiella produkten erh\u00e5lls genom hydrering av dextros.\" \/>\n<meta property=\"og:url\" content=\"https:\/\/masterchem.fi\/sv\/produkt\/sorbilot-70-cas-68425-17-2\/\" \/>\n<meta property=\"og:site_name\" content=\"MasterChem | kemikaalien tuotanto ja myynti\" \/>\n<meta property=\"article:modified_time\" content=\"2022-05-22T18:01:28+00:00\" \/>\n<meta property=\"og:image\" content=\"https:\/\/masterchem.fi\/wp-content\/uploads\/2022\/05\/Sorbilot-70-CAS-68425-17-2-25kg-MasterChem.jpg\" \/>\n\t<meta property=\"og:image:width\" content=\"1000\" \/>\n\t<meta property=\"og:image:height\" content=\"1000\" \/>\n\t<meta property=\"og:image:type\" content=\"image\/jpeg\" \/>\n<meta name=\"twitter:card\" content=\"summary_large_image\" \/>\n<script type=\"application\/ld+json\" class=\"yoast-schema-graph\">{\"@context\":\"https:\/\/schema.org\",\"@graph\":[{\"@type\":\"WebPage\",\"@id\":\"https:\/\/masterchem.fi\/sv\/produkt\/sorbilot-70-cas-68425-17-2\/\",\"url\":\"https:\/\/masterchem.fi\/sv\/produkt\/sorbilot-70-cas-68425-17-2\/\",\"name\":\"Sorbilot 70 % (CAS 68425-17-2) - MasterChem | kemikaalien tuotanto ja myynti\",\"isPartOf\":{\"@id\":\"https:\/\/masterchem.fi\/sv\/#website\"},\"primaryImageOfPage\":{\"@id\":\"https:\/\/masterchem.fi\/sv\/produkt\/sorbilot-70-cas-68425-17-2\/#primaryimage\"},\"image\":{\"@id\":\"https:\/\/masterchem.fi\/sv\/produkt\/sorbilot-70-cas-68425-17-2\/#primaryimage\"},\"thumbnailUrl\":\"https:\/\/masterchem.fi\/wp-content\/uploads\/2022\/05\/Sorbilot-70-CAS-68425-17-2-25kg-MasterChem.jpg\",\"datePublished\":\"2022-05-22T17:58:07+00:00\",\"dateModified\":\"2022-05-22T18:01:28+00:00\",\"description\":\"Sorbitol \u00e4r en sexv\u00e4rd alkohol som finns i sm\u00e5 m\u00e4ngder i frukt. Den kommersiella produkten erh\u00e5lls genom hydrering av dextros.\",\"breadcrumb\":{\"@id\":\"https:\/\/masterchem.fi\/sv\/produkt\/sorbilot-70-cas-68425-17-2\/#breadcrumb\"},\"inLanguage\":\"sv-SE\",\"potentialAction\":[{\"@type\":\"ReadAction\",\"target\":[\"https:\/\/masterchem.fi\/sv\/produkt\/sorbilot-70-cas-68425-17-2\/\"]}]},{\"@type\":\"ImageObject\",\"inLanguage\":\"sv-SE\",\"@id\":\"https:\/\/masterchem.fi\/sv\/produkt\/sorbilot-70-cas-68425-17-2\/#primaryimage\",\"url\":\"https:\/\/masterchem.fi\/wp-content\/uploads\/2022\/05\/Sorbilot-70-CAS-68425-17-2-25kg-MasterChem.jpg\",\"contentUrl\":\"https:\/\/masterchem.fi\/wp-content\/uploads\/2022\/05\/Sorbilot-70-CAS-68425-17-2-25kg-MasterChem.jpg\",\"width\":1000,\"height\":1000,\"caption\":\"Sorbilot 70 % (CAS 68425-17-2)\"},{\"@type\":\"BreadcrumbList\",\"@id\":\"https:\/\/masterchem.fi\/sv\/produkt\/sorbilot-70-cas-68425-17-2\/#breadcrumb\",\"itemListElement\":[{\"@type\":\"ListItem\",\"position\":1,\"name\":\"Home\",\"item\":\"https:\/\/masterchem.fi\/sv\/\"},{\"@type\":\"ListItem\",\"position\":2,\"name\":\"Butik\",\"item\":\"https:\/\/masterchem.fi\/sv\/butik\/\"},{\"@type\":\"ListItem\",\"position\":3,\"name\":\"Sorbilot 70 % (CAS 68425-17-2)\"}]},{\"@type\":\"WebSite\",\"@id\":\"https:\/\/masterchem.fi\/sv\/#website\",\"url\":\"https:\/\/masterchem.fi\/sv\/\",\"name\":\"MasterChem | kemikaalien tuotanto ja myynti\",\"description\":\"kemikaalien tuotanto ja myynti\",\"potentialAction\":[{\"@type\":\"SearchAction\",\"target\":{\"@type\":\"EntryPoint\",\"urlTemplate\":\"https:\/\/masterchem.fi\/sv\/?s={search_term_string}\"},\"query-input\":{\"@type\":\"PropertyValueSpecification\",\"valueRequired\":true,\"valueName\":\"search_term_string\"}}],\"inLanguage\":\"sv-SE\"}]}<\/script>\n<!-- \/ Yoast SEO plugin. -->","yoast_head_json":{"title":"Sorbilot 70 % (CAS 68425-17-2) - MasterChem | kemikaalien tuotanto ja myynti","description":"Sorbitol \u00e4r en sexv\u00e4rd alkohol som finns i sm\u00e5 m\u00e4ngder i frukt. Den kommersiella produkten erh\u00e5lls genom hydrering av dextros.","robots":{"index":"index","follow":"follow","max-snippet":"max-snippet:-1","max-image-preview":"max-image-preview:large","max-video-preview":"max-video-preview:-1"},"canonical":"https:\/\/masterchem.fi\/sv\/produkt\/sorbilot-70-cas-68425-17-2\/","og_locale":"sv_SE","og_type":"article","og_title":"Sorbilot 70 % (CAS 68425-17-2) - MasterChem | kemikaalien tuotanto ja myynti","og_description":"Sorbitol \u00e4r en sexv\u00e4rd alkohol som finns i sm\u00e5 m\u00e4ngder i frukt. Den kommersiella produkten erh\u00e5lls genom hydrering av dextros.","og_url":"https:\/\/masterchem.fi\/sv\/produkt\/sorbilot-70-cas-68425-17-2\/","og_site_name":"MasterChem | kemikaalien tuotanto ja myynti","article_modified_time":"2022-05-22T18:01:28+00:00","og_image":[{"width":1000,"height":1000,"url":"https:\/\/masterchem.fi\/wp-content\/uploads\/2022\/05\/Sorbilot-70-CAS-68425-17-2-25kg-MasterChem.jpg","type":"image\/jpeg"}],"twitter_card":"summary_large_image","schema":{"@context":"https:\/\/schema.org","@graph":[{"@type":"WebPage","@id":"https:\/\/masterchem.fi\/sv\/produkt\/sorbilot-70-cas-68425-17-2\/","url":"https:\/\/masterchem.fi\/sv\/produkt\/sorbilot-70-cas-68425-17-2\/","name":"Sorbilot 70 % (CAS 68425-17-2) - MasterChem | kemikaalien tuotanto ja myynti","isPartOf":{"@id":"https:\/\/masterchem.fi\/sv\/#website"},"primaryImageOfPage":{"@id":"https:\/\/masterchem.fi\/sv\/produkt\/sorbilot-70-cas-68425-17-2\/#primaryimage"},"image":{"@id":"https:\/\/masterchem.fi\/sv\/produkt\/sorbilot-70-cas-68425-17-2\/#primaryimage"},"thumbnailUrl":"https:\/\/masterchem.fi\/wp-content\/uploads\/2022\/05\/Sorbilot-70-CAS-68425-17-2-25kg-MasterChem.jpg","datePublished":"2022-05-22T17:58:07+00:00","dateModified":"2022-05-22T18:01:28+00:00","description":"Sorbitol \u00e4r en sexv\u00e4rd alkohol som finns i sm\u00e5 m\u00e4ngder i frukt. Den kommersiella produkten erh\u00e5lls genom hydrering av dextros.","breadcrumb":{"@id":"https:\/\/masterchem.fi\/sv\/produkt\/sorbilot-70-cas-68425-17-2\/#breadcrumb"},"inLanguage":"sv-SE","potentialAction":[{"@type":"ReadAction","target":["https:\/\/masterchem.fi\/sv\/produkt\/sorbilot-70-cas-68425-17-2\/"]}]},{"@type":"ImageObject","inLanguage":"sv-SE","@id":"https:\/\/masterchem.fi\/sv\/produkt\/sorbilot-70-cas-68425-17-2\/#primaryimage","url":"https:\/\/masterchem.fi\/wp-content\/uploads\/2022\/05\/Sorbilot-70-CAS-68425-17-2-25kg-MasterChem.jpg","contentUrl":"https:\/\/masterchem.fi\/wp-content\/uploads\/2022\/05\/Sorbilot-70-CAS-68425-17-2-25kg-MasterChem.jpg","width":1000,"height":1000,"caption":"Sorbilot 70 % (CAS 68425-17-2)"},{"@type":"BreadcrumbList","@id":"https:\/\/masterchem.fi\/sv\/produkt\/sorbilot-70-cas-68425-17-2\/#breadcrumb","itemListElement":[{"@type":"ListItem","position":1,"name":"Home","item":"https:\/\/masterchem.fi\/sv\/"},{"@type":"ListItem","position":2,"name":"Butik","item":"https:\/\/masterchem.fi\/sv\/butik\/"},{"@type":"ListItem","position":3,"name":"Sorbilot 70 % (CAS 68425-17-2)"}]},{"@type":"WebSite","@id":"https:\/\/masterchem.fi\/sv\/#website","url":"https:\/\/masterchem.fi\/sv\/","name":"MasterChem | kemikaalien tuotanto ja myynti","description":"kemikaalien tuotanto ja myynti","potentialAction":[{"@type":"SearchAction","target":{"@type":"EntryPoint","urlTemplate":"https:\/\/masterchem.fi\/sv\/?s={search_term_string}"},"query-input":{"@type":"PropertyValueSpecification","valueRequired":true,"valueName":"search_term_string"}}],"inLanguage":"sv-SE"}]}},"_links":{"self":[{"href":"https:\/\/masterchem.fi\/sv\/wp-json\/wp\/v2\/product\/9756","targetHints":{"allow":["GET"]}}],"collection":[{"href":"https:\/\/masterchem.fi\/sv\/wp-json\/wp\/v2\/product"}],"about":[{"href":"https:\/\/masterchem.fi\/sv\/wp-json\/wp\/v2\/types\/product"}],"wp:featuredmedia":[{"embeddable":true,"href":"https:\/\/masterchem.fi\/sv\/wp-json\/wp\/v2\/media\/9760"}],"wp:attachment":[{"href":"https:\/\/masterchem.fi\/sv\/wp-json\/wp\/v2\/media?parent=9756"}],"wp:term":[{"taxonomy":"product_brand","embeddable":true,"href":"https:\/\/masterchem.fi\/sv\/wp-json\/wp\/v2\/product_brand?post=9756"},{"taxonomy":"product_cat","embeddable":true,"href":"https:\/\/masterchem.fi\/sv\/wp-json\/wp\/v2\/product_cat?post=9756"},{"taxonomy":"product_tag","embeddable":true,"href":"https:\/\/masterchem.fi\/sv\/wp-json\/wp\/v2\/product_tag?post=9756"}],"curies":[{"name":"wp","href":"https:\/\/api.w.org\/{rel}","templated":true}]}}