{"id":9777,"date":"2022-05-22T21:12:02","date_gmt":"2022-05-22T18:12:03","guid":{"rendered":"https:\/\/masterchem.fi\/?post_type=product&#038;p=9777"},"modified":"2022-05-22T21:15:36","modified_gmt":"2022-05-22T18:15:36","slug":"mangansulfat-cas-100034-96-5","status":"publish","type":"product","link":"https:\/\/masterchem.fi\/sv\/produkt\/mangansulfat-cas-100034-96-5\/","title":{"rendered":"Mangansulfat (CAS 100034-96-5)"},"content":{"rendered":"<p> <strong> Information <\/strong> <\/p>\n<p> Branscher: G\u00f6dselmedel, tr\u00e4dg\u00e5rdsodling, foderindustri <br \/>\nCAS-nummer: 100034-96-5 <br \/>\nWE-nummer: 232-089-9 <br \/>\nIndexnummer: 025-003-00-4 <br \/>\nKemisk formel: MnSO4 \u2022 H2O <br \/>\nMolekylvikt: 169,02 g\/mol <br \/>\nTulltaxekod: 28332980 <br \/>\nADR: UN3077 <\/p>\n<p> <strong> Andra fysiska egenskaper <\/strong> <br \/>\npH: 6,0 &#8211; 6,5 (10 g\/l, 20 \u00b0C) <br \/>\nSm\u00e4ltpunkt \/ fryspunkt: 700 \u00b0 C <br \/>\nRelativ densitet: 2,93 g\/cm3 (20 \u00b0C) <br \/>\nL\u00f6slighet i vatten: 43-45 % w\/w. <\/p>\n","protected":false},"excerpt":{"rendered":"<p> <strong> Mangansulfat (CAS 100034-96-5) <\/strong> <\/p>\n<p> Mangansulfatmonohydrat anv\u00e4nds f\u00f6r att producera mangan genom en elektrolytisk process. Blandningen anv\u00e4nds f\u00f6r f\u00e4rgning av textilier; f\u00f6r att g\u00f6ra r\u00f6da glasyrer p\u00e5 porslin; lacktorkar; g\u00f6dningsmedel; och i djurfoder f\u00f6r att tillhandah\u00e5lla mangan som ett v\u00e4sentligt sp\u00e5r\u00e4mne.<\/p>\n","protected":false},"featured_media":9781,"template":"","meta":[],"product_brand":[],"product_cat":[116,173,179,182],"product_tag":[],"class_list":{"0":"post-9777","1":"product","2":"type-product","3":"status-publish","4":"has-post-thumbnail","6":"product_cat-alla-produkter","7":"product_cat-godselmedel","8":"product_cat-foderindustri","9":"product_cat-hortikultur","11":"first","12":"outofstock","13":"taxable","14":"shipping-taxable","15":"purchasable","16":"product-type-variable","17":"has-default-attributes","18":"rtwpvg-product"},"yoast_head":"<!-- This site is optimized with the Yoast SEO plugin v27.2 - https:\/\/yoast.com\/product\/yoast-seo-wordpress\/ -->\n<title>Mangansulfat (CAS 100034-96-5) - MasterChem | kemikaalien tuotanto ja myynti<\/title>\n<meta name=\"description\" content=\"Mangansulfatmonohydrat anv\u00e4nds f\u00f6r att producera mangan genom en elektrolytisk process.\" \/>\n<meta name=\"robots\" content=\"index, follow, max-snippet:-1, max-image-preview:large, max-video-preview:-1\" \/>\n<link rel=\"canonical\" href=\"https:\/\/masterchem.fi\/sv\/produkt\/mangansulfat-cas-100034-96-5\/\" \/>\n<meta property=\"og:locale\" content=\"sv_SE\" \/>\n<meta property=\"og:type\" content=\"article\" \/>\n<meta property=\"og:title\" content=\"Mangansulfat (CAS 100034-96-5) - MasterChem | kemikaalien tuotanto ja myynti\" \/>\n<meta property=\"og:description\" content=\"Mangansulfatmonohydrat anv\u00e4nds f\u00f6r att producera mangan genom en elektrolytisk process.\" \/>\n<meta property=\"og:url\" content=\"https:\/\/masterchem.fi\/sv\/produkt\/mangansulfat-cas-100034-96-5\/\" \/>\n<meta property=\"og:site_name\" content=\"MasterChem | kemikaalien tuotanto ja myynti\" \/>\n<meta property=\"article:modified_time\" content=\"2022-05-22T18:15:36+00:00\" \/>\n<meta property=\"og:image\" content=\"https:\/\/masterchem.fi\/wp-content\/uploads\/2022\/05\/Mangaanisulfaatti-CAS-100034-96-5-25kg-MasterChem.jpg\" \/>\n\t<meta property=\"og:image:width\" content=\"1000\" \/>\n\t<meta property=\"og:image:height\" content=\"1000\" \/>\n\t<meta property=\"og:image:type\" content=\"image\/jpeg\" \/>\n<meta name=\"twitter:card\" content=\"summary_large_image\" \/>\n<script type=\"application\/ld+json\" class=\"yoast-schema-graph\">{\"@context\":\"https:\/\/schema.org\",\"@graph\":[{\"@type\":\"WebPage\",\"@id\":\"https:\/\/masterchem.fi\/sv\/produkt\/mangansulfat-cas-100034-96-5\/\",\"url\":\"https:\/\/masterchem.fi\/sv\/produkt\/mangansulfat-cas-100034-96-5\/\",\"name\":\"Mangansulfat (CAS 100034-96-5) - MasterChem | kemikaalien tuotanto ja myynti\",\"isPartOf\":{\"@id\":\"https:\/\/masterchem.fi\/sv\/#website\"},\"primaryImageOfPage\":{\"@id\":\"https:\/\/masterchem.fi\/sv\/produkt\/mangansulfat-cas-100034-96-5\/#primaryimage\"},\"image\":{\"@id\":\"https:\/\/masterchem.fi\/sv\/produkt\/mangansulfat-cas-100034-96-5\/#primaryimage\"},\"thumbnailUrl\":\"https:\/\/masterchem.fi\/wp-content\/uploads\/2022\/05\/Mangaanisulfaatti-CAS-100034-96-5-25kg-MasterChem.jpg\",\"datePublished\":\"2022-05-22T18:12:03+00:00\",\"dateModified\":\"2022-05-22T18:15:36+00:00\",\"description\":\"Mangansulfatmonohydrat anv\u00e4nds f\u00f6r att producera mangan genom en elektrolytisk process.\",\"breadcrumb\":{\"@id\":\"https:\/\/masterchem.fi\/sv\/produkt\/mangansulfat-cas-100034-96-5\/#breadcrumb\"},\"inLanguage\":\"sv-SE\",\"potentialAction\":[{\"@type\":\"ReadAction\",\"target\":[\"https:\/\/masterchem.fi\/sv\/produkt\/mangansulfat-cas-100034-96-5\/\"]}]},{\"@type\":\"ImageObject\",\"inLanguage\":\"sv-SE\",\"@id\":\"https:\/\/masterchem.fi\/sv\/produkt\/mangansulfat-cas-100034-96-5\/#primaryimage\",\"url\":\"https:\/\/masterchem.fi\/wp-content\/uploads\/2022\/05\/Mangaanisulfaatti-CAS-100034-96-5-25kg-MasterChem.jpg\",\"contentUrl\":\"https:\/\/masterchem.fi\/wp-content\/uploads\/2022\/05\/Mangaanisulfaatti-CAS-100034-96-5-25kg-MasterChem.jpg\",\"width\":1000,\"height\":1000,\"caption\":\"Mangansulfat (CAS 100034-96-5)\"},{\"@type\":\"BreadcrumbList\",\"@id\":\"https:\/\/masterchem.fi\/sv\/produkt\/mangansulfat-cas-100034-96-5\/#breadcrumb\",\"itemListElement\":[{\"@type\":\"ListItem\",\"position\":1,\"name\":\"Home\",\"item\":\"https:\/\/masterchem.fi\/sv\/\"},{\"@type\":\"ListItem\",\"position\":2,\"name\":\"Butik\",\"item\":\"https:\/\/masterchem.fi\/sv\/butik\/\"},{\"@type\":\"ListItem\",\"position\":3,\"name\":\"Mangansulfat (CAS 100034-96-5)\"}]},{\"@type\":\"WebSite\",\"@id\":\"https:\/\/masterchem.fi\/sv\/#website\",\"url\":\"https:\/\/masterchem.fi\/sv\/\",\"name\":\"MasterChem | kemikaalien tuotanto ja myynti\",\"description\":\"kemikaalien tuotanto ja myynti\",\"potentialAction\":[{\"@type\":\"SearchAction\",\"target\":{\"@type\":\"EntryPoint\",\"urlTemplate\":\"https:\/\/masterchem.fi\/sv\/?s={search_term_string}\"},\"query-input\":{\"@type\":\"PropertyValueSpecification\",\"valueRequired\":true,\"valueName\":\"search_term_string\"}}],\"inLanguage\":\"sv-SE\"}]}<\/script>\n<!-- \/ Yoast SEO plugin. -->","yoast_head_json":{"title":"Mangansulfat (CAS 100034-96-5) - MasterChem | kemikaalien tuotanto ja myynti","description":"Mangansulfatmonohydrat anv\u00e4nds f\u00f6r att producera mangan genom en elektrolytisk process.","robots":{"index":"index","follow":"follow","max-snippet":"max-snippet:-1","max-image-preview":"max-image-preview:large","max-video-preview":"max-video-preview:-1"},"canonical":"https:\/\/masterchem.fi\/sv\/produkt\/mangansulfat-cas-100034-96-5\/","og_locale":"sv_SE","og_type":"article","og_title":"Mangansulfat (CAS 100034-96-5) - MasterChem | kemikaalien tuotanto ja myynti","og_description":"Mangansulfatmonohydrat anv\u00e4nds f\u00f6r att producera mangan genom en elektrolytisk process.","og_url":"https:\/\/masterchem.fi\/sv\/produkt\/mangansulfat-cas-100034-96-5\/","og_site_name":"MasterChem | kemikaalien tuotanto ja myynti","article_modified_time":"2022-05-22T18:15:36+00:00","og_image":[{"width":1000,"height":1000,"url":"https:\/\/masterchem.fi\/wp-content\/uploads\/2022\/05\/Mangaanisulfaatti-CAS-100034-96-5-25kg-MasterChem.jpg","type":"image\/jpeg"}],"twitter_card":"summary_large_image","schema":{"@context":"https:\/\/schema.org","@graph":[{"@type":"WebPage","@id":"https:\/\/masterchem.fi\/sv\/produkt\/mangansulfat-cas-100034-96-5\/","url":"https:\/\/masterchem.fi\/sv\/produkt\/mangansulfat-cas-100034-96-5\/","name":"Mangansulfat (CAS 100034-96-5) - MasterChem | kemikaalien tuotanto ja myynti","isPartOf":{"@id":"https:\/\/masterchem.fi\/sv\/#website"},"primaryImageOfPage":{"@id":"https:\/\/masterchem.fi\/sv\/produkt\/mangansulfat-cas-100034-96-5\/#primaryimage"},"image":{"@id":"https:\/\/masterchem.fi\/sv\/produkt\/mangansulfat-cas-100034-96-5\/#primaryimage"},"thumbnailUrl":"https:\/\/masterchem.fi\/wp-content\/uploads\/2022\/05\/Mangaanisulfaatti-CAS-100034-96-5-25kg-MasterChem.jpg","datePublished":"2022-05-22T18:12:03+00:00","dateModified":"2022-05-22T18:15:36+00:00","description":"Mangansulfatmonohydrat anv\u00e4nds f\u00f6r att producera mangan genom en elektrolytisk process.","breadcrumb":{"@id":"https:\/\/masterchem.fi\/sv\/produkt\/mangansulfat-cas-100034-96-5\/#breadcrumb"},"inLanguage":"sv-SE","potentialAction":[{"@type":"ReadAction","target":["https:\/\/masterchem.fi\/sv\/produkt\/mangansulfat-cas-100034-96-5\/"]}]},{"@type":"ImageObject","inLanguage":"sv-SE","@id":"https:\/\/masterchem.fi\/sv\/produkt\/mangansulfat-cas-100034-96-5\/#primaryimage","url":"https:\/\/masterchem.fi\/wp-content\/uploads\/2022\/05\/Mangaanisulfaatti-CAS-100034-96-5-25kg-MasterChem.jpg","contentUrl":"https:\/\/masterchem.fi\/wp-content\/uploads\/2022\/05\/Mangaanisulfaatti-CAS-100034-96-5-25kg-MasterChem.jpg","width":1000,"height":1000,"caption":"Mangansulfat (CAS 100034-96-5)"},{"@type":"BreadcrumbList","@id":"https:\/\/masterchem.fi\/sv\/produkt\/mangansulfat-cas-100034-96-5\/#breadcrumb","itemListElement":[{"@type":"ListItem","position":1,"name":"Home","item":"https:\/\/masterchem.fi\/sv\/"},{"@type":"ListItem","position":2,"name":"Butik","item":"https:\/\/masterchem.fi\/sv\/butik\/"},{"@type":"ListItem","position":3,"name":"Mangansulfat (CAS 100034-96-5)"}]},{"@type":"WebSite","@id":"https:\/\/masterchem.fi\/sv\/#website","url":"https:\/\/masterchem.fi\/sv\/","name":"MasterChem | kemikaalien tuotanto ja myynti","description":"kemikaalien tuotanto ja myynti","potentialAction":[{"@type":"SearchAction","target":{"@type":"EntryPoint","urlTemplate":"https:\/\/masterchem.fi\/sv\/?s={search_term_string}"},"query-input":{"@type":"PropertyValueSpecification","valueRequired":true,"valueName":"search_term_string"}}],"inLanguage":"sv-SE"}]}},"_links":{"self":[{"href":"https:\/\/masterchem.fi\/sv\/wp-json\/wp\/v2\/product\/9777","targetHints":{"allow":["GET"]}}],"collection":[{"href":"https:\/\/masterchem.fi\/sv\/wp-json\/wp\/v2\/product"}],"about":[{"href":"https:\/\/masterchem.fi\/sv\/wp-json\/wp\/v2\/types\/product"}],"wp:featuredmedia":[{"embeddable":true,"href":"https:\/\/masterchem.fi\/sv\/wp-json\/wp\/v2\/media\/9781"}],"wp:attachment":[{"href":"https:\/\/masterchem.fi\/sv\/wp-json\/wp\/v2\/media?parent=9777"}],"wp:term":[{"taxonomy":"product_brand","embeddable":true,"href":"https:\/\/masterchem.fi\/sv\/wp-json\/wp\/v2\/product_brand?post=9777"},{"taxonomy":"product_cat","embeddable":true,"href":"https:\/\/masterchem.fi\/sv\/wp-json\/wp\/v2\/product_cat?post=9777"},{"taxonomy":"product_tag","embeddable":true,"href":"https:\/\/masterchem.fi\/sv\/wp-json\/wp\/v2\/product_tag?post=9777"}],"curies":[{"name":"wp","href":"https:\/\/api.w.org\/{rel}","templated":true}]}}